{"id":815,"date":"2018-01-04T14:29:08","date_gmt":"2018-01-04T13:29:08","guid":{"rendered":"https:\/\/candorsweden.com\/?page_id=815"},"modified":"2018-02-13T09:52:23","modified_gmt":"2018-02-13T08:52:23","slug":"forbehandling-fore-lackering","status":"publish","type":"page","link":"https:\/\/candorsweden.com\/sv\/kemiska-processer\/forbehandling-fore-lackering\/","title":{"rendered":"F\u00f6rbehandling f\u00f6re lackering"},"content":{"rendered":"<p><div class=\"fusion-fullwidth fullwidth-box fusion-builder-row-1 section nonhundred-percent-fullwidth non-hundred-percent-height-scrolling\" style=\"--awb-border-radius-top-left:0px;--awb-border-radius-top-right:0px;--awb-border-radius-bottom-right:0px;--awb-border-radius-bottom-left:0px;--awb-flex-wrap:wrap;\" ><div class=\"fusion-builder-row fusion-row\"><div class=\"fusion-layout-column fusion_builder_column fusion-builder-column-0 fusion_builder_column_1_1 1_1 fusion-one-full fusion-column-first fusion-column-last\" style=\"--awb-bg-size:cover;\"><div class=\"fusion-column-wrapper fusion-flex-column-wrapper-legacy\"><div class=\"fusion-title title fusion-title-1 fusion-sep-none fusion-title-text fusion-title-size-one\"><h1 class=\"fusion-title-heading title-heading-left\" style=\"margin:0;\">F\u00f6rbehandling f\u00f6re lackering.<\/h1><\/div><div class=\"fusion-text fusion-text-1\"><p>Candors produktprogram omfattar egentillverkade produkter men \u00e4ven samarbete med ledande internationella f\u00f6retag som t.ex Bulkchemicals i USA. Marknader som st\u00e4ller h\u00f6ga krav fr\u00e5n industrin. G\u00e4ller b\u00e5de nya tekniker och milj\u00f6v\u00e4nlighet inom varje omr\u00e5de och marknad.<\/p>\n<p>Candors produkter m\u00f6ter olika kravspecifikationer inom olika marknadsomr\u00e5den. Till varje marknadsomr\u00e5de levererar Candor kompletta produktpaket som.<\/p>\n<ul>\n<li>F\u00f6rbehandling, J\u00e4rn fosfat, Zink fosfat och passivering, \u201dsealers\u201d<\/li>\n<\/ul>\n<p>Mer av intresse \u00e5terfinns inom ny f\u00f6rbehandlingsteknik som idag domineras av zirkonium resp. titan inneh\u00e5llande produkter s.k Nanoteknik. Candor erbjuder marknaden v\u00e4l bepr\u00f6vande och inarbetade produkter och varunamn.<\/p>\n<ul>\n<li>E-CLPS<\/li>\n<li>Zirca \u2013 Sil<\/li>\n<li>Candobond<\/li>\n<li>TRI-CLPS<\/li>\n<\/ul>\n<\/div><div class=\"fusion-clearfix\"><\/div><\/div><\/div><\/div><\/div><div class=\"fusion-fullwidth fullwidth-box fusion-builder-row-2 section nonhundred-percent-fullwidth non-hundred-percent-height-scrolling\" style=\"--awb-border-radius-top-left:0px;--awb-border-radius-top-right:0px;--awb-border-radius-bottom-right:0px;--awb-border-radius-bottom-left:0px;--awb-flex-wrap:wrap;\" ><div class=\"fusion-builder-row fusion-row\"><div class=\"fusion-layout-column fusion_builder_column fusion-builder-column-1 fusion_builder_column_1_1 1_1 fusion-one-full fusion-column-first fusion-column-last\" style=\"--awb-bg-size:cover;\"><div class=\"fusion-column-wrapper fusion-flex-column-wrapper-legacy\"><div class=\"fusion-title title fusion-title-2 fusion-sep-none fusion-title-text fusion-title-size-two\"><h2 class=\"fusion-title-heading title-heading-left\" style=\"margin:0;\">Vill du veta mer?<\/h2><\/div>\n<div class=\"content-card-wrapper clearfix\">\n\t<div class=\"contact-card-alternate\">\n\t\t<div class=\"border\" style=\"background-image: url(\/wp-content\/uploads\/2017\/11\/candor_kemi_pattern.png);\"><\/div>\n\t\t<div class=\"contact-content\">\n\t\t\t<h4>J\u00f6rgen Pettersson<\/h4>\n\t\t\t<p>Processer elektronik<\/p>\n\t\t\t<p>+46(0)11 - 21 75 57<\/p>\n\t\t\t<p><\/p>\n\t\t\t<p>jorgen.pettersson@candorsweden.com<\/p>\n\t\t<\/div> <!-- End contact content -->\n\t<\/div> <!-- End contact card -->\n\t<a class=\"all-contacts\" href=\"\/sv\/kontakta-oss\">\n\t\t<div class=\"contact-content\">\n\t\t\t<h4>Alla kontakter<\/h4>\n\t\t\t<p>S\u00f6ker du n\u00e5gon? H\u00e4r finns samtliga kontaktpersoner.<\/p>\n\t\t<\/div>\n\t<\/a> <!-- end all contacts -->\n<\/div> <!-- end content card wrapper --><div class=\"fusion-alignright\"><a class=\"fusion-button button-3d fusion-button-default-size button-default fusion-button-default button-1 fusion-button-default-span fusion-button-default-type small\" target=\"_self\" href=\"\/kontakta-oss\"><span class=\"fusion-button-text awb-button__text awb-button__text--default\">Fler kontaktuppgifter<\/span><\/a><\/div><div class=\"fusion-clearfix\"><\/div><\/div><\/div><div class=\"fusion-layout-column fusion_builder_column fusion-builder-column-2 fusion_builder_column_1_1 1_1 fusion-one-full fusion-column-first fusion-column-last\" style=\"--awb-bg-size:cover;\"><div class=\"fusion-column-wrapper fusion-flex-column-wrapper-legacy\"><div class=\"fusion-column-content-centered\"><div class=\"fusion-column-content\"><div class=\"fusion-title title fusion-title-3 fusion-sep-none fusion-title-text fusion-title-size-three\"><h3 class=\"fusion-title-heading title-heading-left\" style=\"margin:0;\">Uppt\u00e4ck v\u00e5ra marknadsomr\u00e5den<\/h3><\/div><div>\n\t<a class=\"grid-item\" href=\"https:\/\/candorsweden.com\/sv\/kemiska-processer\/\"><div class=\"grid-img\" style=\"background-image: url(https:\/\/candorsweden.com\/wp-content\/uploads\/2018\/02\/Labb-02-e1518094764497.jpg)\"><\/div><h4>Kemiska Processer<\/h4><\/a><a class=\"grid-item\" href=\"https:\/\/candorsweden.com\/sv\/metaller\/\"><div class=\"grid-img\" style=\"background-image: url(https:\/\/candorsweden.com\/wp-content\/uploads\/2018\/02\/Metaller-03-edit.jpg)\"><\/div><h4>Metaller<\/h4><\/a><a class=\"grid-item\" href=\"https:\/\/candorsweden.com\/sv\/anlaggningar\/\"><div class=\"grid-img\" style=\"background-image: url(https:\/\/candorsweden.com\/wp-content\/uploads\/2018\/01\/Surface-treatment-line.jpg)\"><\/div><h4>Anl\u00e4ggningar<\/h4><\/a><\/div><\/div><\/div><div class=\"fusion-clearfix\"><\/div><\/div><\/div><\/div><\/div><\/p>\n","protected":false},"excerpt":{"rendered":"","protected":false},"author":1,"featured_media":0,"parent":30,"menu_order":0,"comment_status":"closed","ping_status":"closed","template":"templates\/child-page.php","meta":{"_acf_changed":false,"footnotes":""},"class_list":["post-815","page","type-page","status-publish","hentry"],"acf":[],"yoast_head":"<!-- This site is optimized with the Yoast SEO plugin v25.3 - https:\/\/yoast.com\/wordpress\/plugins\/seo\/ -->\n<title>F\u00f6rbehandling f\u00f6re lackering | Candor Sweden AB<\/title>\n<meta name=\"description\" content=\"Candors produktprogram omfattar egentillverkade produkter men \u00e4ven samarbete med ledande internationella f\u00f6retag som t.ex Bulkchemicals i USA. L\u00e4s mer om f\u00f6rbehandling f\u00f6re lackering h\u00e4r eller kontakta jorgen.pettersson@candorsweden.com\" \/>\n<meta name=\"robots\" content=\"index, follow, max-snippet:-1, max-image-preview:large, max-video-preview:-1\" \/>\n<link rel=\"canonical\" href=\"https:\/\/candorsweden.com\/sv\/kemiska-processer\/forbehandling-fore-lackering\/\" \/>\n<meta property=\"og:locale\" content=\"sv_SE\" \/>\n<meta property=\"og:type\" content=\"article\" \/>\n<meta property=\"og:title\" content=\"F\u00f6rbehandling f\u00f6re lackering | Candor Sweden AB\" \/>\n<meta property=\"og:description\" content=\"Candors produktprogram omfattar egentillverkade produkter men \u00e4ven samarbete med ledande internationella f\u00f6retag som t.ex Bulkchemicals i USA. L\u00e4s mer om f\u00f6rbehandling f\u00f6re lackering h\u00e4r eller kontakta jorgen.pettersson@candorsweden.com\" \/>\n<meta property=\"og:url\" content=\"https:\/\/candorsweden.com\/sv\/kemiska-processer\/forbehandling-fore-lackering\/\" \/>\n<meta property=\"og:site_name\" content=\"Candor Sweden\" \/>\n<meta property=\"article:modified_time\" content=\"2018-02-13T08:52:23+00:00\" \/>\n<meta name=\"twitter:card\" content=\"summary_large_image\" \/>\n<meta name=\"twitter:label1\" content=\"Ber\u00e4knad l\u00e4stid\" \/>\n\t<meta name=\"twitter:data1\" content=\"3 minuter\" \/>\n<script type=\"application\/ld+json\" class=\"yoast-schema-graph\">{\"@context\":\"https:\/\/schema.org\",\"@graph\":[{\"@type\":\"WebPage\",\"@id\":\"https:\/\/candorsweden.com\/sv\/kemiska-processer\/forbehandling-fore-lackering\/\",\"url\":\"https:\/\/candorsweden.com\/sv\/kemiska-processer\/forbehandling-fore-lackering\/\",\"name\":\"F\u00f6rbehandling f\u00f6re lackering | Candor Sweden AB\",\"isPartOf\":{\"@id\":\"https:\/\/candorsweden.com\/#website\"},\"datePublished\":\"2018-01-04T13:29:08+00:00\",\"dateModified\":\"2018-02-13T08:52:23+00:00\",\"description\":\"Candors produktprogram omfattar egentillverkade produkter men \u00e4ven samarbete med ledande internationella f\u00f6retag som t.ex Bulkchemicals i USA. L\u00e4s mer om f\u00f6rbehandling f\u00f6re lackering h\u00e4r eller kontakta jorgen.pettersson@candorsweden.com\",\"breadcrumb\":{\"@id\":\"https:\/\/candorsweden.com\/sv\/kemiska-processer\/forbehandling-fore-lackering\/#breadcrumb\"},\"inLanguage\":\"sv-SE\",\"potentialAction\":[{\"@type\":\"ReadAction\",\"target\":[\"https:\/\/candorsweden.com\/sv\/kemiska-processer\/forbehandling-fore-lackering\/\"]}]},{\"@type\":\"BreadcrumbList\",\"@id\":\"https:\/\/candorsweden.com\/sv\/kemiska-processer\/forbehandling-fore-lackering\/#breadcrumb\",\"itemListElement\":[{\"@type\":\"ListItem\",\"position\":1,\"name\":\"Hem\",\"item\":\"https:\/\/candorsweden.com\/sv\/\"},{\"@type\":\"ListItem\",\"position\":2,\"name\":\"Kemiska Processer\",\"item\":\"https:\/\/candorsweden.com\/sv\/kemiska-processer\/\"},{\"@type\":\"ListItem\",\"position\":3,\"name\":\"F\u00f6rbehandling f\u00f6re lackering\"}]},{\"@type\":\"WebSite\",\"@id\":\"https:\/\/candorsweden.com\/#website\",\"url\":\"https:\/\/candorsweden.com\/\",\"name\":\"Candor Sweden\",\"description\":\"Chemical processes and equipment for surface treatment technology.\",\"potentialAction\":[{\"@type\":\"SearchAction\",\"target\":{\"@type\":\"EntryPoint\",\"urlTemplate\":\"https:\/\/candorsweden.com\/?s={search_term_string}\"},\"query-input\":{\"@type\":\"PropertyValueSpecification\",\"valueRequired\":true,\"valueName\":\"search_term_string\"}}],\"inLanguage\":\"sv-SE\"}]}<\/script>\n<!-- \/ Yoast SEO plugin. -->","yoast_head_json":{"title":"F\u00f6rbehandling f\u00f6re lackering | Candor Sweden AB","description":"Candors produktprogram omfattar egentillverkade produkter men \u00e4ven samarbete med ledande internationella f\u00f6retag som t.ex Bulkchemicals i USA. L\u00e4s mer om f\u00f6rbehandling f\u00f6re lackering h\u00e4r eller kontakta jorgen.pettersson@candorsweden.com","robots":{"index":"index","follow":"follow","max-snippet":"max-snippet:-1","max-image-preview":"max-image-preview:large","max-video-preview":"max-video-preview:-1"},"canonical":"https:\/\/candorsweden.com\/sv\/kemiska-processer\/forbehandling-fore-lackering\/","og_locale":"sv_SE","og_type":"article","og_title":"F\u00f6rbehandling f\u00f6re lackering | Candor Sweden AB","og_description":"Candors produktprogram omfattar egentillverkade produkter men \u00e4ven samarbete med ledande internationella f\u00f6retag som t.ex Bulkchemicals i USA. L\u00e4s mer om f\u00f6rbehandling f\u00f6re lackering h\u00e4r eller kontakta jorgen.pettersson@candorsweden.com","og_url":"https:\/\/candorsweden.com\/sv\/kemiska-processer\/forbehandling-fore-lackering\/","og_site_name":"Candor Sweden","article_modified_time":"2018-02-13T08:52:23+00:00","twitter_card":"summary_large_image","twitter_misc":{"Ber\u00e4knad l\u00e4stid":"3 minuter"},"schema":{"@context":"https:\/\/schema.org","@graph":[{"@type":"WebPage","@id":"https:\/\/candorsweden.com\/sv\/kemiska-processer\/forbehandling-fore-lackering\/","url":"https:\/\/candorsweden.com\/sv\/kemiska-processer\/forbehandling-fore-lackering\/","name":"F\u00f6rbehandling f\u00f6re lackering | Candor Sweden AB","isPartOf":{"@id":"https:\/\/candorsweden.com\/#website"},"datePublished":"2018-01-04T13:29:08+00:00","dateModified":"2018-02-13T08:52:23+00:00","description":"Candors produktprogram omfattar egentillverkade produkter men \u00e4ven samarbete med ledande internationella f\u00f6retag som t.ex Bulkchemicals i USA. L\u00e4s mer om f\u00f6rbehandling f\u00f6re lackering h\u00e4r eller kontakta jorgen.pettersson@candorsweden.com","breadcrumb":{"@id":"https:\/\/candorsweden.com\/sv\/kemiska-processer\/forbehandling-fore-lackering\/#breadcrumb"},"inLanguage":"sv-SE","potentialAction":[{"@type":"ReadAction","target":["https:\/\/candorsweden.com\/sv\/kemiska-processer\/forbehandling-fore-lackering\/"]}]},{"@type":"BreadcrumbList","@id":"https:\/\/candorsweden.com\/sv\/kemiska-processer\/forbehandling-fore-lackering\/#breadcrumb","itemListElement":[{"@type":"ListItem","position":1,"name":"Hem","item":"https:\/\/candorsweden.com\/sv\/"},{"@type":"ListItem","position":2,"name":"Kemiska Processer","item":"https:\/\/candorsweden.com\/sv\/kemiska-processer\/"},{"@type":"ListItem","position":3,"name":"F\u00f6rbehandling f\u00f6re lackering"}]},{"@type":"WebSite","@id":"https:\/\/candorsweden.com\/#website","url":"https:\/\/candorsweden.com\/","name":"Candor Sweden","description":"Chemical processes and equipment for surface treatment technology.","potentialAction":[{"@type":"SearchAction","target":{"@type":"EntryPoint","urlTemplate":"https:\/\/candorsweden.com\/?s={search_term_string}"},"query-input":{"@type":"PropertyValueSpecification","valueRequired":true,"valueName":"search_term_string"}}],"inLanguage":"sv-SE"}]}},"_links":{"self":[{"href":"https:\/\/candorsweden.com\/sv\/wp-json\/wp\/v2\/pages\/815","targetHints":{"allow":["GET"]}}],"collection":[{"href":"https:\/\/candorsweden.com\/sv\/wp-json\/wp\/v2\/pages"}],"about":[{"href":"https:\/\/candorsweden.com\/sv\/wp-json\/wp\/v2\/types\/page"}],"author":[{"embeddable":true,"href":"https:\/\/candorsweden.com\/sv\/wp-json\/wp\/v2\/users\/1"}],"replies":[{"embeddable":true,"href":"https:\/\/candorsweden.com\/sv\/wp-json\/wp\/v2\/comments?post=815"}],"version-history":[{"count":4,"href":"https:\/\/candorsweden.com\/sv\/wp-json\/wp\/v2\/pages\/815\/revisions"}],"predecessor-version":[{"id":1714,"href":"https:\/\/candorsweden.com\/sv\/wp-json\/wp\/v2\/pages\/815\/revisions\/1714"}],"up":[{"embeddable":true,"href":"https:\/\/candorsweden.com\/sv\/wp-json\/wp\/v2\/pages\/30"}],"wp:attachment":[{"href":"https:\/\/candorsweden.com\/sv\/wp-json\/wp\/v2\/media?parent=815"}],"curies":[{"name":"wp","href":"https:\/\/api.w.org\/{rel}","templated":true}]}}