{"id":603,"date":"2017-11-28T09:17:36","date_gmt":"2017-11-28T08:17:36","guid":{"rendered":"https:\/\/candorsweden.com\/?page_id=603"},"modified":"2018-11-16T10:40:57","modified_gmt":"2018-11-16T09:40:57","slug":"downloads","status":"publish","type":"page","link":"https:\/\/candorsweden.com\/sv\/om-candor\/downloads\/","title":{"rendered":"Downloads"},"content":{"rendered":"<p><div class=\"fusion-fullwidth fullwidth-box fusion-builder-row-1 section nonhundred-percent-fullwidth non-hundred-percent-height-scrolling\" style=\"--awb-border-radius-top-left:0px;--awb-border-radius-top-right:0px;--awb-border-radius-bottom-right:0px;--awb-border-radius-bottom-left:0px;--awb-flex-wrap:wrap;\" ><div class=\"fusion-builder-row fusion-row\"><div class=\"fusion-layout-column fusion_builder_column fusion-builder-column-0 fusion_builder_column_2_3 2_3 fusion-two-third fusion-column-first\" style=\"--awb-bg-size:cover;width:65.3333%; margin-right: 4%;\"><div class=\"fusion-column-wrapper fusion-flex-column-wrapper-legacy\"><div class=\"fusion-title title fusion-title-1 fusion-sep-none fusion-title-text fusion-title-size-one\"><h1 class=\"fusion-title-heading title-heading-left\" style=\"margin:0;\">Downloads.<\/h1><\/div><div class=\"fusion-text fusion-text-1\"><p>Som kund till oss har ni tillg\u00e5ng till v\u00e5r portal f\u00f6r s\u00e4kerhetsdatablad.<\/p>\n<p>Skapa konto eller logga in p\u00e5 adressen:\u00a0<a href=\"http:\/\/documents.candor.se\/\">http:\/\/documents.candor.se<\/a><\/p>\n<\/div><div class=\"fusion-clearfix\"><\/div><\/div><\/div><div class=\"fusion-layout-column fusion_builder_column fusion-builder-column-1 fusion_builder_column_1_1 1_1 fusion-one-full fusion-column-last\" style=\"--awb-bg-size:cover;\"><div class=\"fusion-column-wrapper fusion-flex-column-wrapper-legacy\"><a class=\"post-item\" href=\"https:\/\/candorsweden.com\/sv\/document\/wire-cleaning-pickling\/\"><span class=\"icon\"><span class=\"jam jam-info\"><\/span><\/span><span class=\"content\"><h4 class=\"post-title\">Wire Cleaning &#038; Pickling<\/h4><span class=\"name\">Publicerat: 6.05.2024 | Produktinformation<\/span><\/span><span class=\"button\"><\/span><\/a><a class=\"post-item\" href=\"https:\/\/candorsweden.com\/sv\/document\/ultrasonic-single-multi-wire-cleaning\/\"><span class=\"icon\"><span class=\"jam jam-info\"><\/span><\/span><span class=\"content\"><h4 class=\"post-title\">Ultrasonic \u2013 Single &#038; Multi wire cleaning<\/h4><span class=\"name\">Publicerat: 6.05.2024 | Produktinformation<\/span><\/span><span class=\"button\"><\/span><\/a><a class=\"post-item\" href=\"https:\/\/candorsweden.com\/sv\/document\/ag-ni-sn-and-zn-plating-of-copper-wire\/\"><span class=\"icon\"><span class=\"jam jam-info\"><\/span><\/span><span class=\"content\"><h4 class=\"post-title\">Ag, Ni, Sn and Zn plating of copper wire<\/h4><span class=\"name\">Publicerat: 6.05.2024 | Produktinformation<\/span><\/span><span class=\"button\"><\/span><\/a><a class=\"post-item\" href=\"https:\/\/candorsweden.com\/sv\/document\/multi-wire-galvanizing\/\"><span class=\"icon\"><span class=\"jam jam-info\"><\/span><\/span><span class=\"content\"><h4 class=\"post-title\">Multi wire galvanizing<\/h4><span class=\"name\">Publicerat: 6.05.2024 | Produktinformation<\/span><\/span><span class=\"button\"><\/span><\/a><a class=\"post-item\" href=\"https:\/\/candorsweden.com\/sv\/document\/copperjet\/\"><span class=\"icon\"><span class=\"jam jam-info\"><\/span><\/span><span class=\"content\"><h4 class=\"post-title\">Copperjet<\/h4><span class=\"name\">Publicerat: 6.05.2024 | Produktinformation<\/span><\/span><span class=\"button\"><\/span><\/a><a class=\"post-item\" href=\"https:\/\/candorsweden.com\/sv\/document\/ultrasonic-wire-cleaning\/\"><span class=\"icon\"><span class=\"jam jam-info\"><\/span><\/span><span class=\"content\"><h4 class=\"post-title\">Ultrasonic wire cleaning<\/h4><span class=\"name\">Publicerat: 6.05.2024 | Produktinformation<\/span><\/span><span class=\"button\"><\/span><\/a><a class=\"post-item\" href=\"https:\/\/candorsweden.com\/sv\/document\/nickel-and-copper-plating-on-stainless-wire\/\"><span class=\"icon\"><span class=\"jam jam-info\"><\/span><\/span><span class=\"content\"><h4 class=\"post-title\">Nickel and copper plating on stainless wire<\/h4><span class=\"name\">Publicerat: 6.05.2024 | Produktinformation<\/span><\/span><span class=\"button\"><\/span><\/a><a class=\"post-item\" href=\"https:\/\/candorsweden.com\/sv\/document\/hot-water-wire-cleaning\/\"><span class=\"icon\"><span class=\"jam jam-info\"><\/span><\/span><span class=\"content\"><h4 class=\"post-title\">Hot water wire cleaning<\/h4><span class=\"name\">Publicerat: 6.05.2024 | Produktinformation<\/span><\/span><span class=\"button\"><\/span><\/a><a class=\"post-item\" href=\"https:\/\/candorsweden.com\/sv\/document\/electrolytic-wire-cleaning\/\"><span class=\"icon\"><span class=\"jam jam-info\"><\/span><\/span><span class=\"content\"><h4 class=\"post-title\">Electrolytic wire cleaning<\/h4><span class=\"name\">Publicerat: 6.05.2024 | Produktinformation<\/span><\/span><span class=\"button\"><\/span><\/a><a class=\"post-item\" href=\"https:\/\/candorsweden.com\/sv\/document\/waste-water-treatment\/\"><span class=\"icon\"><span class=\"jam jam-info\"><\/span><\/span><span class=\"content\"><h4 class=\"post-title\">Waste Water Treatment<\/h4><span class=\"name\">Publicerat: 6.05.2024 | Produktinformation<\/span><\/span><span class=\"button\"><\/span><\/a><a class=\"post-item\" href=\"https:\/\/candorsweden.com\/sv\/document\/candor-catalogue\/\"><span class=\"icon\"><span class=\"jam jam-info\"><\/span><\/span><span class=\"content\"><h4 class=\"post-title\">Candor catalogue<\/h4><span class=\"name\">Publicerat: 2.05.2024 | Produktinformation<\/span><\/span><span class=\"button\"><\/span><\/a><a class=\"post-item\" href=\"https:\/\/candorsweden.com\/sv\/document\/candocoat-in-line-bararbelaggare\/\"><span class=\"icon\"><span class=\"jam jam-info\"><\/span><\/span><span class=\"content\"><h4 class=\"post-title\">Candocoat &#8211; In-line b\u00e4rarbel\u00e4ggare<\/h4><span class=\"name\">Publicerat: 9.06.2023 | Produktinformation<\/span><\/span><span class=\"button\"><\/span><\/a><a class=\"post-item\" href=\"https:\/\/candorsweden.com\/sv\/document\/iso-14001\/\"><span class=\"icon\"><span class=\"jam jam-tree\"><\/span><\/span><span class=\"content\"><h4 class=\"post-title\">ISO 14001<\/h4><span class=\"name\">Publicerat: 24.01.2023 | Kvalit\u00e9 och milj\u00f6<\/span><\/span><span class=\"button\"><\/span><\/a><a class=\"post-item\" href=\"https:\/\/candorsweden.com\/sv\/document\/iso-9001-2\/\"><span class=\"icon\"><span class=\"jam jam-tree\"><\/span><\/span><span class=\"content\"><h4 class=\"post-title\">ISO 9001<\/h4><span class=\"name\">Publicerat: 24.01.2023 | Kvalit\u00e9 och milj\u00f6<\/span><\/span><span class=\"button\"><\/span><\/a><a class=\"post-item\" href=\"https:\/\/candorsweden.com\/sv\/document\/quick-utrustning-handlodning\/\"><span class=\"icon\"><span class=\"jam jam-info\"><\/span><\/span><span class=\"content\"><h4 class=\"post-title\">QUICK \u2013 Utrustning f\u00f6r handl\u00f6dning<\/h4><span class=\"name\">Publicerat: 3.01.2018 | Produktinformation<\/span><\/span><span class=\"button\"><\/span><\/a><a class=\"post-item\" href=\"https:\/\/candorsweden.com\/sv\/document\/blyfritt-lod-sn100c-framtidens-standard\/\"><span class=\"icon\"><span class=\"jam jam-info\"><\/span><\/span><span class=\"content\"><h4 class=\"post-title\">Blyfritt lod SN100C, framtidens standard?<\/h4><span class=\"name\">Publicerat: 3.01.2018 | Produktinformation<\/span><\/span><span class=\"button\"><\/span><\/a><a class=\"post-item\" href=\"https:\/\/candorsweden.com\/sv\/document\/allman-info-om-reach-och-clp\/\"><span class=\"icon\"><span class=\"jam jam-tree\"><\/span><\/span><span class=\"content\"><h4 class=\"post-title\">Allm\u00e4n info om REACH och CLP<\/h4><span class=\"name\">Publicerat: 23.11.2017 | Kvalit\u00e9 och milj\u00f6<\/span><\/span><span class=\"button\"><\/span><\/a><a class=\"post-item\" href=\"https:\/\/candorsweden.com\/sv\/document\/overgripande-miljomal\/\"><span class=\"icon\"><span class=\"jam jam-tree\"><\/span><\/span><span class=\"content\"><h4 class=\"post-title\">\u00d6vergripande milj\u00f6m\u00e5l<\/h4><span class=\"name\">Publicerat: 14.02.2020 | Kvalit\u00e9 och milj\u00f6<\/span><\/span><span class=\"button\"><\/span><\/a><a class=\"post-item\" href=\"https:\/\/candorsweden.com\/sv\/document\/verksamhetspolicy\/\"><span class=\"icon\"><span class=\"jam jam-tree\"><\/span><\/span><span class=\"content\"><h4 class=\"post-title\">Verksamhetspolicy<\/h4><span class=\"name\">Publicerat: 14.02.2020 | Kvalit\u00e9 och milj\u00f6<\/span><\/span><span class=\"button\"><\/span><\/a><div class=\"fusion-clearfix\"><\/div><\/div><\/div><\/div><\/div><div class=\"fusion-fullwidth fullwidth-box fusion-builder-row-2 section nonhundred-percent-fullwidth non-hundred-percent-height-scrolling\" style=\"--awb-border-radius-top-left:0px;--awb-border-radius-top-right:0px;--awb-border-radius-bottom-right:0px;--awb-border-radius-bottom-left:0px;--awb-flex-wrap:wrap;\" ><div class=\"fusion-builder-row fusion-row\"><div class=\"fusion-layout-column fusion_builder_column fusion-builder-column-2 fusion_builder_column_1_1 1_1 fusion-one-full fusion-column-first fusion-column-last\" style=\"--awb-bg-size:cover;\"><div class=\"fusion-column-wrapper fusion-flex-column-wrapper-legacy\"><div class=\"fusion-title title fusion-title-2 fusion-sep-none fusion-title-text fusion-title-size-two\"><h2 class=\"fusion-title-heading title-heading-left\" style=\"margin:0;\">Beh\u00f6ver du hj\u00e4lp?<\/h2><\/div>\n<div class=\"content-card-wrapper clearfix\">\n\t<div class=\"contact-card-alternate\">\n\t\t<div class=\"border\" style=\"background-image: url(\/wp-content\/uploads\/2017\/11\/candor_kemi_pattern.png);\"><\/div>\n\t\t<div class=\"contact-content\">\n\t\t\t<h4>Linda Lundman<\/h4>\n\t\t\t<p>Kvalitets- och milj\u00f6chef<\/p>\n\t\t\t<p>+46(0)11 - 21 75 21<\/p>\n\t\t\t<p><\/p>\n\t\t\t<p>linda.lundman@candorsweden.com<\/p>\n\t\t<\/div> <!-- End contact content -->\n\t<\/div> <!-- End contact card -->\n\t<a class=\"all-contacts\" href=\"\/sv\/kontakta-oss\">\n\t\t<div class=\"contact-content\">\n\t\t\t<h4>Alla kontakter<\/h4>\n\t\t\t<p>S\u00f6ker du n\u00e5gon? H\u00e4r finns samtliga kontaktpersoner.<\/p>\n\t\t<\/div>\n\t<\/a> <!-- end all contacts -->\n<\/div> <!-- end content card wrapper --><div class=\"fusion-alignright\"><a class=\"fusion-button button-3d fusion-button-default-size button-default fusion-button-default button-1 fusion-button-default-span fusion-button-default-type small\" target=\"_self\" href=\"\/kontakta-oss\"><span class=\"fusion-button-text awb-button__text awb-button__text--default\">Fler kontaktuppgifter<\/span><\/a><\/div><div class=\"fusion-clearfix\"><\/div><\/div><\/div><div class=\"fusion-layout-column fusion_builder_column fusion-builder-column-3 fusion_builder_column_1_1 1_1 fusion-one-full fusion-column-first fusion-column-last\" style=\"--awb-bg-size:cover;\"><div class=\"fusion-column-wrapper fusion-flex-column-wrapper-legacy\"><div class=\"fusion-column-content-centered\"><div class=\"fusion-column-content\"><div class=\"fusion-title title fusion-title-3 fusion-sep-none fusion-title-text fusion-title-size-three\"><h3 class=\"fusion-title-heading title-heading-left\" style=\"margin:0;\">Uppt\u00e4ck v\u00e5ra marknadsomr\u00e5den<\/h3><\/div><div>\n\t<a class=\"grid-item\" href=\"https:\/\/candorsweden.com\/sv\/kemiska-processer\/\"><div class=\"grid-img\" style=\"background-image: url(https:\/\/candorsweden.com\/wp-content\/uploads\/2018\/02\/Labb-02-e1518094764497.jpg)\"><\/div><h4>Kemiska Processer<\/h4><\/a><a class=\"grid-item\" href=\"https:\/\/candorsweden.com\/sv\/metaller\/\"><div class=\"grid-img\" style=\"background-image: url(https:\/\/candorsweden.com\/wp-content\/uploads\/2018\/02\/Metaller-03-edit.jpg)\"><\/div><h4>Metaller<\/h4><\/a><a class=\"grid-item\" href=\"https:\/\/candorsweden.com\/sv\/anlaggningar\/\"><div class=\"grid-img\" style=\"background-image: url(https:\/\/candorsweden.com\/wp-content\/uploads\/2018\/01\/Surface-treatment-line.jpg)\"><\/div><h4>Anl\u00e4ggningar<\/h4><\/a><\/div><\/div><\/div><div class=\"fusion-clearfix\"><\/div><\/div><\/div><\/div><\/div><\/p>\n","protected":false},"excerpt":{"rendered":"","protected":false},"author":1,"featured_media":0,"parent":36,"menu_order":0,"comment_status":"closed","ping_status":"closed","template":"templates\/child-page.php","meta":{"_acf_changed":false,"footnotes":""},"class_list":["post-603","page","type-page","status-publish","hentry"],"acf":[],"yoast_head":"<!-- This site is optimized with the Yoast SEO plugin v25.3 - https:\/\/yoast.com\/wordpress\/plugins\/seo\/ -->\n<title>Kunskapsbank \u2013 Portal f\u00f6r s\u00e4kerhetsdatablad | Candor Sweden AB<\/title>\n<meta name=\"description\" content=\"Som kund till oss har du tillg\u00e5ng till v\u00e5r portal f\u00f6r s\u00e4kerhetsdatablad. Skapa ett konto och ta del av information av v\u00e5ra produkter genom att klicka dig vidare fr\u00e5n den h\u00e4r sidan.\" \/>\n<meta name=\"robots\" content=\"index, follow, max-snippet:-1, max-image-preview:large, max-video-preview:-1\" \/>\n<link rel=\"canonical\" href=\"https:\/\/candorsweden.com\/sv\/om-candor\/downloads\/\" \/>\n<meta property=\"og:locale\" content=\"sv_SE\" \/>\n<meta property=\"og:type\" content=\"article\" \/>\n<meta property=\"og:title\" content=\"Kunskapsbank \u2013 Portal f\u00f6r s\u00e4kerhetsdatablad | Candor Sweden AB\" \/>\n<meta property=\"og:description\" content=\"Som kund till oss har du tillg\u00e5ng till v\u00e5r portal f\u00f6r s\u00e4kerhetsdatablad. Skapa ett konto och ta del av information av v\u00e5ra produkter genom att klicka dig vidare fr\u00e5n den h\u00e4r sidan.\" \/>\n<meta property=\"og:url\" content=\"https:\/\/candorsweden.com\/sv\/om-candor\/downloads\/\" \/>\n<meta property=\"og:site_name\" content=\"Candor Sweden\" \/>\n<meta property=\"article:modified_time\" content=\"2018-11-16T09:40:57+00:00\" \/>\n<meta name=\"twitter:card\" content=\"summary_large_image\" \/>\n<meta name=\"twitter:label1\" content=\"Ber\u00e4knad l\u00e4stid\" \/>\n\t<meta name=\"twitter:data1\" content=\"3 minuter\" \/>\n<script type=\"application\/ld+json\" class=\"yoast-schema-graph\">{\"@context\":\"https:\/\/schema.org\",\"@graph\":[{\"@type\":\"WebPage\",\"@id\":\"https:\/\/candorsweden.com\/sv\/om-candor\/downloads\/\",\"url\":\"https:\/\/candorsweden.com\/sv\/om-candor\/downloads\/\",\"name\":\"Kunskapsbank \u2013 Portal f\u00f6r s\u00e4kerhetsdatablad | Candor Sweden AB\",\"isPartOf\":{\"@id\":\"https:\/\/candorsweden.com\/#website\"},\"datePublished\":\"2017-11-28T08:17:36+00:00\",\"dateModified\":\"2018-11-16T09:40:57+00:00\",\"description\":\"Som kund till oss har du tillg\u00e5ng till v\u00e5r portal f\u00f6r s\u00e4kerhetsdatablad. Skapa ett konto och ta del av information av v\u00e5ra produkter genom att klicka dig vidare fr\u00e5n den h\u00e4r sidan.\",\"breadcrumb\":{\"@id\":\"https:\/\/candorsweden.com\/sv\/om-candor\/downloads\/#breadcrumb\"},\"inLanguage\":\"sv-SE\",\"potentialAction\":[{\"@type\":\"ReadAction\",\"target\":[\"https:\/\/candorsweden.com\/sv\/om-candor\/downloads\/\"]}]},{\"@type\":\"BreadcrumbList\",\"@id\":\"https:\/\/candorsweden.com\/sv\/om-candor\/downloads\/#breadcrumb\",\"itemListElement\":[{\"@type\":\"ListItem\",\"position\":1,\"name\":\"Hem\",\"item\":\"https:\/\/candorsweden.com\/sv\/\"},{\"@type\":\"ListItem\",\"position\":2,\"name\":\"Om Candor\",\"item\":\"https:\/\/candorsweden.com\/sv\/om-candor\/\"},{\"@type\":\"ListItem\",\"position\":3,\"name\":\"Downloads\"}]},{\"@type\":\"WebSite\",\"@id\":\"https:\/\/candorsweden.com\/#website\",\"url\":\"https:\/\/candorsweden.com\/\",\"name\":\"Candor Sweden\",\"description\":\"Chemical processes and equipment for surface treatment technology.\",\"potentialAction\":[{\"@type\":\"SearchAction\",\"target\":{\"@type\":\"EntryPoint\",\"urlTemplate\":\"https:\/\/candorsweden.com\/?s={search_term_string}\"},\"query-input\":{\"@type\":\"PropertyValueSpecification\",\"valueRequired\":true,\"valueName\":\"search_term_string\"}}],\"inLanguage\":\"sv-SE\"}]}<\/script>\n<!-- \/ Yoast SEO plugin. -->","yoast_head_json":{"title":"Kunskapsbank \u2013 Portal f\u00f6r s\u00e4kerhetsdatablad | Candor Sweden AB","description":"Som kund till oss har du tillg\u00e5ng till v\u00e5r portal f\u00f6r s\u00e4kerhetsdatablad. Skapa ett konto och ta del av information av v\u00e5ra produkter genom att klicka dig vidare fr\u00e5n den h\u00e4r sidan.","robots":{"index":"index","follow":"follow","max-snippet":"max-snippet:-1","max-image-preview":"max-image-preview:large","max-video-preview":"max-video-preview:-1"},"canonical":"https:\/\/candorsweden.com\/sv\/om-candor\/downloads\/","og_locale":"sv_SE","og_type":"article","og_title":"Kunskapsbank \u2013 Portal f\u00f6r s\u00e4kerhetsdatablad | Candor Sweden AB","og_description":"Som kund till oss har du tillg\u00e5ng till v\u00e5r portal f\u00f6r s\u00e4kerhetsdatablad. Skapa ett konto och ta del av information av v\u00e5ra produkter genom att klicka dig vidare fr\u00e5n den h\u00e4r sidan.","og_url":"https:\/\/candorsweden.com\/sv\/om-candor\/downloads\/","og_site_name":"Candor Sweden","article_modified_time":"2018-11-16T09:40:57+00:00","twitter_card":"summary_large_image","twitter_misc":{"Ber\u00e4knad l\u00e4stid":"3 minuter"},"schema":{"@context":"https:\/\/schema.org","@graph":[{"@type":"WebPage","@id":"https:\/\/candorsweden.com\/sv\/om-candor\/downloads\/","url":"https:\/\/candorsweden.com\/sv\/om-candor\/downloads\/","name":"Kunskapsbank \u2013 Portal f\u00f6r s\u00e4kerhetsdatablad | Candor Sweden AB","isPartOf":{"@id":"https:\/\/candorsweden.com\/#website"},"datePublished":"2017-11-28T08:17:36+00:00","dateModified":"2018-11-16T09:40:57+00:00","description":"Som kund till oss har du tillg\u00e5ng till v\u00e5r portal f\u00f6r s\u00e4kerhetsdatablad. Skapa ett konto och ta del av information av v\u00e5ra produkter genom att klicka dig vidare fr\u00e5n den h\u00e4r sidan.","breadcrumb":{"@id":"https:\/\/candorsweden.com\/sv\/om-candor\/downloads\/#breadcrumb"},"inLanguage":"sv-SE","potentialAction":[{"@type":"ReadAction","target":["https:\/\/candorsweden.com\/sv\/om-candor\/downloads\/"]}]},{"@type":"BreadcrumbList","@id":"https:\/\/candorsweden.com\/sv\/om-candor\/downloads\/#breadcrumb","itemListElement":[{"@type":"ListItem","position":1,"name":"Hem","item":"https:\/\/candorsweden.com\/sv\/"},{"@type":"ListItem","position":2,"name":"Om Candor","item":"https:\/\/candorsweden.com\/sv\/om-candor\/"},{"@type":"ListItem","position":3,"name":"Downloads"}]},{"@type":"WebSite","@id":"https:\/\/candorsweden.com\/#website","url":"https:\/\/candorsweden.com\/","name":"Candor Sweden","description":"Chemical processes and equipment for surface treatment technology.","potentialAction":[{"@type":"SearchAction","target":{"@type":"EntryPoint","urlTemplate":"https:\/\/candorsweden.com\/?s={search_term_string}"},"query-input":{"@type":"PropertyValueSpecification","valueRequired":true,"valueName":"search_term_string"}}],"inLanguage":"sv-SE"}]}},"_links":{"self":[{"href":"https:\/\/candorsweden.com\/sv\/wp-json\/wp\/v2\/pages\/603","targetHints":{"allow":["GET"]}}],"collection":[{"href":"https:\/\/candorsweden.com\/sv\/wp-json\/wp\/v2\/pages"}],"about":[{"href":"https:\/\/candorsweden.com\/sv\/wp-json\/wp\/v2\/types\/page"}],"author":[{"embeddable":true,"href":"https:\/\/candorsweden.com\/sv\/wp-json\/wp\/v2\/users\/1"}],"replies":[{"embeddable":true,"href":"https:\/\/candorsweden.com\/sv\/wp-json\/wp\/v2\/comments?post=603"}],"version-history":[{"count":7,"href":"https:\/\/candorsweden.com\/sv\/wp-json\/wp\/v2\/pages\/603\/revisions"}],"predecessor-version":[{"id":4824,"href":"https:\/\/candorsweden.com\/sv\/wp-json\/wp\/v2\/pages\/603\/revisions\/4824"}],"up":[{"embeddable":true,"href":"https:\/\/candorsweden.com\/sv\/wp-json\/wp\/v2\/pages\/36"}],"wp:attachment":[{"href":"https:\/\/candorsweden.com\/sv\/wp-json\/wp\/v2\/media?parent=603"}],"curies":[{"name":"wp","href":"https:\/\/api.w.org\/{rel}","templated":true}]}}