{"id":417,"date":"2017-11-23T15:30:29","date_gmt":"2017-11-23T14:30:29","guid":{"rendered":"https:\/\/candorsweden.com\/?page_id=417"},"modified":"2018-11-16T10:41:23","modified_gmt":"2018-11-16T09:41:23","slug":"gdpr","status":"publish","type":"page","link":"https:\/\/candorsweden.com\/sv\/om-candor\/gdpr\/","title":{"rendered":"GDPR"},"content":{"rendered":"<p><div class=\"fusion-fullwidth fullwidth-box fusion-builder-row-1 nonhundred-percent-fullwidth non-hundred-percent-height-scrolling underundersida-cont\" style=\"--awb-border-radius-top-left:0px;--awb-border-radius-top-right:0px;--awb-border-radius-bottom-right:0px;--awb-border-radius-bottom-left:0px;--awb-flex-wrap:wrap;\" ><div class=\"fusion-builder-row fusion-row\"><div class=\"fusion-layout-column fusion_builder_column fusion-builder-column-0 fusion_builder_column_1_1 1_1 fusion-one-full fusion-column-first fusion-column-last\" style=\"--awb-bg-size:cover;\"><div class=\"fusion-column-wrapper fusion-flex-column-wrapper-legacy\"><div class=\"fusion-title title fusion-title-1 fusion-sep-none fusion-title-text fusion-title-size-one\" style=\"--awb-margin-top-small:0px;--awb-margin-right-small:0px;--awb-margin-bottom-small:20px;--awb-margin-left-small:0px;\"><h1 class=\"fusion-title-heading title-heading-left\" style=\"margin:0;\">GDPR och Candor<\/h1><\/div><div class=\"fusion-text fusion-text-1\"><p><strong>Du som \u00e4r kund \u00e4r associerad till Candor Sweden AB<\/strong><\/p>\n<p>Den h\u00e4r informationen avser hur Candor hanterar dina personuppgifter enligt GDPR. Det \u00e4r viktigt att du k\u00e4nner till vad vi anv\u00e4nder dina personuppgifter till, hur vi skyddar dem och vilka r\u00e4ttigheter du har.<\/p>\n<p><strong>Dataskyddsf\u00f6rordningen (GDPR)<\/strong><br \/>\nDataskyddsf\u00f6rordningen, eller GDPR som den ocks\u00e5 kallas, inneh\u00e5ller regler om hur man f\u00e5r behandla personuppgifter. F\u00f6rordningen b\u00f6rjar g\u00e4lla den 25 maj 2018 och ers\u00e4tter d\u00e5 personuppgiftslagen (PUL). Dataskyddsf\u00f6rordningen g\u00e4ller som lag i alla EU:s medlemsl\u00e4nder fr\u00e5n och med den 25 maj 2018.<\/p>\n<p>GDPR styr hur personuppgifter f\u00e5r behandlas och fokuserar p\u00e5 ett \u00f6kat integritetsskydd. GDPR styr hur och vem som f\u00e5r behandla personuppgifter. St\u00f6rsta f\u00f6r\u00e4ndringen \u00e4r att f\u00f6retag m\u00e5ste vara tydligare med vilka personuppgifter som behandlas och varf\u00f6r. Du som kund f\u00e5r ocks\u00e5 st\u00f6rre m\u00f6jlighet att p\u00e5verka om och hur dina personuppgifter ska sparas. GDPR p\u00e5verkar inte p\u00e5 vilket s\u00e4tt du \u00e4r kund hos Candor. Nedan kan du kan l\u00e4sa mer om det i v\u00e5ra riktlinjer f\u00f6r hur vi hanterar detta.<\/p>\n<p>Candor sparar uppgifter i syfte att g\u00f6ra v\u00e5rt jobb och ge dej den service som erfordras men sj\u00e4lvklart tills du uttryckligen meddelar att du inte l\u00e4ngre vill Candor ska lagra uppgifterna<\/p>\n<p>GDPR lagstiftningen s\u00e4ger att du kan n\u00e4r som helst meddela att vi \u00e4ndrar uppgifterna eller helt tar bort dig fr\u00e5n v\u00e5rt register<\/p>\n<p>Candor har aldrig och kommer aldrig dela ut eller s\u00e4lja dina uppgifter till en tredje part<\/p>\n<p>Du kan n\u00e4r som helst via kontakt genom v\u00e5r mail <a href=\"mailto:info@candorsweden.com\">info@candorsweden.com<\/a> f\u00e5 veta hur Candor hanterar och lagrar dina uppgifter<\/p>\n<p>Om du skulle anse att v\u00e5r behandling av dina personuppgifter inte sker i enlighet med dataskyddslagstiftningen ber vi dig att kontakta oss. Du har \u00e4ven r\u00e4tt att klaga till Datainspektionen som \u00e4r tillsynsmyndighet.<\/p>\n<p>Vill du av n\u00e5gon anledning ej vill erh\u00e5lla nyheter, information fr\u00e5n Candor s\u00e5 v\u00e4nligen skicka in ett mail till Candor p\u00e5 <a href=\"mailto:info@candorsweden.com\">info@candorsweden.com<\/a><\/p>\n<\/div><div class=\"fusion-clearfix\"><\/div><\/div><\/div><\/div><\/div><div class=\"fusion-fullwidth fullwidth-box fusion-builder-row-2 nonhundred-percent-fullwidth non-hundred-percent-height-scrolling section\" style=\"--awb-border-radius-top-left:0px;--awb-border-radius-top-right:0px;--awb-border-radius-bottom-right:0px;--awb-border-radius-bottom-left:0px;--awb-flex-wrap:wrap;\" ><div class=\"fusion-builder-row fusion-row\"><div class=\"fusion-layout-column fusion_builder_column fusion-builder-column-1 fusion_builder_column_1_1 1_1 fusion-one-full fusion-column-first fusion-column-last\" style=\"--awb-bg-size:cover;\"><div class=\"fusion-column-wrapper fusion-flex-column-wrapper-legacy\"><div class=\"fusion-title title fusion-title-2 fusion-sep-none fusion-title-text fusion-title-size-two\" style=\"--awb-margin-top-small:0px;--awb-margin-right-small:0px;--awb-margin-bottom-small:20px;--awb-margin-left-small:0px;\"><h2 class=\"fusion-title-heading title-heading-left\" style=\"margin:0;\">Vill du veta mer?<\/h2><\/div>\n<div class=\"content-card-wrapper clearfix\">\n\t<div class=\"contact-card-alternate\">\n\t\t<div class=\"border\" style=\"background-image: url(\/wp-content\/uploads\/2017\/11\/candor_kemi_pattern.png);\"><\/div>\n\t\t<div class=\"contact-content\">\n\t\t\t<h4>Kundservice<\/h4>\n\t\t\t<p><\/p>\n\t\t\t<p>+46(0)11 - 21 75 00<\/p>\n\t\t\t<p><\/p>\n\t\t\t<p>info@candorsweden.com<\/p>\n\t\t<\/div> <!-- End contact content -->\n\t<\/div> <!-- End contact card -->\n\t<a class=\"all-contacts\" href=\"https:\/\/candorsweden.com\/sv\/kontakta-oss\/\">\n\t\t<div class=\"contact-content\">\n\t\t\t<h4>Alla kontakter<\/h4>\n\t\t\t<p>S\u00f6ker du n\u00e5gon? H\u00e4r finns samtliga kontaktpersoner.<\/p>\n\t\t<\/div>\n\t<\/a> <!-- end all contacts -->\n<\/div> <!-- end content card wrapper --><div class=\"fusion-alignright\"><a class=\"fusion-button button-3d fusion-button-default-size button-default fusion-button-default button-1 fusion-button-default-span fusion-button-default-type small\" target=\"_self\" href=\"\/kontakta-oss\"><span class=\"fusion-button-text awb-button__text awb-button__text--default\">Fler kontaktuppgifter<\/span><\/a><\/div><div class=\"fusion-clearfix\"><\/div><\/div><\/div><div class=\"fusion-layout-column fusion_builder_column fusion-builder-column-2 fusion_builder_column_1_1 1_1 fusion-one-full fusion-column-first fusion-column-last\" style=\"--awb-bg-size:cover;\"><div class=\"fusion-column-wrapper fusion-flex-column-wrapper-legacy\"><div class=\"fusion-column-content-centered\"><div class=\"fusion-column-content\"><div class=\"fusion-title title fusion-title-3 fusion-sep-none fusion-title-text fusion-title-size-three\" style=\"--awb-margin-top-small:0px;--awb-margin-right-small:0px;--awb-margin-bottom-small:20px;--awb-margin-left-small:0px;\"><h3 class=\"fusion-title-heading title-heading-left\" style=\"margin:0;\">Uppt\u00e4ck v\u00e5ra marknadsomr\u00e5den<\/h3><\/div><\/div><\/div><div class=\"fusion-clearfix\"><\/div><\/div><\/div><div class=\"fusion-layout-column fusion_builder_column fusion-builder-column-3 fusion_builder_column_1_1 1_1 fusion-one-full fusion-column-first fusion-column-last\" style=\"--awb-bg-size:cover;\"><div class=\"fusion-column-wrapper fusion-flex-column-wrapper-legacy\"><div class=\"fusion-column-content-centered\"><div class=\"fusion-column-content\"><div>\n\t<a class=\"grid-item\" href=\"https:\/\/candorsweden.com\/sv\/kemiska-processer\/\"><div class=\"grid-img\" style=\"background-image: url(https:\/\/candorsweden.com\/wp-content\/uploads\/2018\/02\/Labb-02-e1518094764497.jpg)\"><\/div><h4>Kemiska Processer<\/h4><\/a><a class=\"grid-item\" href=\"https:\/\/candorsweden.com\/sv\/metaller\/\"><div class=\"grid-img\" style=\"background-image: url(https:\/\/candorsweden.com\/wp-content\/uploads\/2018\/02\/Metaller-03-edit.jpg)\"><\/div><h4>Metaller<\/h4><\/a><a class=\"grid-item\" href=\"https:\/\/candorsweden.com\/sv\/anlaggningar\/\"><div class=\"grid-img\" style=\"background-image: url(https:\/\/candorsweden.com\/wp-content\/uploads\/2018\/01\/Surface-treatment-line.jpg)\"><\/div><h4>Anl\u00e4ggningar<\/h4><\/a><\/div><\/div><\/div><div class=\"fusion-clearfix\"><\/div><\/div><\/div><\/div><\/div>\n<\/p>\n","protected":false},"excerpt":{"rendered":"","protected":false},"author":1,"featured_media":0,"parent":36,"menu_order":0,"comment_status":"closed","ping_status":"closed","template":"templates\/child-page.php","meta":{"_acf_changed":false,"footnotes":""},"class_list":["post-417","page","type-page","status-publish","hentry"],"acf":[],"yoast_head":"<!-- This site is optimized with the Yoast SEO plugin v27.3 - https:\/\/yoast.com\/product\/yoast-seo-wordpress\/ -->\n<title>PUL \u2013\u00a0Information om personuppgiftsbehandling | Candor Sweden AB<\/title>\n<meta name=\"description\" content=\"De personuppgifter som CANDOR Sweden AB inh\u00e4mtar om dig \u00e4r n\u00f6dv\u00e4ndiga f\u00f6r att vi skall kunna administrera och fullg\u00f6ra v\u00e5ra avtalsf\u00f6rpliktelser och tillgodose dina \u00f6nskem\u00e5l som kund. L\u00e4s mer om v\u00e5r personuppgiftsbehandling h\u00e4r.\" \/>\n<meta name=\"robots\" content=\"index, follow, max-snippet:-1, max-image-preview:large, max-video-preview:-1\" \/>\n<link rel=\"canonical\" href=\"https:\/\/candorsweden.com\/sv\/om-candor\/gdpr\/\" \/>\n<meta property=\"og:locale\" content=\"sv_SE\" \/>\n<meta property=\"og:type\" content=\"article\" \/>\n<meta property=\"og:title\" content=\"PUL \u2013\u00a0Information om personuppgiftsbehandling | Candor Sweden AB\" \/>\n<meta property=\"og:description\" content=\"De personuppgifter som CANDOR Sweden AB inh\u00e4mtar om dig \u00e4r n\u00f6dv\u00e4ndiga f\u00f6r att vi skall kunna administrera och fullg\u00f6ra v\u00e5ra avtalsf\u00f6rpliktelser och tillgodose dina \u00f6nskem\u00e5l som kund. L\u00e4s mer om v\u00e5r personuppgiftsbehandling h\u00e4r.\" \/>\n<meta property=\"og:url\" content=\"https:\/\/candorsweden.com\/sv\/om-candor\/gdpr\/\" \/>\n<meta property=\"og:site_name\" content=\"Candor Sweden\" \/>\n<meta property=\"article:modified_time\" content=\"2018-11-16T09:41:23+00:00\" \/>\n<meta name=\"twitter:card\" content=\"summary_large_image\" \/>\n<meta name=\"twitter:label1\" content=\"Ber\u00e4knad l\u00e4stid\" \/>\n\t<meta name=\"twitter:data1\" content=\"3 minuter\" \/>\n<script type=\"application\/ld+json\" class=\"yoast-schema-graph\">{\"@context\":\"https:\\\/\\\/schema.org\",\"@graph\":[{\"@type\":\"WebPage\",\"@id\":\"https:\\\/\\\/candorsweden.com\\\/sv\\\/om-candor\\\/gdpr\\\/\",\"url\":\"https:\\\/\\\/candorsweden.com\\\/sv\\\/om-candor\\\/gdpr\\\/\",\"name\":\"PUL \u2013\u00a0Information om personuppgiftsbehandling | Candor Sweden AB\",\"isPartOf\":{\"@id\":\"https:\\\/\\\/candorsweden.com\\\/#website\"},\"datePublished\":\"2017-11-23T14:30:29+00:00\",\"dateModified\":\"2018-11-16T09:41:23+00:00\",\"description\":\"De personuppgifter som CANDOR Sweden AB inh\u00e4mtar om dig \u00e4r n\u00f6dv\u00e4ndiga f\u00f6r att vi skall kunna administrera och fullg\u00f6ra v\u00e5ra avtalsf\u00f6rpliktelser och tillgodose dina \u00f6nskem\u00e5l som kund. L\u00e4s mer om v\u00e5r personuppgiftsbehandling h\u00e4r.\",\"breadcrumb\":{\"@id\":\"https:\\\/\\\/candorsweden.com\\\/sv\\\/om-candor\\\/gdpr\\\/#breadcrumb\"},\"inLanguage\":\"sv-SE\",\"potentialAction\":[{\"@type\":\"ReadAction\",\"target\":[\"https:\\\/\\\/candorsweden.com\\\/sv\\\/om-candor\\\/gdpr\\\/\"]}]},{\"@type\":\"BreadcrumbList\",\"@id\":\"https:\\\/\\\/candorsweden.com\\\/sv\\\/om-candor\\\/gdpr\\\/#breadcrumb\",\"itemListElement\":[{\"@type\":\"ListItem\",\"position\":1,\"name\":\"Hem\",\"item\":\"https:\\\/\\\/candorsweden.com\\\/sv\\\/\"},{\"@type\":\"ListItem\",\"position\":2,\"name\":\"Om Candor\",\"item\":\"https:\\\/\\\/candorsweden.com\\\/sv\\\/om-candor\\\/\"},{\"@type\":\"ListItem\",\"position\":3,\"name\":\"GDPR\"}]},{\"@type\":\"WebSite\",\"@id\":\"https:\\\/\\\/candorsweden.com\\\/#website\",\"url\":\"https:\\\/\\\/candorsweden.com\\\/\",\"name\":\"Candor Sweden\",\"description\":\"Chemical processes and equipment for surface treatment technology.\",\"potentialAction\":[{\"@type\":\"SearchAction\",\"target\":{\"@type\":\"EntryPoint\",\"urlTemplate\":\"https:\\\/\\\/candorsweden.com\\\/?s={search_term_string}\"},\"query-input\":{\"@type\":\"PropertyValueSpecification\",\"valueRequired\":true,\"valueName\":\"search_term_string\"}}],\"inLanguage\":\"sv-SE\"}]}<\/script>\n<!-- \/ Yoast SEO plugin. -->","yoast_head_json":{"title":"PUL \u2013\u00a0Information om personuppgiftsbehandling | Candor Sweden AB","description":"De personuppgifter som CANDOR Sweden AB inh\u00e4mtar om dig \u00e4r n\u00f6dv\u00e4ndiga f\u00f6r att vi skall kunna administrera och fullg\u00f6ra v\u00e5ra avtalsf\u00f6rpliktelser och tillgodose dina \u00f6nskem\u00e5l som kund. L\u00e4s mer om v\u00e5r personuppgiftsbehandling h\u00e4r.","robots":{"index":"index","follow":"follow","max-snippet":"max-snippet:-1","max-image-preview":"max-image-preview:large","max-video-preview":"max-video-preview:-1"},"canonical":"https:\/\/candorsweden.com\/sv\/om-candor\/gdpr\/","og_locale":"sv_SE","og_type":"article","og_title":"PUL \u2013\u00a0Information om personuppgiftsbehandling | Candor Sweden AB","og_description":"De personuppgifter som CANDOR Sweden AB inh\u00e4mtar om dig \u00e4r n\u00f6dv\u00e4ndiga f\u00f6r att vi skall kunna administrera och fullg\u00f6ra v\u00e5ra avtalsf\u00f6rpliktelser och tillgodose dina \u00f6nskem\u00e5l som kund. L\u00e4s mer om v\u00e5r personuppgiftsbehandling h\u00e4r.","og_url":"https:\/\/candorsweden.com\/sv\/om-candor\/gdpr\/","og_site_name":"Candor Sweden","article_modified_time":"2018-11-16T09:41:23+00:00","twitter_card":"summary_large_image","twitter_misc":{"Ber\u00e4knad l\u00e4stid":"3 minuter"},"schema":{"@context":"https:\/\/schema.org","@graph":[{"@type":"WebPage","@id":"https:\/\/candorsweden.com\/sv\/om-candor\/gdpr\/","url":"https:\/\/candorsweden.com\/sv\/om-candor\/gdpr\/","name":"PUL \u2013\u00a0Information om personuppgiftsbehandling | Candor Sweden AB","isPartOf":{"@id":"https:\/\/candorsweden.com\/#website"},"datePublished":"2017-11-23T14:30:29+00:00","dateModified":"2018-11-16T09:41:23+00:00","description":"De personuppgifter som CANDOR Sweden AB inh\u00e4mtar om dig \u00e4r n\u00f6dv\u00e4ndiga f\u00f6r att vi skall kunna administrera och fullg\u00f6ra v\u00e5ra avtalsf\u00f6rpliktelser och tillgodose dina \u00f6nskem\u00e5l som kund. L\u00e4s mer om v\u00e5r personuppgiftsbehandling h\u00e4r.","breadcrumb":{"@id":"https:\/\/candorsweden.com\/sv\/om-candor\/gdpr\/#breadcrumb"},"inLanguage":"sv-SE","potentialAction":[{"@type":"ReadAction","target":["https:\/\/candorsweden.com\/sv\/om-candor\/gdpr\/"]}]},{"@type":"BreadcrumbList","@id":"https:\/\/candorsweden.com\/sv\/om-candor\/gdpr\/#breadcrumb","itemListElement":[{"@type":"ListItem","position":1,"name":"Hem","item":"https:\/\/candorsweden.com\/sv\/"},{"@type":"ListItem","position":2,"name":"Om Candor","item":"https:\/\/candorsweden.com\/sv\/om-candor\/"},{"@type":"ListItem","position":3,"name":"GDPR"}]},{"@type":"WebSite","@id":"https:\/\/candorsweden.com\/#website","url":"https:\/\/candorsweden.com\/","name":"Candor Sweden","description":"Chemical processes and equipment for surface treatment technology.","potentialAction":[{"@type":"SearchAction","target":{"@type":"EntryPoint","urlTemplate":"https:\/\/candorsweden.com\/?s={search_term_string}"},"query-input":{"@type":"PropertyValueSpecification","valueRequired":true,"valueName":"search_term_string"}}],"inLanguage":"sv-SE"}]}},"_links":{"self":[{"href":"https:\/\/candorsweden.com\/sv\/wp-json\/wp\/v2\/pages\/417","targetHints":{"allow":["GET"]}}],"collection":[{"href":"https:\/\/candorsweden.com\/sv\/wp-json\/wp\/v2\/pages"}],"about":[{"href":"https:\/\/candorsweden.com\/sv\/wp-json\/wp\/v2\/types\/page"}],"author":[{"embeddable":true,"href":"https:\/\/candorsweden.com\/sv\/wp-json\/wp\/v2\/users\/1"}],"replies":[{"embeddable":true,"href":"https:\/\/candorsweden.com\/sv\/wp-json\/wp\/v2\/comments?post=417"}],"version-history":[{"count":12,"href":"https:\/\/candorsweden.com\/sv\/wp-json\/wp\/v2\/pages\/417\/revisions"}],"predecessor-version":[{"id":4827,"href":"https:\/\/candorsweden.com\/sv\/wp-json\/wp\/v2\/pages\/417\/revisions\/4827"}],"up":[{"embeddable":true,"href":"https:\/\/candorsweden.com\/sv\/wp-json\/wp\/v2\/pages\/36"}],"wp:attachment":[{"href":"https:\/\/candorsweden.com\/sv\/wp-json\/wp\/v2\/media?parent=417"}],"curies":[{"name":"wp","href":"https:\/\/api.w.org\/{rel}","templated":true}]}}