{"id":405,"date":"2017-11-23T14:48:53","date_gmt":"2017-11-23T13:48:53","guid":{"rendered":"https:\/\/candorsweden.com\/?page_id=405"},"modified":"2018-02-08T10:56:48","modified_gmt":"2018-02-08T09:56:48","slug":"kvalitet-och-miljo","status":"publish","type":"page","link":"https:\/\/candorsweden.com\/sv\/om-candor\/kvalitet-och-miljo\/","title":{"rendered":"Kvalitet och milj\u00f6"},"content":{"rendered":"<p><div class=\"fusion-fullwidth fullwidth-box fusion-builder-row-1 nonhundred-percent-fullwidth non-hundred-percent-height-scrolling\" style=\"--awb-border-radius-top-left:0px;--awb-border-radius-top-right:0px;--awb-border-radius-bottom-right:0px;--awb-border-radius-bottom-left:0px;--awb-flex-wrap:wrap;\" ><div class=\"fusion-builder-row fusion-row\"><div class=\"fusion-layout-column fusion_builder_column fusion-builder-column-0 fusion_builder_column_1_1 1_1 fusion-one-full fusion-column-first fusion-column-last\" style=\"--awb-bg-size:cover;\"><div class=\"fusion-column-wrapper fusion-flex-column-wrapper-legacy\"><div class=\"fusion-title title fusion-title-1 fusion-sep-none fusion-title-text fusion-title-size-one\" style=\"--awb-margin-top-small:0px;--awb-margin-right-small:0px;--awb-margin-bottom-small:20px;--awb-margin-left-small:0px;\"><h1 class=\"fusion-title-heading title-heading-left\" style=\"margin:0;\">Kvalitet och milj\u00f6.<\/h1><\/div><div class=\"fusion-text fusion-text-1\"><p>Att kontinuerligt arbeta med fr\u00e5gor och f\u00f6rb\u00e4ttringar som r\u00f6r kvalitet och milj\u00f6 ing\u00e5r som en naturlig del av arbetet f\u00f6r oss p\u00e5 CANDOR. F\u00f6r att s\u00e4kerst\u00e4lla ett fram\u00e5tstr\u00e4vande arbete har vi uppr\u00e4ttat ett ledningssystem med rutiner och instruktioner f\u00f6r hur vi ska arbeta med dessa fr\u00e5gor. I och med verksamhetens art g\u00e5r fr\u00e5gorna oftast hand i hand och kan inte alltid \u00e5tskiljas, varf\u00f6r vi har valt att samla alla rutiner i ett integrerat ledningssystem.<\/p>\n<\/div><div class=\"fusion-text fusion-text-2\"><p>V\u00e5rt ledningssystem uppdateras l\u00f6pande efter behov\/f\u00f6r\u00e4ndringar och granskas regelbundet dels genom internrevision och dels genom revision av certifieringsbolaget. I ledningssystemet finns \u00e4ven v\u00e5ra policys, och f\u00f6r att n\u00e5 st\u00e4ndiga f\u00f6rb\u00e4ttringar arbetar vi fram m\u00e5l och handlingsplaner f\u00f6r aktuella fr\u00e5gor.<\/p>\n<\/div><div class=\"fusion-clearfix\"><\/div><\/div><\/div><\/div><\/div><div class=\"fusion-fullwidth fullwidth-box fusion-builder-row-2 nonhundred-percent-fullwidth non-hundred-percent-height-scrolling underundersida-cont\" style=\"--awb-border-radius-top-left:0px;--awb-border-radius-top-right:0px;--awb-border-radius-bottom-right:0px;--awb-border-radius-bottom-left:0px;--awb-flex-wrap:wrap;\" ><div class=\"fusion-builder-row fusion-row\"><div class=\"fusion-layout-column fusion_builder_column fusion-builder-column-1 fusion_builder_column_1_1 1_1 fusion-one-full fusion-column-first fusion-column-last\" style=\"--awb-bg-size:cover;\"><div class=\"fusion-column-wrapper fusion-flex-column-wrapper-legacy\"><div class=\"fusion-title title fusion-title-2 fusion-sep-none fusion-title-text fusion-title-size-two\" style=\"--awb-margin-top-small:0px;--awb-margin-right-small:0px;--awb-margin-bottom-small:20px;--awb-margin-left-small:0px;\"><h2 class=\"fusion-title-heading title-heading-left\" style=\"margin:0;\">Policys<\/h2><\/div><a class=\"post-item\" href=\"https:\/\/candorsweden.com\/sv\/document\/iso-14001\/\"><span class=\"icon\"><span class=\"jam jam-tree\"><\/span><\/span><span class=\"content\"><h4 class=\"post-title\">ISO 14001<\/h4><span class=\"name\">Publicerat: 24.01.2023 | Kvalit\u00e9 och milj\u00f6<\/span><\/span><span class=\"button\"><\/span><\/a><a class=\"post-item\" href=\"https:\/\/candorsweden.com\/sv\/document\/iso-9001-2\/\"><span class=\"icon\"><span class=\"jam jam-tree\"><\/span><\/span><span class=\"content\"><h4 class=\"post-title\">ISO 9001<\/h4><span class=\"name\">Publicerat: 24.01.2023 | Kvalit\u00e9 och milj\u00f6<\/span><\/span><span class=\"button\"><\/span><\/a><a class=\"post-item\" href=\"https:\/\/candorsweden.com\/sv\/document\/allman-info-om-reach-och-clp\/\"><span class=\"icon\"><span class=\"jam jam-tree\"><\/span><\/span><span class=\"content\"><h4 class=\"post-title\">Allm\u00e4n info om REACH och CLP<\/h4><span class=\"name\">Publicerat: 23.11.2017 | Kvalit\u00e9 och milj\u00f6<\/span><\/span><span class=\"button\"><\/span><\/a><a class=\"post-item\" href=\"https:\/\/candorsweden.com\/sv\/document\/overgripande-miljomal\/\"><span class=\"icon\"><span class=\"jam jam-tree\"><\/span><\/span><span class=\"content\"><h4 class=\"post-title\">\u00d6vergripande milj\u00f6m\u00e5l<\/h4><span class=\"name\">Publicerat: 14.02.2020 | Kvalit\u00e9 och milj\u00f6<\/span><\/span><span class=\"button\"><\/span><\/a><a class=\"post-item\" href=\"https:\/\/candorsweden.com\/sv\/document\/verksamhetspolicy\/\"><span class=\"icon\"><span class=\"jam jam-tree\"><\/span><\/span><span class=\"content\"><h4 class=\"post-title\">Verksamhetspolicy<\/h4><span class=\"name\">Publicerat: 14.02.2020 | Kvalit\u00e9 och milj\u00f6<\/span><\/span><span class=\"button\"><\/span><\/a><div class=\"fusion-clearfix\"><\/div><\/div><\/div><\/div><\/div><div class=\"fusion-fullwidth fullwidth-box fusion-builder-row-3 nonhundred-percent-fullwidth non-hundred-percent-height-scrolling section\" style=\"--awb-border-radius-top-left:0px;--awb-border-radius-top-right:0px;--awb-border-radius-bottom-right:0px;--awb-border-radius-bottom-left:0px;--awb-flex-wrap:wrap;\" ><div class=\"fusion-builder-row fusion-row\"><div class=\"fusion-layout-column fusion_builder_column fusion-builder-column-2 fusion_builder_column_1_1 1_1 fusion-one-full fusion-column-first fusion-column-last\" style=\"--awb-bg-size:cover;\"><div class=\"fusion-column-wrapper fusion-flex-column-wrapper-legacy\"><div class=\"fusion-title title fusion-title-3 fusion-sep-none fusion-title-text fusion-title-size-two\" style=\"--awb-margin-top-small:0px;--awb-margin-right-small:0px;--awb-margin-bottom-small:20px;--awb-margin-left-small:0px;\"><h2 class=\"fusion-title-heading title-heading-left\" style=\"margin:0;\">Vill du veta mer?<\/h2><\/div>\n<div class=\"content-card-wrapper clearfix\">\n\t<div class=\"contact-card-alternate\">\n\t\t<div class=\"border\" style=\"background-image: url(\/wp-content\/uploads\/2017\/11\/candor_kemi_pattern.png);\"><\/div>\n\t\t<div class=\"contact-content\">\n\t\t\t<h4>Linda Lundman<\/h4>\n\t\t\t<p>Kvalitets- och milj\u00f6chef<\/p>\n\t\t\t<p>+46(0)11 - 21 75 21<\/p>\n\t\t\t<p><\/p>\n\t\t\t<p>linda.lundman@candorsweden.com<\/p>\n\t\t<\/div> <!-- End contact content -->\n\t<\/div> <!-- End contact card -->\n\t<a class=\"all-contacts\" href=\"https:\/\/candorsweden.com\/sv\/kontakta-oss\/\">\n\t\t<div class=\"contact-content\">\n\t\t\t<h4>Alla kontakter<\/h4>\n\t\t\t<p>S\u00f6ker du n\u00e5gon? H\u00e4r finns samtliga kontaktpersoner.<\/p>\n\t\t<\/div>\n\t<\/a> <!-- end all contacts -->\n<\/div> <!-- end content card wrapper --><div class=\"fusion-alignright\"><a class=\"fusion-button button-3d fusion-button-default-size button-default fusion-button-default button-1 fusion-button-default-span fusion-button-default-type small\" target=\"_self\" href=\"\/kontakta-oss\"><span class=\"fusion-button-text awb-button__text awb-button__text--default\">Fler kontaktuppgifter<\/span><\/a><\/div><div class=\"fusion-clearfix\"><\/div><\/div><\/div><div class=\"fusion-layout-column fusion_builder_column fusion-builder-column-3 fusion_builder_column_1_1 1_1 fusion-one-full fusion-column-first fusion-column-last\" style=\"--awb-bg-size:cover;\"><div class=\"fusion-column-wrapper fusion-flex-column-wrapper-legacy\"><div class=\"fusion-column-content-centered\"><div class=\"fusion-column-content\"><div class=\"fusion-title title fusion-title-4 fusion-sep-none fusion-title-text fusion-title-size-three\" style=\"--awb-margin-top-small:0px;--awb-margin-right-small:0px;--awb-margin-bottom-small:20px;--awb-margin-left-small:0px;\"><h3 class=\"fusion-title-heading title-heading-left\" style=\"margin:0;\">Uppt\u00e4ck v\u00e5ra marknadsomr\u00e5den<\/h3><\/div><\/div><\/div><div class=\"fusion-clearfix\"><\/div><\/div><\/div><div class=\"fusion-layout-column fusion_builder_column fusion-builder-column-4 fusion_builder_column_1_1 1_1 fusion-one-full fusion-column-first fusion-column-last\" style=\"--awb-bg-size:cover;\"><div class=\"fusion-column-wrapper fusion-flex-column-wrapper-legacy\"><div class=\"fusion-column-content-centered\"><div class=\"fusion-column-content\"><div>\n\t<a class=\"grid-item\" href=\"https:\/\/candorsweden.com\/sv\/kemiska-processer\/\"><div class=\"grid-img\" style=\"background-image: url(https:\/\/candorsweden.com\/wp-content\/uploads\/2018\/02\/Labb-02-e1518094764497.jpg)\"><\/div><h4>Kemiska Processer<\/h4><\/a><a class=\"grid-item\" href=\"https:\/\/candorsweden.com\/sv\/metaller\/\"><div class=\"grid-img\" style=\"background-image: url(https:\/\/candorsweden.com\/wp-content\/uploads\/2018\/02\/Metaller-03-edit.jpg)\"><\/div><h4>Metaller<\/h4><\/a><a class=\"grid-item\" href=\"https:\/\/candorsweden.com\/sv\/anlaggningar\/\"><div class=\"grid-img\" style=\"background-image: url(https:\/\/candorsweden.com\/wp-content\/uploads\/2018\/01\/Surface-treatment-line.jpg)\"><\/div><h4>Anl\u00e4ggningar<\/h4><\/a><\/div><\/div><\/div><div class=\"fusion-clearfix\"><\/div><\/div><\/div><\/div><\/div>\n<\/p>\n","protected":false},"excerpt":{"rendered":"","protected":false},"author":1,"featured_media":0,"parent":36,"menu_order":0,"comment_status":"closed","ping_status":"closed","template":"templates\/child-page.php","meta":{"_acf_changed":false,"footnotes":""},"class_list":["post-405","page","type-page","status-publish","hentry"],"acf":[],"yoast_head":"<!-- This site is optimized with the Yoast SEO plugin v27.3 - https:\/\/yoast.com\/product\/yoast-seo-wordpress\/ -->\n<title>Kvalitet och milj\u00f6 |\u00a0Candor Sweden AB \u2013 Specialkemikalier, metaller och utrustning f\u00f6r ytbehandling.<\/title>\n<meta name=\"description\" content=\"Att kontinuerligt arbeta med fr\u00e5gor och f\u00f6rb\u00e4ttringar som r\u00f6r kvalitet och milj\u00f6 ing\u00e5r som en naturlig del av arbetet f\u00f6r oss p\u00e5 Candor. Du kan l\u00e4sa mer om hur vi arbetar med kvalitet och milj\u00f6, samt ta del av v\u00e5ra policydokument, h\u00e4r.\" \/>\n<meta name=\"robots\" content=\"index, follow, max-snippet:-1, max-image-preview:large, max-video-preview:-1\" \/>\n<link rel=\"canonical\" href=\"https:\/\/candorsweden.com\/sv\/om-candor\/kvalitet-och-miljo\/\" \/>\n<meta property=\"og:locale\" content=\"sv_SE\" \/>\n<meta property=\"og:type\" content=\"article\" \/>\n<meta property=\"og:title\" content=\"Kvalitet och milj\u00f6 |\u00a0Candor Sweden AB \u2013 Specialkemikalier, metaller och utrustning f\u00f6r ytbehandling.\" \/>\n<meta property=\"og:description\" content=\"Att kontinuerligt arbeta med fr\u00e5gor och f\u00f6rb\u00e4ttringar som r\u00f6r kvalitet och milj\u00f6 ing\u00e5r som en naturlig del av arbetet f\u00f6r oss p\u00e5 Candor. Du kan l\u00e4sa mer om hur vi arbetar med kvalitet och milj\u00f6, samt ta del av v\u00e5ra policydokument, h\u00e4r.\" \/>\n<meta property=\"og:url\" content=\"https:\/\/candorsweden.com\/sv\/om-candor\/kvalitet-och-miljo\/\" \/>\n<meta property=\"og:site_name\" content=\"Candor Sweden\" \/>\n<meta property=\"article:modified_time\" content=\"2018-02-08T09:56:48+00:00\" \/>\n<meta name=\"twitter:card\" content=\"summary_large_image\" \/>\n<meta name=\"twitter:label1\" content=\"Ber\u00e4knad l\u00e4stid\" \/>\n\t<meta name=\"twitter:data1\" content=\"3 minuter\" \/>\n<script type=\"application\/ld+json\" class=\"yoast-schema-graph\">{\"@context\":\"https:\\\/\\\/schema.org\",\"@graph\":[{\"@type\":\"WebPage\",\"@id\":\"https:\\\/\\\/candorsweden.com\\\/sv\\\/om-candor\\\/kvalitet-och-miljo\\\/\",\"url\":\"https:\\\/\\\/candorsweden.com\\\/sv\\\/om-candor\\\/kvalitet-och-miljo\\\/\",\"name\":\"Kvalitet och milj\u00f6 |\u00a0Candor Sweden AB \u2013 Specialkemikalier, metaller och utrustning f\u00f6r ytbehandling.\",\"isPartOf\":{\"@id\":\"https:\\\/\\\/candorsweden.com\\\/#website\"},\"datePublished\":\"2017-11-23T13:48:53+00:00\",\"dateModified\":\"2018-02-08T09:56:48+00:00\",\"description\":\"Att kontinuerligt arbeta med fr\u00e5gor och f\u00f6rb\u00e4ttringar som r\u00f6r kvalitet och milj\u00f6 ing\u00e5r som en naturlig del av arbetet f\u00f6r oss p\u00e5 Candor. Du kan l\u00e4sa mer om hur vi arbetar med kvalitet och milj\u00f6, samt ta del av v\u00e5ra policydokument, h\u00e4r.\",\"breadcrumb\":{\"@id\":\"https:\\\/\\\/candorsweden.com\\\/sv\\\/om-candor\\\/kvalitet-och-miljo\\\/#breadcrumb\"},\"inLanguage\":\"sv-SE\",\"potentialAction\":[{\"@type\":\"ReadAction\",\"target\":[\"https:\\\/\\\/candorsweden.com\\\/sv\\\/om-candor\\\/kvalitet-och-miljo\\\/\"]}]},{\"@type\":\"BreadcrumbList\",\"@id\":\"https:\\\/\\\/candorsweden.com\\\/sv\\\/om-candor\\\/kvalitet-och-miljo\\\/#breadcrumb\",\"itemListElement\":[{\"@type\":\"ListItem\",\"position\":1,\"name\":\"Hem\",\"item\":\"https:\\\/\\\/candorsweden.com\\\/sv\\\/\"},{\"@type\":\"ListItem\",\"position\":2,\"name\":\"Om Candor\",\"item\":\"https:\\\/\\\/candorsweden.com\\\/sv\\\/om-candor\\\/\"},{\"@type\":\"ListItem\",\"position\":3,\"name\":\"Kvalitet och milj\u00f6\"}]},{\"@type\":\"WebSite\",\"@id\":\"https:\\\/\\\/candorsweden.com\\\/#website\",\"url\":\"https:\\\/\\\/candorsweden.com\\\/\",\"name\":\"Candor Sweden\",\"description\":\"Chemical processes and equipment for surface treatment technology.\",\"potentialAction\":[{\"@type\":\"SearchAction\",\"target\":{\"@type\":\"EntryPoint\",\"urlTemplate\":\"https:\\\/\\\/candorsweden.com\\\/?s={search_term_string}\"},\"query-input\":{\"@type\":\"PropertyValueSpecification\",\"valueRequired\":true,\"valueName\":\"search_term_string\"}}],\"inLanguage\":\"sv-SE\"}]}<\/script>\n<!-- \/ Yoast SEO plugin. -->","yoast_head_json":{"title":"Kvalitet och milj\u00f6 |\u00a0Candor Sweden AB \u2013 Specialkemikalier, metaller och utrustning f\u00f6r ytbehandling.","description":"Att kontinuerligt arbeta med fr\u00e5gor och f\u00f6rb\u00e4ttringar som r\u00f6r kvalitet och milj\u00f6 ing\u00e5r som en naturlig del av arbetet f\u00f6r oss p\u00e5 Candor. Du kan l\u00e4sa mer om hur vi arbetar med kvalitet och milj\u00f6, samt ta del av v\u00e5ra policydokument, h\u00e4r.","robots":{"index":"index","follow":"follow","max-snippet":"max-snippet:-1","max-image-preview":"max-image-preview:large","max-video-preview":"max-video-preview:-1"},"canonical":"https:\/\/candorsweden.com\/sv\/om-candor\/kvalitet-och-miljo\/","og_locale":"sv_SE","og_type":"article","og_title":"Kvalitet och milj\u00f6 |\u00a0Candor Sweden AB \u2013 Specialkemikalier, metaller och utrustning f\u00f6r ytbehandling.","og_description":"Att kontinuerligt arbeta med fr\u00e5gor och f\u00f6rb\u00e4ttringar som r\u00f6r kvalitet och milj\u00f6 ing\u00e5r som en naturlig del av arbetet f\u00f6r oss p\u00e5 Candor. Du kan l\u00e4sa mer om hur vi arbetar med kvalitet och milj\u00f6, samt ta del av v\u00e5ra policydokument, h\u00e4r.","og_url":"https:\/\/candorsweden.com\/sv\/om-candor\/kvalitet-och-miljo\/","og_site_name":"Candor Sweden","article_modified_time":"2018-02-08T09:56:48+00:00","twitter_card":"summary_large_image","twitter_misc":{"Ber\u00e4knad l\u00e4stid":"3 minuter"},"schema":{"@context":"https:\/\/schema.org","@graph":[{"@type":"WebPage","@id":"https:\/\/candorsweden.com\/sv\/om-candor\/kvalitet-och-miljo\/","url":"https:\/\/candorsweden.com\/sv\/om-candor\/kvalitet-och-miljo\/","name":"Kvalitet och milj\u00f6 |\u00a0Candor Sweden AB \u2013 Specialkemikalier, metaller och utrustning f\u00f6r ytbehandling.","isPartOf":{"@id":"https:\/\/candorsweden.com\/#website"},"datePublished":"2017-11-23T13:48:53+00:00","dateModified":"2018-02-08T09:56:48+00:00","description":"Att kontinuerligt arbeta med fr\u00e5gor och f\u00f6rb\u00e4ttringar som r\u00f6r kvalitet och milj\u00f6 ing\u00e5r som en naturlig del av arbetet f\u00f6r oss p\u00e5 Candor. Du kan l\u00e4sa mer om hur vi arbetar med kvalitet och milj\u00f6, samt ta del av v\u00e5ra policydokument, h\u00e4r.","breadcrumb":{"@id":"https:\/\/candorsweden.com\/sv\/om-candor\/kvalitet-och-miljo\/#breadcrumb"},"inLanguage":"sv-SE","potentialAction":[{"@type":"ReadAction","target":["https:\/\/candorsweden.com\/sv\/om-candor\/kvalitet-och-miljo\/"]}]},{"@type":"BreadcrumbList","@id":"https:\/\/candorsweden.com\/sv\/om-candor\/kvalitet-och-miljo\/#breadcrumb","itemListElement":[{"@type":"ListItem","position":1,"name":"Hem","item":"https:\/\/candorsweden.com\/sv\/"},{"@type":"ListItem","position":2,"name":"Om Candor","item":"https:\/\/candorsweden.com\/sv\/om-candor\/"},{"@type":"ListItem","position":3,"name":"Kvalitet och milj\u00f6"}]},{"@type":"WebSite","@id":"https:\/\/candorsweden.com\/#website","url":"https:\/\/candorsweden.com\/","name":"Candor Sweden","description":"Chemical processes and equipment for surface treatment technology.","potentialAction":[{"@type":"SearchAction","target":{"@type":"EntryPoint","urlTemplate":"https:\/\/candorsweden.com\/?s={search_term_string}"},"query-input":{"@type":"PropertyValueSpecification","valueRequired":true,"valueName":"search_term_string"}}],"inLanguage":"sv-SE"}]}},"_links":{"self":[{"href":"https:\/\/candorsweden.com\/sv\/wp-json\/wp\/v2\/pages\/405","targetHints":{"allow":["GET"]}}],"collection":[{"href":"https:\/\/candorsweden.com\/sv\/wp-json\/wp\/v2\/pages"}],"about":[{"href":"https:\/\/candorsweden.com\/sv\/wp-json\/wp\/v2\/types\/page"}],"author":[{"embeddable":true,"href":"https:\/\/candorsweden.com\/sv\/wp-json\/wp\/v2\/users\/1"}],"replies":[{"embeddable":true,"href":"https:\/\/candorsweden.com\/sv\/wp-json\/wp\/v2\/comments?post=405"}],"version-history":[{"count":16,"href":"https:\/\/candorsweden.com\/sv\/wp-json\/wp\/v2\/pages\/405\/revisions"}],"predecessor-version":[{"id":1477,"href":"https:\/\/candorsweden.com\/sv\/wp-json\/wp\/v2\/pages\/405\/revisions\/1477"}],"up":[{"embeddable":true,"href":"https:\/\/candorsweden.com\/sv\/wp-json\/wp\/v2\/pages\/36"}],"wp:attachment":[{"href":"https:\/\/candorsweden.com\/sv\/wp-json\/wp\/v2\/media?parent=405"}],"curies":[{"name":"wp","href":"https:\/\/api.w.org\/{rel}","templated":true}]}}