{"id":4,"date":"2017-11-10T10:26:46","date_gmt":"2017-11-10T09:26:46","guid":{"rendered":"https:\/\/candorsweden.com\/?page_id=4"},"modified":"2026-04-09T15:34:02","modified_gmt":"2026-04-09T13:34:02","slug":"hem","status":"publish","type":"page","link":"https:\/\/candorsweden.com\/sv\/","title":{"rendered":"Hem"},"content":{"rendered":"<p><div class=\"fusion-fullwidth fullwidth-box fusion-builder-row-1 nonhundred-percent-fullwidth non-hundred-percent-height-scrolling section start\" style=\"--awb-border-radius-top-left:0px;--awb-border-radius-top-right:0px;--awb-border-radius-bottom-right:0px;--awb-border-radius-bottom-left:0px;--awb-flex-wrap:wrap;\" ><div class=\"fusion-builder-row fusion-row\"><div class=\"fusion-layout-column fusion_builder_column fusion-builder-column-0 fusion_builder_column_1_2 1_2 fusion-one-half fusion-column-first\" style=\"--awb-bg-size:cover;width:50%;width:calc(50% - ( ( 4% ) * 0.5 ) );margin-right: 4%;\"><div class=\"fusion-column-wrapper fusion-flex-column-wrapper-legacy\"><div class=\"fusion-title title fusion-title-1 fusion-sep-none fusion-title-text fusion-title-size-one\" style=\"--awb-margin-top-small:0px;--awb-margin-right-small:0px;--awb-margin-bottom-small:20px;--awb-margin-left-small:0px;\"><h1 class=\"fusion-title-heading title-heading-left\" style=\"margin:0;\">Specialkemikalier, metaller och utrustning f\u00f6r ytbehandling.<\/h1><\/div><div class=\"fusion-text fusion-text-1\"><p>V\u00e4lkommen till Candor Sweden \u2013 leverant\u00f6r och tillverkare av specialkemikalier, metaller och utrustning f\u00f6r ytbehandlings- verkstads- och elektronikindustrin.<\/p>\n<\/div><div class=\"fusion-button-wrapper\"><a class=\"fusion-button button-3d fusion-button-default-size button-default fusion-button-default button-1 fusion-button-default-span fusion-button-default-type\" target=\"_self\" href=\"https:\/\/candorsweden.com\/sv\/document\/candor-catalogue\/\"><span class=\"fusion-button-text awb-button__text awb-button__text--default\">Produkt- och informationskatalog<\/span><\/a><\/div><br><br><div class=\"fusion-button-wrapper\"><a class=\"fusion-button button-3d fusion-button-default-size button-default fusion-button-default button-2 fusion-button-default-span fusion-button-default-type\" target=\"_self\" href=\"https:\/\/candorsweden.com\/sv\/get-an-offer\/\"><span class=\"fusion-button-text awb-button__text awb-button__text--default\">Get an offer<\/span><\/a><\/div><div class=\"fusion-clearfix\"><\/div><\/div><\/div><div class=\"fusion-layout-column fusion_builder_column fusion-builder-column-1 fusion_builder_column_1_2 1_2 fusion-one-half fusion-column-last image-slider\" style=\"--awb-bg-size:cover;width:50%;width:calc(50% - ( ( 4% ) * 0.5 ) );\"><div class=\"fusion-column-wrapper fusion-flex-column-wrapper-legacy\">    <div id=\"slider\" class=\"flexslider hw_slider \">\n        <ul class=\"slides\">\n                            <li>\n                    <img decoding=\"async\" src=\"https:\/\/candorsweden.com\/wp-content\/uploads\/2018\/02\/Labb-02-e1518094764497.jpg\" alt=\"\" \/>\n                <\/li>\n                            <li>\n                    <img decoding=\"async\" src=\"https:\/\/candorsweden.com\/wp-content\/uploads\/2018\/02\/Metaller-03-edit.jpg\" alt=\"\" \/>\n                <\/li>\n                            <li>\n                    <img decoding=\"async\" src=\"https:\/\/candorsweden.com\/wp-content\/uploads\/2018\/01\/Surface-treatment-line-Anodizing.jpg\" alt=\"Bild p\u00e5 anl\u00e4ggning, surface treatment line anodizing\" \/>\n                <\/li>\n                            <li>\n                    <img decoding=\"async\" src=\"https:\/\/candorsweden.com\/wp-content\/uploads\/2018\/01\/COPPERJET-Welding-wire-copper-coating-High-speed.jpg\" alt=\"Bild p\u00e5 anl\u00e4ggning, Coppjet \u2013 welding wire copper coating high speed\" \/>\n                <\/li>\n                            <li>\n                    <img decoding=\"async\" src=\"https:\/\/candorsweden.com\/wp-content\/uploads\/2018\/01\/Galvanic-wire-plating-Ni-Cu-Zn-e1517844620841.jpg\" alt=\"Anl\u00e4ggning f\u00f6r pl\u00e4teringsliner Ag och Sn\" \/>\n                <\/li>\n                    <\/ul>\n    <\/div>\n <div class=\"fusion-clearfix\"><\/div><\/div><\/div><\/div><\/div><div class=\"fusion-fullwidth fullwidth-box fusion-builder-row-2 nonhundred-percent-fullwidth non-hundred-percent-height-scrolling fusion-equal-height-columns section\" style=\"--awb-border-radius-top-left:0px;--awb-border-radius-top-right:0px;--awb-border-radius-bottom-right:0px;--awb-border-radius-bottom-left:0px;--awb-flex-wrap:wrap;\" ><div class=\"fusion-builder-row fusion-row\"><div class=\"fusion-layout-column fusion_builder_column fusion-builder-column-2 fusion_builder_column_1_3 1_3 fusion-one-third fusion-column-first\" style=\"--awb-bg-size:cover;width:33.333333333333%;width:calc(33.333333333333% - ( ( 4% ) * 0.33333333333333 ) );margin-right: 4%;\"><div class=\"fusion-column-wrapper fusion-flex-column-wrapper-legacy\"><div class=\"fusion-column-content-centered\"><div class=\"fusion-column-content\"><div class=\"fusion-title title fusion-title-2 fusion-sep-none fusion-title-text fusion-title-size-two\" style=\"--awb-margin-top-small:0px;--awb-margin-right-small:0px;--awb-margin-bottom-small:20px;--awb-margin-left-small:0px;\"><h2 class=\"fusion-title-heading title-heading-left\" style=\"margin:0;\">Uppt\u00e4ck v\u00e5ra marknadsomr\u00e5den<\/h2><\/div><div class=\"fusion-text fusion-text-2\"><p>Candor Group tillverkar och levererar specialkemikalier, metaller och utrustning f\u00f6r ytbehandlings-, verkstads-, och elektronikindustrin. Vi \u00e4r en ledande tillverkare av anl\u00e4ggningar utformade f\u00f6r kontinuerlig ytbehandling av tr\u00e5d och band, konventionella doppanl\u00e4ggningar och vattenrening. Utforska v\u00e5ra marknadsomr\u00e5den genom att trycka p\u00e5 l\u00e4nkarna till h\u00f6ger.<\/p>\n<\/div><\/div><\/div><div class=\"fusion-clearfix\"><\/div><\/div><\/div><div class=\"fusion-layout-column fusion_builder_column fusion-builder-column-3 fusion_builder_column_2_3 2_3 fusion-two-third fusion-column-last\" style=\"--awb-bg-size:cover;width:66.666666666667%;width:calc(66.666666666667% - ( ( 4% ) * 0.66666666666667 ) );\"><div class=\"fusion-column-wrapper fusion-flex-column-wrapper-legacy\"><div class=\"fusion-column-content-centered\"><div class=\"fusion-column-content\"><div>\n\t<a class=\"grid-item\" href=\"https:\/\/candorsweden.com\/sv\/kemiska-processer\/\"><div class=\"grid-img\" style=\"background-image: url(https:\/\/candorsweden.com\/wp-content\/uploads\/2018\/02\/Labb-02-e1518094764497.jpg)\"><\/div><h4>Kemiska Processer<\/h4><\/a><a class=\"grid-item\" href=\"https:\/\/candorsweden.com\/sv\/metaller\/\"><div class=\"grid-img\" style=\"background-image: url(https:\/\/candorsweden.com\/wp-content\/uploads\/2018\/02\/Metaller-03-edit.jpg)\"><\/div><h4>Metaller<\/h4><\/a><a class=\"grid-item\" href=\"https:\/\/candorsweden.com\/sv\/anlaggningar\/\"><div class=\"grid-img\" style=\"background-image: url(https:\/\/candorsweden.com\/wp-content\/uploads\/2018\/01\/Surface-treatment-line.jpg)\"><\/div><h4>Anl\u00e4ggningar<\/h4><\/a><\/div><\/div><\/div><div class=\"fusion-clearfix\"><\/div><\/div><\/div><\/div><\/div><div class=\"fusion-fullwidth fullwidth-box fusion-builder-row-3 fusion-parallax-none nonhundred-percent-fullwidth non-hundred-percent-height-scrolling section\" style=\"--awb-background-position:right center;--awb-border-radius-top-left:0px;--awb-border-radius-top-right:0px;--awb-border-radius-bottom-right:0px;--awb-border-radius-bottom-left:0px;--awb-background-image:url(&quot;https:\/\/candorsweden.com\/wp-content\/uploads\/2018\/02\/candor-map_582f888b4fb4e58e8348513fc99a2773.png&quot;);--awb-background-size:cover;--awb-flex-wrap:wrap;\" ><div class=\"fusion-builder-row fusion-row\"><div class=\"fusion-layout-column fusion_builder_column fusion-builder-column-4 fusion_builder_column_1_3 1_3 fusion-one-third fusion-column-first\" style=\"--awb-bg-size:cover;width:33.333333333333%;width:calc(33.333333333333% - ( ( 4% ) * 0.33333333333333 ) );margin-right: 4%;\"><div class=\"fusion-column-wrapper fusion-flex-column-wrapper-legacy\"><div class=\"fusion-title title fusion-title-3 fusion-sep-none fusion-title-text fusion-title-size-two\" style=\"--awb-margin-top-small:0px;--awb-margin-right-small:0px;--awb-margin-bottom-small:20px;--awb-margin-left-small:0px;\"><h2 class=\"fusion-title-heading title-heading-left\" style=\"margin:0;\">Candor Sweden<\/h2><\/div><div class=\"fusion-text fusion-text-3\"><p>Candor \u00e4r ett privat\u00e4gt f\u00f6retag med tillverkning och huvudkontor i Norrk\u00f6ping, dotterbolag i alla Nordiska l\u00e4nder samt agenter i Europa, Asien och USA.<\/p>\n<\/div><div class=\"fusion-clearfix\"><\/div><\/div><\/div><div class=\"fusion-layout-column fusion_builder_column fusion-builder-column-5 fusion_builder_column_2_3 2_3 fusion-two-third fusion-column-last\" style=\"--awb-bg-size:cover;width:66.666666666667%;width:calc(66.666666666667% - ( ( 4% ) * 0.66666666666667 ) );\"><div class=\"fusion-column-wrapper fusion-flex-column-wrapper-legacy\"><div class=\"fusion-clearfix\"><\/div><\/div><\/div><div class=\"fusion-layout-column fusion_builder_column fusion-builder-column-6 fusion_builder_column_2_3 2_3 fusion-two-third fusion-column-first\" style=\"--awb-bg-size:cover;width:66.666666666667%;width:calc(66.666666666667% - ( ( 4% ) * 0.66666666666667 ) );margin-right: 4%;\"><div class=\"fusion-column-wrapper fusion-flex-column-wrapper-legacy\"><a class=\"post-item\" href=\"https:\/\/candorsweden.com\/sv\/driven-systemekonom-till-candor\/\"><span class=\"icon\"><span class=\"jam jam-user\"><\/span><\/span><span class=\"content\"><h4 class=\"post-title\">Driven systemekonom till Candor!<\/h4><span class=\"name\">Publicerat: 16.09.2025 | Karri\u00e4r<\/span><\/span><span class=\"button\"><\/span><\/a><a class=\"post-item\" href=\"https:\/\/candorsweden.com\/sv\/teknisk-kundansvarig\/\"><span class=\"icon\"><span class=\"jam jam-user\"><\/span><\/span><span class=\"content\"><h4 class=\"post-title\">Teknisk Kundansvarig<\/h4><span class=\"name\">Publicerat: 8.09.2025 | Karri\u00e4r<\/span><\/span><span class=\"button\"><\/span><\/a><a class=\"post-item\" href=\"https:\/\/candorsweden.com\/sv\/candor-sweden-ab-infor-scandinavian-coating-2025\/\"><span class=\"icon\"><span class=\"jam jam-calendar\"><\/span><\/span><span class=\"content\"><h4 class=\"post-title\">Candor Sweden AB inf\u00f6r Scandinavian Coating 2025<\/h4><span class=\"name\">Publicerat: 22.01.2025 | Nyhet<\/span><\/span><span class=\"button\"><\/span><\/a><div class=\"fusion-clearfix\"><\/div><\/div><\/div><\/div><\/div><div class=\"fusion-fullwidth fullwidth-box fusion-builder-row-4 nonhundred-percent-fullwidth non-hundred-percent-height-scrolling section\" style=\"--awb-border-radius-top-left:0px;--awb-border-radius-top-right:0px;--awb-border-radius-bottom-right:0px;--awb-border-radius-bottom-left:0px;--awb-flex-wrap:wrap;\" ><div class=\"fusion-builder-row fusion-row\"><div class=\"fusion-layout-column fusion_builder_column fusion-builder-column-7 fusion_builder_column_1_1 1_1 fusion-one-full fusion-column-first fusion-column-last\" style=\"--awb-bg-size:cover;--awb-margin-bottom:0px;\"><div class=\"fusion-column-wrapper fusion-flex-column-wrapper-legacy\"><div class=\"fusion-title title fusion-title-4 fusion-sep-none fusion-title-text fusion-title-size-two\" style=\"--awb-margin-top-small:0px;--awb-margin-right-small:0px;--awb-margin-bottom-small:20px;--awb-margin-left-small:0px;\"><h2 class=\"fusion-title-heading title-heading-left\" style=\"margin:0;\">Kundtj\u00e4nst<br \/>\n&amp; support<\/h2><\/div><div class=\"fusion-clearfix\"><\/div><\/div><\/div><div class=\"fusion-layout-column fusion_builder_column fusion-builder-column-8 fusion_builder_column_1_2 1_2 fusion-one-half fusion-column-first\" style=\"--awb-bg-size:cover;width:50%;width:calc(50% - ( ( 4% ) * 0.5 ) );margin-right: 4%;\"><div class=\"fusion-column-wrapper fusion-flex-column-wrapper-legacy\"><div class=\"fusion-text fusion-text-4\"><p>Beh\u00f6ver du hj\u00e4lp? Kontakta oss p\u00e5<br \/>\nkundtj\u00e4nst, s\u00e5 ser vi \u00f6ver ditt \u00e4rende.<\/p>\n<\/div>\n<div class=\"content-card-wrapper clearfix\">\n\t<div class=\"contact-card-alternate\">\n\t\t<div class=\"border\" style=\"background-image: url(\/wp-content\/uploads\/2017\/11\/candor_kemi_pattern.png);\"><\/div>\n\t\t<div class=\"contact-content\">\n\t\t\t<h4>Kundservice<\/h4>\n\t\t\t<p><\/p>\n\t\t\t<p>+46(0)11 - 21 75 00<\/p>\n\t\t\t<p><\/p>\n\t\t\t<p>info@candorsweden.com<\/p>\n\t\t<\/div> <!-- End contact content -->\n\t<\/div> <!-- End contact card -->\n\t<a class=\"all-contacts\" href=\"https:\/\/candorsweden.com\/sv\/kontakta-oss\/\">\n\t\t<div class=\"contact-content\">\n\t\t\t<h4>Alla kontakter<\/h4>\n\t\t\t<p>S\u00f6ker du n\u00e5gon? H\u00e4r finns samtliga kontaktpersoner.<\/p>\n\t\t<\/div>\n\t<\/a> <!-- end all contacts -->\n<\/div> <!-- end content card wrapper --><div class=\"fusion-clearfix\"><\/div><\/div><\/div><div class=\"fusion-layout-column fusion_builder_column fusion-builder-column-9 fusion_builder_column_1_2 1_2 fusion-one-half fusion-column-last\" style=\"--awb-bg-size:cover;width:50%;width:calc(50% - ( ( 4% ) * 0.5 ) );\"><div class=\"fusion-column-wrapper fusion-flex-column-wrapper-legacy\"><div class=\"fusion-sep-clear\"><\/div><div class=\"fusion-separator fusion-no-large-visibility fusion-full-width-sep\" style=\"margin-left: auto;margin-right: auto;margin-top:12px;width:100%;\"><div class=\"fusion-separator-border sep-double\" style=\"--awb-height:20px;--awb-amount:20px;border-color:#e0dede;border-top-width:0px;border-bottom-width:0px;\"><\/div><\/div><div class=\"fusion-sep-clear\"><\/div><div class=\"fusion-title title fusion-title-5 fusion-sep-none fusion-title-text fusion-title-size-three\" style=\"--awb-margin-top:26px;--awb-margin-top-small:0px;--awb-margin-right-small:0px;--awb-margin-bottom-small:20px;--awb-margin-left-small:0px;\"><h3 class=\"fusion-title-heading title-heading-left\" style=\"margin:0;\">Kunskapsbank<\/h3><\/div><a class=\"post-item\" href=\"https:\/\/candorsweden.com\/sv\/document\/wire-cleaning-pickling\/\"><span class=\"icon\"><span class=\"jam jam-info\"><\/span><\/span><span class=\"content\"><h4 class=\"post-title\">Wire Cleaning &#038; Pickling<\/h4><span class=\"name\">Publicerat: 6.05.2024 | Produktinformation<\/span><\/span><span class=\"button\"><\/span><\/a><a class=\"post-item\" href=\"https:\/\/candorsweden.com\/sv\/document\/ultrasonic-single-multi-wire-cleaning\/\"><span class=\"icon\"><span class=\"jam jam-info\"><\/span><\/span><span class=\"content\"><h4 class=\"post-title\">Ultrasonic \u2013 Single &#038; Multi wire cleaning<\/h4><span class=\"name\">Publicerat: 6.05.2024 | Produktinformation<\/span><\/span><span class=\"button\"><\/span><\/a><a class=\"post-item\" href=\"https:\/\/candorsweden.com\/sv\/document\/ag-ni-sn-and-zn-plating-of-copper-wire\/\"><span class=\"icon\"><span class=\"jam jam-info\"><\/span><\/span><span class=\"content\"><h4 class=\"post-title\">Ag, Ni, Sn and Zn plating of copper wire<\/h4><span class=\"name\">Publicerat: 6.05.2024 | Produktinformation<\/span><\/span><span class=\"button\"><\/span><\/a><div class=\"fusion-alignright\"><a class=\"fusion-button button-3d fusion-button-default-size button-default fusion-button-default button-3 fusion-button-default-span fusion-button-default-type small\" target=\"_self\" href=\"https:\/\/candorsweden.com\/sv\/om-candor\/downloads\/\"><span class=\"fusion-button-text awb-button__text awb-button__text--default\">Se allt nedladdningsbart material<\/span><\/a><\/div><div class=\"fusion-clearfix\"><\/div><\/div><\/div><\/div><\/div><\/p>\n","protected":false},"excerpt":{"rendered":"","protected":false},"author":1,"featured_media":0,"parent":0,"menu_order":0,"comment_status":"closed","ping_status":"closed","template":"100-width.php","meta":{"_acf_changed":false,"footnotes":""},"class_list":["post-4","page","type-page","status-publish","hentry"],"acf":[],"yoast_head":"<!-- This site is optimized with the Yoast SEO plugin v27.3 - https:\/\/yoast.com\/product\/yoast-seo-wordpress\/ -->\n<title>Candor Sweden \u2013 Specialkemikalier, metaller och utrustning f\u00f6r ytbehandling.<\/title>\n<meta name=\"description\" content=\"Candor tillverkar och levererar specialkemikalier och metaller, samt utvecklar utrustning f\u00f6r ytbehandlings-, verkstads- och elektronikindustrin. V\u00e4lkommen att kontakta oss idag!\" \/>\n<meta name=\"robots\" content=\"index, follow, max-snippet:-1, max-image-preview:large, max-video-preview:-1\" \/>\n<link rel=\"canonical\" href=\"https:\/\/candorsweden.com\/sv\/\" \/>\n<meta property=\"og:locale\" content=\"sv_SE\" \/>\n<meta property=\"og:type\" content=\"article\" \/>\n<meta property=\"og:title\" content=\"Candor Sweden \u2013 Specialkemikalier, metaller och utrustning f\u00f6r ytbehandling.\" \/>\n<meta property=\"og:description\" content=\"Candor tillverkar och levererar specialkemikalier och metaller, samt utvecklar utrustning f\u00f6r ytbehandlings-, verkstads- och elektronikindustrin. V\u00e4lkommen att kontakta oss idag!\" \/>\n<meta property=\"og:url\" content=\"https:\/\/candorsweden.com\/sv\/\" \/>\n<meta property=\"og:site_name\" content=\"Candor Sweden\" \/>\n<meta property=\"article:modified_time\" content=\"2026-04-09T13:34:02+00:00\" \/>\n<meta name=\"twitter:card\" content=\"summary_large_image\" \/>\n<meta name=\"twitter:label1\" content=\"Ber\u00e4knad l\u00e4stid\" \/>\n\t<meta name=\"twitter:data1\" content=\"3 minuter\" \/>\n<script type=\"application\/ld+json\" class=\"yoast-schema-graph\">{\"@context\":\"https:\\\/\\\/schema.org\",\"@graph\":[{\"@type\":\"WebPage\",\"@id\":\"https:\\\/\\\/candorsweden.com\\\/sv\\\/\",\"url\":\"https:\\\/\\\/candorsweden.com\\\/sv\\\/\",\"name\":\"Candor Sweden \u2013 Specialkemikalier, metaller och utrustning f\u00f6r ytbehandling.\",\"isPartOf\":{\"@id\":\"https:\\\/\\\/candorsweden.com\\\/#website\"},\"datePublished\":\"2017-11-10T09:26:46+00:00\",\"dateModified\":\"2026-04-09T13:34:02+00:00\",\"description\":\"Candor tillverkar och levererar specialkemikalier och metaller, samt utvecklar utrustning f\u00f6r ytbehandlings-, verkstads- och elektronikindustrin. V\u00e4lkommen att kontakta oss idag!\",\"breadcrumb\":{\"@id\":\"https:\\\/\\\/candorsweden.com\\\/sv\\\/#breadcrumb\"},\"inLanguage\":\"sv-SE\",\"potentialAction\":[{\"@type\":\"ReadAction\",\"target\":[\"https:\\\/\\\/candorsweden.com\\\/sv\\\/\"]}]},{\"@type\":\"BreadcrumbList\",\"@id\":\"https:\\\/\\\/candorsweden.com\\\/sv\\\/#breadcrumb\",\"itemListElement\":[{\"@type\":\"ListItem\",\"position\":1,\"name\":\"Hem\",\"item\":\"https:\\\/\\\/candorsweden.com\\\/sv\\\/\"},{\"@type\":\"ListItem\",\"position\":2,\"name\":\"Hem\"}]},{\"@type\":\"WebSite\",\"@id\":\"https:\\\/\\\/candorsweden.com\\\/#website\",\"url\":\"https:\\\/\\\/candorsweden.com\\\/\",\"name\":\"Candor Sweden\",\"description\":\"Chemical processes and equipment for surface treatment technology.\",\"potentialAction\":[{\"@type\":\"SearchAction\",\"target\":{\"@type\":\"EntryPoint\",\"urlTemplate\":\"https:\\\/\\\/candorsweden.com\\\/?s={search_term_string}\"},\"query-input\":{\"@type\":\"PropertyValueSpecification\",\"valueRequired\":true,\"valueName\":\"search_term_string\"}}],\"inLanguage\":\"sv-SE\"}]}<\/script>\n<!-- \/ Yoast SEO plugin. -->","yoast_head_json":{"title":"Candor Sweden \u2013 Specialkemikalier, metaller och utrustning f\u00f6r ytbehandling.","description":"Candor tillverkar och levererar specialkemikalier och metaller, samt utvecklar utrustning f\u00f6r ytbehandlings-, verkstads- och elektronikindustrin. V\u00e4lkommen att kontakta oss idag!","robots":{"index":"index","follow":"follow","max-snippet":"max-snippet:-1","max-image-preview":"max-image-preview:large","max-video-preview":"max-video-preview:-1"},"canonical":"https:\/\/candorsweden.com\/sv\/","og_locale":"sv_SE","og_type":"article","og_title":"Candor Sweden \u2013 Specialkemikalier, metaller och utrustning f\u00f6r ytbehandling.","og_description":"Candor tillverkar och levererar specialkemikalier och metaller, samt utvecklar utrustning f\u00f6r ytbehandlings-, verkstads- och elektronikindustrin. V\u00e4lkommen att kontakta oss idag!","og_url":"https:\/\/candorsweden.com\/sv\/","og_site_name":"Candor Sweden","article_modified_time":"2026-04-09T13:34:02+00:00","twitter_card":"summary_large_image","twitter_misc":{"Ber\u00e4knad l\u00e4stid":"3 minuter"},"schema":{"@context":"https:\/\/schema.org","@graph":[{"@type":"WebPage","@id":"https:\/\/candorsweden.com\/sv\/","url":"https:\/\/candorsweden.com\/sv\/","name":"Candor Sweden \u2013 Specialkemikalier, metaller och utrustning f\u00f6r ytbehandling.","isPartOf":{"@id":"https:\/\/candorsweden.com\/#website"},"datePublished":"2017-11-10T09:26:46+00:00","dateModified":"2026-04-09T13:34:02+00:00","description":"Candor tillverkar och levererar specialkemikalier och metaller, samt utvecklar utrustning f\u00f6r ytbehandlings-, verkstads- och elektronikindustrin. V\u00e4lkommen att kontakta oss idag!","breadcrumb":{"@id":"https:\/\/candorsweden.com\/sv\/#breadcrumb"},"inLanguage":"sv-SE","potentialAction":[{"@type":"ReadAction","target":["https:\/\/candorsweden.com\/sv\/"]}]},{"@type":"BreadcrumbList","@id":"https:\/\/candorsweden.com\/sv\/#breadcrumb","itemListElement":[{"@type":"ListItem","position":1,"name":"Hem","item":"https:\/\/candorsweden.com\/sv\/"},{"@type":"ListItem","position":2,"name":"Hem"}]},{"@type":"WebSite","@id":"https:\/\/candorsweden.com\/#website","url":"https:\/\/candorsweden.com\/","name":"Candor Sweden","description":"Chemical processes and equipment for surface treatment technology.","potentialAction":[{"@type":"SearchAction","target":{"@type":"EntryPoint","urlTemplate":"https:\/\/candorsweden.com\/?s={search_term_string}"},"query-input":{"@type":"PropertyValueSpecification","valueRequired":true,"valueName":"search_term_string"}}],"inLanguage":"sv-SE"}]}},"_links":{"self":[{"href":"https:\/\/candorsweden.com\/sv\/wp-json\/wp\/v2\/pages\/4","targetHints":{"allow":["GET"]}}],"collection":[{"href":"https:\/\/candorsweden.com\/sv\/wp-json\/wp\/v2\/pages"}],"about":[{"href":"https:\/\/candorsweden.com\/sv\/wp-json\/wp\/v2\/types\/page"}],"author":[{"embeddable":true,"href":"https:\/\/candorsweden.com\/sv\/wp-json\/wp\/v2\/users\/1"}],"replies":[{"embeddable":true,"href":"https:\/\/candorsweden.com\/sv\/wp-json\/wp\/v2\/comments?post=4"}],"version-history":[{"count":64,"href":"https:\/\/candorsweden.com\/sv\/wp-json\/wp\/v2\/pages\/4\/revisions"}],"predecessor-version":[{"id":5897,"href":"https:\/\/candorsweden.com\/sv\/wp-json\/wp\/v2\/pages\/4\/revisions\/5897"}],"wp:attachment":[{"href":"https:\/\/candorsweden.com\/sv\/wp-json\/wp\/v2\/media?parent=4"}],"curies":[{"name":"wp","href":"https:\/\/api.w.org\/{rel}","templated":true}]}}