{"id":38,"date":"2017-11-10T13:27:05","date_gmt":"2017-11-10T12:27:05","guid":{"rendered":"https:\/\/candorsweden.com\/?page_id=38"},"modified":"2023-05-30T13:20:33","modified_gmt":"2023-05-30T11:20:33","slug":"kontakta-oss","status":"publish","type":"page","link":"https:\/\/candorsweden.com\/sv\/kontakta-oss\/","title":{"rendered":"Kontakt"},"content":{"rendered":"<p><div class=\"fusion-fullwidth fullwidth-box fusion-builder-row-1 nonhundred-percent-fullwidth non-hundred-percent-height-scrolling section\" style=\"--awb-border-radius-top-left:0px;--awb-border-radius-top-right:0px;--awb-border-radius-bottom-right:0px;--awb-border-radius-bottom-left:0px;--awb-flex-wrap:wrap;\" ><div class=\"fusion-builder-row fusion-row\"><div class=\"fusion-layout-column fusion_builder_column fusion-builder-column-0 fusion_builder_column_1_1 1_1 fusion-one-full fusion-column-first fusion-column-last\" style=\"--awb-bg-size:cover;\"><div class=\"fusion-column-wrapper fusion-flex-column-wrapper-legacy\"><div class=\"fusion-title title fusion-title-1 fusion-sep-none fusion-title-text fusion-title-size-one\" style=\"--awb-margin-top-small:0px;--awb-margin-right-small:0px;--awb-margin-bottom-small:20px;--awb-margin-left-small:0px;\"><h1 class=\"fusion-title-heading title-heading-left\" style=\"margin:0;\">Kontakta Candor.<\/h1><\/div><div class=\"fusion-builder-row fusion-builder-row-inner fusion-row\"><div class=\"fusion-layout-column fusion_builder_column_inner fusion-builder-nested-column-0 fusion_builder_column_inner_1_2 1_2 fusion-one-half fusion-column-first\" style=\"--awb-bg-size:cover;width:50%;width:calc(50% - ( ( 4% ) * 0.5 ) );margin-right: 4%;\"><div class=\"fusion-column-wrapper fusion-flex-column-wrapper-legacy\"><div class=\"fusion-text fusion-text-1\" style=\"--awb-text-transform:none;\"><p><strong>F\u00f6retaget:<\/strong> info@candorsweden.com<\/p>\n<p><strong>Order:<\/strong> order@candorsweden.com<\/p>\n<p><strong>Reservdelar:<\/strong>\u00a0spareparts@candorsweden.com<\/p>\n<\/div><div class=\"fusion-clearfix\"><\/div><\/div><\/div><div class=\"fusion-layout-column fusion_builder_column_inner fusion-builder-nested-column-1 fusion_builder_column_inner_1_2 1_2 fusion-one-half fusion-column-last\" style=\"--awb-bg-size:cover;width:50%;width:calc(50% - ( ( 4% ) * 0.5 ) );\"><div class=\"fusion-column-wrapper fusion-flex-column-wrapper-legacy\"><div class=\"fusion-text fusion-text-2\"><p><strong>Fakturor:<\/strong> economy@candorsweden.com<\/p>\n<p><strong>Laboratorium:<\/strong> lab@candorsweden.com<\/p>\n<\/div><div class=\"fusion-clearfix\"><\/div><\/div><\/div><\/div><div class=\"fusion-clearfix\"><\/div><\/div><\/div><\/div><\/div><div class=\"fusion-fullwidth fullwidth-box fusion-builder-row-2 nonhundred-percent-fullwidth non-hundred-percent-height-scrolling section\" style=\"--awb-border-radius-top-left:0px;--awb-border-radius-top-right:0px;--awb-border-radius-bottom-right:0px;--awb-border-radius-bottom-left:0px;--awb-flex-wrap:wrap;\" ><div class=\"fusion-builder-row fusion-row\"><div class=\"fusion-layout-column fusion_builder_column fusion-builder-column-1 fusion_builder_column_1_1 1_1 fusion-one-full fusion-column-first fusion-column-last\" style=\"--awb-bg-size:cover;\"><div class=\"fusion-column-wrapper fusion-flex-column-wrapper-legacy\"><div class=\"fusion-column-content-centered\"><div class=\"fusion-column-content\"><div class=\"fusion-title title fusion-title-2 fusion-sep-none fusion-title-text fusion-title-size-two\" style=\"--awb-margin-top-small:0px;--awb-margin-right-small:0px;--awb-margin-bottom-small:20px;--awb-margin-left-small:0px;\"><h2 class=\"fusion-title-heading title-heading-left\" style=\"margin:0;\">Hitta hit<\/h2><\/div><\/div><\/div><div class=\"fusion-clearfix\"><\/div><\/div><\/div><div class=\"fusion-layout-column fusion_builder_column fusion-builder-column-2 fusion_builder_column_2_3 2_3 fusion-two-third fusion-column-first\" style=\"--awb-bg-size:cover;width:66.666666666667%;width:calc(66.666666666667% - ( ( 4% ) * 0.66666666666667 ) );margin-right: 4%;\"><div class=\"fusion-column-wrapper fusion-flex-column-wrapper-legacy\"><div class=\"acf-map\">\n\t<div class=\"marker\" data-lat=\"58.6045456\" data-lng=\"16.18601460000002\"><\/div>\n<\/div>\n<div class=\"fusion-clearfix\"><\/div><\/div><\/div><div class=\"fusion-layout-column fusion_builder_column fusion-builder-column-3 fusion_builder_column_1_3 1_3 fusion-one-third fusion-column-last\" style=\"--awb-bg-size:cover;width:33.333333333333%;width:calc(33.333333333333% - ( ( 4% ) * 0.33333333333333 ) );\"><div class=\"fusion-column-wrapper fusion-flex-column-wrapper-legacy\"><div class=\"fusion-title title fusion-title-3 fusion-sep-none fusion-title-text fusion-title-size-three\" style=\"--awb-margin-top-small:0px;--awb-margin-right-small:0px;--awb-margin-bottom-small:20px;--awb-margin-left-small:0px;\"><h3 class=\"fusion-title-heading title-heading-left\" style=\"margin:0;\">Candor Sweden AB<\/h3><\/div><div class=\"fusion-text fusion-text-3\"><p>Sp\u00e5rgatan 11, Norrk\u00f6ping, Sverige<br \/>\nLat: 58.6045456<br \/>\nLng: 16.18601460000002<\/p>\n<\/div><div class=\"fusion-title title fusion-title-4 fusion-sep-none fusion-title-text fusion-title-size-three\" style=\"--awb-margin-top-small:0px;--awb-margin-right-small:0px;--awb-margin-bottom-small:20px;--awb-margin-left-small:0px;\"><h3 class=\"fusion-title-heading title-heading-left\" style=\"margin:0;\">Kontakt \u00f6vriga v\u00e4rlden<\/h3><\/div><div class=\"fusion-button-wrapper\"><a class=\"fusion-button button-3d fusion-button-default-size button-default fusion-button-default button-1 fusion-button-default-span fusion-button-default-type\" target=\"_self\" href=\"\/sv\/om-candor\/dotterbolag\"><span class=\"fusion-button-text awb-button__text awb-button__text--default\">Dotterbolag<\/span><\/a><\/div><div class=\"fusion-clearfix\"><\/div><\/div><\/div><\/div><\/div><div class=\"fusion-fullwidth fullwidth-box fusion-builder-row-3 nonhundred-percent-fullwidth non-hundred-percent-height-scrolling section\" style=\"--awb-border-radius-top-left:0px;--awb-border-radius-top-right:0px;--awb-border-radius-bottom-right:0px;--awb-border-radius-bottom-left:0px;--awb-flex-wrap:wrap;\" ><div class=\"fusion-builder-row fusion-row\"><div class=\"fusion-layout-column fusion_builder_column fusion-builder-column-4 fusion_builder_column_1_1 1_1 fusion-one-full fusion-column-first fusion-column-last\" style=\"--awb-bg-size:cover;\"><div class=\"fusion-column-wrapper fusion-flex-column-wrapper-legacy\"><div class=\"fusion-column-content-centered\"><div class=\"fusion-column-content\"><div class=\"fusion-title title fusion-title-5 fusion-sep-none fusion-title-text fusion-title-size-two\" style=\"--awb-margin-top-small:0px;--awb-margin-right-small:0px;--awb-margin-bottom-small:20px;--awb-margin-left-small:0px;\"><h2 class=\"fusion-title-heading title-heading-left\" style=\"margin:0;\">Personal<\/h2><\/div><div class=\"personal-wrapper\"><div class=\"contact-card\"><div class=\"border\" style=\"background-image: url(\/wp-content\/uploads\/2017\/11\/candor_kemi_pattern.png);\"><\/div><div class=\"contact-content\"><h4>Letar du efter reservdelar?<\/h4><p>Kontakta G\u00f6ran Br\u00f6nnert<\/p><p>+46(0)11 217579<\/p><p>+46(0)708 21 75 79<\/p><p> goran.bronnert@candorsweden.com<\/p><\/div><\/div><div class=\"contact-card\"><div class=\"border\" style=\"background-image: url(\/wp-content\/uploads\/2017\/11\/candor_kemi_pattern.png);\"><\/div><div class=\"contact-content\"><h4>Thomas Carlson<\/h4><p>President \/ CEO<\/p><p>+46(0)11 - 21 75 28<\/p><p><\/p><p>thomas.carlson@candorsweden.com<\/p><\/div><\/div><div class=\"contact-card\"><div class=\"border\" style=\"background-image: url(\/wp-content\/uploads\/2017\/11\/candor_kemi_pattern.png);\"><\/div><div class=\"contact-content\"><h4>Nina Henriksson<\/h4><p>Ekonomi<\/p><p><\/p><p><\/p><p>nina.henriksson@candorsweden.com<\/p><\/div><\/div><div class=\"contact-card\"><div class=\"border\" style=\"background-image: url(\/wp-content\/uploads\/2017\/11\/candor_kemi_pattern.png);\"><\/div><div class=\"contact-content\"><h4>Linda Lundman<\/h4><p>Kvalitets- och milj\u00f6chef<\/p><p>+46(0)11 - 21 75 21<\/p><p><\/p><p>linda.lundman@candorsweden.com<\/p><\/div><\/div><div class=\"contact-card\"><div class=\"border\" style=\"background-image: url(\/wp-content\/uploads\/2017\/11\/candor_kemi_pattern.png);\"><\/div><div class=\"contact-content\"><h4>J\u00f6rgen Pettersson<\/h4><p>Processer elektronik<\/p><p>+46(0)11 - 21 75 57<\/p><p><\/p><p>jorgen.pettersson@candorsweden.com<\/p><\/div><\/div><div class=\"contact-card\"><div class=\"border\" style=\"background-image: url(\/wp-content\/uploads\/2017\/11\/candor_kemi_pattern.png);\"><\/div><div class=\"contact-content\"><h4>Adam H\u00f6gqvist<\/h4><p>Anl\u00e4ggningar,  F\u00f6rs\u00e4ljning- och marknadschef<\/p><p>+46(0)11 - 21 75 31<\/p><p><\/p><p>adam.hogqvist@candorsweden.com<\/p><\/div><\/div><div class=\"contact-card\"><div class=\"border\" style=\"background-image: url(\/wp-content\/uploads\/2017\/11\/candor_kemi_pattern.png);\"><\/div><div class=\"contact-content\"><h4>Marcus Davidsson<\/h4><p>Anl\u00e4ggningar, F\u00f6rs\u00e4ljning<\/p><p>+46(0)11 21 75 32<\/p><p><\/p><p>marcus.davidsson@candorsweden.com<\/p><\/div><\/div><div class=\"contact-card\"><div class=\"border\" style=\"background-image: url(\/wp-content\/uploads\/2017\/11\/candor_kemi_pattern.png);\"><\/div><div class=\"contact-content\"><h4>Johan Danielsson<\/h4><p>Metaller<\/p><p>+46 (0)11 217550 <\/p><p>+46(0)790 68 75 50<\/p><p>johan.danielsson@candorsweden.com<\/p><\/div><\/div><div class=\"contact-card\"><div class=\"border\" style=\"background-image: url(\/wp-content\/uploads\/2017\/11\/candor_kemi_pattern.png);\"><\/div><div class=\"contact-content\"><h4>Sara Fahlstedt<\/h4><p>Strategisk Ink\u00f6pare<\/p><p>+46(0)11 - 21 75 35<\/p><p><\/p><p>sara.fahlstedt@candorsweden.com<\/p><\/div><\/div><div class=\"contact-card\"><div class=\"border\" style=\"background-image: url(\/wp-content\/uploads\/2017\/11\/candor_kemi_pattern.png);\"><\/div><div class=\"contact-content\"><h4>Mikael Ringdahl<\/h4><p>Supply Chain<\/p><p>+46(0)11 - 21 75 49<\/p><p><\/p><p>mikael.ringdahl@candorsweden.com<\/p><\/div><\/div><div class=\"contact-card\"><div class=\"border\" style=\"background-image: url(\/wp-content\/uploads\/2017\/11\/candor_kemi_pattern.png);\"><\/div><div class=\"contact-content\"><h4>Caroline Iversen<\/h4><p>Ink\u00f6p<\/p><p>+46(0)11 - 21 75 47<\/p><p>+46(0)730 91 24 85<\/p><p>caroline.iversen@candorsweden.com <\/p><\/div><\/div><div class=\"contact-card\"><div class=\"border\" style=\"background-image: url(\/wp-content\/uploads\/2017\/11\/candor_kemi_pattern.png);\"><\/div><div class=\"contact-content\"><h4>Patrik Dagmalm<\/h4><p>Produktutveckling<\/p><p><\/p><p><\/p><p>patrik.dagmalm@candorsweden.com<\/p><\/div><\/div><div class=\"contact-card\"><div class=\"border\" style=\"background-image: url(\/wp-content\/uploads\/2017\/11\/candor_kemi_pattern.png);\"><\/div><div class=\"contact-content\"><h4>Kundservice<\/h4><p><\/p><p>+46(0)11 - 21 75 00<\/p><p><\/p><p>info@candorsweden.com<\/p><\/div><\/div><\/div><\/div><\/div><div class=\"fusion-clearfix\"><\/div><\/div><\/div><\/div><\/div><div class=\"fusion-fullwidth fullwidth-box fusion-builder-row-4 nonhundred-percent-fullwidth non-hundred-percent-height-scrolling section\" style=\"--awb-border-radius-top-left:0px;--awb-border-radius-top-right:0px;--awb-border-radius-bottom-right:0px;--awb-border-radius-bottom-left:0px;--awb-flex-wrap:wrap;\" ><div class=\"fusion-builder-row fusion-row\"><div class=\"fusion-layout-column fusion_builder_column fusion-builder-column-5 fusion_builder_column_1_1 1_1 fusion-one-full fusion-column-first fusion-column-last\" style=\"--awb-bg-size:cover;\"><div class=\"fusion-column-wrapper fusion-flex-column-wrapper-legacy\"><div class=\"fusion-column-content-centered\"><div class=\"fusion-column-content\"><div class=\"fusion-title title fusion-title-6 fusion-sep-none fusion-title-text fusion-title-size-three\" style=\"--awb-margin-top-small:0px;--awb-margin-right-small:0px;--awb-margin-bottom-small:20px;--awb-margin-left-small:0px;\"><h3 class=\"fusion-title-heading title-heading-left\" style=\"margin:0;\">Uppt\u00e4ck v\u00e5ra marknadsomr\u00e5den<\/h3><\/div><div>\n\t<a class=\"grid-item\" href=\"https:\/\/candorsweden.com\/sv\/kemiska-processer\/\"><div class=\"grid-img\" style=\"background-image: url(https:\/\/candorsweden.com\/wp-content\/uploads\/2018\/02\/Labb-02-e1518094764497.jpg)\"><\/div><h4>Kemiska Processer<\/h4><\/a><a class=\"grid-item\" href=\"https:\/\/candorsweden.com\/sv\/metaller\/\"><div class=\"grid-img\" style=\"background-image: url(https:\/\/candorsweden.com\/wp-content\/uploads\/2018\/02\/Metaller-03-edit.jpg)\"><\/div><h4>Metaller<\/h4><\/a><a class=\"grid-item\" href=\"https:\/\/candorsweden.com\/sv\/anlaggningar\/\"><div class=\"grid-img\" style=\"background-image: url(https:\/\/candorsweden.com\/wp-content\/uploads\/2018\/01\/Surface-treatment-line.jpg)\"><\/div><h4>Anl\u00e4ggningar<\/h4><\/a><\/div><\/div><\/div><div class=\"fusion-clearfix\"><\/div><\/div><\/div><\/div><\/div><\/p>\n","protected":false},"excerpt":{"rendered":"","protected":false},"author":1,"featured_media":0,"parent":0,"menu_order":0,"comment_status":"closed","ping_status":"closed","template":"templates\/child-page.php","meta":{"_acf_changed":false,"footnotes":""},"class_list":["post-38","page","type-page","status-publish","hentry"],"acf":[],"yoast_head":"<!-- This site is optimized with the Yoast SEO plugin v27.3 - https:\/\/yoast.com\/product\/yoast-seo-wordpress\/ -->\n<title>Kontakta oss | Candor Sweden AB<\/title>\n<meta name=\"description\" content=\"Du hittar Candor Sweden AB p\u00e5 Sp\u00e5rgatan 11, Norrk\u00f6ping, Sverige. Kontakta oss p\u00e5 info@candorsweden.com eller ring v\u00e5r kundservice p\u00e5 +46(0)11 21 75 00.\" \/>\n<meta name=\"robots\" content=\"index, follow, max-snippet:-1, max-image-preview:large, max-video-preview:-1\" \/>\n<link rel=\"canonical\" href=\"https:\/\/candorsweden.com\/sv\/kontakta-oss\/\" \/>\n<meta property=\"og:locale\" content=\"sv_SE\" \/>\n<meta property=\"og:type\" content=\"article\" \/>\n<meta property=\"og:title\" content=\"Kontakta oss | Candor Sweden AB\" \/>\n<meta property=\"og:description\" content=\"Du hittar Candor Sweden AB p\u00e5 Sp\u00e5rgatan 11, Norrk\u00f6ping, Sverige. Kontakta oss p\u00e5 info@candorsweden.com eller ring v\u00e5r kundservice p\u00e5 +46(0)11 21 75 00.\" \/>\n<meta property=\"og:url\" content=\"https:\/\/candorsweden.com\/sv\/kontakta-oss\/\" \/>\n<meta property=\"og:site_name\" content=\"Candor Sweden\" \/>\n<meta property=\"article:modified_time\" content=\"2023-05-30T11:20:33+00:00\" \/>\n<meta name=\"twitter:card\" content=\"summary_large_image\" \/>\n<meta name=\"twitter:label1\" content=\"Ber\u00e4knad l\u00e4stid\" \/>\n\t<meta name=\"twitter:data1\" content=\"4 minuter\" \/>\n<script type=\"application\/ld+json\" class=\"yoast-schema-graph\">{\"@context\":\"https:\\\/\\\/schema.org\",\"@graph\":[{\"@type\":\"WebPage\",\"@id\":\"https:\\\/\\\/candorsweden.com\\\/sv\\\/kontakta-oss\\\/\",\"url\":\"https:\\\/\\\/candorsweden.com\\\/sv\\\/kontakta-oss\\\/\",\"name\":\"Kontakta oss | Candor Sweden AB\",\"isPartOf\":{\"@id\":\"https:\\\/\\\/candorsweden.com\\\/#website\"},\"datePublished\":\"2017-11-10T12:27:05+00:00\",\"dateModified\":\"2023-05-30T11:20:33+00:00\",\"description\":\"Du hittar Candor Sweden AB p\u00e5 Sp\u00e5rgatan 11, Norrk\u00f6ping, Sverige. Kontakta oss p\u00e5 info@candorsweden.com eller ring v\u00e5r kundservice p\u00e5 +46(0)11 21 75 00.\",\"breadcrumb\":{\"@id\":\"https:\\\/\\\/candorsweden.com\\\/sv\\\/kontakta-oss\\\/#breadcrumb\"},\"inLanguage\":\"sv-SE\",\"potentialAction\":[{\"@type\":\"ReadAction\",\"target\":[\"https:\\\/\\\/candorsweden.com\\\/sv\\\/kontakta-oss\\\/\"]}]},{\"@type\":\"BreadcrumbList\",\"@id\":\"https:\\\/\\\/candorsweden.com\\\/sv\\\/kontakta-oss\\\/#breadcrumb\",\"itemListElement\":[{\"@type\":\"ListItem\",\"position\":1,\"name\":\"Hem\",\"item\":\"https:\\\/\\\/candorsweden.com\\\/sv\\\/\"},{\"@type\":\"ListItem\",\"position\":2,\"name\":\"Kontakt\"}]},{\"@type\":\"WebSite\",\"@id\":\"https:\\\/\\\/candorsweden.com\\\/#website\",\"url\":\"https:\\\/\\\/candorsweden.com\\\/\",\"name\":\"Candor Sweden\",\"description\":\"Chemical processes and equipment for surface treatment technology.\",\"potentialAction\":[{\"@type\":\"SearchAction\",\"target\":{\"@type\":\"EntryPoint\",\"urlTemplate\":\"https:\\\/\\\/candorsweden.com\\\/?s={search_term_string}\"},\"query-input\":{\"@type\":\"PropertyValueSpecification\",\"valueRequired\":true,\"valueName\":\"search_term_string\"}}],\"inLanguage\":\"sv-SE\"}]}<\/script>\n<!-- \/ Yoast SEO plugin. -->","yoast_head_json":{"title":"Kontakta oss | Candor Sweden AB","description":"Du hittar Candor Sweden AB p\u00e5 Sp\u00e5rgatan 11, Norrk\u00f6ping, Sverige. Kontakta oss p\u00e5 info@candorsweden.com eller ring v\u00e5r kundservice p\u00e5 +46(0)11 21 75 00.","robots":{"index":"index","follow":"follow","max-snippet":"max-snippet:-1","max-image-preview":"max-image-preview:large","max-video-preview":"max-video-preview:-1"},"canonical":"https:\/\/candorsweden.com\/sv\/kontakta-oss\/","og_locale":"sv_SE","og_type":"article","og_title":"Kontakta oss | Candor Sweden AB","og_description":"Du hittar Candor Sweden AB p\u00e5 Sp\u00e5rgatan 11, Norrk\u00f6ping, Sverige. Kontakta oss p\u00e5 info@candorsweden.com eller ring v\u00e5r kundservice p\u00e5 +46(0)11 21 75 00.","og_url":"https:\/\/candorsweden.com\/sv\/kontakta-oss\/","og_site_name":"Candor Sweden","article_modified_time":"2023-05-30T11:20:33+00:00","twitter_card":"summary_large_image","twitter_misc":{"Ber\u00e4knad l\u00e4stid":"4 minuter"},"schema":{"@context":"https:\/\/schema.org","@graph":[{"@type":"WebPage","@id":"https:\/\/candorsweden.com\/sv\/kontakta-oss\/","url":"https:\/\/candorsweden.com\/sv\/kontakta-oss\/","name":"Kontakta oss | Candor Sweden AB","isPartOf":{"@id":"https:\/\/candorsweden.com\/#website"},"datePublished":"2017-11-10T12:27:05+00:00","dateModified":"2023-05-30T11:20:33+00:00","description":"Du hittar Candor Sweden AB p\u00e5 Sp\u00e5rgatan 11, Norrk\u00f6ping, Sverige. Kontakta oss p\u00e5 info@candorsweden.com eller ring v\u00e5r kundservice p\u00e5 +46(0)11 21 75 00.","breadcrumb":{"@id":"https:\/\/candorsweden.com\/sv\/kontakta-oss\/#breadcrumb"},"inLanguage":"sv-SE","potentialAction":[{"@type":"ReadAction","target":["https:\/\/candorsweden.com\/sv\/kontakta-oss\/"]}]},{"@type":"BreadcrumbList","@id":"https:\/\/candorsweden.com\/sv\/kontakta-oss\/#breadcrumb","itemListElement":[{"@type":"ListItem","position":1,"name":"Hem","item":"https:\/\/candorsweden.com\/sv\/"},{"@type":"ListItem","position":2,"name":"Kontakt"}]},{"@type":"WebSite","@id":"https:\/\/candorsweden.com\/#website","url":"https:\/\/candorsweden.com\/","name":"Candor Sweden","description":"Chemical processes and equipment for surface treatment technology.","potentialAction":[{"@type":"SearchAction","target":{"@type":"EntryPoint","urlTemplate":"https:\/\/candorsweden.com\/?s={search_term_string}"},"query-input":{"@type":"PropertyValueSpecification","valueRequired":true,"valueName":"search_term_string"}}],"inLanguage":"sv-SE"}]}},"_links":{"self":[{"href":"https:\/\/candorsweden.com\/sv\/wp-json\/wp\/v2\/pages\/38","targetHints":{"allow":["GET"]}}],"collection":[{"href":"https:\/\/candorsweden.com\/sv\/wp-json\/wp\/v2\/pages"}],"about":[{"href":"https:\/\/candorsweden.com\/sv\/wp-json\/wp\/v2\/types\/page"}],"author":[{"embeddable":true,"href":"https:\/\/candorsweden.com\/sv\/wp-json\/wp\/v2\/users\/1"}],"replies":[{"embeddable":true,"href":"https:\/\/candorsweden.com\/sv\/wp-json\/wp\/v2\/comments?post=38"}],"version-history":[{"count":21,"href":"https:\/\/candorsweden.com\/sv\/wp-json\/wp\/v2\/pages\/38\/revisions"}],"predecessor-version":[{"id":5514,"href":"https:\/\/candorsweden.com\/sv\/wp-json\/wp\/v2\/pages\/38\/revisions\/5514"}],"wp:attachment":[{"href":"https:\/\/candorsweden.com\/sv\/wp-json\/wp\/v2\/media?parent=38"}],"curies":[{"name":"wp","href":"https:\/\/api.w.org\/{rel}","templated":true}]}}