{"id":346,"date":"2017-11-23T13:47:49","date_gmt":"2017-11-23T12:47:49","guid":{"rendered":"https:\/\/candorsweden.com\/?page_id=346"},"modified":"2023-05-30T15:25:13","modified_gmt":"2023-05-30T13:25:13","slug":"dotterbolag","status":"publish","type":"page","link":"https:\/\/candorsweden.com\/sv\/om-candor\/dotterbolag\/","title":{"rendered":"Dotterbolag"},"content":{"rendered":"<div class=\"fusion-fullwidth fullwidth-box fusion-builder-row-1 nonhundred-percent-fullwidth non-hundred-percent-height-scrolling underundersida-cont\" style=\"--awb-border-radius-top-left:0px;--awb-border-radius-top-right:0px;--awb-border-radius-bottom-right:0px;--awb-border-radius-bottom-left:0px;--awb-flex-wrap:wrap;\" ><div class=\"fusion-builder-row fusion-row\"><div class=\"fusion-layout-column fusion_builder_column fusion-builder-column-0 fusion_builder_column_1_1 1_1 fusion-one-full fusion-column-first fusion-column-last\" style=\"--awb-bg-size:cover;\"><div class=\"fusion-column-wrapper fusion-flex-column-wrapper-legacy\"><div class=\"fusion-title title fusion-title-1 fusion-sep-none fusion-title-text fusion-title-size-one\" style=\"--awb-margin-top-small:0px;--awb-margin-right-small:0px;--awb-margin-bottom-small:20px;--awb-margin-left-small:0px;\"><h1 class=\"fusion-title-heading title-heading-left\" style=\"margin:0;\">Dotterbolag.<\/h1><\/div><div class=\"fusion-text fusion-text-1\"><p>Candor har egna dotterbolag i flera Nordiska l\u00e4nder samt verksamhet med lager i Rum\u00e4nien.<\/p>\n<\/div><div class=\"fusion-clearfix\"><\/div><\/div><\/div><div class=\"fusion-layout-column fusion_builder_column fusion-builder-column-1 fusion_builder_column_1_3 1_3 fusion-one-third fusion-column-first\" style=\"--awb-bg-size:cover;width:33.333333333333%;width:calc(33.333333333333% - ( ( 4% ) * 0.33333333333333 ) );margin-right: 4%;\"><div class=\"fusion-column-wrapper fusion-flex-column-wrapper-legacy\"><div class=\"fusion-title title fusion-title-2 fusion-sep-none fusion-title-text fusion-title-size-two\" style=\"--awb-margin-top-small:0px;--awb-margin-right-small:0px;--awb-margin-bottom-small:20px;--awb-margin-left-small:0px;\"><h2 class=\"fusion-title-heading title-heading-left\" style=\"margin:0;\">Danmark<\/h2><\/div><div class=\"fusion-text fusion-text-2\"><p>Candor Kemiske A\/S<br \/>\nHjulmagervej 4A<br \/>\n7100 VEJLE<br \/>\nTelefon: +45 70 25 15 33<br \/>\ncandor@candordenmark.dk<\/p>\n<\/div><div class=\"fusion-clearfix\"><\/div><\/div><\/div><div class=\"fusion-layout-column fusion_builder_column fusion-builder-column-2 fusion_builder_column_1_3 1_3 fusion-one-third fusion-column-last\" style=\"--awb-bg-size:cover;width:33.333333333333%;width:calc(33.333333333333% - ( ( 4% ) * 0.33333333333333 ) );\"><div class=\"fusion-column-wrapper fusion-flex-column-wrapper-legacy\"><div class=\"fusion-title title fusion-title-3 fusion-sep-none fusion-title-text fusion-title-size-two\" style=\"--awb-margin-top-small:0px;--awb-margin-right-small:0px;--awb-margin-bottom-small:20px;--awb-margin-left-small:0px;\"><h2 class=\"fusion-title-heading title-heading-left\" style=\"margin:0;\">Finland<\/h2><\/div><div class=\"fusion-text fusion-text-3\"><p>Candor Oy<br \/>\nKoivuvaarankuja 2<br \/>\n01640 VANTAA<br \/>\nFINLAND<\/p>\n<p>Telefon:+358 50 3311538<u><\/u><u><\/u><br \/>\ninfo@candor.fi<\/p>\n<\/div><div class=\"fusion-clearfix\"><\/div><\/div><\/div><div class=\"fusion-layout-column fusion_builder_column fusion-builder-column-3 fusion_builder_column_1_1 1_1 fusion-one-full fusion-column-first fusion-column-last\" style=\"--awb-bg-size:cover;\"><div class=\"fusion-column-wrapper fusion-flex-column-wrapper-legacy\"><div class=\"fusion-title title fusion-title-4 fusion-sep-none fusion-title-text fusion-title-size-two\" style=\"--awb-margin-top-small:0px;--awb-margin-right-small:0px;--awb-margin-bottom-small:20px;--awb-margin-left-small:0px;\"><h2 class=\"fusion-title-heading title-heading-left\" style=\"margin:0;\">Candor har \u00e4ven agenter i f\u00f6ljande l\u00e4nder:<\/h2><\/div><div class=\"fusion-clearfix\"><\/div><\/div><\/div><div class=\"fusion-layout-column fusion_builder_column fusion-builder-column-4 fusion_builder_column_1_2 1_2 fusion-one-half fusion-column-first\" style=\"--awb-bg-size:cover;width:50%;width:calc(50% - ( ( 4% ) * 0.5 ) );margin-right: 4%;\"><div class=\"fusion-column-wrapper fusion-flex-column-wrapper-legacy\"><div class=\"fusion-text fusion-text-4\"><ul>\n<li>Frankrike \u2013 AEC France<\/li>\n<li>Indien \u2013 Ronak Industry<\/li>\n<li>Japan \u2013 Sojitz Corporation<\/li>\n<li>Kina \u2013 Techplate Supplies<\/li>\n<li>Sydkorea \u2013 Korea Act<\/li>\n<\/ul>\n<\/div><div class=\"fusion-clearfix\"><\/div><\/div><\/div><div class=\"fusion-layout-column fusion_builder_column fusion-builder-column-5 fusion_builder_column_1_2 1_2 fusion-one-half fusion-column-last\" style=\"--awb-bg-size:cover;width:50%;width:calc(50% - ( ( 4% ) * 0.5 ) );\"><div class=\"fusion-column-wrapper fusion-flex-column-wrapper-legacy\"><div class=\"fusion-text fusion-text-5\"><ul>\n<li>USA \u2013 Kinrei of America Inc<\/li>\n<li>Bulgarien<\/li>\n<li>Ukraina<\/li>\n<li>Rum\u00e4nien<\/li>\n<\/ul>\n<\/div><div class=\"fusion-clearfix\"><\/div><\/div><\/div><\/div><\/div>\n","protected":false},"excerpt":{"rendered":"","protected":false},"author":1,"featured_media":0,"parent":36,"menu_order":0,"comment_status":"closed","ping_status":"closed","template":"templates\/child-page.php","meta":{"_acf_changed":false,"footnotes":""},"class_list":["post-346","page","type-page","status-publish","hentry"],"acf":[],"yoast_head":"<!-- This site is optimized with the Yoast SEO plugin v27.3 - https:\/\/yoast.com\/product\/yoast-seo-wordpress\/ -->\n<title>Dotterbolag |\u00a0Candor Sweden AB \u2013 Specialkemikalier, metaller och utrustning f\u00f6r ytbehandling.<\/title>\n<meta name=\"description\" content=\"Candor har dotterbolag i alla Nordiska l\u00e4nder samt verksamhet med lager i Rum\u00e4nien. H\u00e4r hittar du kontaktuppgifter till samtliga dotterbolag.\" \/>\n<meta name=\"robots\" content=\"index, follow, max-snippet:-1, max-image-preview:large, max-video-preview:-1\" \/>\n<link rel=\"canonical\" href=\"https:\/\/candorsweden.com\/sv\/om-candor\/dotterbolag\/\" \/>\n<meta property=\"og:locale\" content=\"sv_SE\" \/>\n<meta property=\"og:type\" content=\"article\" \/>\n<meta property=\"og:title\" content=\"Dotterbolag |\u00a0Candor Sweden AB \u2013 Specialkemikalier, metaller och utrustning f\u00f6r ytbehandling.\" \/>\n<meta property=\"og:description\" content=\"Candor har dotterbolag i alla Nordiska l\u00e4nder samt verksamhet med lager i Rum\u00e4nien. H\u00e4r hittar du kontaktuppgifter till samtliga dotterbolag.\" \/>\n<meta property=\"og:url\" content=\"https:\/\/candorsweden.com\/sv\/om-candor\/dotterbolag\/\" \/>\n<meta property=\"og:site_name\" content=\"Candor Sweden\" \/>\n<meta property=\"article:modified_time\" content=\"2023-05-30T13:25:13+00:00\" \/>\n<meta name=\"twitter:card\" content=\"summary_large_image\" \/>\n<meta name=\"twitter:label1\" content=\"Ber\u00e4knad l\u00e4stid\" \/>\n\t<meta name=\"twitter:data1\" content=\"3 minuter\" \/>\n<script type=\"application\/ld+json\" class=\"yoast-schema-graph\">{\"@context\":\"https:\\\/\\\/schema.org\",\"@graph\":[{\"@type\":\"WebPage\",\"@id\":\"https:\\\/\\\/candorsweden.com\\\/sv\\\/om-candor\\\/dotterbolag\\\/\",\"url\":\"https:\\\/\\\/candorsweden.com\\\/sv\\\/om-candor\\\/dotterbolag\\\/\",\"name\":\"Dotterbolag |\u00a0Candor Sweden AB \u2013 Specialkemikalier, metaller och utrustning f\u00f6r ytbehandling.\",\"isPartOf\":{\"@id\":\"https:\\\/\\\/candorsweden.com\\\/#website\"},\"datePublished\":\"2017-11-23T12:47:49+00:00\",\"dateModified\":\"2023-05-30T13:25:13+00:00\",\"description\":\"Candor har dotterbolag i alla Nordiska l\u00e4nder samt verksamhet med lager i Rum\u00e4nien. H\u00e4r hittar du kontaktuppgifter till samtliga dotterbolag.\",\"breadcrumb\":{\"@id\":\"https:\\\/\\\/candorsweden.com\\\/sv\\\/om-candor\\\/dotterbolag\\\/#breadcrumb\"},\"inLanguage\":\"sv-SE\",\"potentialAction\":[{\"@type\":\"ReadAction\",\"target\":[\"https:\\\/\\\/candorsweden.com\\\/sv\\\/om-candor\\\/dotterbolag\\\/\"]}]},{\"@type\":\"BreadcrumbList\",\"@id\":\"https:\\\/\\\/candorsweden.com\\\/sv\\\/om-candor\\\/dotterbolag\\\/#breadcrumb\",\"itemListElement\":[{\"@type\":\"ListItem\",\"position\":1,\"name\":\"Hem\",\"item\":\"https:\\\/\\\/candorsweden.com\\\/sv\\\/\"},{\"@type\":\"ListItem\",\"position\":2,\"name\":\"Om Candor\",\"item\":\"https:\\\/\\\/candorsweden.com\\\/sv\\\/om-candor\\\/\"},{\"@type\":\"ListItem\",\"position\":3,\"name\":\"Dotterbolag\"}]},{\"@type\":\"WebSite\",\"@id\":\"https:\\\/\\\/candorsweden.com\\\/#website\",\"url\":\"https:\\\/\\\/candorsweden.com\\\/\",\"name\":\"Candor Sweden\",\"description\":\"Chemical processes and equipment for surface treatment technology.\",\"potentialAction\":[{\"@type\":\"SearchAction\",\"target\":{\"@type\":\"EntryPoint\",\"urlTemplate\":\"https:\\\/\\\/candorsweden.com\\\/?s={search_term_string}\"},\"query-input\":{\"@type\":\"PropertyValueSpecification\",\"valueRequired\":true,\"valueName\":\"search_term_string\"}}],\"inLanguage\":\"sv-SE\"}]}<\/script>\n<!-- \/ Yoast SEO plugin. -->","yoast_head_json":{"title":"Dotterbolag |\u00a0Candor Sweden AB \u2013 Specialkemikalier, metaller och utrustning f\u00f6r ytbehandling.","description":"Candor har dotterbolag i alla Nordiska l\u00e4nder samt verksamhet med lager i Rum\u00e4nien. H\u00e4r hittar du kontaktuppgifter till samtliga dotterbolag.","robots":{"index":"index","follow":"follow","max-snippet":"max-snippet:-1","max-image-preview":"max-image-preview:large","max-video-preview":"max-video-preview:-1"},"canonical":"https:\/\/candorsweden.com\/sv\/om-candor\/dotterbolag\/","og_locale":"sv_SE","og_type":"article","og_title":"Dotterbolag |\u00a0Candor Sweden AB \u2013 Specialkemikalier, metaller och utrustning f\u00f6r ytbehandling.","og_description":"Candor har dotterbolag i alla Nordiska l\u00e4nder samt verksamhet med lager i Rum\u00e4nien. H\u00e4r hittar du kontaktuppgifter till samtliga dotterbolag.","og_url":"https:\/\/candorsweden.com\/sv\/om-candor\/dotterbolag\/","og_site_name":"Candor Sweden","article_modified_time":"2023-05-30T13:25:13+00:00","twitter_card":"summary_large_image","twitter_misc":{"Ber\u00e4knad l\u00e4stid":"3 minuter"},"schema":{"@context":"https:\/\/schema.org","@graph":[{"@type":"WebPage","@id":"https:\/\/candorsweden.com\/sv\/om-candor\/dotterbolag\/","url":"https:\/\/candorsweden.com\/sv\/om-candor\/dotterbolag\/","name":"Dotterbolag |\u00a0Candor Sweden AB \u2013 Specialkemikalier, metaller och utrustning f\u00f6r ytbehandling.","isPartOf":{"@id":"https:\/\/candorsweden.com\/#website"},"datePublished":"2017-11-23T12:47:49+00:00","dateModified":"2023-05-30T13:25:13+00:00","description":"Candor har dotterbolag i alla Nordiska l\u00e4nder samt verksamhet med lager i Rum\u00e4nien. H\u00e4r hittar du kontaktuppgifter till samtliga dotterbolag.","breadcrumb":{"@id":"https:\/\/candorsweden.com\/sv\/om-candor\/dotterbolag\/#breadcrumb"},"inLanguage":"sv-SE","potentialAction":[{"@type":"ReadAction","target":["https:\/\/candorsweden.com\/sv\/om-candor\/dotterbolag\/"]}]},{"@type":"BreadcrumbList","@id":"https:\/\/candorsweden.com\/sv\/om-candor\/dotterbolag\/#breadcrumb","itemListElement":[{"@type":"ListItem","position":1,"name":"Hem","item":"https:\/\/candorsweden.com\/sv\/"},{"@type":"ListItem","position":2,"name":"Om Candor","item":"https:\/\/candorsweden.com\/sv\/om-candor\/"},{"@type":"ListItem","position":3,"name":"Dotterbolag"}]},{"@type":"WebSite","@id":"https:\/\/candorsweden.com\/#website","url":"https:\/\/candorsweden.com\/","name":"Candor Sweden","description":"Chemical processes and equipment for surface treatment technology.","potentialAction":[{"@type":"SearchAction","target":{"@type":"EntryPoint","urlTemplate":"https:\/\/candorsweden.com\/?s={search_term_string}"},"query-input":{"@type":"PropertyValueSpecification","valueRequired":true,"valueName":"search_term_string"}}],"inLanguage":"sv-SE"}]}},"_links":{"self":[{"href":"https:\/\/candorsweden.com\/sv\/wp-json\/wp\/v2\/pages\/346","targetHints":{"allow":["GET"]}}],"collection":[{"href":"https:\/\/candorsweden.com\/sv\/wp-json\/wp\/v2\/pages"}],"about":[{"href":"https:\/\/candorsweden.com\/sv\/wp-json\/wp\/v2\/types\/page"}],"author":[{"embeddable":true,"href":"https:\/\/candorsweden.com\/sv\/wp-json\/wp\/v2\/users\/1"}],"replies":[{"embeddable":true,"href":"https:\/\/candorsweden.com\/sv\/wp-json\/wp\/v2\/comments?post=346"}],"version-history":[{"count":25,"href":"https:\/\/candorsweden.com\/sv\/wp-json\/wp\/v2\/pages\/346\/revisions"}],"predecessor-version":[{"id":5517,"href":"https:\/\/candorsweden.com\/sv\/wp-json\/wp\/v2\/pages\/346\/revisions\/5517"}],"up":[{"embeddable":true,"href":"https:\/\/candorsweden.com\/sv\/wp-json\/wp\/v2\/pages\/36"}],"wp:attachment":[{"href":"https:\/\/candorsweden.com\/sv\/wp-json\/wp\/v2\/media?parent=346"}],"curies":[{"name":"wp","href":"https:\/\/api.w.org\/{rel}","templated":true}]}}