{"id":34,"date":"2017-11-10T13:24:07","date_gmt":"2017-11-10T12:24:07","guid":{"rendered":"https:\/\/candorsweden.com\/?page_id=34"},"modified":"2024-05-02T08:46:26","modified_gmt":"2024-05-02T06:46:26","slug":"anlaggningar","status":"publish","type":"page","link":"https:\/\/candorsweden.com\/sv\/anlaggningar\/","title":{"rendered":"Anl\u00e4ggningar"},"content":{"rendered":"<p><div class=\"fusion-fullwidth fullwidth-box fusion-builder-row-1 nonhundred-percent-fullwidth non-hundred-percent-height-scrolling section\" style=\"--awb-border-radius-top-left:0px;--awb-border-radius-top-right:0px;--awb-border-radius-bottom-right:0px;--awb-border-radius-bottom-left:0px;--awb-flex-wrap:wrap;\" ><div class=\"fusion-builder-row fusion-row\"><div class=\"fusion-layout-column fusion_builder_column fusion-builder-column-0 fusion_builder_column_1_1 1_1 fusion-one-full fusion-column-first fusion-column-last\" style=\"--awb-bg-size:cover;\"><div class=\"fusion-column-wrapper fusion-flex-column-wrapper-legacy\"><div class=\"fusion-title title fusion-title-1 fusion-sep-none fusion-title-text fusion-title-size-one\" style=\"--awb-margin-top-small:0px;--awb-margin-right-small:0px;--awb-margin-bottom-small:20px;--awb-margin-left-small:0px;\"><h1 class=\"fusion-title-heading title-heading-left\" style=\"margin:0;\"><p>Anl\u00e4ggningar<br \/>\nf\u00f6r ytbehandling.<\/p><\/h1><\/div><div class=\"fusion-text fusion-text-1\"><p>Candor utvecklar och tillverkar anl\u00e4ggningar f\u00f6r kontinuerlig ytbehandling av tr\u00e5d och band, konventionell ytbehandling samt vattenrening.<\/p>\n<\/div><div class=\"fusion-button-wrapper\"><a class=\"fusion-button button-3d fusion-button-default-size button-default fusion-button-default button-1 fusion-button-default-span fusion-button-default-type\" target=\"_self\" href=\"https:\/\/candorsweden.com\/sv\/document\/candor-catalogue\/\"><span class=\"fusion-button-text awb-button__text awb-button__text--default\">Produkt- och informationskatalog<\/span><\/a><\/div><br><br><div class=\"fusion-button-wrapper\"><a class=\"fusion-button button-3d fusion-button-default-size button-default fusion-button-default button-2 fusion-button-default-span fusion-button-default-type\" target=\"_self\" href=\"https:\/\/candorsweden.com\/sv\/get-an-offer\/\"><span class=\"fusion-button-text awb-button__text awb-button__text--default\"> Get an offer<\/span><\/a><\/div><div class=\"fusion-clearfix\"><\/div><\/div><\/div><\/div><\/div><div class=\"fusion-fullwidth fullwidth-box fusion-builder-row-2 nonhundred-percent-fullwidth non-hundred-percent-height-scrolling section\" style=\"--awb-border-radius-top-left:0px;--awb-border-radius-top-right:0px;--awb-border-radius-bottom-right:0px;--awb-border-radius-bottom-left:0px;--awb-flex-wrap:wrap;\" ><div class=\"fusion-builder-row fusion-row\"><div class=\"fusion-layout-column fusion_builder_column fusion-builder-column-1 fusion_builder_column_1_1 1_1 fusion-one-full fusion-column-first fusion-column-last\" style=\"--awb-bg-size:cover;\"><div class=\"fusion-column-wrapper fusion-flex-column-wrapper-legacy\"><div class=\"fusion-column-content-centered\"><div class=\"fusion-column-content\"><div class=\"fusion-title title fusion-title-2 fusion-sep-none fusion-title-text fusion-title-size-two\" style=\"--awb-margin-top-small:0px;--awb-margin-right-small:0px;--awb-margin-bottom-small:20px;--awb-margin-left-small:0px;\"><h2 class=\"fusion-title-heading title-heading-left\" style=\"margin:0;\">V\u00e5ra anl\u00e4ggningar<\/h2><\/div><\/div><\/div><div class=\"fusion-clearfix\"><\/div><\/div><\/div><div class=\"fusion-layout-column fusion_builder_column fusion-builder-column-2 fusion_builder_column_1_1 1_1 fusion-one-full fusion-column-first fusion-column-last two-cols\" style=\"--awb-bg-size:cover;\"><div class=\"fusion-column-wrapper fusion-flex-column-wrapper-legacy\"><a class=\"post-item\" href=\"https:\/\/candorsweden.com\/sv\/anlaggningar\/trum-och-hanggodsliner\/\"><span class=\"icon\"><span class=\"jam jam-cog\"><\/span><\/span><span class=\"content\"><h4 class=\"post-title\">Trum och h\u00e4nggodsliner<\/h4><span class=\"name\">Anl\u00e4ggningar<\/span><\/span><span class=\"button\"><\/span><\/a><a class=\"post-item\" href=\"https:\/\/candorsweden.com\/sv\/anlaggningar\/trad-forbehandling\/\"><span class=\"icon\"><span class=\"jam jam-cog\"><\/span><\/span><span class=\"content\"><h4 class=\"post-title\">Tr\u00e5d, f\u00f6rbehandling<\/h4><span class=\"name\">Anl\u00e4ggningar<\/span><\/span><span class=\"button\"><\/span><\/a><a class=\"post-item\" href=\"https:\/\/candorsweden.com\/sv\/anlaggningar\/service-och-ombyggnader\/\"><span class=\"icon\"><span class=\"jam jam-cog\"><\/span><\/span><span class=\"content\"><h4 class=\"post-title\">Service och ombyggnader<\/h4><span class=\"name\">Anl\u00e4ggningar<\/span><\/span><span class=\"button\"><\/span><\/a><a class=\"post-item\" href=\"https:\/\/candorsweden.com\/sv\/anlaggningar\/trad-platering\/\"><span class=\"icon\"><span class=\"jam jam-cog\"><\/span><\/span><span class=\"content\"><h4 class=\"post-title\">Tr\u00e5d, pl\u00e4tering<\/h4><span class=\"name\">Anl\u00e4ggningar<\/span><\/span><span class=\"button\"><\/span><\/a><a class=\"post-item\" href=\"https:\/\/candorsweden.com\/sv\/anlaggningar\/kar\/\"><span class=\"icon\"><span class=\"jam jam-cog\"><\/span><\/span><span class=\"content\"><h4 class=\"post-title\">Kar &#038; plasttillverkning<\/h4><span class=\"name\">Anl\u00e4ggningar<\/span><\/span><span class=\"button\"><\/span><\/a><a class=\"post-item\" href=\"https:\/\/candorsweden.com\/sv\/anlaggningar\/vattenrening\/\"><span class=\"icon\"><span class=\"jam jam-cog\"><\/span><\/span><span class=\"content\"><h4 class=\"post-title\">Vattenrening<\/h4><span class=\"name\">Anl\u00e4ggningar<\/span><\/span><span class=\"button\"><\/span><\/a><a class=\"post-item\" href=\"https:\/\/candorsweden.com\/sv\/anlaggningar\/reservdelar\/\"><span class=\"icon\"><span class=\"jam jam-cog\"><\/span><\/span><span class=\"content\"><h4 class=\"post-title\">Reservdelar<\/h4><span class=\"name\">Anl\u00e4ggningar<\/span><\/span><span class=\"button\"><\/span><\/a><div class=\"fusion-clearfix\"><\/div><\/div><\/div><\/div><\/div><div class=\"fusion-fullwidth fullwidth-box fusion-builder-row-3 nonhundred-percent-fullwidth non-hundred-percent-height-scrolling section\" style=\"--awb-border-radius-top-left:0px;--awb-border-radius-top-right:0px;--awb-border-radius-bottom-right:0px;--awb-border-radius-bottom-left:0px;--awb-flex-wrap:wrap;\" ><div class=\"fusion-builder-row fusion-row\"><div class=\"fusion-layout-column fusion_builder_column fusion-builder-column-3 fusion_builder_column_1_1 1_1 fusion-one-full fusion-column-first fusion-column-last\" style=\"--awb-bg-size:cover;\"><div class=\"fusion-column-wrapper fusion-flex-column-wrapper-legacy\"><div class=\"fusion-title title fusion-title-3 fusion-sep-none fusion-title-text fusion-title-size-two\" style=\"--awb-margin-top-small:0px;--awb-margin-right-small:0px;--awb-margin-bottom-small:20px;--awb-margin-left-small:0px;\"><h2 class=\"fusion-title-heading title-heading-left\" style=\"margin:0;\">Vill du veta mer?<\/h2><\/div>\n<div class=\"content-card-wrapper clearfix\">\n\t<div class=\"contact-card-alternate\">\n\t\t<div class=\"border\" style=\"background-image: url(\/wp-content\/uploads\/2017\/11\/candor_kemi_pattern.png);\"><\/div>\n\t\t<div class=\"contact-content\">\n\t\t\t<h4>Adam H\u00f6gqvist<\/h4>\n\t\t\t<p>Anl\u00e4ggningar,  F\u00f6rs\u00e4ljning- och marknadschef<\/p>\n\t\t\t<p>+46(0)11 - 21 75 31<\/p>\n\t\t\t<p><\/p>\n\t\t\t<p>adam.hogqvist@candorsweden.com<\/p>\n\t\t<\/div> <!-- End contact content -->\n\t<\/div> <!-- End contact card -->\n\t<a class=\"all-contacts\" href=\"https:\/\/candorsweden.com\/sv\/kontakta-oss\/\">\n\t\t<div class=\"contact-content\">\n\t\t\t<h4>Alla kontakter<\/h4>\n\t\t\t<p>S\u00f6ker du n\u00e5gon? H\u00e4r finns samtliga kontaktpersoner.<\/p>\n\t\t<\/div>\n\t<\/a> <!-- end all contacts -->\n<\/div> <!-- end content card wrapper --><div class=\"fusion-alignright\"><a class=\"fusion-button button-3d fusion-button-default-size button-default fusion-button-default button-3 fusion-button-default-span fusion-button-default-type small\" target=\"_self\" href=\"\/kontakta-oss\"><span class=\"fusion-button-text awb-button__text awb-button__text--default\">Fler kontaktuppgifter<\/span><\/a><\/div><div class=\"fusion-clearfix\"><\/div><\/div><\/div><div class=\"fusion-layout-column fusion_builder_column fusion-builder-column-4 fusion_builder_column_1_1 1_1 fusion-one-full fusion-column-first fusion-column-last\" style=\"--awb-bg-size:cover;\"><div class=\"fusion-column-wrapper fusion-flex-column-wrapper-legacy\"><div class=\"fusion-column-content-centered\"><div class=\"fusion-column-content\"><div class=\"fusion-title title fusion-title-4 fusion-sep-none fusion-title-text fusion-title-size-three\" style=\"--awb-margin-top-small:0px;--awb-margin-right-small:0px;--awb-margin-bottom-small:20px;--awb-margin-left-small:0px;\"><h3 class=\"fusion-title-heading title-heading-left\" style=\"margin:0;\">Uppt\u00e4ck v\u00e5ra marknadsomr\u00e5den<\/h3><\/div><\/div><\/div><div class=\"fusion-clearfix\"><\/div><\/div><\/div><div class=\"fusion-layout-column fusion_builder_column fusion-builder-column-5 fusion_builder_column_1_1 1_1 fusion-one-full fusion-column-first fusion-column-last\" style=\"--awb-bg-size:cover;\"><div class=\"fusion-column-wrapper fusion-flex-column-wrapper-legacy\"><div class=\"fusion-column-content-centered\"><div class=\"fusion-column-content\"><div>\n\t<a class=\"grid-item\" href=\"https:\/\/candorsweden.com\/sv\/kemiska-processer\/\"><div class=\"grid-img\" style=\"background-image: url(https:\/\/candorsweden.com\/wp-content\/uploads\/2018\/02\/Labb-02-e1518094764497.jpg)\"><\/div><h4>Kemiska Processer<\/h4><\/a><a class=\"grid-item\" href=\"https:\/\/candorsweden.com\/sv\/metaller\/\"><div class=\"grid-img\" style=\"background-image: url(https:\/\/candorsweden.com\/wp-content\/uploads\/2018\/02\/Metaller-03-edit.jpg)\"><\/div><h4>Metaller<\/h4><\/a><a class=\"grid-item\" href=\"https:\/\/candorsweden.com\/sv\/anlaggningar\/\"><div class=\"grid-img\" style=\"background-image: url(https:\/\/candorsweden.com\/wp-content\/uploads\/2018\/01\/Surface-treatment-line.jpg)\"><\/div><h4>Anl\u00e4ggningar<\/h4><\/a><\/div><\/div><\/div><div class=\"fusion-clearfix\"><\/div><\/div><\/div><\/div><\/div><\/p>\n","protected":false},"excerpt":{"rendered":"","protected":false},"author":1,"featured_media":117,"parent":0,"menu_order":0,"comment_status":"closed","ping_status":"closed","template":"templates\/child-page.php","meta":{"_acf_changed":false,"footnotes":""},"class_list":["post-34","page","type-page","status-publish","has-post-thumbnail","hentry"],"acf":[],"yoast_head":"<!-- This site is optimized with the Yoast SEO plugin v27.3 - https:\/\/yoast.com\/product\/yoast-seo-wordpress\/ -->\n<title>Anl\u00e4ggningar f\u00f6r ytbehandling | Candor Sweden AB<\/title>\n<meta name=\"description\" content=\"Candor utvecklar och tillverkar anl\u00e4ggningar f\u00f6r kontinuerlig ytbehandling av tr\u00e5d och band, konventionell ytbehandling samt vattenrening. H\u00e4r hittar du information och bilder p\u00e5 alla v\u00e5ra anl\u00e4ggningar. F\u00f6r mer information, kontakta John Lindh p\u00e5 john.lindh@candorsweden.com\" \/>\n<meta name=\"robots\" content=\"index, follow, max-snippet:-1, max-image-preview:large, max-video-preview:-1\" \/>\n<link rel=\"canonical\" href=\"https:\/\/candorsweden.com\/sv\/anlaggningar\/\" \/>\n<meta property=\"og:locale\" content=\"sv_SE\" \/>\n<meta property=\"og:type\" content=\"article\" \/>\n<meta property=\"og:title\" content=\"Anl\u00e4ggningar f\u00f6r ytbehandling | Candor Sweden AB\" \/>\n<meta property=\"og:description\" content=\"Candor utvecklar och tillverkar anl\u00e4ggningar f\u00f6r kontinuerlig ytbehandling av tr\u00e5d och band, konventionell ytbehandling samt vattenrening. H\u00e4r hittar du information och bilder p\u00e5 alla v\u00e5ra anl\u00e4ggningar. F\u00f6r mer information, kontakta John Lindh p\u00e5 john.lindh@candorsweden.com\" \/>\n<meta property=\"og:url\" content=\"https:\/\/candorsweden.com\/sv\/anlaggningar\/\" \/>\n<meta property=\"og:site_name\" content=\"Candor Sweden\" \/>\n<meta property=\"article:modified_time\" content=\"2024-05-02T06:46:26+00:00\" \/>\n<meta property=\"og:image\" content=\"https:\/\/candorsweden.com\/wp-content\/uploads\/2017\/11\/candor_kemi_pattern.png\" \/>\n\t<meta property=\"og:image:width\" content=\"280\" \/>\n\t<meta property=\"og:image:height\" content=\"420\" \/>\n\t<meta property=\"og:image:type\" content=\"image\/png\" \/>\n<meta name=\"twitter:card\" content=\"summary_large_image\" \/>\n<meta name=\"twitter:label1\" content=\"Ber\u00e4knad l\u00e4stid\" \/>\n\t<meta name=\"twitter:data1\" content=\"2 minuter\" \/>\n<script type=\"application\/ld+json\" class=\"yoast-schema-graph\">{\"@context\":\"https:\\\/\\\/schema.org\",\"@graph\":[{\"@type\":\"WebPage\",\"@id\":\"https:\\\/\\\/candorsweden.com\\\/sv\\\/anlaggningar\\\/\",\"url\":\"https:\\\/\\\/candorsweden.com\\\/sv\\\/anlaggningar\\\/\",\"name\":\"Anl\u00e4ggningar f\u00f6r ytbehandling | Candor Sweden AB\",\"isPartOf\":{\"@id\":\"https:\\\/\\\/candorsweden.com\\\/#website\"},\"primaryImageOfPage\":{\"@id\":\"https:\\\/\\\/candorsweden.com\\\/sv\\\/anlaggningar\\\/#primaryimage\"},\"image\":{\"@id\":\"https:\\\/\\\/candorsweden.com\\\/sv\\\/anlaggningar\\\/#primaryimage\"},\"thumbnailUrl\":\"https:\\\/\\\/candorsweden.com\\\/wp-content\\\/uploads\\\/2017\\\/11\\\/candor_kemi_pattern.png\",\"datePublished\":\"2017-11-10T12:24:07+00:00\",\"dateModified\":\"2024-05-02T06:46:26+00:00\",\"description\":\"Candor utvecklar och tillverkar anl\u00e4ggningar f\u00f6r kontinuerlig ytbehandling av tr\u00e5d och band, konventionell ytbehandling samt vattenrening. H\u00e4r hittar du information och bilder p\u00e5 alla v\u00e5ra anl\u00e4ggningar. F\u00f6r mer information, kontakta John Lindh p\u00e5 john.lindh@candorsweden.com\",\"breadcrumb\":{\"@id\":\"https:\\\/\\\/candorsweden.com\\\/sv\\\/anlaggningar\\\/#breadcrumb\"},\"inLanguage\":\"sv-SE\",\"potentialAction\":[{\"@type\":\"ReadAction\",\"target\":[\"https:\\\/\\\/candorsweden.com\\\/sv\\\/anlaggningar\\\/\"]}]},{\"@type\":\"ImageObject\",\"inLanguage\":\"sv-SE\",\"@id\":\"https:\\\/\\\/candorsweden.com\\\/sv\\\/anlaggningar\\\/#primaryimage\",\"url\":\"https:\\\/\\\/candorsweden.com\\\/wp-content\\\/uploads\\\/2017\\\/11\\\/candor_kemi_pattern.png\",\"contentUrl\":\"https:\\\/\\\/candorsweden.com\\\/wp-content\\\/uploads\\\/2017\\\/11\\\/candor_kemi_pattern.png\",\"width\":280,\"height\":420},{\"@type\":\"BreadcrumbList\",\"@id\":\"https:\\\/\\\/candorsweden.com\\\/sv\\\/anlaggningar\\\/#breadcrumb\",\"itemListElement\":[{\"@type\":\"ListItem\",\"position\":1,\"name\":\"Hem\",\"item\":\"https:\\\/\\\/candorsweden.com\\\/sv\\\/\"},{\"@type\":\"ListItem\",\"position\":2,\"name\":\"Anl\u00e4ggningar\"}]},{\"@type\":\"WebSite\",\"@id\":\"https:\\\/\\\/candorsweden.com\\\/#website\",\"url\":\"https:\\\/\\\/candorsweden.com\\\/\",\"name\":\"Candor Sweden\",\"description\":\"Chemical processes and equipment for surface treatment technology.\",\"potentialAction\":[{\"@type\":\"SearchAction\",\"target\":{\"@type\":\"EntryPoint\",\"urlTemplate\":\"https:\\\/\\\/candorsweden.com\\\/?s={search_term_string}\"},\"query-input\":{\"@type\":\"PropertyValueSpecification\",\"valueRequired\":true,\"valueName\":\"search_term_string\"}}],\"inLanguage\":\"sv-SE\"}]}<\/script>\n<!-- \/ Yoast SEO plugin. -->","yoast_head_json":{"title":"Anl\u00e4ggningar f\u00f6r ytbehandling | Candor Sweden AB","description":"Candor utvecklar och tillverkar anl\u00e4ggningar f\u00f6r kontinuerlig ytbehandling av tr\u00e5d och band, konventionell ytbehandling samt vattenrening. H\u00e4r hittar du information och bilder p\u00e5 alla v\u00e5ra anl\u00e4ggningar. F\u00f6r mer information, kontakta John Lindh p\u00e5 john.lindh@candorsweden.com","robots":{"index":"index","follow":"follow","max-snippet":"max-snippet:-1","max-image-preview":"max-image-preview:large","max-video-preview":"max-video-preview:-1"},"canonical":"https:\/\/candorsweden.com\/sv\/anlaggningar\/","og_locale":"sv_SE","og_type":"article","og_title":"Anl\u00e4ggningar f\u00f6r ytbehandling | Candor Sweden AB","og_description":"Candor utvecklar och tillverkar anl\u00e4ggningar f\u00f6r kontinuerlig ytbehandling av tr\u00e5d och band, konventionell ytbehandling samt vattenrening. H\u00e4r hittar du information och bilder p\u00e5 alla v\u00e5ra anl\u00e4ggningar. F\u00f6r mer information, kontakta John Lindh p\u00e5 john.lindh@candorsweden.com","og_url":"https:\/\/candorsweden.com\/sv\/anlaggningar\/","og_site_name":"Candor Sweden","article_modified_time":"2024-05-02T06:46:26+00:00","og_image":[{"width":280,"height":420,"url":"https:\/\/candorsweden.com\/wp-content\/uploads\/2017\/11\/candor_kemi_pattern.png","type":"image\/png"}],"twitter_card":"summary_large_image","twitter_misc":{"Ber\u00e4knad l\u00e4stid":"2 minuter"},"schema":{"@context":"https:\/\/schema.org","@graph":[{"@type":"WebPage","@id":"https:\/\/candorsweden.com\/sv\/anlaggningar\/","url":"https:\/\/candorsweden.com\/sv\/anlaggningar\/","name":"Anl\u00e4ggningar f\u00f6r ytbehandling | Candor Sweden AB","isPartOf":{"@id":"https:\/\/candorsweden.com\/#website"},"primaryImageOfPage":{"@id":"https:\/\/candorsweden.com\/sv\/anlaggningar\/#primaryimage"},"image":{"@id":"https:\/\/candorsweden.com\/sv\/anlaggningar\/#primaryimage"},"thumbnailUrl":"https:\/\/candorsweden.com\/wp-content\/uploads\/2017\/11\/candor_kemi_pattern.png","datePublished":"2017-11-10T12:24:07+00:00","dateModified":"2024-05-02T06:46:26+00:00","description":"Candor utvecklar och tillverkar anl\u00e4ggningar f\u00f6r kontinuerlig ytbehandling av tr\u00e5d och band, konventionell ytbehandling samt vattenrening. H\u00e4r hittar du information och bilder p\u00e5 alla v\u00e5ra anl\u00e4ggningar. F\u00f6r mer information, kontakta John Lindh p\u00e5 john.lindh@candorsweden.com","breadcrumb":{"@id":"https:\/\/candorsweden.com\/sv\/anlaggningar\/#breadcrumb"},"inLanguage":"sv-SE","potentialAction":[{"@type":"ReadAction","target":["https:\/\/candorsweden.com\/sv\/anlaggningar\/"]}]},{"@type":"ImageObject","inLanguage":"sv-SE","@id":"https:\/\/candorsweden.com\/sv\/anlaggningar\/#primaryimage","url":"https:\/\/candorsweden.com\/wp-content\/uploads\/2017\/11\/candor_kemi_pattern.png","contentUrl":"https:\/\/candorsweden.com\/wp-content\/uploads\/2017\/11\/candor_kemi_pattern.png","width":280,"height":420},{"@type":"BreadcrumbList","@id":"https:\/\/candorsweden.com\/sv\/anlaggningar\/#breadcrumb","itemListElement":[{"@type":"ListItem","position":1,"name":"Hem","item":"https:\/\/candorsweden.com\/sv\/"},{"@type":"ListItem","position":2,"name":"Anl\u00e4ggningar"}]},{"@type":"WebSite","@id":"https:\/\/candorsweden.com\/#website","url":"https:\/\/candorsweden.com\/","name":"Candor Sweden","description":"Chemical processes and equipment for surface treatment technology.","potentialAction":[{"@type":"SearchAction","target":{"@type":"EntryPoint","urlTemplate":"https:\/\/candorsweden.com\/?s={search_term_string}"},"query-input":{"@type":"PropertyValueSpecification","valueRequired":true,"valueName":"search_term_string"}}],"inLanguage":"sv-SE"}]}},"_links":{"self":[{"href":"https:\/\/candorsweden.com\/sv\/wp-json\/wp\/v2\/pages\/34","targetHints":{"allow":["GET"]}}],"collection":[{"href":"https:\/\/candorsweden.com\/sv\/wp-json\/wp\/v2\/pages"}],"about":[{"href":"https:\/\/candorsweden.com\/sv\/wp-json\/wp\/v2\/types\/page"}],"author":[{"embeddable":true,"href":"https:\/\/candorsweden.com\/sv\/wp-json\/wp\/v2\/users\/1"}],"replies":[{"embeddable":true,"href":"https:\/\/candorsweden.com\/sv\/wp-json\/wp\/v2\/comments?post=34"}],"version-history":[{"count":14,"href":"https:\/\/candorsweden.com\/sv\/wp-json\/wp\/v2\/pages\/34\/revisions"}],"predecessor-version":[{"id":5648,"href":"https:\/\/candorsweden.com\/sv\/wp-json\/wp\/v2\/pages\/34\/revisions\/5648"}],"wp:featuredmedia":[{"embeddable":true,"href":"https:\/\/candorsweden.com\/sv\/wp-json\/wp\/v2\/media\/117"}],"wp:attachment":[{"href":"https:\/\/candorsweden.com\/sv\/wp-json\/wp\/v2\/media?parent=34"}],"curies":[{"name":"wp","href":"https:\/\/api.w.org\/{rel}","templated":true}]}}