{"id":337,"date":"2017-11-23T13:30:25","date_gmt":"2017-11-23T12:30:25","guid":{"rendered":"https:\/\/candorsweden.com\/?page_id=337"},"modified":"2018-03-20T14:31:56","modified_gmt":"2018-03-20T13:31:56","slug":"lediga-jobb","status":"publish","type":"page","link":"https:\/\/candorsweden.com\/sv\/om-candor\/lediga-jobb\/","title":{"rendered":"Lediga jobb"},"content":{"rendered":"<p><div class=\"fusion-fullwidth fullwidth-box fusion-builder-row-1 nonhundred-percent-fullwidth non-hundred-percent-height-scrolling\" style=\"--awb-border-radius-top-left:0px;--awb-border-radius-top-right:0px;--awb-border-radius-bottom-right:0px;--awb-border-radius-bottom-left:0px;--awb-flex-wrap:wrap;\" ><div class=\"fusion-builder-row fusion-row\"><div class=\"fusion-layout-column fusion_builder_column fusion-builder-column-0 fusion_builder_column_1_1 1_1 fusion-one-full fusion-column-first fusion-column-last\" style=\"--awb-bg-size:cover;--awb-margin-bottom:0px;\"><div class=\"fusion-column-wrapper fusion-flex-column-wrapper-legacy\"><div class=\"fusion-title title fusion-title-1 fusion-sep-none fusion-title-text fusion-title-size-one\" style=\"--awb-margin-bottom:20px;--awb-margin-top-small:0px;--awb-margin-right-small:0px;--awb-margin-bottom-small:20px;--awb-margin-left-small:0px;\"><h1 class=\"fusion-title-heading title-heading-left\" style=\"margin:0;\">Lediga jobb.<\/h1><\/div><div class=\"fusion-clearfix\"><\/div><\/div><\/div><div class=\"fusion-layout-column fusion_builder_column fusion-builder-column-1 fusion_builder_column_1_1 1_1 fusion-one-full fusion-column-first fusion-column-last\" style=\"--awb-bg-size:cover;\"><div class=\"fusion-column-wrapper fusion-flex-column-wrapper-legacy\"><a class=\"post-item\" href=\"https:\/\/candorsweden.com\/sv\/driven-systemekonom-till-candor\/\"><span class=\"icon\"><span class=\"jam jam-user\"><\/span><\/span><span class=\"content\"><h4 class=\"post-title\">Driven systemekonom till Candor!<\/h4><span class=\"name\">Publicerat: 16.09.2025 | Karri\u00e4r<\/span><\/span><span class=\"button\"><\/span><\/a><a class=\"post-item\" href=\"https:\/\/candorsweden.com\/sv\/teknisk-kundansvarig\/\"><span class=\"icon\"><span class=\"jam jam-user\"><\/span><\/span><span class=\"content\"><h4 class=\"post-title\">Teknisk Kundansvarig<\/h4><span class=\"name\">Publicerat: 8.09.2025 | Karri\u00e4r<\/span><\/span><span class=\"button\"><\/span><\/a><div class=\"fusion-clearfix\"><\/div><\/div><\/div><\/div><\/div><div class=\"fusion-fullwidth fullwidth-box fusion-builder-row-2 nonhundred-percent-fullwidth non-hundred-percent-height-scrolling\" style=\"--awb-border-radius-top-left:0px;--awb-border-radius-top-right:0px;--awb-border-radius-bottom-right:0px;--awb-border-radius-bottom-left:0px;--awb-flex-wrap:wrap;\" ><div class=\"fusion-builder-row fusion-row\"><div class=\"fusion-layout-column fusion_builder_column fusion-builder-column-2 fusion_builder_column_1_1 1_1 fusion-one-full fusion-column-first fusion-column-last\" style=\"--awb-bg-size:cover;\"><div class=\"fusion-column-wrapper fusion-flex-column-wrapper-legacy\"><div class=\"fusion-column-content-centered\"><div class=\"fusion-column-content\"><div class=\"fusion-title title fusion-title-2 fusion-sep-none fusion-title-text fusion-title-size-three\" style=\"--awb-margin-top-small:0px;--awb-margin-right-small:0px;--awb-margin-bottom-small:20px;--awb-margin-left-small:0px;\"><h3 class=\"fusion-title-heading title-heading-left\" style=\"margin:0;\">Uppt\u00e4ck v\u00e5ra marknadsomr\u00e5den<\/h3><\/div><div>\n\t<a class=\"grid-item\" href=\"https:\/\/candorsweden.com\/sv\/kemiska-processer\/\"><div class=\"grid-img\" style=\"background-image: url(https:\/\/candorsweden.com\/wp-content\/uploads\/2018\/02\/Labb-02-e1518094764497.jpg)\"><\/div><h4>Kemiska Processer<\/h4><\/a><a class=\"grid-item\" href=\"https:\/\/candorsweden.com\/sv\/metaller\/\"><div class=\"grid-img\" style=\"background-image: url(https:\/\/candorsweden.com\/wp-content\/uploads\/2018\/02\/Metaller-03-edit.jpg)\"><\/div><h4>Metaller<\/h4><\/a><a class=\"grid-item\" href=\"https:\/\/candorsweden.com\/sv\/anlaggningar\/\"><div class=\"grid-img\" style=\"background-image: url(https:\/\/candorsweden.com\/wp-content\/uploads\/2018\/01\/Surface-treatment-line.jpg)\"><\/div><h4>Anl\u00e4ggningar<\/h4><\/a><\/div><\/div><\/div><div class=\"fusion-clearfix\"><\/div><\/div><\/div><\/div><\/div><\/p>\n","protected":false},"excerpt":{"rendered":"","protected":false},"author":1,"featured_media":0,"parent":36,"menu_order":0,"comment_status":"closed","ping_status":"closed","template":"templates\/child-page.php","meta":{"_acf_changed":false,"footnotes":""},"class_list":["post-337","page","type-page","status-publish","hentry"],"acf":[],"yoast_head":"<!-- This site is optimized with the Yoast SEO plugin v27.3 - https:\/\/yoast.com\/product\/yoast-seo-wordpress\/ -->\n<title>Lediga jobb \u2013 jobbm\u00f6jligheter hos Candor | Candor Sweden AB<\/title>\n<meta name=\"description\" content=\"Vill du arbeta p\u00e5 en ledande leverant\u00f6r av kemiska processer och utrustning f\u00f6r ytbehandlingsindustrin? S\u00f6k jobb hos oss! H\u00e4r ser du de tj\u00e4nster som finns tillg\u00e4ngliga just nu.\" \/>\n<meta name=\"robots\" content=\"index, follow, max-snippet:-1, max-image-preview:large, max-video-preview:-1\" \/>\n<link rel=\"canonical\" href=\"https:\/\/candorsweden.com\/sv\/om-candor\/lediga-jobb\/\" \/>\n<meta property=\"og:locale\" content=\"sv_SE\" \/>\n<meta property=\"og:type\" content=\"article\" \/>\n<meta property=\"og:title\" content=\"Lediga jobb \u2013 jobbm\u00f6jligheter hos Candor | Candor Sweden AB\" \/>\n<meta property=\"og:description\" content=\"Vill du arbeta p\u00e5 en ledande leverant\u00f6r av kemiska processer och utrustning f\u00f6r ytbehandlingsindustrin? S\u00f6k jobb hos oss! H\u00e4r ser du de tj\u00e4nster som finns tillg\u00e4ngliga just nu.\" \/>\n<meta property=\"og:url\" content=\"https:\/\/candorsweden.com\/sv\/om-candor\/lediga-jobb\/\" \/>\n<meta property=\"og:site_name\" content=\"Candor Sweden\" \/>\n<meta property=\"article:modified_time\" content=\"2018-03-20T13:31:56+00:00\" \/>\n<meta name=\"twitter:card\" content=\"summary_large_image\" \/>\n<meta name=\"twitter:label1\" content=\"Ber\u00e4knad l\u00e4stid\" \/>\n\t<meta name=\"twitter:data1\" content=\"3 minuter\" \/>\n<script type=\"application\/ld+json\" class=\"yoast-schema-graph\">{\"@context\":\"https:\\\/\\\/schema.org\",\"@graph\":[{\"@type\":\"WebPage\",\"@id\":\"https:\\\/\\\/candorsweden.com\\\/sv\\\/om-candor\\\/lediga-jobb\\\/\",\"url\":\"https:\\\/\\\/candorsweden.com\\\/sv\\\/om-candor\\\/lediga-jobb\\\/\",\"name\":\"Lediga jobb \u2013 jobbm\u00f6jligheter hos Candor | Candor Sweden AB\",\"isPartOf\":{\"@id\":\"https:\\\/\\\/candorsweden.com\\\/#website\"},\"datePublished\":\"2017-11-23T12:30:25+00:00\",\"dateModified\":\"2018-03-20T13:31:56+00:00\",\"description\":\"Vill du arbeta p\u00e5 en ledande leverant\u00f6r av kemiska processer och utrustning f\u00f6r ytbehandlingsindustrin? S\u00f6k jobb hos oss! H\u00e4r ser du de tj\u00e4nster som finns tillg\u00e4ngliga just nu.\",\"breadcrumb\":{\"@id\":\"https:\\\/\\\/candorsweden.com\\\/sv\\\/om-candor\\\/lediga-jobb\\\/#breadcrumb\"},\"inLanguage\":\"sv-SE\",\"potentialAction\":[{\"@type\":\"ReadAction\",\"target\":[\"https:\\\/\\\/candorsweden.com\\\/sv\\\/om-candor\\\/lediga-jobb\\\/\"]}]},{\"@type\":\"BreadcrumbList\",\"@id\":\"https:\\\/\\\/candorsweden.com\\\/sv\\\/om-candor\\\/lediga-jobb\\\/#breadcrumb\",\"itemListElement\":[{\"@type\":\"ListItem\",\"position\":1,\"name\":\"Hem\",\"item\":\"https:\\\/\\\/candorsweden.com\\\/sv\\\/\"},{\"@type\":\"ListItem\",\"position\":2,\"name\":\"Om Candor\",\"item\":\"https:\\\/\\\/candorsweden.com\\\/sv\\\/om-candor\\\/\"},{\"@type\":\"ListItem\",\"position\":3,\"name\":\"Lediga jobb\"}]},{\"@type\":\"WebSite\",\"@id\":\"https:\\\/\\\/candorsweden.com\\\/#website\",\"url\":\"https:\\\/\\\/candorsweden.com\\\/\",\"name\":\"Candor Sweden\",\"description\":\"Chemical processes and equipment for surface treatment technology.\",\"potentialAction\":[{\"@type\":\"SearchAction\",\"target\":{\"@type\":\"EntryPoint\",\"urlTemplate\":\"https:\\\/\\\/candorsweden.com\\\/?s={search_term_string}\"},\"query-input\":{\"@type\":\"PropertyValueSpecification\",\"valueRequired\":true,\"valueName\":\"search_term_string\"}}],\"inLanguage\":\"sv-SE\"}]}<\/script>\n<!-- \/ Yoast SEO plugin. -->","yoast_head_json":{"title":"Lediga jobb \u2013 jobbm\u00f6jligheter hos Candor | Candor Sweden AB","description":"Vill du arbeta p\u00e5 en ledande leverant\u00f6r av kemiska processer och utrustning f\u00f6r ytbehandlingsindustrin? S\u00f6k jobb hos oss! H\u00e4r ser du de tj\u00e4nster som finns tillg\u00e4ngliga just nu.","robots":{"index":"index","follow":"follow","max-snippet":"max-snippet:-1","max-image-preview":"max-image-preview:large","max-video-preview":"max-video-preview:-1"},"canonical":"https:\/\/candorsweden.com\/sv\/om-candor\/lediga-jobb\/","og_locale":"sv_SE","og_type":"article","og_title":"Lediga jobb \u2013 jobbm\u00f6jligheter hos Candor | Candor Sweden AB","og_description":"Vill du arbeta p\u00e5 en ledande leverant\u00f6r av kemiska processer och utrustning f\u00f6r ytbehandlingsindustrin? S\u00f6k jobb hos oss! H\u00e4r ser du de tj\u00e4nster som finns tillg\u00e4ngliga just nu.","og_url":"https:\/\/candorsweden.com\/sv\/om-candor\/lediga-jobb\/","og_site_name":"Candor Sweden","article_modified_time":"2018-03-20T13:31:56+00:00","twitter_card":"summary_large_image","twitter_misc":{"Ber\u00e4knad l\u00e4stid":"3 minuter"},"schema":{"@context":"https:\/\/schema.org","@graph":[{"@type":"WebPage","@id":"https:\/\/candorsweden.com\/sv\/om-candor\/lediga-jobb\/","url":"https:\/\/candorsweden.com\/sv\/om-candor\/lediga-jobb\/","name":"Lediga jobb \u2013 jobbm\u00f6jligheter hos Candor | Candor Sweden AB","isPartOf":{"@id":"https:\/\/candorsweden.com\/#website"},"datePublished":"2017-11-23T12:30:25+00:00","dateModified":"2018-03-20T13:31:56+00:00","description":"Vill du arbeta p\u00e5 en ledande leverant\u00f6r av kemiska processer och utrustning f\u00f6r ytbehandlingsindustrin? S\u00f6k jobb hos oss! H\u00e4r ser du de tj\u00e4nster som finns tillg\u00e4ngliga just nu.","breadcrumb":{"@id":"https:\/\/candorsweden.com\/sv\/om-candor\/lediga-jobb\/#breadcrumb"},"inLanguage":"sv-SE","potentialAction":[{"@type":"ReadAction","target":["https:\/\/candorsweden.com\/sv\/om-candor\/lediga-jobb\/"]}]},{"@type":"BreadcrumbList","@id":"https:\/\/candorsweden.com\/sv\/om-candor\/lediga-jobb\/#breadcrumb","itemListElement":[{"@type":"ListItem","position":1,"name":"Hem","item":"https:\/\/candorsweden.com\/sv\/"},{"@type":"ListItem","position":2,"name":"Om Candor","item":"https:\/\/candorsweden.com\/sv\/om-candor\/"},{"@type":"ListItem","position":3,"name":"Lediga jobb"}]},{"@type":"WebSite","@id":"https:\/\/candorsweden.com\/#website","url":"https:\/\/candorsweden.com\/","name":"Candor Sweden","description":"Chemical processes and equipment for surface treatment technology.","potentialAction":[{"@type":"SearchAction","target":{"@type":"EntryPoint","urlTemplate":"https:\/\/candorsweden.com\/?s={search_term_string}"},"query-input":{"@type":"PropertyValueSpecification","valueRequired":true,"valueName":"search_term_string"}}],"inLanguage":"sv-SE"}]}},"_links":{"self":[{"href":"https:\/\/candorsweden.com\/sv\/wp-json\/wp\/v2\/pages\/337","targetHints":{"allow":["GET"]}}],"collection":[{"href":"https:\/\/candorsweden.com\/sv\/wp-json\/wp\/v2\/pages"}],"about":[{"href":"https:\/\/candorsweden.com\/sv\/wp-json\/wp\/v2\/types\/page"}],"author":[{"embeddable":true,"href":"https:\/\/candorsweden.com\/sv\/wp-json\/wp\/v2\/users\/1"}],"replies":[{"embeddable":true,"href":"https:\/\/candorsweden.com\/sv\/wp-json\/wp\/v2\/comments?post=337"}],"version-history":[{"count":11,"href":"https:\/\/candorsweden.com\/sv\/wp-json\/wp\/v2\/pages\/337\/revisions"}],"predecessor-version":[{"id":2759,"href":"https:\/\/candorsweden.com\/sv\/wp-json\/wp\/v2\/pages\/337\/revisions\/2759"}],"up":[{"embeddable":true,"href":"https:\/\/candorsweden.com\/sv\/wp-json\/wp\/v2\/pages\/36"}],"wp:attachment":[{"href":"https:\/\/candorsweden.com\/sv\/wp-json\/wp\/v2\/media?parent=337"}],"curies":[{"name":"wp","href":"https:\/\/api.w.org\/{rel}","templated":true}]}}