{"id":28,"date":"2017-11-10T13:23:33","date_gmt":"2017-11-10T12:23:33","guid":{"rendered":"https:\/\/candorsweden.com\/?page_id=28"},"modified":"2018-02-12T11:57:38","modified_gmt":"2018-02-12T10:57:38","slug":"marknadsomraden","status":"publish","type":"page","link":"https:\/\/candorsweden.com\/sv\/marknadsomraden\/","title":{"rendered":"Marknadsomr\u00e5den"},"content":{"rendered":"<div class=\"fusion-fullwidth fullwidth-box fusion-builder-row-1 section nonhundred-percent-fullwidth non-hundred-percent-height-scrolling\" style=\"--awb-border-radius-top-left:0px;--awb-border-radius-top-right:0px;--awb-border-radius-bottom-right:0px;--awb-border-radius-bottom-left:0px;--awb-flex-wrap:wrap;\" ><div class=\"fusion-builder-row fusion-row\"><div class=\"fusion-layout-column fusion_builder_column fusion-builder-column-0 fusion_builder_column_1_1 1_1 fusion-one-full fusion-column-first fusion-column-last\" style=\"--awb-bg-size:cover;\"><div class=\"fusion-column-wrapper fusion-flex-column-wrapper-legacy\"><div class=\"fusion-title title fusion-title-1 fusion-sep-none fusion-title-text fusion-title-size-one\"><h1 class=\"fusion-title-heading title-heading-left\" style=\"margin:0;\">Marknadsomr\u00e5den.<\/h1><\/div><div class=\"fusion-text fusion-text-1\"><p>Candor tillverkar och levererar specialkemikalier, metaller och utrustning f\u00f6r ytbehandlings- verkstads- och elektronikindustrin. Vi utvecklar och tillverkar \u00e4ven anl\u00e4ggningar f\u00f6r kontinuerlig ytbehandling av tr\u00e5d och band, konventionella doppanl\u00e4ggningar och vattenrening. Utforska v\u00e5ra marknadsomr\u00e5den genom att trycka p\u00e5 l\u00e4nkarna nedan.<\/p>\n<\/div><div>\n\t<a class=\"grid-item\" href=\"https:\/\/candorsweden.com\/sv\/kemiska-processer\/\"><div class=\"grid-img\" style=\"background-image: url(https:\/\/candorsweden.com\/wp-content\/uploads\/2018\/02\/Labb-02-e1518094764497.jpg)\"><\/div><h4>Kemiska Processer<\/h4><\/a><a class=\"grid-item\" href=\"https:\/\/candorsweden.com\/sv\/metaller\/\"><div class=\"grid-img\" style=\"background-image: url(https:\/\/candorsweden.com\/wp-content\/uploads\/2018\/02\/Metaller-03-edit.jpg)\"><\/div><h4>Metaller<\/h4><\/a><a class=\"grid-item\" href=\"https:\/\/candorsweden.com\/sv\/anlaggningar\/\"><div class=\"grid-img\" style=\"background-image: url(https:\/\/candorsweden.com\/wp-content\/uploads\/2018\/01\/Surface-treatment-line.jpg)\"><\/div><h4>Anl\u00e4ggningar<\/h4><\/a><\/div><div class=\"fusion-clearfix\"><\/div><\/div><\/div><\/div><\/div>\n","protected":false},"excerpt":{"rendered":"","protected":false},"author":1,"featured_media":0,"parent":0,"menu_order":0,"comment_status":"closed","ping_status":"closed","template":"templates\/child-page.php","meta":{"_acf_changed":false,"footnotes":""},"class_list":["post-28","page","type-page","status-publish","hentry"],"acf":[],"yoast_head":"<!-- This site is optimized with the Yoast SEO plugin v25.3 - https:\/\/yoast.com\/wordpress\/plugins\/seo\/ -->\n<title>Kemiska processer, metaller och anl\u00e4ggningar |\u00a0Candor Sweden AB<\/title>\n<meta name=\"description\" content=\"Candor tillverkar och levererar specialkemikalier, metaller och utrustning f\u00f6r ytbehandlings- verkstads- och elektronikindustrin. Utforska v\u00e5ra marknadsomr\u00e5den p\u00e5 den h\u00e4r sidan, eller kontakta oss f\u00f6r mer information.\" \/>\n<meta name=\"robots\" content=\"index, follow, max-snippet:-1, max-image-preview:large, max-video-preview:-1\" \/>\n<link rel=\"canonical\" href=\"https:\/\/candorsweden.com\/sv\/marknadsomraden\/\" \/>\n<meta property=\"og:locale\" content=\"sv_SE\" \/>\n<meta property=\"og:type\" content=\"article\" \/>\n<meta property=\"og:title\" content=\"Kemiska processer, metaller och anl\u00e4ggningar |\u00a0Candor Sweden AB\" \/>\n<meta property=\"og:description\" content=\"Candor tillverkar och levererar specialkemikalier, metaller och utrustning f\u00f6r ytbehandlings- verkstads- och elektronikindustrin. Utforska v\u00e5ra marknadsomr\u00e5den p\u00e5 den h\u00e4r sidan, eller kontakta oss f\u00f6r mer information.\" \/>\n<meta property=\"og:url\" content=\"https:\/\/candorsweden.com\/sv\/marknadsomraden\/\" \/>\n<meta property=\"og:site_name\" content=\"Candor Sweden\" \/>\n<meta property=\"article:modified_time\" content=\"2018-02-12T10:57:38+00:00\" \/>\n<meta name=\"twitter:card\" content=\"summary_large_image\" \/>\n<meta name=\"twitter:label1\" content=\"Ber\u00e4knad l\u00e4stid\" \/>\n\t<meta name=\"twitter:data1\" content=\"1 minut\" \/>\n<script type=\"application\/ld+json\" class=\"yoast-schema-graph\">{\"@context\":\"https:\/\/schema.org\",\"@graph\":[{\"@type\":\"WebPage\",\"@id\":\"https:\/\/candorsweden.com\/sv\/marknadsomraden\/\",\"url\":\"https:\/\/candorsweden.com\/sv\/marknadsomraden\/\",\"name\":\"Kemiska processer, metaller och anl\u00e4ggningar |\u00a0Candor Sweden AB\",\"isPartOf\":{\"@id\":\"https:\/\/candorsweden.com\/#website\"},\"datePublished\":\"2017-11-10T12:23:33+00:00\",\"dateModified\":\"2018-02-12T10:57:38+00:00\",\"description\":\"Candor tillverkar och levererar specialkemikalier, metaller och utrustning f\u00f6r ytbehandlings- verkstads- och elektronikindustrin. Utforska v\u00e5ra marknadsomr\u00e5den p\u00e5 den h\u00e4r sidan, eller kontakta oss f\u00f6r mer information.\",\"breadcrumb\":{\"@id\":\"https:\/\/candorsweden.com\/sv\/marknadsomraden\/#breadcrumb\"},\"inLanguage\":\"sv-SE\",\"potentialAction\":[{\"@type\":\"ReadAction\",\"target\":[\"https:\/\/candorsweden.com\/sv\/marknadsomraden\/\"]}]},{\"@type\":\"BreadcrumbList\",\"@id\":\"https:\/\/candorsweden.com\/sv\/marknadsomraden\/#breadcrumb\",\"itemListElement\":[{\"@type\":\"ListItem\",\"position\":1,\"name\":\"Hem\",\"item\":\"https:\/\/candorsweden.com\/sv\/\"},{\"@type\":\"ListItem\",\"position\":2,\"name\":\"Marknadsomr\u00e5den\"}]},{\"@type\":\"WebSite\",\"@id\":\"https:\/\/candorsweden.com\/#website\",\"url\":\"https:\/\/candorsweden.com\/\",\"name\":\"Candor Sweden\",\"description\":\"Chemical processes and equipment for surface treatment technology.\",\"potentialAction\":[{\"@type\":\"SearchAction\",\"target\":{\"@type\":\"EntryPoint\",\"urlTemplate\":\"https:\/\/candorsweden.com\/?s={search_term_string}\"},\"query-input\":{\"@type\":\"PropertyValueSpecification\",\"valueRequired\":true,\"valueName\":\"search_term_string\"}}],\"inLanguage\":\"sv-SE\"}]}<\/script>\n<!-- \/ Yoast SEO plugin. -->","yoast_head_json":{"title":"Kemiska processer, metaller och anl\u00e4ggningar |\u00a0Candor Sweden AB","description":"Candor tillverkar och levererar specialkemikalier, metaller och utrustning f\u00f6r ytbehandlings- verkstads- och elektronikindustrin. Utforska v\u00e5ra marknadsomr\u00e5den p\u00e5 den h\u00e4r sidan, eller kontakta oss f\u00f6r mer information.","robots":{"index":"index","follow":"follow","max-snippet":"max-snippet:-1","max-image-preview":"max-image-preview:large","max-video-preview":"max-video-preview:-1"},"canonical":"https:\/\/candorsweden.com\/sv\/marknadsomraden\/","og_locale":"sv_SE","og_type":"article","og_title":"Kemiska processer, metaller och anl\u00e4ggningar |\u00a0Candor Sweden AB","og_description":"Candor tillverkar och levererar specialkemikalier, metaller och utrustning f\u00f6r ytbehandlings- verkstads- och elektronikindustrin. Utforska v\u00e5ra marknadsomr\u00e5den p\u00e5 den h\u00e4r sidan, eller kontakta oss f\u00f6r mer information.","og_url":"https:\/\/candorsweden.com\/sv\/marknadsomraden\/","og_site_name":"Candor Sweden","article_modified_time":"2018-02-12T10:57:38+00:00","twitter_card":"summary_large_image","twitter_misc":{"Ber\u00e4knad l\u00e4stid":"1 minut"},"schema":{"@context":"https:\/\/schema.org","@graph":[{"@type":"WebPage","@id":"https:\/\/candorsweden.com\/sv\/marknadsomraden\/","url":"https:\/\/candorsweden.com\/sv\/marknadsomraden\/","name":"Kemiska processer, metaller och anl\u00e4ggningar |\u00a0Candor Sweden AB","isPartOf":{"@id":"https:\/\/candorsweden.com\/#website"},"datePublished":"2017-11-10T12:23:33+00:00","dateModified":"2018-02-12T10:57:38+00:00","description":"Candor tillverkar och levererar specialkemikalier, metaller och utrustning f\u00f6r ytbehandlings- verkstads- och elektronikindustrin. Utforska v\u00e5ra marknadsomr\u00e5den p\u00e5 den h\u00e4r sidan, eller kontakta oss f\u00f6r mer information.","breadcrumb":{"@id":"https:\/\/candorsweden.com\/sv\/marknadsomraden\/#breadcrumb"},"inLanguage":"sv-SE","potentialAction":[{"@type":"ReadAction","target":["https:\/\/candorsweden.com\/sv\/marknadsomraden\/"]}]},{"@type":"BreadcrumbList","@id":"https:\/\/candorsweden.com\/sv\/marknadsomraden\/#breadcrumb","itemListElement":[{"@type":"ListItem","position":1,"name":"Hem","item":"https:\/\/candorsweden.com\/sv\/"},{"@type":"ListItem","position":2,"name":"Marknadsomr\u00e5den"}]},{"@type":"WebSite","@id":"https:\/\/candorsweden.com\/#website","url":"https:\/\/candorsweden.com\/","name":"Candor Sweden","description":"Chemical processes and equipment for surface treatment technology.","potentialAction":[{"@type":"SearchAction","target":{"@type":"EntryPoint","urlTemplate":"https:\/\/candorsweden.com\/?s={search_term_string}"},"query-input":{"@type":"PropertyValueSpecification","valueRequired":true,"valueName":"search_term_string"}}],"inLanguage":"sv-SE"}]}},"_links":{"self":[{"href":"https:\/\/candorsweden.com\/sv\/wp-json\/wp\/v2\/pages\/28","targetHints":{"allow":["GET"]}}],"collection":[{"href":"https:\/\/candorsweden.com\/sv\/wp-json\/wp\/v2\/pages"}],"about":[{"href":"https:\/\/candorsweden.com\/sv\/wp-json\/wp\/v2\/types\/page"}],"author":[{"embeddable":true,"href":"https:\/\/candorsweden.com\/sv\/wp-json\/wp\/v2\/users\/1"}],"replies":[{"embeddable":true,"href":"https:\/\/candorsweden.com\/sv\/wp-json\/wp\/v2\/comments?post=28"}],"version-history":[{"count":7,"href":"https:\/\/candorsweden.com\/sv\/wp-json\/wp\/v2\/pages\/28\/revisions"}],"predecessor-version":[{"id":922,"href":"https:\/\/candorsweden.com\/sv\/wp-json\/wp\/v2\/pages\/28\/revisions\/922"}],"wp:attachment":[{"href":"https:\/\/candorsweden.com\/sv\/wp-json\/wp\/v2\/media?parent=28"}],"curies":[{"name":"wp","href":"https:\/\/api.w.org\/{rel}","templated":true}]}}