{"id":194,"date":"2017-11-16T10:49:00","date_gmt":"2017-11-16T09:49:00","guid":{"rendered":"https:\/\/candorsweden.com\/?page_id=194"},"modified":"2022-03-25T13:23:08","modified_gmt":"2022-03-25T12:23:08","slug":"reservdelar","status":"publish","type":"page","link":"https:\/\/candorsweden.com\/sv\/anlaggningar\/reservdelar\/","title":{"rendered":"Reservdelar"},"content":{"rendered":"<p><div class=\"fusion-fullwidth fullwidth-box fusion-builder-row-1 underundersida-cont nonhundred-percent-fullwidth non-hundred-percent-height-scrolling\" style=\"--awb-border-radius-top-left:0px;--awb-border-radius-top-right:0px;--awb-border-radius-bottom-right:0px;--awb-border-radius-bottom-left:0px;--awb-flex-wrap:wrap;\" ><div class=\"fusion-builder-row fusion-row\"><div class=\"fusion-layout-column fusion_builder_column fusion-builder-column-0 fusion_builder_column_1_1 1_1 fusion-one-full fusion-column-first fusion-column-last\" style=\"--awb-bg-size:cover;\"><div class=\"fusion-column-wrapper fusion-flex-column-wrapper-legacy\"><div class=\"fusion-title title fusion-title-1 fusion-sep-none fusion-title-text fusion-title-size-one\"><h1 class=\"fusion-title-heading title-heading-left\" style=\"margin:0;\">Reservdelar.<\/h1><\/div><div class=\"fusion-text fusion-text-1\"><p>Candor erbjuder ett brett urval av reservdelar och tillbeh\u00f6r till ytbehandlingsanl\u00e4ggningar.\u00a0 Med v\u00e5rt stora\u00a0n\u00e4tverk av leverant\u00f6rer ser vi fram emot att hj\u00e4lpa er med det just ni beh\u00f6ver till er anl\u00e4ggning.<\/p>\n<\/div><div class=\"fusion-text fusion-text-2\"><p>Candor tillhandah\u00e5ller specialtillverkade delar och standardkomponenter av olika slag och omfattning, till exempel:<\/p>\n<\/div><div class=\"fusion-clearfix\"><\/div><\/div><\/div><div class=\"fusion-layout-column fusion_builder_column fusion-builder-column-1 fusion_builder_column_1_2 1_2 fusion-one-half fusion-column-first\" style=\"--awb-bg-size:cover;width:50%;width:calc(50% - ( ( 4% ) * 0.5 ) );margin-right: 4%;\"><div class=\"fusion-column-wrapper fusion-flex-column-wrapper-legacy\"><div class=\"fusion-text fusion-text-3\"><ul>\n<li>Specialtillverkade delar efter ritningar.<\/li>\n<li>Badv\u00e4rmare, niv\u00e5vakter och temperaturreglering.<\/li>\n<li>Pumpar, omr\u00f6rare och filterutrustning.<\/li>\n<li>Filterp\u00e5sar, filterpapper och patroner finns p\u00e5 lager.<\/li>\n<li>Likriktare, anoder och anodkorgar.<\/li>\n<\/ul>\n<\/div><div class=\"fusion-clearfix\"><\/div><\/div><\/div><div class=\"fusion-layout-column fusion_builder_column fusion-builder-column-2 fusion_builder_column_1_2 1_2 fusion-one-half fusion-column-last\" style=\"--awb-bg-size:cover;width:50%;width:calc(50% - ( ( 4% ) * 0.5 ) );\"><div class=\"fusion-column-wrapper fusion-flex-column-wrapper-legacy\"><div class=\"fusion-text fusion-text-4\"><ul>\n<li>Ventilationsfl\u00e4ktar, droppavskiljare och skrubbrar.<\/li>\n<li>Motorer, v\u00e4xlar och olika lyftremmar.<\/li>\n<li>Skikttjockleksm\u00e4tare.<\/li>\n<li>Hullceller och annan laboratorieutrustning.<\/li>\n<\/ul>\n<\/div><div class=\"fusion-clearfix\"><\/div><\/div><\/div><\/div><\/div><div class=\"fusion-fullwidth fullwidth-box fusion-builder-row-2 nonhundred-percent-fullwidth non-hundred-percent-height-scrolling\" style=\"--awb-border-radius-top-left:0px;--awb-border-radius-top-right:0px;--awb-border-radius-bottom-right:0px;--awb-border-radius-bottom-left:0px;--awb-flex-wrap:wrap;\" ><div class=\"fusion-builder-row fusion-row\"><div class=\"fusion-layout-column fusion_builder_column fusion-builder-column-3 fusion_builder_column_1_1 1_1 fusion-one-full fusion-column-first fusion-column-last\" style=\"--awb-bg-size:cover;\"><div class=\"fusion-column-wrapper fusion-flex-column-wrapper-legacy\"><div class=\"accordian fusion-accordian image-toggle\" style=\"--awb-border-size:1px;--awb-icon-size:13px;--awb-content-font-size:16px;--awb-icon-alignment:left;--awb-hover-color:#f9f9f9;--awb-border-color:#cccccc;--awb-background-color:#ffffff;--awb-divider-color:#e0dede;--awb-divider-hover-color:#e0dede;--awb-icon-color:#fce123;--awb-title-color:#333333;--awb-content-color:#000000;--awb-icon-box-color:#ffffff;--awb-toggle-hover-accent-color:#304ffe;--awb-title-font-family:&quot;Poppins&quot;;--awb-title-font-weight:700;--awb-title-font-style:normal;--awb-title-font-size:16px;--awb-content-font-family:&quot;Inconsolata&quot;;--awb-content-font-style:normal;--awb-content-font-weight:400;\"><div class=\"panel-group fusion-toggle-icon-boxed\" id=\"accordion-194-1\"><div class=\"fusion-panel panel-default panel-cb652560f6f373bce fusion-toggle-no-divider\"><div class=\"panel-heading\"><h4 class=\"panel-title toggle\" id=\"toggle_cb652560f6f373bce\"><a aria-expanded=\"false\" aria-controls=\"cb652560f6f373bce\" role=\"button\" data-toggle=\"collapse\" data-parent=\"#accordion-194-1\" data-target=\"#cb652560f6f373bce\" href=\"#cb652560f6f373bce\"><span class=\"fusion-toggle-icon-wrapper\" aria-hidden=\"true\"><i class=\"fa-fusion-box active-icon awb-icon-minus\" aria-hidden=\"true\"><\/i><i class=\"fa-fusion-box inactive-icon awb-icon-plus\" aria-hidden=\"true\"><\/i><\/span><span class=\"fusion-toggle-heading\">Exempelbilder<\/span><\/a><\/h4><\/div><div id=\"cb652560f6f373bce\" class=\"panel-collapse collapse \" aria-labelledby=\"toggle_cb652560f6f373bce\"><div class=\"panel-body toggle-content fusion-clearfix\">\n<div class=\"fusion-image-carousel fusion-image-carousel-auto fusion-image-carousel-1 lightbox-enabled\"><div class=\"awb-carousel awb-swiper awb-swiper-carousel awb-swiper-dots-position-bottom awb-carousel--carousel\" data-layout=\"carousel\" data-autoplay=\"no\" data-autoplayspeed=\"2500\" data-autoplaypause=\"no\" data-columns=\"2\" data-itemmargin=\"30\" data-itemwidth=\"180\" data-touchscroll=\"no\" data-freemode=\"no\" data-imagesize=\"auto\" data-scrollitems=\"0\" data-centeredslides=\"no\" data-rotationangle=\"50\" data-depth=\"100\" data-speed=\"500\" data-shadow=\"no\" style=\"--awb-columns:2;--awb-column-spacing:30px;\"><div class=\"swiper-wrapper awb-image-carousel-wrapper fusion-flex-align-items-center\"><div class=\"swiper-slide\"><div class=\"fusion-carousel-item-wrapper\"><div class=\"fusion-image-wrapper hover-type-none\"><a data-rel=\"iLightbox[image_carousel_1]\" data-title=\"Wire-pre-treatment\" aria-label=\"Wire-pre-treatment\" href=\"https:\/\/candorsweden.com\/wp-content\/uploads\/2017\/12\/Wire-pre-treatment.jpg\" target=\"_self\"><img decoding=\"async\" width=\"1000\" height=\"667\" src=\"https:\/\/candorsweden.com\/wp-content\/uploads\/2017\/12\/Wire-pre-treatment.jpg\" class=\"attachment-full size-full\" alt=\"Bild p\u00e5 anl\u00e4ggning, wire pre treatment\" srcset=\"https:\/\/candorsweden.com\/wp-content\/uploads\/2017\/12\/Wire-pre-treatment-200x133.jpg 200w, https:\/\/candorsweden.com\/wp-content\/uploads\/2017\/12\/Wire-pre-treatment-400x267.jpg 400w, https:\/\/candorsweden.com\/wp-content\/uploads\/2017\/12\/Wire-pre-treatment-600x400.jpg 600w, https:\/\/candorsweden.com\/wp-content\/uploads\/2017\/12\/Wire-pre-treatment-800x534.jpg 800w, https:\/\/candorsweden.com\/wp-content\/uploads\/2017\/12\/Wire-pre-treatment.jpg 1000w\" sizes=\"(min-width: 2200px) 100vw, (min-width: 712px) 555px, (min-width: 640px) 712px, \" \/><\/a><\/div><\/div><\/div><div class=\"swiper-slide\"><div class=\"fusion-carousel-item-wrapper\"><div class=\"fusion-image-wrapper hover-type-none\"><a data-rel=\"iLightbox[image_carousel_1]\" href=\"https:\/\/candorsweden.com\/wp-content\/uploads\/2017\/12\/Surface-treatment-line-Automatic-transporter-2.jpg\" target=\"_self\"><img decoding=\"async\" src=\"https:\/\/candorsweden.com\/wp-content\/uploads\/2017\/12\/Surface-treatment-line-Automatic-transporter-2.jpg\" alt=\"\"\/><\/a><\/div><\/div><\/div><\/div><\/div><\/div>\n<\/div><\/div><\/div><\/div><\/div><div class=\"fusion-clearfix\"><\/div><\/div><\/div><\/div><\/div><div class=\"fusion-fullwidth fullwidth-box fusion-builder-row-3 section nonhundred-percent-fullwidth non-hundred-percent-height-scrolling\" style=\"--awb-border-radius-top-left:0px;--awb-border-radius-top-right:0px;--awb-border-radius-bottom-right:0px;--awb-border-radius-bottom-left:0px;--awb-flex-wrap:wrap;\" ><div class=\"fusion-builder-row fusion-row\"><div class=\"fusion-layout-column fusion_builder_column fusion-builder-column-4 fusion_builder_column_1_1 1_1 fusion-one-full fusion-column-first fusion-column-last\" style=\"--awb-bg-size:cover;\"><div class=\"fusion-column-wrapper fusion-flex-column-wrapper-legacy\"><div class=\"fusion-title title fusion-title-2 fusion-sep-none fusion-title-text fusion-title-size-two\"><h2 class=\"fusion-title-heading title-heading-left\" style=\"margin:0;\">Vill du veta mer?<\/h2><\/div>\n<div class=\"content-card-wrapper clearfix\">\n\t<div class=\"contact-card-alternate\">\n\t\t<div class=\"border\" style=\"background-image: url(\/wp-content\/uploads\/2017\/11\/candor_kemi_pattern.png);\"><\/div>\n\t\t<div class=\"contact-content\">\n\t\t\t<h4>Letar du efter reservdelar?<\/h4>\n\t\t\t<p>Kontakta G\u00f6ran Br\u00f6nnert<\/p>\n\t\t\t<p>+46(0)11 217579<\/p>\n\t\t\t<p>+46(0)708 21 75 79<\/p>\n\t\t\t<p> goran.bronnert@candorsweden.com<\/p>\n\t\t<\/div> <!-- End contact content -->\n\t<\/div> <!-- End contact card -->\n\t<a class=\"all-contacts\" href=\"\/sv\/kontakta-oss\">\n\t\t<div class=\"contact-content\">\n\t\t\t<h4>Alla kontakter<\/h4>\n\t\t\t<p>S\u00f6ker du n\u00e5gon? H\u00e4r finns samtliga kontaktpersoner.<\/p>\n\t\t<\/div>\n\t<\/a> <!-- end all contacts -->\n<\/div> <!-- end content card wrapper --><div class=\"fusion-alignright\"><a class=\"fusion-button button-3d fusion-button-default-size button-default fusion-button-default button-1 fusion-button-default-span fusion-button-default-type small\" target=\"_self\" href=\"\/kontakta-oss\"><span class=\"fusion-button-text awb-button__text awb-button__text--default\">Fler kontaktuppgifter<\/span><\/a><\/div><div class=\"fusion-clearfix\"><\/div><\/div><\/div><div class=\"fusion-layout-column fusion_builder_column fusion-builder-column-5 fusion_builder_column_1_1 1_1 fusion-one-full fusion-column-first fusion-column-last\" style=\"--awb-bg-size:cover;\"><div class=\"fusion-column-wrapper fusion-flex-column-wrapper-legacy\"><div class=\"fusion-column-content-centered\"><div class=\"fusion-column-content\"><div class=\"fusion-title title fusion-title-3 fusion-sep-none fusion-title-text fusion-title-size-three\"><h3 class=\"fusion-title-heading title-heading-left\" style=\"margin:0;\">Uppt\u00e4ck v\u00e5ra marknadsomr\u00e5den<\/h3><\/div><\/div><\/div><div class=\"fusion-clearfix\"><\/div><\/div><\/div><div class=\"fusion-layout-column fusion_builder_column fusion-builder-column-6 fusion_builder_column_1_1 1_1 fusion-one-full fusion-column-first fusion-column-last\" style=\"--awb-bg-size:cover;\"><div class=\"fusion-column-wrapper fusion-flex-column-wrapper-legacy\"><div class=\"fusion-column-content-centered\"><div class=\"fusion-column-content\"><div>\n\t<a class=\"grid-item\" href=\"https:\/\/candorsweden.com\/sv\/kemiska-processer\/\"><div class=\"grid-img\" style=\"background-image: url(https:\/\/candorsweden.com\/wp-content\/uploads\/2018\/02\/Labb-02-e1518094764497.jpg)\"><\/div><h4>Kemiska Processer<\/h4><\/a><a class=\"grid-item\" href=\"https:\/\/candorsweden.com\/sv\/metaller\/\"><div class=\"grid-img\" style=\"background-image: url(https:\/\/candorsweden.com\/wp-content\/uploads\/2018\/02\/Metaller-03-edit.jpg)\"><\/div><h4>Metaller<\/h4><\/a><a class=\"grid-item\" href=\"https:\/\/candorsweden.com\/sv\/anlaggningar\/\"><div class=\"grid-img\" style=\"background-image: url(https:\/\/candorsweden.com\/wp-content\/uploads\/2018\/01\/Surface-treatment-line.jpg)\"><\/div><h4>Anl\u00e4ggningar<\/h4><\/a><\/div><\/div><\/div><div class=\"fusion-clearfix\"><\/div><\/div><\/div><\/div><\/div>\n<\/p>\n","protected":false},"excerpt":{"rendered":"","protected":false},"author":1,"featured_media":0,"parent":34,"menu_order":7,"comment_status":"closed","ping_status":"closed","template":"templates\/child-page.php","meta":{"_acf_changed":false,"footnotes":""},"class_list":["post-194","page","type-page","status-publish","hentry"],"acf":[],"yoast_head":"<!-- This site is optimized with the Yoast SEO plugin v25.3 - https:\/\/yoast.com\/wordpress\/plugins\/seo\/ -->\n<title>Reservdelar och tillbeh\u00f6r f\u00f6r ytbehandling | Candor Sweden AB<\/title>\n<meta name=\"description\" content=\"Candor erbjuder ett urval av reservdelar och tillbeh\u00f6r till ytbehandlingsanl\u00e4ggningar. Vad beh\u00f6ver du till just din anl\u00e4ggning? Kontakta Gunnar \u00d6stholm p\u00e5 gunnar.ostholm@candorsweden.com, s\u00e5 hj\u00e4lper vi dig!\" \/>\n<meta name=\"robots\" content=\"index, follow, max-snippet:-1, max-image-preview:large, max-video-preview:-1\" \/>\n<link rel=\"canonical\" href=\"https:\/\/candorsweden.com\/sv\/anlaggningar\/reservdelar\/\" \/>\n<meta property=\"og:locale\" content=\"sv_SE\" \/>\n<meta property=\"og:type\" content=\"article\" \/>\n<meta property=\"og:title\" content=\"Reservdelar och tillbeh\u00f6r f\u00f6r ytbehandling | Candor Sweden AB\" \/>\n<meta property=\"og:description\" content=\"Candor erbjuder ett urval av reservdelar och tillbeh\u00f6r till ytbehandlingsanl\u00e4ggningar. Vad beh\u00f6ver du till just din anl\u00e4ggning? Kontakta Gunnar \u00d6stholm p\u00e5 gunnar.ostholm@candorsweden.com, s\u00e5 hj\u00e4lper vi dig!\" \/>\n<meta property=\"og:url\" content=\"https:\/\/candorsweden.com\/sv\/anlaggningar\/reservdelar\/\" \/>\n<meta property=\"og:site_name\" content=\"Candor Sweden\" \/>\n<meta property=\"article:modified_time\" content=\"2022-03-25T12:23:08+00:00\" \/>\n<meta name=\"twitter:card\" content=\"summary_large_image\" \/>\n<meta name=\"twitter:label1\" content=\"Ber\u00e4knad l\u00e4stid\" \/>\n\t<meta name=\"twitter:data1\" content=\"4 minuter\" \/>\n<script type=\"application\/ld+json\" class=\"yoast-schema-graph\">{\"@context\":\"https:\/\/schema.org\",\"@graph\":[{\"@type\":\"WebPage\",\"@id\":\"https:\/\/candorsweden.com\/sv\/anlaggningar\/reservdelar\/\",\"url\":\"https:\/\/candorsweden.com\/sv\/anlaggningar\/reservdelar\/\",\"name\":\"Reservdelar och tillbeh\u00f6r f\u00f6r ytbehandling | Candor Sweden AB\",\"isPartOf\":{\"@id\":\"https:\/\/candorsweden.com\/#website\"},\"datePublished\":\"2017-11-16T09:49:00+00:00\",\"dateModified\":\"2022-03-25T12:23:08+00:00\",\"description\":\"Candor erbjuder ett urval av reservdelar och tillbeh\u00f6r till ytbehandlingsanl\u00e4ggningar. Vad beh\u00f6ver du till just din anl\u00e4ggning? Kontakta Gunnar \u00d6stholm p\u00e5 gunnar.ostholm@candorsweden.com, s\u00e5 hj\u00e4lper vi dig!\",\"breadcrumb\":{\"@id\":\"https:\/\/candorsweden.com\/sv\/anlaggningar\/reservdelar\/#breadcrumb\"},\"inLanguage\":\"sv-SE\",\"potentialAction\":[{\"@type\":\"ReadAction\",\"target\":[\"https:\/\/candorsweden.com\/sv\/anlaggningar\/reservdelar\/\"]}]},{\"@type\":\"BreadcrumbList\",\"@id\":\"https:\/\/candorsweden.com\/sv\/anlaggningar\/reservdelar\/#breadcrumb\",\"itemListElement\":[{\"@type\":\"ListItem\",\"position\":1,\"name\":\"Hem\",\"item\":\"https:\/\/candorsweden.com\/sv\/\"},{\"@type\":\"ListItem\",\"position\":2,\"name\":\"Anl\u00e4ggningar\",\"item\":\"https:\/\/candorsweden.com\/sv\/anlaggningar\/\"},{\"@type\":\"ListItem\",\"position\":3,\"name\":\"Reservdelar\"}]},{\"@type\":\"WebSite\",\"@id\":\"https:\/\/candorsweden.com\/#website\",\"url\":\"https:\/\/candorsweden.com\/\",\"name\":\"Candor Sweden\",\"description\":\"Chemical processes and equipment for surface treatment technology.\",\"potentialAction\":[{\"@type\":\"SearchAction\",\"target\":{\"@type\":\"EntryPoint\",\"urlTemplate\":\"https:\/\/candorsweden.com\/?s={search_term_string}\"},\"query-input\":{\"@type\":\"PropertyValueSpecification\",\"valueRequired\":true,\"valueName\":\"search_term_string\"}}],\"inLanguage\":\"sv-SE\"}]}<\/script>\n<!-- \/ Yoast SEO plugin. -->","yoast_head_json":{"title":"Reservdelar och tillbeh\u00f6r f\u00f6r ytbehandling | Candor Sweden AB","description":"Candor erbjuder ett urval av reservdelar och tillbeh\u00f6r till ytbehandlingsanl\u00e4ggningar. Vad beh\u00f6ver du till just din anl\u00e4ggning? Kontakta Gunnar \u00d6stholm p\u00e5 gunnar.ostholm@candorsweden.com, s\u00e5 hj\u00e4lper vi dig!","robots":{"index":"index","follow":"follow","max-snippet":"max-snippet:-1","max-image-preview":"max-image-preview:large","max-video-preview":"max-video-preview:-1"},"canonical":"https:\/\/candorsweden.com\/sv\/anlaggningar\/reservdelar\/","og_locale":"sv_SE","og_type":"article","og_title":"Reservdelar och tillbeh\u00f6r f\u00f6r ytbehandling | Candor Sweden AB","og_description":"Candor erbjuder ett urval av reservdelar och tillbeh\u00f6r till ytbehandlingsanl\u00e4ggningar. Vad beh\u00f6ver du till just din anl\u00e4ggning? Kontakta Gunnar \u00d6stholm p\u00e5 gunnar.ostholm@candorsweden.com, s\u00e5 hj\u00e4lper vi dig!","og_url":"https:\/\/candorsweden.com\/sv\/anlaggningar\/reservdelar\/","og_site_name":"Candor Sweden","article_modified_time":"2022-03-25T12:23:08+00:00","twitter_card":"summary_large_image","twitter_misc":{"Ber\u00e4knad l\u00e4stid":"4 minuter"},"schema":{"@context":"https:\/\/schema.org","@graph":[{"@type":"WebPage","@id":"https:\/\/candorsweden.com\/sv\/anlaggningar\/reservdelar\/","url":"https:\/\/candorsweden.com\/sv\/anlaggningar\/reservdelar\/","name":"Reservdelar och tillbeh\u00f6r f\u00f6r ytbehandling | Candor Sweden AB","isPartOf":{"@id":"https:\/\/candorsweden.com\/#website"},"datePublished":"2017-11-16T09:49:00+00:00","dateModified":"2022-03-25T12:23:08+00:00","description":"Candor erbjuder ett urval av reservdelar och tillbeh\u00f6r till ytbehandlingsanl\u00e4ggningar. Vad beh\u00f6ver du till just din anl\u00e4ggning? Kontakta Gunnar \u00d6stholm p\u00e5 gunnar.ostholm@candorsweden.com, s\u00e5 hj\u00e4lper vi dig!","breadcrumb":{"@id":"https:\/\/candorsweden.com\/sv\/anlaggningar\/reservdelar\/#breadcrumb"},"inLanguage":"sv-SE","potentialAction":[{"@type":"ReadAction","target":["https:\/\/candorsweden.com\/sv\/anlaggningar\/reservdelar\/"]}]},{"@type":"BreadcrumbList","@id":"https:\/\/candorsweden.com\/sv\/anlaggningar\/reservdelar\/#breadcrumb","itemListElement":[{"@type":"ListItem","position":1,"name":"Hem","item":"https:\/\/candorsweden.com\/sv\/"},{"@type":"ListItem","position":2,"name":"Anl\u00e4ggningar","item":"https:\/\/candorsweden.com\/sv\/anlaggningar\/"},{"@type":"ListItem","position":3,"name":"Reservdelar"}]},{"@type":"WebSite","@id":"https:\/\/candorsweden.com\/#website","url":"https:\/\/candorsweden.com\/","name":"Candor Sweden","description":"Chemical processes and equipment for surface treatment technology.","potentialAction":[{"@type":"SearchAction","target":{"@type":"EntryPoint","urlTemplate":"https:\/\/candorsweden.com\/?s={search_term_string}"},"query-input":{"@type":"PropertyValueSpecification","valueRequired":true,"valueName":"search_term_string"}}],"inLanguage":"sv-SE"}]}},"_links":{"self":[{"href":"https:\/\/candorsweden.com\/sv\/wp-json\/wp\/v2\/pages\/194","targetHints":{"allow":["GET"]}}],"collection":[{"href":"https:\/\/candorsweden.com\/sv\/wp-json\/wp\/v2\/pages"}],"about":[{"href":"https:\/\/candorsweden.com\/sv\/wp-json\/wp\/v2\/types\/page"}],"author":[{"embeddable":true,"href":"https:\/\/candorsweden.com\/sv\/wp-json\/wp\/v2\/users\/1"}],"replies":[{"embeddable":true,"href":"https:\/\/candorsweden.com\/sv\/wp-json\/wp\/v2\/comments?post=194"}],"version-history":[{"count":19,"href":"https:\/\/candorsweden.com\/sv\/wp-json\/wp\/v2\/pages\/194\/revisions"}],"predecessor-version":[{"id":509,"href":"https:\/\/candorsweden.com\/sv\/wp-json\/wp\/v2\/pages\/194\/revisions\/509"}],"up":[{"embeddable":true,"href":"https:\/\/candorsweden.com\/sv\/wp-json\/wp\/v2\/pages\/34"}],"wp:attachment":[{"href":"https:\/\/candorsweden.com\/sv\/wp-json\/wp\/v2\/media?parent=194"}],"curies":[{"name":"wp","href":"https:\/\/api.w.org\/{rel}","templated":true}]}}