{"id":190,"date":"2017-11-16T10:48:40","date_gmt":"2017-11-16T09:48:40","guid":{"rendered":"https:\/\/candorsweden.com\/?page_id=190"},"modified":"2018-02-16T09:39:58","modified_gmt":"2018-02-16T08:39:58","slug":"vattenrening","status":"publish","type":"page","link":"https:\/\/candorsweden.com\/sv\/anlaggningar\/vattenrening\/","title":{"rendered":"Vattenrening"},"content":{"rendered":"<p><div class=\"fusion-fullwidth fullwidth-box fusion-builder-row-1 nonhundred-percent-fullwidth non-hundred-percent-height-scrolling underundersida-cont\" style=\"--awb-border-radius-top-left:0px;--awb-border-radius-top-right:0px;--awb-border-radius-bottom-right:0px;--awb-border-radius-bottom-left:0px;--awb-flex-wrap:wrap;\" ><div class=\"fusion-builder-row fusion-row\"><div class=\"fusion-layout-column fusion_builder_column fusion-builder-column-0 fusion_builder_column_1_1 1_1 fusion-one-full fusion-column-first fusion-column-last\" style=\"--awb-bg-size:cover;\"><div class=\"fusion-column-wrapper fusion-flex-column-wrapper-legacy\"><div class=\"fusion-title title fusion-title-1 fusion-sep-none fusion-title-text fusion-title-size-one\" style=\"--awb-margin-top-small:0px;--awb-margin-right-small:0px;--awb-margin-bottom-small:20px;--awb-margin-left-small:0px;\"><h1 class=\"fusion-title-heading title-heading-left\" style=\"margin:0;\">Vattenrening.<\/h1><\/div><div class=\"fusion-text fusion-text-1\"><p>Candor utvecklar och tillverkar anl\u00e4ggningar f\u00f6r rening av processvatten fr\u00e5n ytbehandlingsanl\u00e4ggningar.<br \/>\nAnl\u00e4ggningarna \u00e4r utrustade med avancerade styr- och kontrollsystem och kan skr\u00e4ddarsys efter kundbehov.<\/p>\n<p>Dessa anl\u00e4ggningar kan i huvudsak delas upp i f\u00f6ljande olika kategorier:<\/p>\n<\/div><div class=\"fusion-text fusion-text-2\"><ul>\n<li><a href=\"\/document\/waste-water-treatment\/\" target=\"_blank\" rel=\"noopener\">Indunstarteknik<\/a>&#8211; Closed loop system<\/li>\n<li><a href=\"\/document\/waste-water-treatment\/\" target=\"_blank\" rel=\"noopener\">Konventionell vattenrening<\/a><\/li>\n<li>Jonbytarsystem<\/li>\n<li>Omv\u00e4nd osmos \u2013 RO<\/li>\n<li>Neutralisering<\/li>\n<li>Filtrering<\/li>\n<\/ul>\n<\/div><div class=\"accordian fusion-accordian image-toggle\" style=\"--awb-border-size:1px;--awb-icon-size:13px;--awb-content-font-size:16px;--awb-icon-alignment:left;--awb-hover-color:#f9f9f9;--awb-border-color:#cccccc;--awb-background-color:#ffffff;--awb-divider-color:#e0dede;--awb-divider-hover-color:#e0dede;--awb-icon-color:#fce123;--awb-title-color:#333333;--awb-content-color:#000000;--awb-icon-box-color:#ffffff;--awb-toggle-hover-accent-color:#304ffe;--awb-title-font-family:&quot;Poppins&quot;;--awb-title-font-weight:700;--awb-title-font-style:normal;--awb-title-font-size:16px;--awb-content-font-family:&quot;Inconsolata&quot;;--awb-content-font-style:normal;--awb-content-font-weight:400;\"><div class=\"panel-group fusion-toggle-icon-boxed\" id=\"accordion-190-1\"><div class=\"fusion-panel panel-default panel-dd6691759d005062d fusion-toggle-no-divider\"><div class=\"panel-heading\"><h4 class=\"panel-title toggle\" id=\"toggle_dd6691759d005062d\"><a aria-expanded=\"false\" aria-controls=\"dd6691759d005062d\" role=\"button\" data-toggle=\"collapse\" data-parent=\"#accordion-190-1\" data-target=\"#dd6691759d005062d\" href=\"#dd6691759d005062d\"><span class=\"fusion-toggle-icon-wrapper\" aria-hidden=\"true\"><i class=\"fa-fusion-box active-icon awb-icon-minus\" aria-hidden=\"true\"><\/i><i class=\"fa-fusion-box inactive-icon awb-icon-plus\" aria-hidden=\"true\"><\/i><\/span><span class=\"fusion-toggle-heading\">Exempelbilder<\/span><\/a><\/h4><\/div><div id=\"dd6691759d005062d\" class=\"panel-collapse collapse \" aria-labelledby=\"toggle_dd6691759d005062d\"><div class=\"panel-body toggle-content fusion-clearfix\">\n<div class=\"fusion-image-carousel fusion-image-carousel-auto fusion-image-carousel-1 lightbox-enabled fusion-carousel-border\"><div class=\"awb-carousel awb-swiper awb-swiper-carousel awb-carousel--carousel awb-swiper-dots-position-bottom\" data-layout=\"carousel\" data-autoplay=\"no\" data-autoplayspeed=\"2500\" data-autoplaypause=\"no\" data-columns=\"1\" data-columnsmedium=\"1\" data-columnssmall=\"1\" data-itemmargin=\"0\" data-itemwidth=\"180\" data-touchscroll=\"no\" data-freemode=\"no\" data-imagesize=\"auto\" data-scrollitems=\"0\" data-centeredslides=\"no\" data-rotationangle=\"50\" data-depth=\"100\" data-speed=\"500\" data-shadow=\"no\" data-pagination=\"bullets\" style=\"--awb-columns:1;--awb-column-spacing:0px;--awb-border-width:1px;--awb-border-color:#e9eaee;\"><div class=\"swiper-wrapper awb-image-carousel-wrapper fusion-flex-align-items-center\"><div class=\"swiper-slide\"><div class=\"fusion-carousel-item-wrapper\"><div class=\"fusion-image-wrapper hover-type-zoomin\"><a data-rel=\"iLightbox[image_carousel_1]\" data-title=\"Waste-water-treatment-line\" aria-label=\"Waste-water-treatment-line\" href=\"https:\/\/candorsweden.com\/wp-content\/uploads\/2017\/11\/Waste-water-treatment-line.jpg\" target=\"_self\"><img decoding=\"async\" width=\"1500\" height=\"958\" src=\"https:\/\/candorsweden.com\/wp-content\/uploads\/2017\/11\/Waste-water-treatment-line.jpg\" class=\"attachment-full size-full\" alt=\"Bild p\u00e5 anl\u00e4ggning, Waste Water Treatment line\" srcset=\"https:\/\/candorsweden.com\/wp-content\/uploads\/2017\/11\/Waste-water-treatment-line-200x128.jpg 200w, https:\/\/candorsweden.com\/wp-content\/uploads\/2017\/11\/Waste-water-treatment-line-300x192.jpg 300w, https:\/\/candorsweden.com\/wp-content\/uploads\/2017\/11\/Waste-water-treatment-line-400x255.jpg 400w, https:\/\/candorsweden.com\/wp-content\/uploads\/2017\/11\/Waste-water-treatment-line-600x383.jpg 600w, https:\/\/candorsweden.com\/wp-content\/uploads\/2017\/11\/Waste-water-treatment-line-768x490.jpg 768w, https:\/\/candorsweden.com\/wp-content\/uploads\/2017\/11\/Waste-water-treatment-line-800x511.jpg 800w, https:\/\/candorsweden.com\/wp-content\/uploads\/2017\/11\/Waste-water-treatment-line-1024x654.jpg 1024w, https:\/\/candorsweden.com\/wp-content\/uploads\/2017\/11\/Waste-water-treatment-line-1200x766.jpg 1200w, https:\/\/candorsweden.com\/wp-content\/uploads\/2017\/11\/Waste-water-treatment-line.jpg 1500w\" sizes=\"(max-width: 1500px) 100vw, 1500px\" \/><\/a><\/div><\/div><\/div><div class=\"swiper-slide\"><div class=\"fusion-carousel-item-wrapper\"><div class=\"fusion-image-wrapper hover-type-zoomin\"><a data-rel=\"iLightbox[image_carousel_1]\" data-title=\"Vacuum-evaporator-waste-water-treatment-line\" aria-label=\"Vacuum-evaporator-waste-water-treatment-line\" href=\"https:\/\/candorsweden.com\/wp-content\/uploads\/2018\/01\/Vacuum-evaporator-waste-water-treatment-line.jpg\" target=\"_self\"><img decoding=\"async\" width=\"1000\" height=\"667\" src=\"https:\/\/candorsweden.com\/wp-content\/uploads\/2018\/01\/Vacuum-evaporator-waste-water-treatment-line.jpg\" class=\"attachment-full size-full\" alt=\"Bild p\u00e5 anl\u00e4ggning, vacuum evaporator waste water treatment line\" srcset=\"https:\/\/candorsweden.com\/wp-content\/uploads\/2018\/01\/Vacuum-evaporator-waste-water-treatment-line-200x133.jpg 200w, https:\/\/candorsweden.com\/wp-content\/uploads\/2018\/01\/Vacuum-evaporator-waste-water-treatment-line-300x200.jpg 300w, https:\/\/candorsweden.com\/wp-content\/uploads\/2018\/01\/Vacuum-evaporator-waste-water-treatment-line-400x267.jpg 400w, https:\/\/candorsweden.com\/wp-content\/uploads\/2018\/01\/Vacuum-evaporator-waste-water-treatment-line-600x400.jpg 600w, https:\/\/candorsweden.com\/wp-content\/uploads\/2018\/01\/Vacuum-evaporator-waste-water-treatment-line-768x512.jpg 768w, https:\/\/candorsweden.com\/wp-content\/uploads\/2018\/01\/Vacuum-evaporator-waste-water-treatment-line-800x534.jpg 800w, https:\/\/candorsweden.com\/wp-content\/uploads\/2018\/01\/Vacuum-evaporator-waste-water-treatment-line.jpg 1000w\" sizes=\"(max-width: 1000px) 100vw, 1000px\" \/><\/a><\/div><\/div><\/div><\/div><div class=\"awb-swiper-button awb-swiper-button-prev\"><i class=\"awb-icon-angle-left\" aria-hidden=\"true\"><\/i><\/div><div class=\"awb-swiper-button awb-swiper-button-next\"><i class=\"awb-icon-angle-right\" aria-hidden=\"true\"><\/i><\/div><\/div><\/div>\n<\/div><\/div><\/div><\/div><\/div><div class=\"fusion-clearfix\"><\/div><\/div><\/div><\/div><\/div><div class=\"fusion-fullwidth fullwidth-box fusion-builder-row-2 nonhundred-percent-fullwidth non-hundred-percent-height-scrolling section\" style=\"--awb-border-radius-top-left:0px;--awb-border-radius-top-right:0px;--awb-border-radius-bottom-right:0px;--awb-border-radius-bottom-left:0px;--awb-flex-wrap:wrap;\" ><div class=\"fusion-builder-row fusion-row\"><div class=\"fusion-layout-column fusion_builder_column fusion-builder-column-1 fusion_builder_column_1_1 1_1 fusion-one-full fusion-column-first fusion-column-last\" style=\"--awb-bg-size:cover;\"><div class=\"fusion-column-wrapper fusion-flex-column-wrapper-legacy\"><div class=\"fusion-title title fusion-title-2 fusion-sep-none fusion-title-text fusion-title-size-two\" style=\"--awb-margin-top-small:0px;--awb-margin-right-small:0px;--awb-margin-bottom-small:20px;--awb-margin-left-small:0px;\"><h2 class=\"fusion-title-heading title-heading-left\" style=\"margin:0;\">Vill du veta mer?<\/h2><\/div>\n<div class=\"content-card-wrapper clearfix\">\n\t<div class=\"contact-card-alternate\">\n\t\t<div class=\"border\" style=\"background-image: url(\/wp-content\/uploads\/2017\/11\/candor_kemi_pattern.png);\"><\/div>\n\t\t<div class=\"contact-content\">\n\t\t\t<h4>Adam H\u00f6gqvist<\/h4>\n\t\t\t<p>Anl\u00e4ggningar,  F\u00f6rs\u00e4ljning- och marknadschef<\/p>\n\t\t\t<p>+46(0)11 - 21 75 31<\/p>\n\t\t\t<p><\/p>\n\t\t\t<p>adam.hogqvist@candorsweden.com<\/p>\n\t\t<\/div> <!-- End contact content -->\n\t<\/div> <!-- End contact card -->\n\t<a class=\"all-contacts\" href=\"https:\/\/candorsweden.com\/sv\/kontakta-oss\/\">\n\t\t<div class=\"contact-content\">\n\t\t\t<h4>Alla kontakter<\/h4>\n\t\t\t<p>S\u00f6ker du n\u00e5gon? H\u00e4r finns samtliga kontaktpersoner.<\/p>\n\t\t<\/div>\n\t<\/a> <!-- end all contacts -->\n<\/div> <!-- end content card wrapper --><div class=\"fusion-alignright\"><a class=\"fusion-button button-3d fusion-button-default-size button-default fusion-button-default button-1 fusion-button-default-span fusion-button-default-type small\" target=\"_self\" href=\"\/kontakta-oss\"><span class=\"fusion-button-text awb-button__text awb-button__text--default\">Fler kontaktuppgifter<\/span><\/a><\/div><div class=\"fusion-clearfix\"><\/div><\/div><\/div><div class=\"fusion-layout-column fusion_builder_column fusion-builder-column-2 fusion_builder_column_1_1 1_1 fusion-one-full fusion-column-first fusion-column-last\" style=\"--awb-bg-size:cover;\"><div class=\"fusion-column-wrapper fusion-flex-column-wrapper-legacy\"><div class=\"fusion-column-content-centered\"><div class=\"fusion-column-content\"><div class=\"fusion-title title fusion-title-3 fusion-sep-none fusion-title-text fusion-title-size-three\" style=\"--awb-margin-top-small:0px;--awb-margin-right-small:0px;--awb-margin-bottom-small:20px;--awb-margin-left-small:0px;\"><h3 class=\"fusion-title-heading title-heading-left\" style=\"margin:0;\">Uppt\u00e4ck v\u00e5ra marknadsomr\u00e5den<\/h3><\/div><\/div><\/div><div class=\"fusion-clearfix\"><\/div><\/div><\/div><div class=\"fusion-layout-column fusion_builder_column fusion-builder-column-3 fusion_builder_column_1_1 1_1 fusion-one-full fusion-column-first fusion-column-last\" style=\"--awb-bg-size:cover;\"><div class=\"fusion-column-wrapper fusion-flex-column-wrapper-legacy\"><div class=\"fusion-column-content-centered\"><div class=\"fusion-column-content\"><div>\n\t<a class=\"grid-item\" href=\"https:\/\/candorsweden.com\/sv\/kemiska-processer\/\"><div class=\"grid-img\" style=\"background-image: url(https:\/\/candorsweden.com\/wp-content\/uploads\/2018\/02\/Labb-02-e1518094764497.jpg)\"><\/div><h4>Kemiska Processer<\/h4><\/a><a class=\"grid-item\" href=\"https:\/\/candorsweden.com\/sv\/metaller\/\"><div class=\"grid-img\" style=\"background-image: url(https:\/\/candorsweden.com\/wp-content\/uploads\/2018\/02\/Metaller-03-edit.jpg)\"><\/div><h4>Metaller<\/h4><\/a><a class=\"grid-item\" href=\"https:\/\/candorsweden.com\/sv\/anlaggningar\/\"><div class=\"grid-img\" style=\"background-image: url(https:\/\/candorsweden.com\/wp-content\/uploads\/2018\/01\/Surface-treatment-line.jpg)\"><\/div><h4>Anl\u00e4ggningar<\/h4><\/a><\/div><\/div><\/div><div class=\"fusion-clearfix\"><\/div><\/div><\/div><\/div><\/div>\n<\/p>\n","protected":false},"excerpt":{"rendered":"","protected":false},"author":1,"featured_media":0,"parent":34,"menu_order":6,"comment_status":"closed","ping_status":"closed","template":"templates\/child-page.php","meta":{"_acf_changed":false,"footnotes":""},"class_list":["post-190","page","type-page","status-publish","hentry"],"acf":[],"yoast_head":"<!-- This site is optimized with the Yoast SEO plugin v27.3 - https:\/\/yoast.com\/product\/yoast-seo-wordpress\/ -->\n<title>Anl\u00e4ggningar f\u00f6r vattenrening | Candor Sweden AB<\/title>\n<meta name=\"description\" content=\"Candor utvecklar och tillverkar avancerade och skr\u00e4ddarsydda anl\u00e4ggningar f\u00f6r rening av processvatten fr\u00e5n ytbehandlingsanl\u00e4ggningar. L\u00e4s mer om v\u00e5ra anl\u00e4ggningar f\u00f6r vattenrening h\u00e4r, eller kontakta john.lindh@candorsweden.com f\u00f6r mer information.\" \/>\n<meta name=\"robots\" content=\"index, follow, max-snippet:-1, max-image-preview:large, max-video-preview:-1\" \/>\n<link rel=\"canonical\" href=\"https:\/\/candorsweden.com\/sv\/anlaggningar\/vattenrening\/\" \/>\n<meta property=\"og:locale\" content=\"sv_SE\" \/>\n<meta property=\"og:type\" content=\"article\" \/>\n<meta property=\"og:title\" content=\"Anl\u00e4ggningar f\u00f6r vattenrening | Candor Sweden AB\" \/>\n<meta property=\"og:description\" content=\"Candor utvecklar och tillverkar avancerade och skr\u00e4ddarsydda anl\u00e4ggningar f\u00f6r rening av processvatten fr\u00e5n ytbehandlingsanl\u00e4ggningar. L\u00e4s mer om v\u00e5ra anl\u00e4ggningar f\u00f6r vattenrening h\u00e4r, eller kontakta john.lindh@candorsweden.com f\u00f6r mer information.\" \/>\n<meta property=\"og:url\" content=\"https:\/\/candorsweden.com\/sv\/anlaggningar\/vattenrening\/\" \/>\n<meta property=\"og:site_name\" content=\"Candor Sweden\" \/>\n<meta property=\"article:modified_time\" content=\"2018-02-16T08:39:58+00:00\" \/>\n<meta name=\"twitter:card\" content=\"summary_large_image\" \/>\n<meta name=\"twitter:label1\" content=\"Ber\u00e4knad l\u00e4stid\" \/>\n\t<meta name=\"twitter:data1\" content=\"2 minuter\" \/>\n<script type=\"application\/ld+json\" class=\"yoast-schema-graph\">{\"@context\":\"https:\\\/\\\/schema.org\",\"@graph\":[{\"@type\":\"WebPage\",\"@id\":\"https:\\\/\\\/candorsweden.com\\\/sv\\\/anlaggningar\\\/vattenrening\\\/\",\"url\":\"https:\\\/\\\/candorsweden.com\\\/sv\\\/anlaggningar\\\/vattenrening\\\/\",\"name\":\"Anl\u00e4ggningar f\u00f6r vattenrening | Candor Sweden AB\",\"isPartOf\":{\"@id\":\"https:\\\/\\\/candorsweden.com\\\/#website\"},\"datePublished\":\"2017-11-16T09:48:40+00:00\",\"dateModified\":\"2018-02-16T08:39:58+00:00\",\"description\":\"Candor utvecklar och tillverkar avancerade och skr\u00e4ddarsydda anl\u00e4ggningar f\u00f6r rening av processvatten fr\u00e5n ytbehandlingsanl\u00e4ggningar. L\u00e4s mer om v\u00e5ra anl\u00e4ggningar f\u00f6r vattenrening h\u00e4r, eller kontakta john.lindh@candorsweden.com f\u00f6r mer information.\",\"breadcrumb\":{\"@id\":\"https:\\\/\\\/candorsweden.com\\\/sv\\\/anlaggningar\\\/vattenrening\\\/#breadcrumb\"},\"inLanguage\":\"sv-SE\",\"potentialAction\":[{\"@type\":\"ReadAction\",\"target\":[\"https:\\\/\\\/candorsweden.com\\\/sv\\\/anlaggningar\\\/vattenrening\\\/\"]}]},{\"@type\":\"BreadcrumbList\",\"@id\":\"https:\\\/\\\/candorsweden.com\\\/sv\\\/anlaggningar\\\/vattenrening\\\/#breadcrumb\",\"itemListElement\":[{\"@type\":\"ListItem\",\"position\":1,\"name\":\"Hem\",\"item\":\"https:\\\/\\\/candorsweden.com\\\/sv\\\/\"},{\"@type\":\"ListItem\",\"position\":2,\"name\":\"Anl\u00e4ggningar\",\"item\":\"https:\\\/\\\/candorsweden.com\\\/sv\\\/anlaggningar\\\/\"},{\"@type\":\"ListItem\",\"position\":3,\"name\":\"Vattenrening\"}]},{\"@type\":\"WebSite\",\"@id\":\"https:\\\/\\\/candorsweden.com\\\/#website\",\"url\":\"https:\\\/\\\/candorsweden.com\\\/\",\"name\":\"Candor Sweden\",\"description\":\"Chemical processes and equipment for surface treatment technology.\",\"potentialAction\":[{\"@type\":\"SearchAction\",\"target\":{\"@type\":\"EntryPoint\",\"urlTemplate\":\"https:\\\/\\\/candorsweden.com\\\/?s={search_term_string}\"},\"query-input\":{\"@type\":\"PropertyValueSpecification\",\"valueRequired\":true,\"valueName\":\"search_term_string\"}}],\"inLanguage\":\"sv-SE\"}]}<\/script>\n<!-- \/ Yoast SEO plugin. -->","yoast_head_json":{"title":"Anl\u00e4ggningar f\u00f6r vattenrening | Candor Sweden AB","description":"Candor utvecklar och tillverkar avancerade och skr\u00e4ddarsydda anl\u00e4ggningar f\u00f6r rening av processvatten fr\u00e5n ytbehandlingsanl\u00e4ggningar. L\u00e4s mer om v\u00e5ra anl\u00e4ggningar f\u00f6r vattenrening h\u00e4r, eller kontakta john.lindh@candorsweden.com f\u00f6r mer information.","robots":{"index":"index","follow":"follow","max-snippet":"max-snippet:-1","max-image-preview":"max-image-preview:large","max-video-preview":"max-video-preview:-1"},"canonical":"https:\/\/candorsweden.com\/sv\/anlaggningar\/vattenrening\/","og_locale":"sv_SE","og_type":"article","og_title":"Anl\u00e4ggningar f\u00f6r vattenrening | Candor Sweden AB","og_description":"Candor utvecklar och tillverkar avancerade och skr\u00e4ddarsydda anl\u00e4ggningar f\u00f6r rening av processvatten fr\u00e5n ytbehandlingsanl\u00e4ggningar. L\u00e4s mer om v\u00e5ra anl\u00e4ggningar f\u00f6r vattenrening h\u00e4r, eller kontakta john.lindh@candorsweden.com f\u00f6r mer information.","og_url":"https:\/\/candorsweden.com\/sv\/anlaggningar\/vattenrening\/","og_site_name":"Candor Sweden","article_modified_time":"2018-02-16T08:39:58+00:00","twitter_card":"summary_large_image","twitter_misc":{"Ber\u00e4knad l\u00e4stid":"2 minuter"},"schema":{"@context":"https:\/\/schema.org","@graph":[{"@type":"WebPage","@id":"https:\/\/candorsweden.com\/sv\/anlaggningar\/vattenrening\/","url":"https:\/\/candorsweden.com\/sv\/anlaggningar\/vattenrening\/","name":"Anl\u00e4ggningar f\u00f6r vattenrening | Candor Sweden AB","isPartOf":{"@id":"https:\/\/candorsweden.com\/#website"},"datePublished":"2017-11-16T09:48:40+00:00","dateModified":"2018-02-16T08:39:58+00:00","description":"Candor utvecklar och tillverkar avancerade och skr\u00e4ddarsydda anl\u00e4ggningar f\u00f6r rening av processvatten fr\u00e5n ytbehandlingsanl\u00e4ggningar. L\u00e4s mer om v\u00e5ra anl\u00e4ggningar f\u00f6r vattenrening h\u00e4r, eller kontakta john.lindh@candorsweden.com f\u00f6r mer information.","breadcrumb":{"@id":"https:\/\/candorsweden.com\/sv\/anlaggningar\/vattenrening\/#breadcrumb"},"inLanguage":"sv-SE","potentialAction":[{"@type":"ReadAction","target":["https:\/\/candorsweden.com\/sv\/anlaggningar\/vattenrening\/"]}]},{"@type":"BreadcrumbList","@id":"https:\/\/candorsweden.com\/sv\/anlaggningar\/vattenrening\/#breadcrumb","itemListElement":[{"@type":"ListItem","position":1,"name":"Hem","item":"https:\/\/candorsweden.com\/sv\/"},{"@type":"ListItem","position":2,"name":"Anl\u00e4ggningar","item":"https:\/\/candorsweden.com\/sv\/anlaggningar\/"},{"@type":"ListItem","position":3,"name":"Vattenrening"}]},{"@type":"WebSite","@id":"https:\/\/candorsweden.com\/#website","url":"https:\/\/candorsweden.com\/","name":"Candor Sweden","description":"Chemical processes and equipment for surface treatment technology.","potentialAction":[{"@type":"SearchAction","target":{"@type":"EntryPoint","urlTemplate":"https:\/\/candorsweden.com\/?s={search_term_string}"},"query-input":{"@type":"PropertyValueSpecification","valueRequired":true,"valueName":"search_term_string"}}],"inLanguage":"sv-SE"}]}},"_links":{"self":[{"href":"https:\/\/candorsweden.com\/sv\/wp-json\/wp\/v2\/pages\/190","targetHints":{"allow":["GET"]}}],"collection":[{"href":"https:\/\/candorsweden.com\/sv\/wp-json\/wp\/v2\/pages"}],"about":[{"href":"https:\/\/candorsweden.com\/sv\/wp-json\/wp\/v2\/types\/page"}],"author":[{"embeddable":true,"href":"https:\/\/candorsweden.com\/sv\/wp-json\/wp\/v2\/users\/1"}],"replies":[{"embeddable":true,"href":"https:\/\/candorsweden.com\/sv\/wp-json\/wp\/v2\/comments?post=190"}],"version-history":[{"count":16,"href":"https:\/\/candorsweden.com\/sv\/wp-json\/wp\/v2\/pages\/190\/revisions"}],"predecessor-version":[{"id":497,"href":"https:\/\/candorsweden.com\/sv\/wp-json\/wp\/v2\/pages\/190\/revisions\/497"}],"up":[{"embeddable":true,"href":"https:\/\/candorsweden.com\/sv\/wp-json\/wp\/v2\/pages\/34"}],"wp:attachment":[{"href":"https:\/\/candorsweden.com\/sv\/wp-json\/wp\/v2\/media?parent=190"}],"curies":[{"name":"wp","href":"https:\/\/api.w.org\/{rel}","templated":true}]}}