{"id":133,"date":"2017-11-15T11:14:09","date_gmt":"2017-11-15T10:14:09","guid":{"rendered":"https:\/\/candorsweden.com\/?page_id=133"},"modified":"2026-03-12T11:42:42","modified_gmt":"2026-03-12T10:42:42","slug":"lodning","status":"publish","type":"page","link":"https:\/\/candorsweden.com\/sv\/kemiska-processer\/lodning\/","title":{"rendered":"L\u00f6dning"},"content":{"rendered":"<p><div class=\"fusion-fullwidth fullwidth-box fusion-builder-row-1 nonhundred-percent-fullwidth non-hundred-percent-height-scrolling underundersida-cont\" style=\"--awb-border-radius-top-left:0px;--awb-border-radius-top-right:0px;--awb-border-radius-bottom-right:0px;--awb-border-radius-bottom-left:0px;--awb-flex-wrap:wrap;\" ><div class=\"fusion-builder-row fusion-row\"><div class=\"fusion-layout-column fusion_builder_column fusion-builder-column-0 fusion_builder_column_1_1 1_1 fusion-one-full fusion-column-first fusion-column-last\" style=\"--awb-bg-size:cover;\"><div class=\"fusion-column-wrapper fusion-flex-column-wrapper-legacy\"><div class=\"fusion-title title fusion-title-1 fusion-sep-none fusion-title-text fusion-title-size-one\" style=\"--awb-margin-top-small:0px;--awb-margin-right-small:0px;--awb-margin-bottom-small:20px;--awb-margin-left-small:0px;\"><h1 class=\"fusion-title-heading title-heading-left\" style=\"margin:0;\">Produkter f\u00f6r kretskortstillverkning.<\/h1><\/div><div class=\"fusion-clearfix\"><\/div><\/div><\/div><div class=\"fusion-layout-column fusion_builder_column fusion-builder-column-1 fusion_builder_column_1_1 1_1 fusion-one-full fusion-column-first fusion-column-last\" style=\"--awb-bg-size:cover;\"><div class=\"fusion-column-wrapper fusion-flex-column-wrapper-legacy\"><div class=\"fusion-title title fusion-title-2 fusion-sep-none fusion-title-text fusion-title-size-two\" style=\"--awb-margin-top-small:0px;--awb-margin-right-small:0px;--awb-margin-bottom-small:20px;--awb-margin-left-small:0px;\"><h2 class=\"fusion-title-heading title-heading-left\" style=\"margin:0;\"><p>V\u00e5rt produktprogram fr\u00e5n STANNOL<br \/>\noch andra kvalitetsleverant\u00f6rer omfattar:<\/p><\/h2><\/div><div class=\"fusion-builder-row fusion-builder-row-inner fusion-row\"><div class=\"fusion-layout-column fusion_builder_column_inner fusion-builder-nested-column-0 fusion_builder_column_inner_1_2 1_2 fusion-one-half fusion-column-first\" style=\"--awb-bg-size:cover;width:50%;width:calc(50% - ( ( 4% ) * 0.5 ) );margin-right: 4%;\"><div class=\"fusion-column-wrapper fusion-flex-column-wrapper-legacy\"><div class=\"fusion-content-boxes content-boxes columns row fusion-columns-1 fusion-columns-total-4 fusion-content-boxes-1 content-boxes-icon-on-side content-left listbox\" style=\"--awb-body-color:#000000;--awb-title-color:#000000;--awb-margin-top:0px;--awb-margin-bottom:10px;--awb-hover-accent-color:#000000;--awb-circle-hover-accent-color:#000000;--awb-item-margin-bottom:40px;\" data-animationOffset=\"top-into-view\"><div style=\"--awb-backgroundcolor:rgba(255,255,255,0);\" class=\"fusion-column content-box-column content-box-column content-box-column-1 col-lg-12 col-md-12 col-sm-12 fusion-content-box-hover content-box-column-last-in-row\"><div class=\"col content-box-wrapper content-wrapper link-area-link-icon icon-hover-animation-fade\" data-animationOffset=\"top-into-view\"><div class=\"heading icon-left\"><h2 class=\"content-box-heading\" style=\"--h2_typography-font-size:18px;line-height:23px;\">Maskinl\u00f6dtenn <\/h2><\/div><div class=\"fusion-clearfix\"><\/div><div class=\"content-container\">\n<p>SN100C originalet av blyfria lodet som kan anv\u00e4ndas i befintlig utrustning. L\u00f6dtenn av jungfrukvalitet &#8211; Vi \u00e5tervinner \u00e4ven Ert f\u00f6rbrukade l\u00f6dtenn.<\/p>\n<\/div><\/div><\/div><div style=\"--awb-backgroundcolor:rgba(255,255,255,0);\" class=\"fusion-column content-box-column content-box-column content-box-column-2 col-lg-12 col-md-12 col-sm-12 fusion-content-box-hover content-box-column-last-in-row\"><div class=\"col content-box-wrapper content-wrapper link-area-link-icon icon-hover-animation-fade\" data-animationOffset=\"top-into-view\"><div class=\"heading icon-left\"><h2 class=\"content-box-heading\" style=\"--h2_typography-font-size:18px;line-height:23px;\">Lodpasta <\/h2><\/div><div class=\"fusion-clearfix\"><\/div><div class=\"content-container\">\n<p>Lodpastor finns med olika legeringar med eller utan bly. Programmet omfattar pastor f\u00f6r b\u00e5de tryck och dispensering.<\/p>\n<\/div><\/div><\/div><div style=\"--awb-backgroundcolor:rgba(255,255,255,0);\" class=\"fusion-column content-box-column content-box-column content-box-column-3 col-lg-12 col-md-12 col-sm-12 fusion-content-box-hover content-box-column-last-in-row\"><div class=\"col content-box-wrapper content-wrapper link-area-link-icon icon-hover-animation-fade\" data-animationOffset=\"top-into-view\"><div class=\"heading icon-left\"><h2 class=\"content-box-heading\" style=\"--h2_typography-font-size:18px;line-height:23px;\">Flussmedel <\/h2><\/div><div class=\"fusion-clearfix\"><\/div><div class=\"content-container\">No Clean, VOC-fria, m.m.<\/div><\/div><\/div><div style=\"--awb-backgroundcolor:rgba(255,255,255,0);\" class=\"fusion-column content-box-column content-box-column content-box-column-4 col-lg-12 col-md-12 col-sm-12 fusion-content-box-hover content-box-column-last content-box-column-last-in-row\"><div class=\"col content-box-wrapper content-wrapper link-area-link-icon icon-hover-animation-fade\" data-animationOffset=\"top-into-view\"><div class=\"heading icon-left\"><h2 class=\"content-box-heading\" style=\"--h2_typography-font-size:18px;line-height:23px;\">Skyddslack<\/h2><\/div><div class=\"fusion-clearfix\"><\/div><div class=\"content-container\">\n<p>Alkyd och polyuretanlack f\u00f6r skydd i sv\u00e5ra milj\u00f6er.<\/p>\n<\/div><\/div><\/div><div class=\"fusion-clearfix\"><\/div><\/div><div class=\"fusion-clearfix\"><\/div><\/div><\/div><div class=\"fusion-layout-column fusion_builder_column_inner fusion-builder-nested-column-1 fusion_builder_column_inner_1_2 1_2 fusion-one-half fusion-column-last\" style=\"--awb-bg-size:cover;width:50%;width:calc(50% - ( ( 4% ) * 0.5 ) );\"><div class=\"fusion-column-wrapper fusion-flex-column-wrapper-legacy\"><div class=\"fusion-content-boxes content-boxes columns row fusion-columns-1 fusion-columns-total-4 fusion-content-boxes-2 content-boxes-icon-on-side content-left listbox\" style=\"--awb-body-color:#000000;--awb-title-color:#000000;--awb-margin-top:0px;--awb-margin-bottom:10px;--awb-hover-accent-color:#000000;--awb-circle-hover-accent-color:#000000;--awb-item-margin-bottom:40px;\" data-animationOffset=\"top-into-view\"><div style=\"--awb-backgroundcolor:rgba(255,255,255,0);\" class=\"fusion-column content-box-column content-box-column content-box-column-1 col-lg-12 col-md-12 col-sm-12 fusion-content-box-hover content-box-column-last-in-row\"><div class=\"col content-box-wrapper content-wrapper link-area-link-icon icon-hover-animation-fade\" data-animationOffset=\"top-into-view\"><div class=\"heading icon-left\"><h2 class=\"content-box-heading\" style=\"--h2_typography-font-size:18px;line-height:23px;\">Tempor\u00e4rt l\u00f6dstopp <\/h2><\/div><div class=\"fusion-clearfix\"><\/div><div class=\"content-container\">\n<p>Maskeringsv\u00e4tska och maskeringstape.<\/p>\n<\/div><\/div><\/div><div style=\"--awb-backgroundcolor:rgba(255,255,255,0);\" class=\"fusion-column content-box-column content-box-column content-box-column-2 col-lg-12 col-md-12 col-sm-12 fusion-content-box-hover content-box-column-last-in-row\"><div class=\"col content-box-wrapper content-wrapper link-area-link-icon icon-hover-animation-fade\" data-animationOffset=\"top-into-view\"><div class=\"heading icon-left\"><h2 class=\"content-box-heading\" style=\"--h2_typography-font-size:18px;line-height:23px;\">Utrustning f\u00f6r handl\u00f6dning<\/h2><\/div><div class=\"fusion-clearfix\"><\/div><div class=\"content-container\">\n<p>L\u00f6dstationer. <a href=\"https:\/\/candorsweden.com\/document\/quick-utrustning-handlodning\/\" target=\"_blank\" rel=\"noopener\">L\u00e4s mer h\u00e4r.<\/a><\/p>\n<\/div><\/div><\/div><div style=\"--awb-backgroundcolor:rgba(255,255,255,0);\" class=\"fusion-column content-box-column content-box-column content-box-column-3 col-lg-12 col-md-12 col-sm-12 fusion-content-box-hover content-box-column-last-in-row\"><div class=\"col content-box-wrapper content-wrapper link-area-link-icon icon-hover-animation-fade\" data-animationOffset=\"top-into-view\"><div class=\"heading icon-left\"><h2 class=\"content-box-heading\" style=\"--h2_typography-font-size:18px;line-height:23px;\">Produkter f\u00f6r handl\u00f6dning och b\u00e4ttringsl\u00f6dning <\/h2><\/div><div class=\"fusion-clearfix\"><\/div><div class=\"content-container\">Handl\u00f6dtenn, flusspasta, lodfl\u00e4ta m.m.<\/div><\/div><\/div><div style=\"--awb-backgroundcolor:rgba(255,255,255,0);\" class=\"fusion-column content-box-column content-box-column content-box-column-4 col-lg-12 col-md-12 col-sm-12 fusion-content-box-hover content-box-column-last content-box-column-last-in-row\"><div class=\"col content-box-wrapper content-wrapper link-area-link-icon icon-hover-animation-fade\" data-animationOffset=\"top-into-view\"><div class=\"heading icon-left\"><h2 class=\"content-box-heading\" style=\"--h2_typography-font-size:18px;line-height:23px;\">Tv\u00e4ttning <\/h2><\/div><div class=\"fusion-clearfix\"><\/div><div class=\"content-container\">\n<p>Biologiskt nedbrytbar tv\u00e4ttv\u00e4tska f\u00f6r kort och screenramar.<\/p>\n<\/div><\/div><\/div><div class=\"fusion-clearfix\"><\/div><\/div><div class=\"fusion-image-element in-legacy-container\" style=\"--awb-caption-title-font-family:var(--h2_typography-font-family);--awb-caption-title-font-weight:var(--h2_typography-font-weight);--awb-caption-title-font-style:var(--h2_typography-font-style);--awb-caption-title-size:var(--h2_typography-font-size);--awb-caption-title-transform:var(--h2_typography-text-transform);--awb-caption-title-line-height:var(--h2_typography-line-height);--awb-caption-title-letter-spacing:var(--h2_typography-letter-spacing);\"><span class=\" fusion-imageframe imageframe-none imageframe-1 hover-type-none\"><img decoding=\"async\" width=\"300\" height=\"169\" title=\"stannol_logo\" src=\"https:\/\/candorsweden.com\/wp-content\/uploads\/2026\/03\/stannol_logo-300x169.jpg\" alt class=\"img-responsive wp-image-5888\" srcset=\"https:\/\/candorsweden.com\/wp-content\/uploads\/2026\/03\/stannol_logo-200x113.jpg 200w, https:\/\/candorsweden.com\/wp-content\/uploads\/2026\/03\/stannol_logo-400x225.jpg 400w, https:\/\/candorsweden.com\/wp-content\/uploads\/2026\/03\/stannol_logo-600x338.jpg 600w, https:\/\/candorsweden.com\/wp-content\/uploads\/2026\/03\/stannol_logo-800x450.jpg 800w, https:\/\/candorsweden.com\/wp-content\/uploads\/2026\/03\/stannol_logo.jpg 1024w\" sizes=\"(max-width: 800px) 100vw, 600px\" \/><\/span><\/div><div class=\"fusion-clearfix\"><\/div><\/div><\/div><\/div><div class=\"fusion-clearfix\"><\/div><\/div><\/div><\/div><\/div><div class=\"fusion-fullwidth fullwidth-box fusion-builder-row-2 nonhundred-percent-fullwidth non-hundred-percent-height-scrolling section\" style=\"--awb-border-radius-top-left:0px;--awb-border-radius-top-right:0px;--awb-border-radius-bottom-right:0px;--awb-border-radius-bottom-left:0px;--awb-flex-wrap:wrap;\" ><div class=\"fusion-builder-row fusion-row\"><div class=\"fusion-layout-column fusion_builder_column fusion-builder-column-2 fusion_builder_column_1_1 1_1 fusion-one-full fusion-column-first fusion-column-last\" style=\"--awb-bg-size:cover;\"><div class=\"fusion-column-wrapper fusion-flex-column-wrapper-legacy\"><div class=\"fusion-title title fusion-title-3 fusion-sep-none fusion-title-text fusion-title-size-two\" style=\"--awb-margin-top-small:0px;--awb-margin-right-small:0px;--awb-margin-bottom-small:20px;--awb-margin-left-small:0px;\"><h2 class=\"fusion-title-heading title-heading-left\" style=\"margin:0;\">Vill du veta mer?<\/h2><\/div>\n<div class=\"content-card-wrapper clearfix\">\n\t<div class=\"contact-card-alternate\">\n\t\t<div class=\"border\" style=\"background-image: url(\/wp-content\/uploads\/2017\/11\/candor_kemi_pattern.png);\"><\/div>\n\t\t<div class=\"contact-content\">\n\t\t\t<h4>L\u00f6dning<\/h4>\n\t\t\t<p><\/p>\n\t\t\t<p><\/p>\n\t\t\t<p><\/p>\n\t\t\t<p><\/p>\n\t\t<\/div> <!-- End contact content -->\n\t<\/div> <!-- End contact card -->\n\t<a class=\"all-contacts\" href=\"https:\/\/candorsweden.com\/sv\/kontakta-oss\/\">\n\t\t<div class=\"contact-content\">\n\t\t\t<h4>Alla kontakter<\/h4>\n\t\t\t<p>S\u00f6ker du n\u00e5gon? H\u00e4r finns samtliga kontaktpersoner.<\/p>\n\t\t<\/div>\n\t<\/a> <!-- end all contacts -->\n<\/div> <!-- end content card wrapper --><div class=\"fusion-alignright\"><a class=\"fusion-button button-3d fusion-button-default-size button-default fusion-button-default button-1 fusion-button-default-span fusion-button-default-type small\" target=\"_self\" href=\"\/kontakta-oss\"><span class=\"fusion-button-text awb-button__text awb-button__text--default\">Fler kontaktuppgifter<\/span><\/a><\/div><div class=\"fusion-clearfix\"><\/div><\/div><\/div><div class=\"fusion-layout-column fusion_builder_column fusion-builder-column-3 fusion_builder_column_1_1 1_1 fusion-one-full fusion-column-first fusion-column-last\" style=\"--awb-bg-size:cover;\"><div class=\"fusion-column-wrapper fusion-flex-column-wrapper-legacy\"><div class=\"fusion-column-content-centered\"><div class=\"fusion-column-content\"><div class=\"fusion-title title fusion-title-4 fusion-sep-none fusion-title-text fusion-title-size-three\" style=\"--awb-margin-top-small:0px;--awb-margin-right-small:0px;--awb-margin-bottom-small:20px;--awb-margin-left-small:0px;\"><h3 class=\"fusion-title-heading title-heading-left\" style=\"margin:0;\">Uppt\u00e4ck v\u00e5ra marknadsomr\u00e5den<\/h3><\/div><\/div><\/div><div class=\"fusion-clearfix\"><\/div><\/div><\/div><div class=\"fusion-layout-column fusion_builder_column fusion-builder-column-4 fusion_builder_column_1_1 1_1 fusion-one-full fusion-column-first fusion-column-last\" style=\"--awb-bg-size:cover;\"><div class=\"fusion-column-wrapper fusion-flex-column-wrapper-legacy\"><div class=\"fusion-column-content-centered\"><div class=\"fusion-column-content\"><div>\n\t<a class=\"grid-item\" href=\"https:\/\/candorsweden.com\/sv\/kemiska-processer\/\"><div class=\"grid-img\" style=\"background-image: url(https:\/\/candorsweden.com\/wp-content\/uploads\/2018\/02\/Labb-02-e1518094764497.jpg)\"><\/div><h4>Kemiska Processer<\/h4><\/a><a class=\"grid-item\" href=\"https:\/\/candorsweden.com\/sv\/metaller\/\"><div class=\"grid-img\" style=\"background-image: url(https:\/\/candorsweden.com\/wp-content\/uploads\/2018\/02\/Metaller-03-edit.jpg)\"><\/div><h4>Metaller<\/h4><\/a><a class=\"grid-item\" href=\"https:\/\/candorsweden.com\/sv\/anlaggningar\/\"><div class=\"grid-img\" style=\"background-image: url(https:\/\/candorsweden.com\/wp-content\/uploads\/2018\/01\/Surface-treatment-line.jpg)\"><\/div><h4>Anl\u00e4ggningar<\/h4><\/a><\/div><\/div><\/div><div class=\"fusion-clearfix\"><\/div><\/div><\/div><\/div><\/div>\n<\/p>\n","protected":false},"excerpt":{"rendered":"","protected":false},"author":1,"featured_media":117,"parent":30,"menu_order":0,"comment_status":"closed","ping_status":"closed","template":"templates\/child-page.php","meta":{"_acf_changed":false,"footnotes":""},"class_list":["post-133","page","type-page","status-publish","has-post-thumbnail","hentry"],"acf":[],"yoast_head":"<!-- This site is optimized with the Yoast SEO plugin v27.3 - https:\/\/yoast.com\/product\/yoast-seo-wordpress\/ -->\n<title>L\u00f6dning \u2013 Processer f\u00f6r kretskortstillverkning | Candor Sweden AB<\/title>\n<meta name=\"description\" content=\"Candor erbjuder ett produktprogram fr\u00e5n BalverZinn\/Cobar och andra kvalitetsleverant\u00f6rer, f\u00f6r processer f\u00f6r kretskortstillverkning. Se hela produktprogrammet h\u00e4r eller kontakta jorgen.pettersson@candorsweden.com f\u00f6r mer information.\" \/>\n<meta name=\"robots\" content=\"index, follow, max-snippet:-1, max-image-preview:large, max-video-preview:-1\" \/>\n<link rel=\"canonical\" href=\"https:\/\/candorsweden.com\/sv\/kemiska-processer\/lodning\/\" \/>\n<meta property=\"og:locale\" content=\"sv_SE\" \/>\n<meta property=\"og:type\" content=\"article\" \/>\n<meta property=\"og:title\" content=\"L\u00f6dning \u2013 Processer f\u00f6r kretskortstillverkning | Candor Sweden AB\" \/>\n<meta property=\"og:description\" content=\"Candor erbjuder ett produktprogram fr\u00e5n BalverZinn\/Cobar och andra kvalitetsleverant\u00f6rer, f\u00f6r processer f\u00f6r kretskortstillverkning. Se hela produktprogrammet h\u00e4r eller kontakta jorgen.pettersson@candorsweden.com f\u00f6r mer information.\" \/>\n<meta property=\"og:url\" content=\"https:\/\/candorsweden.com\/sv\/kemiska-processer\/lodning\/\" \/>\n<meta property=\"og:site_name\" content=\"Candor Sweden\" \/>\n<meta property=\"article:modified_time\" content=\"2026-03-12T10:42:42+00:00\" \/>\n<meta property=\"og:image\" content=\"https:\/\/candorsweden.com\/wp-content\/uploads\/2017\/11\/candor_kemi_pattern.png\" \/>\n\t<meta property=\"og:image:width\" content=\"280\" \/>\n\t<meta property=\"og:image:height\" content=\"420\" \/>\n\t<meta property=\"og:image:type\" content=\"image\/png\" \/>\n<meta name=\"twitter:card\" content=\"summary_large_image\" \/>\n<meta name=\"twitter:label1\" content=\"Ber\u00e4knad l\u00e4stid\" \/>\n\t<meta name=\"twitter:data1\" content=\"1 minut\" \/>\n<script type=\"application\/ld+json\" class=\"yoast-schema-graph\">{\"@context\":\"https:\\\/\\\/schema.org\",\"@graph\":[{\"@type\":\"WebPage\",\"@id\":\"https:\\\/\\\/candorsweden.com\\\/sv\\\/kemiska-processer\\\/lodning\\\/\",\"url\":\"https:\\\/\\\/candorsweden.com\\\/sv\\\/kemiska-processer\\\/lodning\\\/\",\"name\":\"L\u00f6dning \u2013 Processer f\u00f6r kretskortstillverkning | Candor Sweden AB\",\"isPartOf\":{\"@id\":\"https:\\\/\\\/candorsweden.com\\\/#website\"},\"primaryImageOfPage\":{\"@id\":\"https:\\\/\\\/candorsweden.com\\\/sv\\\/kemiska-processer\\\/lodning\\\/#primaryimage\"},\"image\":{\"@id\":\"https:\\\/\\\/candorsweden.com\\\/sv\\\/kemiska-processer\\\/lodning\\\/#primaryimage\"},\"thumbnailUrl\":\"https:\\\/\\\/candorsweden.com\\\/wp-content\\\/uploads\\\/2017\\\/11\\\/candor_kemi_pattern.png\",\"datePublished\":\"2017-11-15T10:14:09+00:00\",\"dateModified\":\"2026-03-12T10:42:42+00:00\",\"description\":\"Candor erbjuder ett produktprogram fr\u00e5n BalverZinn\\\/Cobar och andra kvalitetsleverant\u00f6rer, f\u00f6r processer f\u00f6r kretskortstillverkning. Se hela produktprogrammet h\u00e4r eller kontakta jorgen.pettersson@candorsweden.com f\u00f6r mer information.\",\"breadcrumb\":{\"@id\":\"https:\\\/\\\/candorsweden.com\\\/sv\\\/kemiska-processer\\\/lodning\\\/#breadcrumb\"},\"inLanguage\":\"sv-SE\",\"potentialAction\":[{\"@type\":\"ReadAction\",\"target\":[\"https:\\\/\\\/candorsweden.com\\\/sv\\\/kemiska-processer\\\/lodning\\\/\"]}]},{\"@type\":\"ImageObject\",\"inLanguage\":\"sv-SE\",\"@id\":\"https:\\\/\\\/candorsweden.com\\\/sv\\\/kemiska-processer\\\/lodning\\\/#primaryimage\",\"url\":\"https:\\\/\\\/candorsweden.com\\\/wp-content\\\/uploads\\\/2017\\\/11\\\/candor_kemi_pattern.png\",\"contentUrl\":\"https:\\\/\\\/candorsweden.com\\\/wp-content\\\/uploads\\\/2017\\\/11\\\/candor_kemi_pattern.png\",\"width\":280,\"height\":420},{\"@type\":\"BreadcrumbList\",\"@id\":\"https:\\\/\\\/candorsweden.com\\\/sv\\\/kemiska-processer\\\/lodning\\\/#breadcrumb\",\"itemListElement\":[{\"@type\":\"ListItem\",\"position\":1,\"name\":\"Hem\",\"item\":\"https:\\\/\\\/candorsweden.com\\\/sv\\\/\"},{\"@type\":\"ListItem\",\"position\":2,\"name\":\"Kemiska Processer\",\"item\":\"https:\\\/\\\/candorsweden.com\\\/sv\\\/kemiska-processer\\\/\"},{\"@type\":\"ListItem\",\"position\":3,\"name\":\"L\u00f6dning\"}]},{\"@type\":\"WebSite\",\"@id\":\"https:\\\/\\\/candorsweden.com\\\/#website\",\"url\":\"https:\\\/\\\/candorsweden.com\\\/\",\"name\":\"Candor Sweden\",\"description\":\"Chemical processes and equipment for surface treatment technology.\",\"potentialAction\":[{\"@type\":\"SearchAction\",\"target\":{\"@type\":\"EntryPoint\",\"urlTemplate\":\"https:\\\/\\\/candorsweden.com\\\/?s={search_term_string}\"},\"query-input\":{\"@type\":\"PropertyValueSpecification\",\"valueRequired\":true,\"valueName\":\"search_term_string\"}}],\"inLanguage\":\"sv-SE\"}]}<\/script>\n<!-- \/ Yoast SEO plugin. -->","yoast_head_json":{"title":"L\u00f6dning \u2013 Processer f\u00f6r kretskortstillverkning | Candor Sweden AB","description":"Candor erbjuder ett produktprogram fr\u00e5n BalverZinn\/Cobar och andra kvalitetsleverant\u00f6rer, f\u00f6r processer f\u00f6r kretskortstillverkning. Se hela produktprogrammet h\u00e4r eller kontakta jorgen.pettersson@candorsweden.com f\u00f6r mer information.","robots":{"index":"index","follow":"follow","max-snippet":"max-snippet:-1","max-image-preview":"max-image-preview:large","max-video-preview":"max-video-preview:-1"},"canonical":"https:\/\/candorsweden.com\/sv\/kemiska-processer\/lodning\/","og_locale":"sv_SE","og_type":"article","og_title":"L\u00f6dning \u2013 Processer f\u00f6r kretskortstillverkning | Candor Sweden AB","og_description":"Candor erbjuder ett produktprogram fr\u00e5n BalverZinn\/Cobar och andra kvalitetsleverant\u00f6rer, f\u00f6r processer f\u00f6r kretskortstillverkning. Se hela produktprogrammet h\u00e4r eller kontakta jorgen.pettersson@candorsweden.com f\u00f6r mer information.","og_url":"https:\/\/candorsweden.com\/sv\/kemiska-processer\/lodning\/","og_site_name":"Candor Sweden","article_modified_time":"2026-03-12T10:42:42+00:00","og_image":[{"width":280,"height":420,"url":"https:\/\/candorsweden.com\/wp-content\/uploads\/2017\/11\/candor_kemi_pattern.png","type":"image\/png"}],"twitter_card":"summary_large_image","twitter_misc":{"Ber\u00e4knad l\u00e4stid":"1 minut"},"schema":{"@context":"https:\/\/schema.org","@graph":[{"@type":"WebPage","@id":"https:\/\/candorsweden.com\/sv\/kemiska-processer\/lodning\/","url":"https:\/\/candorsweden.com\/sv\/kemiska-processer\/lodning\/","name":"L\u00f6dning \u2013 Processer f\u00f6r kretskortstillverkning | Candor Sweden AB","isPartOf":{"@id":"https:\/\/candorsweden.com\/#website"},"primaryImageOfPage":{"@id":"https:\/\/candorsweden.com\/sv\/kemiska-processer\/lodning\/#primaryimage"},"image":{"@id":"https:\/\/candorsweden.com\/sv\/kemiska-processer\/lodning\/#primaryimage"},"thumbnailUrl":"https:\/\/candorsweden.com\/wp-content\/uploads\/2017\/11\/candor_kemi_pattern.png","datePublished":"2017-11-15T10:14:09+00:00","dateModified":"2026-03-12T10:42:42+00:00","description":"Candor erbjuder ett produktprogram fr\u00e5n BalverZinn\/Cobar och andra kvalitetsleverant\u00f6rer, f\u00f6r processer f\u00f6r kretskortstillverkning. Se hela produktprogrammet h\u00e4r eller kontakta jorgen.pettersson@candorsweden.com f\u00f6r mer information.","breadcrumb":{"@id":"https:\/\/candorsweden.com\/sv\/kemiska-processer\/lodning\/#breadcrumb"},"inLanguage":"sv-SE","potentialAction":[{"@type":"ReadAction","target":["https:\/\/candorsweden.com\/sv\/kemiska-processer\/lodning\/"]}]},{"@type":"ImageObject","inLanguage":"sv-SE","@id":"https:\/\/candorsweden.com\/sv\/kemiska-processer\/lodning\/#primaryimage","url":"https:\/\/candorsweden.com\/wp-content\/uploads\/2017\/11\/candor_kemi_pattern.png","contentUrl":"https:\/\/candorsweden.com\/wp-content\/uploads\/2017\/11\/candor_kemi_pattern.png","width":280,"height":420},{"@type":"BreadcrumbList","@id":"https:\/\/candorsweden.com\/sv\/kemiska-processer\/lodning\/#breadcrumb","itemListElement":[{"@type":"ListItem","position":1,"name":"Hem","item":"https:\/\/candorsweden.com\/sv\/"},{"@type":"ListItem","position":2,"name":"Kemiska Processer","item":"https:\/\/candorsweden.com\/sv\/kemiska-processer\/"},{"@type":"ListItem","position":3,"name":"L\u00f6dning"}]},{"@type":"WebSite","@id":"https:\/\/candorsweden.com\/#website","url":"https:\/\/candorsweden.com\/","name":"Candor Sweden","description":"Chemical processes and equipment for surface treatment technology.","potentialAction":[{"@type":"SearchAction","target":{"@type":"EntryPoint","urlTemplate":"https:\/\/candorsweden.com\/?s={search_term_string}"},"query-input":{"@type":"PropertyValueSpecification","valueRequired":true,"valueName":"search_term_string"}}],"inLanguage":"sv-SE"}]}},"_links":{"self":[{"href":"https:\/\/candorsweden.com\/sv\/wp-json\/wp\/v2\/pages\/133","targetHints":{"allow":["GET"]}}],"collection":[{"href":"https:\/\/candorsweden.com\/sv\/wp-json\/wp\/v2\/pages"}],"about":[{"href":"https:\/\/candorsweden.com\/sv\/wp-json\/wp\/v2\/types\/page"}],"author":[{"embeddable":true,"href":"https:\/\/candorsweden.com\/sv\/wp-json\/wp\/v2\/users\/1"}],"replies":[{"embeddable":true,"href":"https:\/\/candorsweden.com\/sv\/wp-json\/wp\/v2\/comments?post=133"}],"version-history":[{"count":14,"href":"https:\/\/candorsweden.com\/sv\/wp-json\/wp\/v2\/pages\/133\/revisions"}],"predecessor-version":[{"id":5892,"href":"https:\/\/candorsweden.com\/sv\/wp-json\/wp\/v2\/pages\/133\/revisions\/5892"}],"up":[{"embeddable":true,"href":"https:\/\/candorsweden.com\/sv\/wp-json\/wp\/v2\/pages\/30"}],"wp:featuredmedia":[{"embeddable":true,"href":"https:\/\/candorsweden.com\/sv\/wp-json\/wp\/v2\/media\/117"}],"wp:attachment":[{"href":"https:\/\/candorsweden.com\/sv\/wp-json\/wp\/v2\/media?parent=133"}],"curies":[{"name":"wp","href":"https:\/\/api.w.org\/{rel}","templated":true}]}}