{"id":131,"date":"2017-11-15T11:13:51","date_gmt":"2017-11-15T10:13:51","guid":{"rendered":"https:\/\/candorsweden.com\/?page_id=131"},"modified":"2021-02-25T09:42:34","modified_gmt":"2021-02-25T08:42:34","slug":"lackering","status":"publish","type":"page","link":"https:\/\/candorsweden.com\/sv\/kemiska-processer\/lackering\/","title":{"rendered":"Lackering"},"content":{"rendered":"<p><div class=\"fusion-fullwidth fullwidth-box fusion-builder-row-1 nonhundred-percent-fullwidth non-hundred-percent-height-scrolling underundersida-cont\" style=\"--awb-border-radius-top-left:0px;--awb-border-radius-top-right:0px;--awb-border-radius-bottom-right:0px;--awb-border-radius-bottom-left:0px;--awb-flex-wrap:wrap;\" ><div class=\"fusion-builder-row fusion-row\"><div class=\"fusion-layout-column fusion_builder_column fusion-builder-column-0 fusion_builder_column_1_1 1_1 fusion-one-full fusion-column-first fusion-column-last\" style=\"--awb-bg-size:cover;\"><div class=\"fusion-column-wrapper fusion-flex-column-wrapper-legacy\"><div class=\"fusion-title title fusion-title-1 fusion-sep-none fusion-title-text fusion-title-size-one\" style=\"--awb-margin-top-small:0px;--awb-margin-right-small:0px;--awb-margin-bottom-small:20px;--awb-margin-left-small:0px;\"><h1 class=\"fusion-title-heading title-heading-left\" style=\"margin:0;\">Lackering.<\/h1><\/div><div class=\"fusion-text fusion-text-1\"><p>Candors produktprogram innefattar f\u00f6rbehandling f\u00f6re v\u00e5t- och pulverlackering. Optimal vidh\u00e4ftning mot metall \u00e4r helt avg\u00f6rande f\u00f6r ett bra lackeringsresultat.<\/p>\n<\/div><div class=\"fusion-title title fusion-title-2 fusion-sep-none fusion-title-text fusion-title-size-two\" style=\"--awb-margin-top-small:0px;--awb-margin-right-small:0px;--awb-margin-bottom-small:20px;--awb-margin-left-small:0px;\"><h2 class=\"fusion-title-heading title-heading-left\" style=\"margin:0;\"><p>Candors produktprogram \u00e4r<br \/>\nhelt\u00e4ckande och omfattar:<\/p><\/h2><\/div><div class=\"fusion-text fusion-text-2\"><ul>\n<li>Avfettning och betning<\/li>\n<li>Fosfatering<\/li>\n<li>Zirkoniumbaserade nanoprocesser f\u00f6r ers\u00e4ttning av fosfatering<\/li>\n<li>Korrosionsskydd \u2013 passivering, \u201dsealers\u201d<\/li>\n<\/ul>\n<\/div><div class=\"fusion-clearfix\"><\/div><\/div><\/div><div class=\"fusion-layout-column fusion_builder_column fusion-builder-column-1 fusion_builder_column_1_1 1_1 fusion-one-full fusion-column-first fusion-column-last\" style=\"--awb-bg-size:cover;\"><div class=\"fusion-column-wrapper fusion-flex-column-wrapper-legacy\"><div class=\"fusion-title title fusion-title-3 fusion-sep-none fusion-title-text fusion-title-size-three\" style=\"--awb-margin-top-small:0px;--awb-margin-right-small:0px;--awb-margin-bottom-small:20px;--awb-margin-left-small:0px;\"><h3 class=\"fusion-title-heading title-heading-left\" style=\"margin:0;\"><p>Milj\u00f6anpassade processer som<br \/>\ners\u00e4tter fosfatering och kromatering:<\/p><\/h3><\/div><div class=\"fusion-text fusion-text-3\"><ul>\n<li>E-CLPS<\/li>\n<li>ALFICOAT<\/li>\n<li>ZIRCA \u2013 SIL<\/li>\n<li>CANDOBOND<\/li>\n<li>Nanoteknik med Zirkonium och Titanium<\/li>\n<li>Silanbaserade produkter<\/li>\n<\/ul>\n<\/div><div class=\"fusion-text fusion-text-4\"><p>E-CLPS 2100 och ALFICOAT 748 \u00e4r GSB- och QUALICOAT-godk\u00e4nda produkter enligt GSB klass 4. Candor \u00e4r ocks\u00e5 sedan flera \u00e5r medlem av GSB.<\/p>\n<\/div><div class=\"fusion-clearfix\"><\/div><\/div><\/div><\/div><\/div><div class=\"fusion-fullwidth fullwidth-box fusion-builder-row-2 nonhundred-percent-fullwidth non-hundred-percent-height-scrolling section\" style=\"--awb-border-radius-top-left:0px;--awb-border-radius-top-right:0px;--awb-border-radius-bottom-right:0px;--awb-border-radius-bottom-left:0px;--awb-flex-wrap:wrap;\" ><div class=\"fusion-builder-row fusion-row\"><div class=\"fusion-layout-column fusion_builder_column fusion-builder-column-2 fusion_builder_column_1_1 1_1 fusion-one-full fusion-column-first fusion-column-last\" style=\"--awb-bg-size:cover;\"><div class=\"fusion-column-wrapper fusion-flex-column-wrapper-legacy\"><div class=\"fusion-title title fusion-title-4 fusion-sep-none fusion-title-text fusion-title-size-two\" style=\"--awb-margin-top-small:0px;--awb-margin-right-small:0px;--awb-margin-bottom-small:20px;--awb-margin-left-small:0px;\"><h2 class=\"fusion-title-heading title-heading-left\" style=\"margin:0;\">Vill du veta mer?<\/h2><\/div>\n<div class=\"content-card-wrapper clearfix\">\n\t<div class=\"contact-card-alternate\">\n\t\t<div class=\"border\" style=\"background-image: url(\/wp-content\/uploads\/2017\/11\/candor_kemi_pattern.png);\"><\/div>\n\t\t<div class=\"contact-content\">\n\t\t\t<h4>J\u00f6rgen Pettersson<\/h4>\n\t\t\t<p>Processer elektronik<\/p>\n\t\t\t<p>+46(0)11 - 21 75 57<\/p>\n\t\t\t<p><\/p>\n\t\t\t<p>jorgen.pettersson@candorsweden.com<\/p>\n\t\t<\/div> <!-- End contact content -->\n\t<\/div> <!-- End contact card -->\n\t<a class=\"all-contacts\" href=\"https:\/\/candorsweden.com\/sv\/kontakta-oss\/\">\n\t\t<div class=\"contact-content\">\n\t\t\t<h4>Alla kontakter<\/h4>\n\t\t\t<p>S\u00f6ker du n\u00e5gon? H\u00e4r finns samtliga kontaktpersoner.<\/p>\n\t\t<\/div>\n\t<\/a> <!-- end all contacts -->\n<\/div> <!-- end content card wrapper --><div class=\"fusion-alignright\"><a class=\"fusion-button button-3d fusion-button-default-size button-default fusion-button-default button-1 fusion-button-default-span fusion-button-default-type small\" target=\"_self\" href=\"\/kontakta-oss\"><span class=\"fusion-button-text awb-button__text awb-button__text--default\">Fler kontaktuppgifter<\/span><\/a><\/div><div class=\"fusion-clearfix\"><\/div><\/div><\/div><div class=\"fusion-layout-column fusion_builder_column fusion-builder-column-3 fusion_builder_column_1_1 1_1 fusion-one-full fusion-column-first fusion-column-last\" style=\"--awb-bg-size:cover;\"><div class=\"fusion-column-wrapper fusion-flex-column-wrapper-legacy\"><div class=\"fusion-column-content-centered\"><div class=\"fusion-column-content\"><div class=\"fusion-title title fusion-title-5 fusion-sep-none fusion-title-text fusion-title-size-three\" style=\"--awb-margin-top-small:0px;--awb-margin-right-small:0px;--awb-margin-bottom-small:20px;--awb-margin-left-small:0px;\"><h3 class=\"fusion-title-heading title-heading-left\" style=\"margin:0;\">Uppt\u00e4ck v\u00e5ra marknadsomr\u00e5den<\/h3><\/div><\/div><\/div><div class=\"fusion-clearfix\"><\/div><\/div><\/div><div class=\"fusion-layout-column fusion_builder_column fusion-builder-column-4 fusion_builder_column_1_1 1_1 fusion-one-full fusion-column-first fusion-column-last\" style=\"--awb-bg-size:cover;\"><div class=\"fusion-column-wrapper fusion-flex-column-wrapper-legacy\"><div class=\"fusion-column-content-centered\"><div class=\"fusion-column-content\"><div>\n\t<a class=\"grid-item\" href=\"https:\/\/candorsweden.com\/sv\/kemiska-processer\/\"><div class=\"grid-img\" style=\"background-image: url(https:\/\/candorsweden.com\/wp-content\/uploads\/2018\/02\/Labb-02-e1518094764497.jpg)\"><\/div><h4>Kemiska Processer<\/h4><\/a><a class=\"grid-item\" href=\"https:\/\/candorsweden.com\/sv\/metaller\/\"><div class=\"grid-img\" style=\"background-image: url(https:\/\/candorsweden.com\/wp-content\/uploads\/2018\/02\/Metaller-03-edit.jpg)\"><\/div><h4>Metaller<\/h4><\/a><a class=\"grid-item\" href=\"https:\/\/candorsweden.com\/sv\/anlaggningar\/\"><div class=\"grid-img\" style=\"background-image: url(https:\/\/candorsweden.com\/wp-content\/uploads\/2018\/01\/Surface-treatment-line.jpg)\"><\/div><h4>Anl\u00e4ggningar<\/h4><\/a><\/div><\/div><\/div><div class=\"fusion-clearfix\"><\/div><\/div><\/div><\/div><\/div>\n<\/p>\n","protected":false},"excerpt":{"rendered":"","protected":false},"author":1,"featured_media":117,"parent":30,"menu_order":0,"comment_status":"closed","ping_status":"closed","template":"templates\/child-page.php","meta":{"_acf_changed":false,"footnotes":""},"class_list":["post-131","page","type-page","status-publish","has-post-thumbnail","hentry"],"acf":[],"yoast_head":"<!-- This site is optimized with the Yoast SEO plugin v27.3 - https:\/\/yoast.com\/product\/yoast-seo-wordpress\/ -->\n<title>F\u00f6rbehandling f\u00f6re v\u00e5t- och pulverlackering | Candor Sweden AB<\/title>\n<meta name=\"description\" content=\"Candors produktprogram innefattar f\u00f6rbehandling f\u00f6re v\u00e5t- och pulverlackering. Se det helt\u00e4ckande produktprogrammet h\u00e4r, eller kontakta jorgen.pettersson@candorsweden.com f\u00f6r mer information.\" \/>\n<meta name=\"robots\" content=\"index, follow, max-snippet:-1, max-image-preview:large, max-video-preview:-1\" \/>\n<link rel=\"canonical\" href=\"https:\/\/candorsweden.com\/sv\/kemiska-processer\/lackering\/\" \/>\n<meta property=\"og:locale\" content=\"sv_SE\" \/>\n<meta property=\"og:type\" content=\"article\" \/>\n<meta property=\"og:title\" content=\"F\u00f6rbehandling f\u00f6re v\u00e5t- och pulverlackering | Candor Sweden AB\" \/>\n<meta property=\"og:description\" content=\"Candors produktprogram innefattar f\u00f6rbehandling f\u00f6re v\u00e5t- och pulverlackering. Se det helt\u00e4ckande produktprogrammet h\u00e4r, eller kontakta jorgen.pettersson@candorsweden.com f\u00f6r mer information.\" \/>\n<meta property=\"og:url\" content=\"https:\/\/candorsweden.com\/sv\/kemiska-processer\/lackering\/\" \/>\n<meta property=\"og:site_name\" content=\"Candor Sweden\" \/>\n<meta property=\"article:modified_time\" content=\"2021-02-25T08:42:34+00:00\" \/>\n<meta property=\"og:image\" content=\"https:\/\/candorsweden.com\/wp-content\/uploads\/2017\/11\/candor_kemi_pattern.png\" \/>\n\t<meta property=\"og:image:width\" content=\"280\" \/>\n\t<meta property=\"og:image:height\" content=\"420\" \/>\n\t<meta property=\"og:image:type\" content=\"image\/png\" \/>\n<meta name=\"twitter:card\" content=\"summary_large_image\" \/>\n<meta name=\"twitter:label1\" content=\"Ber\u00e4knad l\u00e4stid\" \/>\n\t<meta name=\"twitter:data1\" content=\"3 minuter\" \/>\n<script type=\"application\/ld+json\" class=\"yoast-schema-graph\">{\"@context\":\"https:\\\/\\\/schema.org\",\"@graph\":[{\"@type\":\"WebPage\",\"@id\":\"https:\\\/\\\/candorsweden.com\\\/sv\\\/kemiska-processer\\\/lackering\\\/\",\"url\":\"https:\\\/\\\/candorsweden.com\\\/sv\\\/kemiska-processer\\\/lackering\\\/\",\"name\":\"F\u00f6rbehandling f\u00f6re v\u00e5t- och pulverlackering | Candor Sweden AB\",\"isPartOf\":{\"@id\":\"https:\\\/\\\/candorsweden.com\\\/#website\"},\"primaryImageOfPage\":{\"@id\":\"https:\\\/\\\/candorsweden.com\\\/sv\\\/kemiska-processer\\\/lackering\\\/#primaryimage\"},\"image\":{\"@id\":\"https:\\\/\\\/candorsweden.com\\\/sv\\\/kemiska-processer\\\/lackering\\\/#primaryimage\"},\"thumbnailUrl\":\"https:\\\/\\\/candorsweden.com\\\/wp-content\\\/uploads\\\/2017\\\/11\\\/candor_kemi_pattern.png\",\"datePublished\":\"2017-11-15T10:13:51+00:00\",\"dateModified\":\"2021-02-25T08:42:34+00:00\",\"description\":\"Candors produktprogram innefattar f\u00f6rbehandling f\u00f6re v\u00e5t- och pulverlackering. Se det helt\u00e4ckande produktprogrammet h\u00e4r, eller kontakta jorgen.pettersson@candorsweden.com f\u00f6r mer information.\",\"breadcrumb\":{\"@id\":\"https:\\\/\\\/candorsweden.com\\\/sv\\\/kemiska-processer\\\/lackering\\\/#breadcrumb\"},\"inLanguage\":\"sv-SE\",\"potentialAction\":[{\"@type\":\"ReadAction\",\"target\":[\"https:\\\/\\\/candorsweden.com\\\/sv\\\/kemiska-processer\\\/lackering\\\/\"]}]},{\"@type\":\"ImageObject\",\"inLanguage\":\"sv-SE\",\"@id\":\"https:\\\/\\\/candorsweden.com\\\/sv\\\/kemiska-processer\\\/lackering\\\/#primaryimage\",\"url\":\"https:\\\/\\\/candorsweden.com\\\/wp-content\\\/uploads\\\/2017\\\/11\\\/candor_kemi_pattern.png\",\"contentUrl\":\"https:\\\/\\\/candorsweden.com\\\/wp-content\\\/uploads\\\/2017\\\/11\\\/candor_kemi_pattern.png\",\"width\":280,\"height\":420},{\"@type\":\"BreadcrumbList\",\"@id\":\"https:\\\/\\\/candorsweden.com\\\/sv\\\/kemiska-processer\\\/lackering\\\/#breadcrumb\",\"itemListElement\":[{\"@type\":\"ListItem\",\"position\":1,\"name\":\"Hem\",\"item\":\"https:\\\/\\\/candorsweden.com\\\/sv\\\/\"},{\"@type\":\"ListItem\",\"position\":2,\"name\":\"Kemiska Processer\",\"item\":\"https:\\\/\\\/candorsweden.com\\\/sv\\\/kemiska-processer\\\/\"},{\"@type\":\"ListItem\",\"position\":3,\"name\":\"Lackering\"}]},{\"@type\":\"WebSite\",\"@id\":\"https:\\\/\\\/candorsweden.com\\\/#website\",\"url\":\"https:\\\/\\\/candorsweden.com\\\/\",\"name\":\"Candor Sweden\",\"description\":\"Chemical processes and equipment for surface treatment technology.\",\"potentialAction\":[{\"@type\":\"SearchAction\",\"target\":{\"@type\":\"EntryPoint\",\"urlTemplate\":\"https:\\\/\\\/candorsweden.com\\\/?s={search_term_string}\"},\"query-input\":{\"@type\":\"PropertyValueSpecification\",\"valueRequired\":true,\"valueName\":\"search_term_string\"}}],\"inLanguage\":\"sv-SE\"}]}<\/script>\n<!-- \/ Yoast SEO plugin. -->","yoast_head_json":{"title":"F\u00f6rbehandling f\u00f6re v\u00e5t- och pulverlackering | Candor Sweden AB","description":"Candors produktprogram innefattar f\u00f6rbehandling f\u00f6re v\u00e5t- och pulverlackering. Se det helt\u00e4ckande produktprogrammet h\u00e4r, eller kontakta jorgen.pettersson@candorsweden.com f\u00f6r mer information.","robots":{"index":"index","follow":"follow","max-snippet":"max-snippet:-1","max-image-preview":"max-image-preview:large","max-video-preview":"max-video-preview:-1"},"canonical":"https:\/\/candorsweden.com\/sv\/kemiska-processer\/lackering\/","og_locale":"sv_SE","og_type":"article","og_title":"F\u00f6rbehandling f\u00f6re v\u00e5t- och pulverlackering | Candor Sweden AB","og_description":"Candors produktprogram innefattar f\u00f6rbehandling f\u00f6re v\u00e5t- och pulverlackering. Se det helt\u00e4ckande produktprogrammet h\u00e4r, eller kontakta jorgen.pettersson@candorsweden.com f\u00f6r mer information.","og_url":"https:\/\/candorsweden.com\/sv\/kemiska-processer\/lackering\/","og_site_name":"Candor Sweden","article_modified_time":"2021-02-25T08:42:34+00:00","og_image":[{"width":280,"height":420,"url":"https:\/\/candorsweden.com\/wp-content\/uploads\/2017\/11\/candor_kemi_pattern.png","type":"image\/png"}],"twitter_card":"summary_large_image","twitter_misc":{"Ber\u00e4knad l\u00e4stid":"3 minuter"},"schema":{"@context":"https:\/\/schema.org","@graph":[{"@type":"WebPage","@id":"https:\/\/candorsweden.com\/sv\/kemiska-processer\/lackering\/","url":"https:\/\/candorsweden.com\/sv\/kemiska-processer\/lackering\/","name":"F\u00f6rbehandling f\u00f6re v\u00e5t- och pulverlackering | Candor Sweden AB","isPartOf":{"@id":"https:\/\/candorsweden.com\/#website"},"primaryImageOfPage":{"@id":"https:\/\/candorsweden.com\/sv\/kemiska-processer\/lackering\/#primaryimage"},"image":{"@id":"https:\/\/candorsweden.com\/sv\/kemiska-processer\/lackering\/#primaryimage"},"thumbnailUrl":"https:\/\/candorsweden.com\/wp-content\/uploads\/2017\/11\/candor_kemi_pattern.png","datePublished":"2017-11-15T10:13:51+00:00","dateModified":"2021-02-25T08:42:34+00:00","description":"Candors produktprogram innefattar f\u00f6rbehandling f\u00f6re v\u00e5t- och pulverlackering. Se det helt\u00e4ckande produktprogrammet h\u00e4r, eller kontakta jorgen.pettersson@candorsweden.com f\u00f6r mer information.","breadcrumb":{"@id":"https:\/\/candorsweden.com\/sv\/kemiska-processer\/lackering\/#breadcrumb"},"inLanguage":"sv-SE","potentialAction":[{"@type":"ReadAction","target":["https:\/\/candorsweden.com\/sv\/kemiska-processer\/lackering\/"]}]},{"@type":"ImageObject","inLanguage":"sv-SE","@id":"https:\/\/candorsweden.com\/sv\/kemiska-processer\/lackering\/#primaryimage","url":"https:\/\/candorsweden.com\/wp-content\/uploads\/2017\/11\/candor_kemi_pattern.png","contentUrl":"https:\/\/candorsweden.com\/wp-content\/uploads\/2017\/11\/candor_kemi_pattern.png","width":280,"height":420},{"@type":"BreadcrumbList","@id":"https:\/\/candorsweden.com\/sv\/kemiska-processer\/lackering\/#breadcrumb","itemListElement":[{"@type":"ListItem","position":1,"name":"Hem","item":"https:\/\/candorsweden.com\/sv\/"},{"@type":"ListItem","position":2,"name":"Kemiska Processer","item":"https:\/\/candorsweden.com\/sv\/kemiska-processer\/"},{"@type":"ListItem","position":3,"name":"Lackering"}]},{"@type":"WebSite","@id":"https:\/\/candorsweden.com\/#website","url":"https:\/\/candorsweden.com\/","name":"Candor Sweden","description":"Chemical processes and equipment for surface treatment technology.","potentialAction":[{"@type":"SearchAction","target":{"@type":"EntryPoint","urlTemplate":"https:\/\/candorsweden.com\/?s={search_term_string}"},"query-input":{"@type":"PropertyValueSpecification","valueRequired":true,"valueName":"search_term_string"}}],"inLanguage":"sv-SE"}]}},"_links":{"self":[{"href":"https:\/\/candorsweden.com\/sv\/wp-json\/wp\/v2\/pages\/131","targetHints":{"allow":["GET"]}}],"collection":[{"href":"https:\/\/candorsweden.com\/sv\/wp-json\/wp\/v2\/pages"}],"about":[{"href":"https:\/\/candorsweden.com\/sv\/wp-json\/wp\/v2\/types\/page"}],"author":[{"embeddable":true,"href":"https:\/\/candorsweden.com\/sv\/wp-json\/wp\/v2\/users\/1"}],"replies":[{"embeddable":true,"href":"https:\/\/candorsweden.com\/sv\/wp-json\/wp\/v2\/comments?post=131"}],"version-history":[{"count":11,"href":"https:\/\/candorsweden.com\/sv\/wp-json\/wp\/v2\/pages\/131\/revisions"}],"predecessor-version":[{"id":264,"href":"https:\/\/candorsweden.com\/sv\/wp-json\/wp\/v2\/pages\/131\/revisions\/264"}],"up":[{"embeddable":true,"href":"https:\/\/candorsweden.com\/sv\/wp-json\/wp\/v2\/pages\/30"}],"wp:featuredmedia":[{"embeddable":true,"href":"https:\/\/candorsweden.com\/sv\/wp-json\/wp\/v2\/media\/117"}],"wp:attachment":[{"href":"https:\/\/candorsweden.com\/sv\/wp-json\/wp\/v2\/media?parent=131"}],"curies":[{"name":"wp","href":"https:\/\/api.w.org\/{rel}","templated":true}]}}