{"id":123,"date":"2017-11-15T11:12:41","date_gmt":"2017-11-15T10:12:41","guid":{"rendered":"https:\/\/candorsweden.com\/?page_id=123"},"modified":"2018-01-25T16:02:35","modified_gmt":"2018-01-25T15:02:35","slug":"trad-och-rordragning","status":"publish","type":"page","link":"https:\/\/candorsweden.com\/sv\/kemiska-processer\/trad-och-rordragning\/","title":{"rendered":"Tr\u00e5d och r\u00f6rdragning"},"content":{"rendered":"<p><div class=\"fusion-fullwidth fullwidth-box fusion-builder-row-1 nonhundred-percent-fullwidth non-hundred-percent-height-scrolling underundersida-cont\" style=\"--awb-border-radius-top-left:0px;--awb-border-radius-top-right:0px;--awb-border-radius-bottom-right:0px;--awb-border-radius-bottom-left:0px;--awb-flex-wrap:wrap;\" ><div class=\"fusion-builder-row fusion-row\"><div class=\"fusion-layout-column fusion_builder_column fusion-builder-column-0 fusion_builder_column_1_1 1_1 fusion-one-full fusion-column-first fusion-column-last\" style=\"--awb-bg-size:cover;\"><div class=\"fusion-column-wrapper fusion-flex-column-wrapper-legacy\"><div class=\"fusion-title title fusion-title-1 fusion-sep-none fusion-title-text fusion-title-size-one\" style=\"--awb-margin-top-small:0px;--awb-margin-right-small:0px;--awb-margin-bottom-small:20px;--awb-margin-left-small:0px;\"><h1 class=\"fusion-title-heading title-heading-left\" style=\"margin:0;\">Tr\u00e5d och r\u00f6rdragning.<\/h1><\/div><div class=\"fusion-text fusion-text-1\"><p>Candor representerar Condat Lubricants, en av v\u00e4rldens ledande leverant\u00f6rer av produkter utvecklade f\u00f6r dragning och formning av tr\u00e5d och r\u00f6r.<\/p>\n<\/div><div class=\"fusion-text fusion-text-2\"><p>Vi marknadsf\u00f6r Vicafil\u00ae och Steelskin\u00ae produkter f\u00f6r dragning av alla typer av material:<\/p>\n<\/div><div class=\"fusion-text fusion-text-3\"><ul>\n<li>St\u00e5l med l\u00e5g, medium och h\u00f6g kolhalt<\/li>\n<li>Rostfria legeringar<\/li>\n<li>Koppar, aluminium och dess legeringar<\/li>\n<\/ul>\n<\/div><div class=\"fusion-clearfix\"><\/div><\/div><\/div><div class=\"fusion-layout-column fusion_builder_column fusion-builder-column-1 fusion_builder_column_1_1 1_1 fusion-one-full fusion-column-first fusion-column-last\" style=\"--awb-bg-size:cover;\"><div class=\"fusion-column-wrapper fusion-flex-column-wrapper-legacy\"><div class=\"fusion-title title fusion-title-2 fusion-sep-none fusion-title-text fusion-title-size-two\" style=\"--awb-margin-top-small:0px;--awb-margin-right-small:0px;--awb-margin-bottom-small:20px;--awb-margin-left-small:0px;\"><h2 class=\"fusion-title-heading title-heading-left\" style=\"margin:0;\">Candors program omfattar:<\/h2><\/div><div class=\"fusion-builder-row fusion-builder-row-inner fusion-row\"><div class=\"fusion-layout-column fusion_builder_column_inner fusion-builder-nested-column-0 fusion_builder_column_inner_1_2 1_2 fusion-one-half fusion-column-first\" style=\"--awb-bg-size:cover;--awb-margin-bottom:0px;width:50%;width:calc(50% - ( ( 4% ) * 0.5 ) );margin-right: 4%;\"><div class=\"fusion-column-wrapper fusion-flex-column-wrapper-legacy\"><div class=\"fusion-content-boxes content-boxes columns row fusion-columns-1 fusion-columns-total-3 fusion-content-boxes-1 content-boxes-icon-on-side content-left listbox\" style=\"--awb-body-color:#000000;--awb-title-color:#000000;--awb-margin-top:0px;--awb-margin-bottom:10px;--awb-hover-accent-color:#000000;--awb-circle-hover-accent-color:#000000;--awb-item-margin-bottom:40px;\" data-animationOffset=\"top-into-view\"><div style=\"--awb-backgroundcolor:rgba(255,255,255,0);\" class=\"fusion-column content-box-column content-box-column content-box-column-1 col-lg-12 col-md-12 col-sm-12 fusion-content-box-hover content-box-column-last-in-row\"><div class=\"col content-box-wrapper content-wrapper link-area-link-icon icon-hover-animation-fade\" data-animationOffset=\"top-into-view\"><div class=\"heading icon-left\"><h2 class=\"content-box-heading\" style=\"--h2_typography-font-size:18px;line-height:23px;\">Torra dragsm\u00f6rjmedel<\/h2><\/div><div class=\"fusion-clearfix\"><\/div><div class=\"content-container\">\n<p>Ett mycket stort program av kalcium- och natriumtv\u00e5lar, som t\u00e4cker in alla typer av applikationer och behov vid tr\u00e5ddragning.<\/p>\n<\/div><\/div><\/div><div style=\"--awb-backgroundcolor:rgba(255,255,255,0);\" class=\"fusion-column content-box-column content-box-column content-box-column-2 col-lg-12 col-md-12 col-sm-12 fusion-content-box-hover content-box-column-last-in-row\"><div class=\"col content-box-wrapper content-wrapper link-area-link-icon icon-hover-animation-fade\" data-animationOffset=\"top-into-view\"><div class=\"heading icon-left\"><h2 class=\"content-box-heading\" style=\"--h2_typography-font-size:18px;line-height:23px;\">B\u00e4rarbel\u00e4ggningar<\/h2><\/div><div class=\"fusion-clearfix\"><\/div><div class=\"content-container\">\n<p>Icke reaktiva saltbel\u00e4ggningar f\u00f6r b\u00e5de kolst\u00e5l och rostfria st\u00e5l som f\u00f6rb\u00e4ttrar upptagningen av sm\u00f6rjmedel vid dragning.<\/p>\n<\/div><\/div><\/div><div style=\"--awb-backgroundcolor:rgba(255,255,255,0);\" class=\"fusion-column content-box-column content-box-column content-box-column-3 col-lg-12 col-md-12 col-sm-12 fusion-content-box-hover content-box-column-last content-box-column-last-in-row\"><div class=\"col content-box-wrapper content-wrapper link-area-link-icon icon-hover-animation-fade\" data-animationOffset=\"top-into-view\"><div class=\"heading icon-left\"><h2 class=\"content-box-heading\" style=\"--h2_typography-font-size:18px;line-height:23px;\">V\u00e5ta sm\u00f6rjmedel <\/h2><\/div><div class=\"fusion-clearfix\"><\/div><div class=\"content-container\">\n<p>Formuleringar i form av emulsioner, dispersioner och l\u00f6sningar, rekommenderade f\u00f6r dragning av tunn tr\u00e5d samt f\u00f6r kallformning.<\/p>\n<\/div><\/div><\/div><div class=\"fusion-clearfix\"><\/div><\/div><div class=\"fusion-clearfix\"><\/div><\/div><\/div><div class=\"fusion-layout-column fusion_builder_column_inner fusion-builder-nested-column-1 fusion_builder_column_inner_1_2 1_2 fusion-one-half fusion-column-last\" style=\"--awb-bg-size:cover;--awb-margin-bottom:0px;width:50%;width:calc(50% - ( ( 4% ) * 0.5 ) );\"><div class=\"fusion-column-wrapper fusion-flex-column-wrapper-legacy\"><div class=\"fusion-content-boxes content-boxes columns row fusion-columns-1 fusion-columns-total-3 fusion-content-boxes-2 content-boxes-icon-on-side content-left listbox\" style=\"--awb-body-color:#000000;--awb-title-color:#000000;--awb-margin-top:0px;--awb-margin-bottom:10px;--awb-hover-accent-color:#000000;--awb-circle-hover-accent-color:#000000;--awb-item-margin-bottom:40px;\" data-animationOffset=\"top-into-view\"><div style=\"--awb-backgroundcolor:rgba(255,255,255,0);\" class=\"fusion-column content-box-column content-box-column content-box-column-1 col-lg-12 col-md-12 col-sm-12 fusion-content-box-hover content-box-column-last-in-row\"><div class=\"col content-box-wrapper content-wrapper link-area-link-icon icon-hover-animation-fade\" data-animationOffset=\"top-into-view\"><div class=\"heading icon-left\"><h2 class=\"content-box-heading\" style=\"--h2_typography-font-size:18px;line-height:23px;\">Condaprotect\u00ae<\/h2><\/div><div class=\"fusion-clearfix\"><\/div><div class=\"content-container\">\n<p>Skyddande oljor f\u00f6r metaller.<\/p>\n<\/div><\/div><\/div><div style=\"--awb-backgroundcolor:rgba(255,255,255,0);\" class=\"fusion-column content-box-column content-box-column content-box-column-2 col-lg-12 col-md-12 col-sm-12 fusion-content-box-hover content-box-column-last-in-row\"><div class=\"col content-box-wrapper content-wrapper link-area-link-icon icon-hover-animation-fade\" data-animationOffset=\"top-into-view\"><div class=\"heading icon-left\"><h2 class=\"content-box-heading\" style=\"--h2_typography-font-size:18px;line-height:23px;\">Galvasmooth\u00ae<\/h2><\/div><div class=\"fusion-clearfix\"><\/div><div class=\"content-container\">\n<p>Tr\u00e4kolsbaserade produkter f\u00f6r avstrykning vid galvanisering av tr\u00e5d.<\/p>\n<\/div><\/div><\/div><div style=\"--awb-backgroundcolor:rgba(255,255,255,0);\" class=\"fusion-column content-box-column content-box-column content-box-column-3 col-lg-12 col-md-12 col-sm-12 fusion-content-box-hover content-box-column-last content-box-column-last-in-row\"><div class=\"col content-box-wrapper content-wrapper link-area-link-icon icon-hover-animation-fade\" data-animationOffset=\"top-into-view\"><div class=\"heading icon-left\"><h2 class=\"content-box-heading\" style=\"--h2_typography-font-size:18px;line-height:23px;\">Condat D Range<\/h2><\/div><div class=\"fusion-clearfix\"><\/div><div class=\"content-container\">\n<p>Programet omfattar \u00e4ven flamskyddade hydrauloljor.<\/p>\n<\/div><\/div><\/div><div class=\"fusion-clearfix\"><\/div><\/div><div class=\"fusion-clearfix\"><\/div><\/div><\/div><\/div><div class=\"fusion-clearfix\"><\/div><\/div><\/div><div class=\"fusion-layout-column fusion_builder_column fusion-builder-column-2 fusion_builder_column_1_1 1_1 fusion-one-full fusion-column-first fusion-column-last\" style=\"--awb-bg-size:cover;--awb-margin-bottom:0px;\"><div class=\"fusion-column-wrapper fusion-flex-column-wrapper-legacy\"><div class=\"fusion-text fusion-text-4\"><h4>Vidare ing\u00e5r Candors kemiprodukter f\u00f6r tr\u00e5d:<\/h4>\n<\/div><div class=\"fusion-clearfix\"><\/div><\/div><\/div><div class=\"fusion-layout-column fusion_builder_column fusion-builder-column-3 fusion_builder_column_1_2 1_2 fusion-one-half fusion-column-first\" style=\"--awb-bg-size:cover;width:50%;width:calc(50% - ( ( 4% ) * 0.5 ) );margin-right: 4%;\"><div class=\"fusion-column-wrapper fusion-flex-column-wrapper-legacy\"><div class=\"fusion-text fusion-text-5\"><ul>\n<li>Alkalisk respektive sur avfettare.<\/li>\n<li>Avfettare f\u00f6r ultraljudstv\u00e4ttar.<\/li>\n<li>Processer f\u00f6r kemisk\u00a0 kopparbel\u00e4ggning av tr\u00e5d \u2013 Kopparsalt KFS\u00a0eller\u00a0Flytande KFS. Dessa produkter kan anv\u00e4ndas i in-line-utrustning eller vid bel\u00e4ggning av en hel ring, s.k. kopparbet.<\/li>\n<\/ul>\n<\/div><div class=\"fusion-clearfix\"><\/div><\/div><\/div><div class=\"fusion-layout-column fusion_builder_column fusion-builder-column-4 fusion_builder_column_1_2 1_2 fusion-one-half fusion-column-last\" style=\"--awb-bg-size:cover;width:50%;width:calc(50% - ( ( 4% ) * 0.5 ) );\"><div class=\"fusion-column-wrapper fusion-flex-column-wrapper-legacy\"><div class=\"fusion-text fusion-text-6\"><ul>\n<li>Inhibitorer f\u00f6r kopparbel\u00e4ggnings-processen.<\/li>\n<li>Elektrolytiska\u00a0 in-line pl\u00e4teringsprocesser f\u00f6r tr\u00e5d. Processer med h\u00f6g utf\u00e4llningshastighet f\u00f6r exempelvis nickel, koppar, tenn, zink m.fl.<\/li>\n<\/ul>\n<\/div><div class=\"fusion-clearfix\"><\/div><\/div><\/div><\/div><\/div><div class=\"fusion-fullwidth fullwidth-box fusion-builder-row-2 nonhundred-percent-fullwidth non-hundred-percent-height-scrolling section\" style=\"--awb-border-radius-top-left:0px;--awb-border-radius-top-right:0px;--awb-border-radius-bottom-right:0px;--awb-border-radius-bottom-left:0px;--awb-flex-wrap:wrap;\" ><div class=\"fusion-builder-row fusion-row\"><div class=\"fusion-layout-column fusion_builder_column fusion-builder-column-5 fusion_builder_column_1_1 1_1 fusion-one-full fusion-column-first fusion-column-last\" style=\"--awb-bg-size:cover;\"><div class=\"fusion-column-wrapper fusion-flex-column-wrapper-legacy\"><div class=\"fusion-title title fusion-title-3 fusion-sep-none fusion-title-text fusion-title-size-two\" style=\"--awb-margin-top-small:0px;--awb-margin-right-small:0px;--awb-margin-bottom-small:20px;--awb-margin-left-small:0px;\"><h2 class=\"fusion-title-heading title-heading-left\" style=\"margin:0;\">Vill du veta mer?<\/h2><\/div>\n<div class=\"content-card-wrapper clearfix\">\n\t<div class=\"contact-card-alternate\">\n\t\t<div class=\"border\" style=\"background-image: url(\/wp-content\/uploads\/2017\/11\/candor_kemi_pattern.png);\"><\/div>\n\t\t<div class=\"contact-content\">\n\t\t\t<h4>J\u00f6rgen Pettersson<\/h4>\n\t\t\t<p>Processer elektronik<\/p>\n\t\t\t<p>+46(0)11 - 21 75 57<\/p>\n\t\t\t<p><\/p>\n\t\t\t<p>jorgen.pettersson@candorsweden.com<\/p>\n\t\t<\/div> <!-- End contact content -->\n\t<\/div> <!-- End contact card -->\n\t<a class=\"all-contacts\" href=\"https:\/\/candorsweden.com\/sv\/kontakta-oss\/\">\n\t\t<div class=\"contact-content\">\n\t\t\t<h4>Alla kontakter<\/h4>\n\t\t\t<p>S\u00f6ker du n\u00e5gon? H\u00e4r finns samtliga kontaktpersoner.<\/p>\n\t\t<\/div>\n\t<\/a> <!-- end all contacts -->\n<\/div> <!-- end content card wrapper --><div class=\"fusion-alignright\"><a class=\"fusion-button button-3d fusion-button-default-size button-default fusion-button-default button-1 fusion-button-default-span fusion-button-default-type small\" target=\"_self\" href=\"\/kontakta-oss\"><span class=\"fusion-button-text awb-button__text awb-button__text--default\">Fler kontaktuppgifter<\/span><\/a><\/div><div class=\"fusion-clearfix\"><\/div><\/div><\/div><div class=\"fusion-layout-column fusion_builder_column fusion-builder-column-6 fusion_builder_column_1_1 1_1 fusion-one-full fusion-column-first fusion-column-last\" style=\"--awb-bg-size:cover;\"><div class=\"fusion-column-wrapper fusion-flex-column-wrapper-legacy\"><div class=\"fusion-column-content-centered\"><div class=\"fusion-column-content\"><div class=\"fusion-title title fusion-title-4 fusion-sep-none fusion-title-text fusion-title-size-three\" style=\"--awb-margin-top-small:0px;--awb-margin-right-small:0px;--awb-margin-bottom-small:20px;--awb-margin-left-small:0px;\"><h3 class=\"fusion-title-heading title-heading-left\" style=\"margin:0;\">Uppt\u00e4ck v\u00e5ra marknadsomr\u00e5den<\/h3><\/div><\/div><\/div><div class=\"fusion-clearfix\"><\/div><\/div><\/div><div class=\"fusion-layout-column fusion_builder_column fusion-builder-column-7 fusion_builder_column_1_1 1_1 fusion-one-full fusion-column-first fusion-column-last\" style=\"--awb-bg-size:cover;\"><div class=\"fusion-column-wrapper fusion-flex-column-wrapper-legacy\"><div class=\"fusion-column-content-centered\"><div class=\"fusion-column-content\"><div>\n\t<a class=\"grid-item\" href=\"https:\/\/candorsweden.com\/sv\/kemiska-processer\/\"><div class=\"grid-img\" style=\"background-image: url(https:\/\/candorsweden.com\/wp-content\/uploads\/2018\/02\/Labb-02-e1518094764497.jpg)\"><\/div><h4>Kemiska Processer<\/h4><\/a><a class=\"grid-item\" href=\"https:\/\/candorsweden.com\/sv\/metaller\/\"><div class=\"grid-img\" style=\"background-image: url(https:\/\/candorsweden.com\/wp-content\/uploads\/2018\/02\/Metaller-03-edit.jpg)\"><\/div><h4>Metaller<\/h4><\/a><a class=\"grid-item\" href=\"https:\/\/candorsweden.com\/sv\/anlaggningar\/\"><div class=\"grid-img\" style=\"background-image: url(https:\/\/candorsweden.com\/wp-content\/uploads\/2018\/01\/Surface-treatment-line.jpg)\"><\/div><h4>Anl\u00e4ggningar<\/h4><\/a><\/div><\/div><\/div><div class=\"fusion-clearfix\"><\/div><\/div><\/div><\/div><\/div>\n<\/p>\n","protected":false},"excerpt":{"rendered":"","protected":false},"author":1,"featured_media":117,"parent":30,"menu_order":0,"comment_status":"closed","ping_status":"closed","template":"templates\/child-page.php","meta":{"_acf_changed":false,"footnotes":""},"class_list":["post-123","page","type-page","status-publish","has-post-thumbnail","hentry"],"acf":[],"yoast_head":"<!-- This site is optimized with the Yoast SEO plugin v27.3 - https:\/\/yoast.com\/product\/yoast-seo-wordpress\/ -->\n<title>Dragning och formning av tr\u00e5d och r\u00f6r | Candor Sweden AB<\/title>\n<meta name=\"description\" content=\"Candor representerar Condat Lubricants, en av v\u00e4rldens ledande leverant\u00f6rer av produkter utvecklade f\u00f6r dragning och formning av tr\u00e5d och r\u00f6r. Se v\u00e5rt produktprogram f\u00f6r tr\u00e5d- och r\u00f6rdragning h\u00e4r, eller kontakta jorgen.pettersson@candorsweden.com f\u00f6r mer information.\" \/>\n<meta name=\"robots\" content=\"index, follow, max-snippet:-1, max-image-preview:large, max-video-preview:-1\" \/>\n<link rel=\"canonical\" href=\"https:\/\/candorsweden.com\/sv\/kemiska-processer\/trad-och-rordragning\/\" \/>\n<meta property=\"og:locale\" content=\"sv_SE\" \/>\n<meta property=\"og:type\" content=\"article\" \/>\n<meta property=\"og:title\" content=\"Dragning och formning av tr\u00e5d och r\u00f6r | Candor Sweden AB\" \/>\n<meta property=\"og:description\" content=\"Candor representerar Condat Lubricants, en av v\u00e4rldens ledande leverant\u00f6rer av produkter utvecklade f\u00f6r dragning och formning av tr\u00e5d och r\u00f6r. Se v\u00e5rt produktprogram f\u00f6r tr\u00e5d- och r\u00f6rdragning h\u00e4r, eller kontakta jorgen.pettersson@candorsweden.com f\u00f6r mer information.\" \/>\n<meta property=\"og:url\" content=\"https:\/\/candorsweden.com\/sv\/kemiska-processer\/trad-och-rordragning\/\" \/>\n<meta property=\"og:site_name\" content=\"Candor Sweden\" \/>\n<meta property=\"article:modified_time\" content=\"2018-01-25T15:02:35+00:00\" \/>\n<meta property=\"og:image\" content=\"https:\/\/candorsweden.com\/wp-content\/uploads\/2017\/11\/candor_kemi_pattern.png\" \/>\n\t<meta property=\"og:image:width\" content=\"280\" \/>\n\t<meta property=\"og:image:height\" content=\"420\" \/>\n\t<meta property=\"og:image:type\" content=\"image\/png\" \/>\n<meta name=\"twitter:card\" content=\"summary_large_image\" \/>\n<meta name=\"twitter:label1\" content=\"Ber\u00e4knad l\u00e4stid\" \/>\n\t<meta name=\"twitter:data1\" content=\"6 minuter\" \/>\n<script type=\"application\/ld+json\" class=\"yoast-schema-graph\">{\"@context\":\"https:\\\/\\\/schema.org\",\"@graph\":[{\"@type\":\"WebPage\",\"@id\":\"https:\\\/\\\/candorsweden.com\\\/sv\\\/kemiska-processer\\\/trad-och-rordragning\\\/\",\"url\":\"https:\\\/\\\/candorsweden.com\\\/sv\\\/kemiska-processer\\\/trad-och-rordragning\\\/\",\"name\":\"Dragning och formning av tr\u00e5d och r\u00f6r | Candor Sweden AB\",\"isPartOf\":{\"@id\":\"https:\\\/\\\/candorsweden.com\\\/#website\"},\"primaryImageOfPage\":{\"@id\":\"https:\\\/\\\/candorsweden.com\\\/sv\\\/kemiska-processer\\\/trad-och-rordragning\\\/#primaryimage\"},\"image\":{\"@id\":\"https:\\\/\\\/candorsweden.com\\\/sv\\\/kemiska-processer\\\/trad-och-rordragning\\\/#primaryimage\"},\"thumbnailUrl\":\"https:\\\/\\\/candorsweden.com\\\/wp-content\\\/uploads\\\/2017\\\/11\\\/candor_kemi_pattern.png\",\"datePublished\":\"2017-11-15T10:12:41+00:00\",\"dateModified\":\"2018-01-25T15:02:35+00:00\",\"description\":\"Candor representerar Condat Lubricants, en av v\u00e4rldens ledande leverant\u00f6rer av produkter utvecklade f\u00f6r dragning och formning av tr\u00e5d och r\u00f6r. Se v\u00e5rt produktprogram f\u00f6r tr\u00e5d- och r\u00f6rdragning h\u00e4r, eller kontakta jorgen.pettersson@candorsweden.com f\u00f6r mer information.\",\"breadcrumb\":{\"@id\":\"https:\\\/\\\/candorsweden.com\\\/sv\\\/kemiska-processer\\\/trad-och-rordragning\\\/#breadcrumb\"},\"inLanguage\":\"sv-SE\",\"potentialAction\":[{\"@type\":\"ReadAction\",\"target\":[\"https:\\\/\\\/candorsweden.com\\\/sv\\\/kemiska-processer\\\/trad-och-rordragning\\\/\"]}]},{\"@type\":\"ImageObject\",\"inLanguage\":\"sv-SE\",\"@id\":\"https:\\\/\\\/candorsweden.com\\\/sv\\\/kemiska-processer\\\/trad-och-rordragning\\\/#primaryimage\",\"url\":\"https:\\\/\\\/candorsweden.com\\\/wp-content\\\/uploads\\\/2017\\\/11\\\/candor_kemi_pattern.png\",\"contentUrl\":\"https:\\\/\\\/candorsweden.com\\\/wp-content\\\/uploads\\\/2017\\\/11\\\/candor_kemi_pattern.png\",\"width\":280,\"height\":420},{\"@type\":\"BreadcrumbList\",\"@id\":\"https:\\\/\\\/candorsweden.com\\\/sv\\\/kemiska-processer\\\/trad-och-rordragning\\\/#breadcrumb\",\"itemListElement\":[{\"@type\":\"ListItem\",\"position\":1,\"name\":\"Hem\",\"item\":\"https:\\\/\\\/candorsweden.com\\\/sv\\\/\"},{\"@type\":\"ListItem\",\"position\":2,\"name\":\"Kemiska Processer\",\"item\":\"https:\\\/\\\/candorsweden.com\\\/sv\\\/kemiska-processer\\\/\"},{\"@type\":\"ListItem\",\"position\":3,\"name\":\"Tr\u00e5d och r\u00f6rdragning\"}]},{\"@type\":\"WebSite\",\"@id\":\"https:\\\/\\\/candorsweden.com\\\/#website\",\"url\":\"https:\\\/\\\/candorsweden.com\\\/\",\"name\":\"Candor Sweden\",\"description\":\"Chemical processes and equipment for surface treatment technology.\",\"potentialAction\":[{\"@type\":\"SearchAction\",\"target\":{\"@type\":\"EntryPoint\",\"urlTemplate\":\"https:\\\/\\\/candorsweden.com\\\/?s={search_term_string}\"},\"query-input\":{\"@type\":\"PropertyValueSpecification\",\"valueRequired\":true,\"valueName\":\"search_term_string\"}}],\"inLanguage\":\"sv-SE\"}]}<\/script>\n<!-- \/ Yoast SEO plugin. -->","yoast_head_json":{"title":"Dragning och formning av tr\u00e5d och r\u00f6r | Candor Sweden AB","description":"Candor representerar Condat Lubricants, en av v\u00e4rldens ledande leverant\u00f6rer av produkter utvecklade f\u00f6r dragning och formning av tr\u00e5d och r\u00f6r. Se v\u00e5rt produktprogram f\u00f6r tr\u00e5d- och r\u00f6rdragning h\u00e4r, eller kontakta jorgen.pettersson@candorsweden.com f\u00f6r mer information.","robots":{"index":"index","follow":"follow","max-snippet":"max-snippet:-1","max-image-preview":"max-image-preview:large","max-video-preview":"max-video-preview:-1"},"canonical":"https:\/\/candorsweden.com\/sv\/kemiska-processer\/trad-och-rordragning\/","og_locale":"sv_SE","og_type":"article","og_title":"Dragning och formning av tr\u00e5d och r\u00f6r | Candor Sweden AB","og_description":"Candor representerar Condat Lubricants, en av v\u00e4rldens ledande leverant\u00f6rer av produkter utvecklade f\u00f6r dragning och formning av tr\u00e5d och r\u00f6r. Se v\u00e5rt produktprogram f\u00f6r tr\u00e5d- och r\u00f6rdragning h\u00e4r, eller kontakta jorgen.pettersson@candorsweden.com f\u00f6r mer information.","og_url":"https:\/\/candorsweden.com\/sv\/kemiska-processer\/trad-och-rordragning\/","og_site_name":"Candor Sweden","article_modified_time":"2018-01-25T15:02:35+00:00","og_image":[{"width":280,"height":420,"url":"https:\/\/candorsweden.com\/wp-content\/uploads\/2017\/11\/candor_kemi_pattern.png","type":"image\/png"}],"twitter_card":"summary_large_image","twitter_misc":{"Ber\u00e4knad l\u00e4stid":"6 minuter"},"schema":{"@context":"https:\/\/schema.org","@graph":[{"@type":"WebPage","@id":"https:\/\/candorsweden.com\/sv\/kemiska-processer\/trad-och-rordragning\/","url":"https:\/\/candorsweden.com\/sv\/kemiska-processer\/trad-och-rordragning\/","name":"Dragning och formning av tr\u00e5d och r\u00f6r | Candor Sweden AB","isPartOf":{"@id":"https:\/\/candorsweden.com\/#website"},"primaryImageOfPage":{"@id":"https:\/\/candorsweden.com\/sv\/kemiska-processer\/trad-och-rordragning\/#primaryimage"},"image":{"@id":"https:\/\/candorsweden.com\/sv\/kemiska-processer\/trad-och-rordragning\/#primaryimage"},"thumbnailUrl":"https:\/\/candorsweden.com\/wp-content\/uploads\/2017\/11\/candor_kemi_pattern.png","datePublished":"2017-11-15T10:12:41+00:00","dateModified":"2018-01-25T15:02:35+00:00","description":"Candor representerar Condat Lubricants, en av v\u00e4rldens ledande leverant\u00f6rer av produkter utvecklade f\u00f6r dragning och formning av tr\u00e5d och r\u00f6r. Se v\u00e5rt produktprogram f\u00f6r tr\u00e5d- och r\u00f6rdragning h\u00e4r, eller kontakta jorgen.pettersson@candorsweden.com f\u00f6r mer information.","breadcrumb":{"@id":"https:\/\/candorsweden.com\/sv\/kemiska-processer\/trad-och-rordragning\/#breadcrumb"},"inLanguage":"sv-SE","potentialAction":[{"@type":"ReadAction","target":["https:\/\/candorsweden.com\/sv\/kemiska-processer\/trad-och-rordragning\/"]}]},{"@type":"ImageObject","inLanguage":"sv-SE","@id":"https:\/\/candorsweden.com\/sv\/kemiska-processer\/trad-och-rordragning\/#primaryimage","url":"https:\/\/candorsweden.com\/wp-content\/uploads\/2017\/11\/candor_kemi_pattern.png","contentUrl":"https:\/\/candorsweden.com\/wp-content\/uploads\/2017\/11\/candor_kemi_pattern.png","width":280,"height":420},{"@type":"BreadcrumbList","@id":"https:\/\/candorsweden.com\/sv\/kemiska-processer\/trad-och-rordragning\/#breadcrumb","itemListElement":[{"@type":"ListItem","position":1,"name":"Hem","item":"https:\/\/candorsweden.com\/sv\/"},{"@type":"ListItem","position":2,"name":"Kemiska Processer","item":"https:\/\/candorsweden.com\/sv\/kemiska-processer\/"},{"@type":"ListItem","position":3,"name":"Tr\u00e5d och r\u00f6rdragning"}]},{"@type":"WebSite","@id":"https:\/\/candorsweden.com\/#website","url":"https:\/\/candorsweden.com\/","name":"Candor Sweden","description":"Chemical processes and equipment for surface treatment technology.","potentialAction":[{"@type":"SearchAction","target":{"@type":"EntryPoint","urlTemplate":"https:\/\/candorsweden.com\/?s={search_term_string}"},"query-input":{"@type":"PropertyValueSpecification","valueRequired":true,"valueName":"search_term_string"}}],"inLanguage":"sv-SE"}]}},"_links":{"self":[{"href":"https:\/\/candorsweden.com\/sv\/wp-json\/wp\/v2\/pages\/123","targetHints":{"allow":["GET"]}}],"collection":[{"href":"https:\/\/candorsweden.com\/sv\/wp-json\/wp\/v2\/pages"}],"about":[{"href":"https:\/\/candorsweden.com\/sv\/wp-json\/wp\/v2\/types\/page"}],"author":[{"embeddable":true,"href":"https:\/\/candorsweden.com\/sv\/wp-json\/wp\/v2\/users\/1"}],"replies":[{"embeddable":true,"href":"https:\/\/candorsweden.com\/sv\/wp-json\/wp\/v2\/comments?post=123"}],"version-history":[{"count":12,"href":"https:\/\/candorsweden.com\/sv\/wp-json\/wp\/v2\/pages\/123\/revisions"}],"predecessor-version":[{"id":918,"href":"https:\/\/candorsweden.com\/sv\/wp-json\/wp\/v2\/pages\/123\/revisions\/918"}],"up":[{"embeddable":true,"href":"https:\/\/candorsweden.com\/sv\/wp-json\/wp\/v2\/pages\/30"}],"wp:featuredmedia":[{"embeddable":true,"href":"https:\/\/candorsweden.com\/sv\/wp-json\/wp\/v2\/media\/117"}],"wp:attachment":[{"href":"https:\/\/candorsweden.com\/sv\/wp-json\/wp\/v2\/media?parent=123"}],"curies":[{"name":"wp","href":"https:\/\/api.w.org\/{rel}","templated":true}]}}