{"id":3670,"date":"2018-04-16T10:56:51","date_gmt":"2018-04-16T08:56:51","guid":{"rendered":"https:\/\/candorsweden.com\/?page_id=3670"},"modified":"2018-04-16T11:02:15","modified_gmt":"2018-04-16T09:02:15","slug":"altaiden-ja-muovin-valmistus","status":"publish","type":"page","link":"https:\/\/candorsweden.com\/fi\/laitteistot\/altaiden-ja-muovin-valmistus\/","title":{"rendered":"Altaiden ja muovin valmistus"},"content":{"rendered":"<p><div class=\"fusion-fullwidth fullwidth-box fusion-builder-row-1 underundersida-cont nonhundred-percent-fullwidth non-hundred-percent-height-scrolling\" style=\"--awb-border-radius-top-left:0px;--awb-border-radius-top-right:0px;--awb-border-radius-bottom-right:0px;--awb-border-radius-bottom-left:0px;--awb-flex-wrap:wrap;\" ><div class=\"fusion-builder-row fusion-row\"><div class=\"fusion-layout-column fusion_builder_column fusion-builder-column-0 fusion_builder_column_1_1 1_1 fusion-one-full fusion-column-first fusion-column-last\" style=\"--awb-bg-size:cover;\"><div class=\"fusion-column-wrapper fusion-flex-column-wrapper-legacy\"><div class=\"fusion-title title fusion-title-1 fusion-sep-none fusion-title-text fusion-title-size-one\"><h1 class=\"fusion-title-heading title-heading-left\" style=\"margin:0;\">Altaiden ja muovin valmistus<\/h1><\/div><div class=\"fusion-text fusion-text-1\"><p>Candor tarjoaa asiakkaiden tarpeisiin r\u00e4\u00e4t\u00e4l\u00f6ityjen muovista tai ruostumattomasta ter\u00e4ksest\u00e4 valmistettujen altaiden sek\u00e4 eri muovitarvikkeiden valmistusta.<\/p>\n<\/div><div class=\"fusion-text fusion-text-2\"><ul>\n<li>Altaita, jotka on on valmistettu raaka-aineista PP, PE, PVDF, PVC ja ruostumaton ter\u00e4s.<\/li>\n<li>Pumppukaappi<\/li>\n<li>Vallitukset<\/li>\n<li>Sekoituss\u00e4ili\u00f6t<\/li>\n<\/ul>\n<\/div><div class=\"fusion-clearfix\"><\/div><\/div><\/div><\/div><\/div><div class=\"fusion-fullwidth fullwidth-box fusion-builder-row-2 underundersida-cont nonhundred-percent-fullwidth non-hundred-percent-height-scrolling\" style=\"--awb-border-radius-top-left:0px;--awb-border-radius-top-right:0px;--awb-border-radius-bottom-right:0px;--awb-border-radius-bottom-left:0px;--awb-flex-wrap:wrap;\" ><div class=\"fusion-builder-row fusion-row\"><div class=\"fusion-layout-column fusion_builder_column fusion-builder-column-1 fusion_builder_column_1_1 1_1 fusion-one-full fusion-column-first fusion-column-last\" style=\"--awb-bg-size:cover;\"><div class=\"fusion-column-wrapper fusion-flex-column-wrapper-legacy\"><div class=\"fusion-title title fusion-title-2 fusion-sep-none fusion-title-text fusion-title-size-two\"><h2 class=\"fusion-title-heading title-heading-left\" style=\"margin:0;\"><div class=\"fusion-toggle-heading\">Esimerkkikuvat<\/div><\/h2><\/div><div class=\"accordian fusion-accordian image-toggle\" style=\"--awb-border-size:1px;--awb-icon-size:13px;--awb-content-font-size:16px;--awb-icon-alignment:left;--awb-hover-color:#f9f9f9;--awb-border-color:#cccccc;--awb-background-color:#ffffff;--awb-divider-color:#e0dede;--awb-divider-hover-color:#e0dede;--awb-icon-color:#fce123;--awb-title-color:#333333;--awb-content-color:#000000;--awb-icon-box-color:#ffffff;--awb-toggle-hover-accent-color:#304ffe;--awb-title-font-family:&quot;Poppins&quot;;--awb-title-font-weight:700;--awb-title-font-style:normal;--awb-title-font-size:16px;--awb-title-line-height:1.5;--awb-content-font-family:&quot;Inconsolata&quot;;--awb-content-font-style:normal;--awb-content-font-weight:400;\"><div class=\"panel-group fusion-toggle-icon-boxed\" id=\"accordion-3670-1\"><div class=\"fusion-panel panel-default panel-621c0c98d5f4b9043 fusion-toggle-no-divider\"><div class=\"panel-heading\"><h4 class=\"panel-title toggle\" id=\"toggle_621c0c98d5f4b9043\"><a aria-expanded=\"false\" aria-controls=\"621c0c98d5f4b9043\" role=\"button\" data-toggle=\"collapse\" data-parent=\"#accordion-3670-1\" data-target=\"#621c0c98d5f4b9043\" href=\"#621c0c98d5f4b9043\"><span class=\"fusion-toggle-icon-wrapper\" aria-hidden=\"true\"><i class=\"fa-fusion-box active-icon awb-icon-minus\" aria-hidden=\"true\"><\/i><i class=\"fa-fusion-box inactive-icon awb-icon-plus\" aria-hidden=\"true\"><\/i><\/span><span class=\"fusion-toggle-heading\">Esimerkkikuvat<\/span><\/a><\/h4><\/div><div id=\"621c0c98d5f4b9043\" class=\"panel-collapse collapse \" aria-labelledby=\"toggle_621c0c98d5f4b9043\"><div class=\"panel-body toggle-content fusion-clearfix\">\n<div class=\"fusion-image-carousel fusion-image-carousel-auto fusion-image-carousel-1 lightbox-enabled\"><div class=\"awb-carousel awb-swiper awb-swiper-carousel awb-swiper-dots-position-bottom awb-carousel--carousel\" data-layout=\"carousel\" data-autoplay=\"no\" data-autoplayspeed=\"2500\" data-autoplaypause=\"no\" data-columns=\"4\" data-itemmargin=\"30\" data-itemwidth=\"180\" data-touchscroll=\"no\" data-freemode=\"no\" data-imagesize=\"auto\" data-scrollitems=\"0\" data-centeredslides=\"no\" data-rotationangle=\"50\" data-depth=\"100\" data-speed=\"500\" data-shadow=\"no\" style=\"--awb-columns:4;--awb-column-spacing:30px;\"><div class=\"swiper-wrapper awb-image-carousel-wrapper fusion-flex-align-items-center\"><div class=\"swiper-slide\"><div class=\"fusion-carousel-item-wrapper\"><div class=\"fusion-image-wrapper hover-type-zoomin\"><a data-rel=\"iLightbox[image_carousel_1]\" data-title=\"Kar-2\" aria-label=\"Kar-2\" href=\"https:\/\/candorsweden.com\/wp-content\/uploads\/2018\/02\/Kar-2.jpg\" target=\"_self\"><img decoding=\"async\" width=\"1000\" height=\"840\" src=\"https:\/\/candorsweden.com\/wp-content\/uploads\/2018\/02\/Kar-2.jpg\" class=\"attachment-full size-full\" alt=\"\" srcset=\"https:\/\/candorsweden.com\/wp-content\/uploads\/2018\/02\/Kar-2-200x168.jpg 200w, https:\/\/candorsweden.com\/wp-content\/uploads\/2018\/02\/Kar-2-400x336.jpg 400w, https:\/\/candorsweden.com\/wp-content\/uploads\/2018\/02\/Kar-2-600x504.jpg 600w, https:\/\/candorsweden.com\/wp-content\/uploads\/2018\/02\/Kar-2-800x672.jpg 800w, https:\/\/candorsweden.com\/wp-content\/uploads\/2018\/02\/Kar-2.jpg 1000w\" sizes=\"(min-width: 2200px) 100vw, (min-width: 784px) 360px, (min-width: 712px) 540px, (min-width: 640px) 712px, \" \/><\/a><\/div><\/div><\/div><div class=\"swiper-slide\"><div class=\"fusion-carousel-item-wrapper\"><div class=\"fusion-image-wrapper hover-type-zoomin\"><a data-rel=\"iLightbox[image_carousel_1]\" href=\"https:\/\/candorsweden.com\/wp-content\/uploads\/2018\/02\/Kar-1.jpg\" target=\"_self\"><img decoding=\"async\" src=\"https:\/\/candorsweden.com\/wp-content\/uploads\/2018\/02\/Kar-1.jpg\" alt=\"\"\/><\/a><\/div><\/div><\/div><div class=\"swiper-slide\"><div class=\"fusion-carousel-item-wrapper\"><div class=\"fusion-image-wrapper hover-type-zoomin\"><a data-rel=\"iLightbox[image_carousel_1]\" data-title=\"Doseringsska\u00a6e\u0300p\" aria-label=\"Doseringsska\u00a6e\u0300p\" href=\"https:\/\/candorsweden.com\/wp-content\/uploads\/2018\/02\/Doseringsska\u00a6e\u0300p.jpg\" target=\"_self\"><img decoding=\"async\" width=\"1000\" height=\"595\" src=\"https:\/\/candorsweden.com\/wp-content\/uploads\/2018\/02\/Doseringsska\u00a6e\u0300p.jpg\" class=\"attachment-full size-full\" alt=\"\" srcset=\"https:\/\/candorsweden.com\/wp-content\/uploads\/2018\/02\/Doseringsska\u00a6e\u0300p-200x119.jpg 200w, https:\/\/candorsweden.com\/wp-content\/uploads\/2018\/02\/Doseringsska\u00a6e\u0300p-400x238.jpg 400w, https:\/\/candorsweden.com\/wp-content\/uploads\/2018\/02\/Doseringsska\u00a6e\u0300p-600x357.jpg 600w, https:\/\/candorsweden.com\/wp-content\/uploads\/2018\/02\/Doseringsska\u00a6e\u0300p-800x476.jpg 800w, https:\/\/candorsweden.com\/wp-content\/uploads\/2018\/02\/Doseringsska\u00a6e\u0300p.jpg 1000w\" sizes=\"(min-width: 2200px) 100vw, (min-width: 784px) 360px, (min-width: 712px) 540px, (min-width: 640px) 712px, \" \/><\/a><\/div><\/div><\/div><\/div><div class=\"awb-swiper-button awb-swiper-button-prev\"><i class=\"awb-icon-angle-left\" aria-hidden=\"true\"><\/i><\/div><div class=\"awb-swiper-button awb-swiper-button-next\"><i class=\"awb-icon-angle-right\" aria-hidden=\"true\"><\/i><\/div><\/div><\/div>\n<\/div><\/div><\/div><\/div><\/div><div class=\"fusion-clearfix\"><\/div><\/div><\/div><\/div><\/div><div class=\"fusion-fullwidth fullwidth-box fusion-builder-row-3 section nonhundred-percent-fullwidth non-hundred-percent-height-scrolling\" style=\"--awb-border-radius-top-left:0px;--awb-border-radius-top-right:0px;--awb-border-radius-bottom-right:0px;--awb-border-radius-bottom-left:0px;--awb-flex-wrap:wrap;\" ><div class=\"fusion-builder-row fusion-row\"><div class=\"fusion-layout-column fusion_builder_column fusion-builder-column-2 fusion_builder_column_1_1 1_1 fusion-one-full fusion-column-first fusion-column-last\" style=\"--awb-bg-size:cover;\"><div class=\"fusion-column-wrapper fusion-flex-column-wrapper-legacy\"><div class=\"fusion-title title fusion-title-3 fusion-sep-none fusion-title-text fusion-title-size-two\"><h2 class=\"fusion-title-heading title-heading-left\" style=\"margin:0;\">Haluatko tiet\u00e4\u00e4 lis\u00e4\u00e4?<\/h2><\/div>\n<div class=\"content-card-wrapper clearfix\">\n\t<div class=\"contact-card-alternate\">\n\t\t<div class=\"border\" style=\"background-image: url(\/wp-content\/uploads\/2017\/11\/candor_kemi_pattern.png);\"><\/div>\n\t\t<div class=\"contact-content\">\n\t\t\t<h4>Altaiden ja muovin valmistus<\/h4>\n\t\t\t<p><\/p>\n\t\t\t<p><\/p>\n\t\t\t<p><\/p>\n\t\t\t<p><\/p>\n\t\t<\/div> <!-- End contact content -->\n\t<\/div> <!-- End contact card -->\n\t<a class=\"all-contacts\" href=\"\/sv\/kontakta-oss\">\n\t\t<div class=\"contact-content\">\n\t\t\t<h4>Kaikki yhteystiedot<\/h4>\n\t\t\t<p>Etk\u00f6 l\u00f6yd\u00e4 etsim\u00e4\u00e4si henkil\u00f6\u00e4? Koko henkil\u00f6st\u00f6mme l\u00f6yd\u00e4t t\u00e4\u00e4lt\u00e4.<\/p>\n\t\t<\/div>\n\t<\/a> <!-- end all contacts -->\n<\/div> <!-- end content card wrapper --><div class=\"fusion-alignright\"><a class=\"fusion-button button-3d fusion-button-default-size button-default fusion-button-default button-1 fusion-button-default-span fusion-button-default-type small\" target=\"_self\" href=\"\/en\/contact-us\"><span class=\"fusion-button-text awb-button__text awb-button__text--default\">Muita yhteystietoja<\/span><\/a><\/div><div class=\"fusion-clearfix\"><\/div><\/div><\/div><div class=\"fusion-layout-column fusion_builder_column fusion-builder-column-3 fusion_builder_column_1_1 1_1 fusion-one-full fusion-column-first fusion-column-last\" style=\"--awb-bg-size:cover;\"><div class=\"fusion-column-wrapper fusion-flex-column-wrapper-legacy\"><div class=\"fusion-column-content-centered\"><div class=\"fusion-column-content\"><div class=\"fusion-title title fusion-title-4 fusion-sep-none fusion-title-text fusion-title-size-three\"><h3 class=\"fusion-title-heading title-heading-left\" style=\"margin:0;\">Tutustu markkina-alueisiimme<\/h3><\/div><\/div><\/div><div class=\"fusion-clearfix\"><\/div><\/div><\/div><div class=\"fusion-layout-column fusion_builder_column fusion-builder-column-4 fusion_builder_column_1_1 1_1 fusion-one-full fusion-column-first fusion-column-last\" style=\"--awb-bg-size:cover;\"><div class=\"fusion-column-wrapper fusion-flex-column-wrapper-legacy\"><div class=\"fusion-column-content-centered\"><div class=\"fusion-column-content\"><div>\n\t<a class=\"grid-item\" href=\"https:\/\/candorsweden.com\/fi\/kemialliset-prosessit\/\"><div class=\"grid-img\" style=\"background-image: url(https:\/\/candorsweden.com\/wp-content\/uploads\/2018\/02\/Labb-02-e1518094764497.jpg)\"><\/div><h4>Kemialliset prosessit<\/h4><\/a><a class=\"grid-item\" href=\"https:\/\/candorsweden.com\/fi\/metallit\/\"><div class=\"grid-img\" style=\"background-image: url(https:\/\/candorsweden.com\/wp-content\/uploads\/2018\/02\/Metaller-03-edit.jpg)\"><\/div><h4>Metallit<\/h4><\/a><a class=\"grid-item\" href=\"https:\/\/candorsweden.com\/fi\/laitteistot\/\"><div class=\"grid-img\" style=\"background-image: url(https:\/\/candorsweden.com\/wp-content\/uploads\/2017\/12\/Stainless-steel-ultrasonic-wire-cleaning-alt-2.jpg)\"><\/div><h4>Laitteistot<\/h4><\/a><\/div><\/div><\/div><div class=\"fusion-clearfix\"><\/div><\/div><\/div><\/div><\/div>\n<\/p>\n","protected":false},"excerpt":{"rendered":"","protected":false},"author":1,"featured_media":0,"parent":2324,"menu_order":5,"comment_status":"closed","ping_status":"closed","template":"templates\/child-page.php","meta":{"_acf_changed":false,"footnotes":""},"class_list":["post-3670","page","type-page","status-publish","hentry"],"acf":[],"yoast_head":"<!-- This site is optimized with the Yoast SEO plugin v25.3 - https:\/\/yoast.com\/wordpress\/plugins\/seo\/ -->\n<title>Altaiden ja muovin valmistus | Candor Sweden AB<\/title>\n<meta name=\"description\" content=\"Candor tarjoaa asiakkaiden tarpeisiin r\u00e4\u00e4t\u00e4l\u00f6ityjen muovista tai ruostumattomasta ter\u00e4ksest\u00e4 valmistettujen altaiden sek\u00e4 eri muovitarvikkeiden valmistusta.\" \/>\n<meta name=\"robots\" content=\"index, follow, max-snippet:-1, max-image-preview:large, max-video-preview:-1\" \/>\n<link rel=\"canonical\" href=\"https:\/\/candorsweden.com\/fi\/laitteistot\/altaiden-ja-muovin-valmistus\/\" \/>\n<meta property=\"og:locale\" content=\"fi_FI\" \/>\n<meta property=\"og:type\" content=\"article\" \/>\n<meta property=\"og:title\" content=\"Altaiden ja muovin valmistus | Candor Sweden AB\" \/>\n<meta property=\"og:description\" content=\"Candor tarjoaa asiakkaiden tarpeisiin r\u00e4\u00e4t\u00e4l\u00f6ityjen muovista tai ruostumattomasta ter\u00e4ksest\u00e4 valmistettujen altaiden sek\u00e4 eri muovitarvikkeiden valmistusta.\" \/>\n<meta property=\"og:url\" content=\"https:\/\/candorsweden.com\/fi\/laitteistot\/altaiden-ja-muovin-valmistus\/\" \/>\n<meta property=\"og:site_name\" content=\"Candor Sweden\" \/>\n<meta property=\"article:modified_time\" content=\"2018-04-16T09:02:15+00:00\" \/>\n<meta name=\"twitter:card\" content=\"summary_large_image\" \/>\n<meta name=\"twitter:label1\" content=\"Arvioitu lukuaika\" \/>\n\t<meta name=\"twitter:data1\" content=\"3 minuuttia\" \/>\n<script type=\"application\/ld+json\" class=\"yoast-schema-graph\">{\"@context\":\"https:\/\/schema.org\",\"@graph\":[{\"@type\":\"WebPage\",\"@id\":\"https:\/\/candorsweden.com\/fi\/laitteistot\/altaiden-ja-muovin-valmistus\/\",\"url\":\"https:\/\/candorsweden.com\/fi\/laitteistot\/altaiden-ja-muovin-valmistus\/\",\"name\":\"Altaiden ja muovin valmistus | Candor Sweden AB\",\"isPartOf\":{\"@id\":\"https:\/\/candorsweden.com\/#website\"},\"datePublished\":\"2018-04-16T08:56:51+00:00\",\"dateModified\":\"2018-04-16T09:02:15+00:00\",\"description\":\"Candor tarjoaa asiakkaiden tarpeisiin r\u00e4\u00e4t\u00e4l\u00f6ityjen muovista tai ruostumattomasta ter\u00e4ksest\u00e4 valmistettujen altaiden sek\u00e4 eri muovitarvikkeiden valmistusta.\",\"breadcrumb\":{\"@id\":\"https:\/\/candorsweden.com\/fi\/laitteistot\/altaiden-ja-muovin-valmistus\/#breadcrumb\"},\"inLanguage\":\"fi\",\"potentialAction\":[{\"@type\":\"ReadAction\",\"target\":[\"https:\/\/candorsweden.com\/fi\/laitteistot\/altaiden-ja-muovin-valmistus\/\"]}]},{\"@type\":\"BreadcrumbList\",\"@id\":\"https:\/\/candorsweden.com\/fi\/laitteistot\/altaiden-ja-muovin-valmistus\/#breadcrumb\",\"itemListElement\":[{\"@type\":\"ListItem\",\"position\":1,\"name\":\"Hem\",\"item\":\"https:\/\/candorsweden.com\/fi\/\"},{\"@type\":\"ListItem\",\"position\":2,\"name\":\"Laitteistot\",\"item\":\"https:\/\/candorsweden.com\/fi\/laitteistot\/\"},{\"@type\":\"ListItem\",\"position\":3,\"name\":\"Altaiden ja muovin valmistus\"}]},{\"@type\":\"WebSite\",\"@id\":\"https:\/\/candorsweden.com\/#website\",\"url\":\"https:\/\/candorsweden.com\/\",\"name\":\"Candor Sweden\",\"description\":\"Chemical processes and equipment for surface treatment technology.\",\"potentialAction\":[{\"@type\":\"SearchAction\",\"target\":{\"@type\":\"EntryPoint\",\"urlTemplate\":\"https:\/\/candorsweden.com\/?s={search_term_string}\"},\"query-input\":{\"@type\":\"PropertyValueSpecification\",\"valueRequired\":true,\"valueName\":\"search_term_string\"}}],\"inLanguage\":\"fi\"}]}<\/script>\n<!-- \/ Yoast SEO plugin. -->","yoast_head_json":{"title":"Altaiden ja muovin valmistus | Candor Sweden AB","description":"Candor tarjoaa asiakkaiden tarpeisiin r\u00e4\u00e4t\u00e4l\u00f6ityjen muovista tai ruostumattomasta ter\u00e4ksest\u00e4 valmistettujen altaiden sek\u00e4 eri muovitarvikkeiden valmistusta.","robots":{"index":"index","follow":"follow","max-snippet":"max-snippet:-1","max-image-preview":"max-image-preview:large","max-video-preview":"max-video-preview:-1"},"canonical":"https:\/\/candorsweden.com\/fi\/laitteistot\/altaiden-ja-muovin-valmistus\/","og_locale":"fi_FI","og_type":"article","og_title":"Altaiden ja muovin valmistus | Candor Sweden AB","og_description":"Candor tarjoaa asiakkaiden tarpeisiin r\u00e4\u00e4t\u00e4l\u00f6ityjen muovista tai ruostumattomasta ter\u00e4ksest\u00e4 valmistettujen altaiden sek\u00e4 eri muovitarvikkeiden valmistusta.","og_url":"https:\/\/candorsweden.com\/fi\/laitteistot\/altaiden-ja-muovin-valmistus\/","og_site_name":"Candor Sweden","article_modified_time":"2018-04-16T09:02:15+00:00","twitter_card":"summary_large_image","twitter_misc":{"Arvioitu lukuaika":"3 minuuttia"},"schema":{"@context":"https:\/\/schema.org","@graph":[{"@type":"WebPage","@id":"https:\/\/candorsweden.com\/fi\/laitteistot\/altaiden-ja-muovin-valmistus\/","url":"https:\/\/candorsweden.com\/fi\/laitteistot\/altaiden-ja-muovin-valmistus\/","name":"Altaiden ja muovin valmistus | Candor Sweden AB","isPartOf":{"@id":"https:\/\/candorsweden.com\/#website"},"datePublished":"2018-04-16T08:56:51+00:00","dateModified":"2018-04-16T09:02:15+00:00","description":"Candor tarjoaa asiakkaiden tarpeisiin r\u00e4\u00e4t\u00e4l\u00f6ityjen muovista tai ruostumattomasta ter\u00e4ksest\u00e4 valmistettujen altaiden sek\u00e4 eri muovitarvikkeiden valmistusta.","breadcrumb":{"@id":"https:\/\/candorsweden.com\/fi\/laitteistot\/altaiden-ja-muovin-valmistus\/#breadcrumb"},"inLanguage":"fi","potentialAction":[{"@type":"ReadAction","target":["https:\/\/candorsweden.com\/fi\/laitteistot\/altaiden-ja-muovin-valmistus\/"]}]},{"@type":"BreadcrumbList","@id":"https:\/\/candorsweden.com\/fi\/laitteistot\/altaiden-ja-muovin-valmistus\/#breadcrumb","itemListElement":[{"@type":"ListItem","position":1,"name":"Hem","item":"https:\/\/candorsweden.com\/fi\/"},{"@type":"ListItem","position":2,"name":"Laitteistot","item":"https:\/\/candorsweden.com\/fi\/laitteistot\/"},{"@type":"ListItem","position":3,"name":"Altaiden ja muovin valmistus"}]},{"@type":"WebSite","@id":"https:\/\/candorsweden.com\/#website","url":"https:\/\/candorsweden.com\/","name":"Candor Sweden","description":"Chemical processes and equipment for surface treatment technology.","potentialAction":[{"@type":"SearchAction","target":{"@type":"EntryPoint","urlTemplate":"https:\/\/candorsweden.com\/?s={search_term_string}"},"query-input":{"@type":"PropertyValueSpecification","valueRequired":true,"valueName":"search_term_string"}}],"inLanguage":"fi"}]}},"_links":{"self":[{"href":"https:\/\/candorsweden.com\/fi\/wp-json\/wp\/v2\/pages\/3670","targetHints":{"allow":["GET"]}}],"collection":[{"href":"https:\/\/candorsweden.com\/fi\/wp-json\/wp\/v2\/pages"}],"about":[{"href":"https:\/\/candorsweden.com\/fi\/wp-json\/wp\/v2\/types\/page"}],"author":[{"embeddable":true,"href":"https:\/\/candorsweden.com\/fi\/wp-json\/wp\/v2\/users\/1"}],"replies":[{"embeddable":true,"href":"https:\/\/candorsweden.com\/fi\/wp-json\/wp\/v2\/comments?post=3670"}],"version-history":[{"count":4,"href":"https:\/\/candorsweden.com\/fi\/wp-json\/wp\/v2\/pages\/3670\/revisions"}],"predecessor-version":[{"id":3672,"href":"https:\/\/candorsweden.com\/fi\/wp-json\/wp\/v2\/pages\/3670\/revisions\/3672"}],"up":[{"embeddable":true,"href":"https:\/\/candorsweden.com\/fi\/wp-json\/wp\/v2\/pages\/2324"}],"wp:attachment":[{"href":"https:\/\/candorsweden.com\/fi\/wp-json\/wp\/v2\/media?parent=3670"}],"curies":[{"name":"wp","href":"https:\/\/api.w.org\/{rel}","templated":true}]}}