{"id":2740,"date":"2018-03-20T14:22:11","date_gmt":"2018-03-20T13:22:11","guid":{"rendered":"https:\/\/candorsweden.com\/?page_id=2740"},"modified":"2018-04-16T09:30:43","modified_gmt":"2018-04-16T07:30:43","slug":"uutiset","status":"publish","type":"page","link":"https:\/\/candorsweden.com\/fi\/tietoa-candor\/uutiset\/","title":{"rendered":"Uutiset"},"content":{"rendered":"<p><div class=\"fusion-fullwidth fullwidth-box fusion-builder-row-1 nonhundred-percent-fullwidth non-hundred-percent-height-scrolling section\" style=\"--awb-border-radius-top-left:0px;--awb-border-radius-top-right:0px;--awb-border-radius-bottom-right:0px;--awb-border-radius-bottom-left:0px;--awb-flex-wrap:wrap;\" ><div class=\"fusion-builder-row fusion-row\"><div class=\"fusion-layout-column fusion_builder_column fusion-builder-column-0 fusion_builder_column_1_1 1_1 fusion-one-full fusion-column-first fusion-column-last two-cols\" style=\"--awb-bg-size:cover;--awb-margin-bottom:0px;\"><div class=\"fusion-column-wrapper fusion-flex-column-wrapper-legacy\"><div class=\"fusion-title title fusion-title-1 fusion-sep-none fusion-title-text fusion-title-size-one\" style=\"--awb-margin-bottom:20px;--awb-margin-top-small:0px;--awb-margin-right-small:0px;--awb-margin-bottom-small:20px;--awb-margin-left-small:0px;\"><h1 class=\"fusion-title-heading title-heading-left\" style=\"margin:0;\">Uutiset.<\/h1><\/div><div class=\"fusion-clearfix\"><\/div><\/div><\/div><div class=\"fusion-layout-column fusion_builder_column fusion-builder-column-1 fusion_builder_column_1_1 1_1 fusion-one-full fusion-column-first fusion-column-last two-cols\" style=\"--awb-bg-size:cover;\"><div class=\"fusion-column-wrapper fusion-flex-column-wrapper-legacy\"><div class=\"fusion-clearfix\"><\/div><\/div><\/div><\/div><\/div><div class=\"fusion-fullwidth fullwidth-box fusion-builder-row-2 nonhundred-percent-fullwidth non-hundred-percent-height-scrolling\" style=\"--awb-border-radius-top-left:0px;--awb-border-radius-top-right:0px;--awb-border-radius-bottom-right:0px;--awb-border-radius-bottom-left:0px;--awb-flex-wrap:wrap;\" ><div class=\"fusion-builder-row fusion-row\"><div class=\"fusion-layout-column fusion_builder_column fusion-builder-column-2 fusion_builder_column_1_1 1_1 fusion-one-full fusion-column-first fusion-column-last\" style=\"--awb-bg-size:cover;\"><div class=\"fusion-column-wrapper fusion-flex-column-wrapper-legacy\"><div class=\"fusion-column-content-centered\"><div class=\"fusion-column-content\"><div class=\"fusion-title title fusion-title-2 fusion-sep-none fusion-title-text fusion-title-size-three\" style=\"--awb-margin-top-small:0px;--awb-margin-right-small:0px;--awb-margin-bottom-small:20px;--awb-margin-left-small:0px;\"><h3 class=\"fusion-title-heading title-heading-left\" style=\"margin:0;\">Tutustu markkina-alueisiimme<\/h3><\/div><div>\n\t<a class=\"grid-item\" href=\"https:\/\/candorsweden.com\/fi\/kemialliset-prosessit\/\"><div class=\"grid-img\" style=\"background-image: url(https:\/\/candorsweden.com\/wp-content\/uploads\/2018\/02\/Labb-02-e1518094764497.jpg)\"><\/div><h4>Kemialliset prosessit<\/h4><\/a><a class=\"grid-item\" href=\"https:\/\/candorsweden.com\/fi\/metallit\/\"><div class=\"grid-img\" style=\"background-image: url(https:\/\/candorsweden.com\/wp-content\/uploads\/2018\/02\/Metaller-03-edit.jpg)\"><\/div><h4>Metallit<\/h4><\/a><a class=\"grid-item\" href=\"https:\/\/candorsweden.com\/fi\/laitteistot\/\"><div class=\"grid-img\" style=\"background-image: url(https:\/\/candorsweden.com\/wp-content\/uploads\/2017\/12\/Stainless-steel-ultrasonic-wire-cleaning-alt-2.jpg)\"><\/div><h4>Laitteistot<\/h4><\/a><\/div><\/div><\/div><div class=\"fusion-clearfix\"><\/div><\/div><\/div><\/div><\/div><\/p>\n","protected":false},"excerpt":{"rendered":"","protected":false},"author":1,"featured_media":0,"parent":2672,"menu_order":0,"comment_status":"closed","ping_status":"closed","template":"templates\/child-page.php","meta":{"_acf_changed":false,"footnotes":""},"class_list":["post-2740","page","type-page","status-publish","hentry"],"acf":[],"yoast_head":"<!-- This site is optimized with the Yoast SEO plugin v27.3 - https:\/\/yoast.com\/product\/yoast-seo-wordpress\/ -->\n<title>Uutisia | Candor \u2013 Erikoiskemikaaleja, metalleja ja pintak\u00e4sittelylaitteita.<\/title>\n<meta name=\"description\" content=\"Candor Swedenin valmistuslaitos ja p\u00e4\u00e4konttori ovat Norrk\u00f6pingiss\u00e4, mutta sill\u00e4 on my\u00f6s tyt\u00e4ryhti\u00f6it\u00e4 kaikissa Pohjoismaissa sek\u00e4 edustajia Euroopassa, Aasiassa ja USA:ssa. Lue t\u00e4st\u00e4 lis\u00e4tietoja siit\u00e4, mit\u00e4 Candor Swedeniss\u00e4 tapahtuu.\" \/>\n<meta name=\"robots\" content=\"index, follow, max-snippet:-1, max-image-preview:large, max-video-preview:-1\" \/>\n<link rel=\"canonical\" href=\"https:\/\/candorsweden.com\/fi\/tietoa-candor\/uutiset\/\" \/>\n<meta property=\"og:locale\" content=\"fi_FI\" \/>\n<meta property=\"og:type\" content=\"article\" \/>\n<meta property=\"og:title\" content=\"Uutisia | Candor \u2013 Erikoiskemikaaleja, metalleja ja pintak\u00e4sittelylaitteita.\" \/>\n<meta property=\"og:description\" content=\"Candor Swedenin valmistuslaitos ja p\u00e4\u00e4konttori ovat Norrk\u00f6pingiss\u00e4, mutta sill\u00e4 on my\u00f6s tyt\u00e4ryhti\u00f6it\u00e4 kaikissa Pohjoismaissa sek\u00e4 edustajia Euroopassa, Aasiassa ja USA:ssa. Lue t\u00e4st\u00e4 lis\u00e4tietoja siit\u00e4, mit\u00e4 Candor Swedeniss\u00e4 tapahtuu.\" \/>\n<meta property=\"og:url\" content=\"https:\/\/candorsweden.com\/fi\/tietoa-candor\/uutiset\/\" \/>\n<meta property=\"og:site_name\" content=\"Candor Sweden\" \/>\n<meta property=\"article:modified_time\" content=\"2018-04-16T07:30:43+00:00\" \/>\n<meta name=\"twitter:card\" content=\"summary_large_image\" \/>\n<meta name=\"twitter:label1\" content=\"Arvioitu lukuaika\" \/>\n\t<meta name=\"twitter:data1\" content=\"3 minuuttia\" \/>\n<script type=\"application\/ld+json\" class=\"yoast-schema-graph\">{\"@context\":\"https:\\\/\\\/schema.org\",\"@graph\":[{\"@type\":\"WebPage\",\"@id\":\"https:\\\/\\\/candorsweden.com\\\/fi\\\/tietoa-candor\\\/uutiset\\\/\",\"url\":\"https:\\\/\\\/candorsweden.com\\\/fi\\\/tietoa-candor\\\/uutiset\\\/\",\"name\":\"Uutisia | Candor \u2013 Erikoiskemikaaleja, metalleja ja pintak\u00e4sittelylaitteita.\",\"isPartOf\":{\"@id\":\"https:\\\/\\\/candorsweden.com\\\/#website\"},\"datePublished\":\"2018-03-20T13:22:11+00:00\",\"dateModified\":\"2018-04-16T07:30:43+00:00\",\"description\":\"Candor Swedenin valmistuslaitos ja p\u00e4\u00e4konttori ovat Norrk\u00f6pingiss\u00e4, mutta sill\u00e4 on my\u00f6s tyt\u00e4ryhti\u00f6it\u00e4 kaikissa Pohjoismaissa sek\u00e4 edustajia Euroopassa, Aasiassa ja USA:ssa. Lue t\u00e4st\u00e4 lis\u00e4tietoja siit\u00e4, mit\u00e4 Candor Swedeniss\u00e4 tapahtuu.\",\"breadcrumb\":{\"@id\":\"https:\\\/\\\/candorsweden.com\\\/fi\\\/tietoa-candor\\\/uutiset\\\/#breadcrumb\"},\"inLanguage\":\"fi\",\"potentialAction\":[{\"@type\":\"ReadAction\",\"target\":[\"https:\\\/\\\/candorsweden.com\\\/fi\\\/tietoa-candor\\\/uutiset\\\/\"]}]},{\"@type\":\"BreadcrumbList\",\"@id\":\"https:\\\/\\\/candorsweden.com\\\/fi\\\/tietoa-candor\\\/uutiset\\\/#breadcrumb\",\"itemListElement\":[{\"@type\":\"ListItem\",\"position\":1,\"name\":\"Hem\",\"item\":\"https:\\\/\\\/candorsweden.com\\\/fi\\\/\"},{\"@type\":\"ListItem\",\"position\":2,\"name\":\"Tietoa Candor\",\"item\":\"https:\\\/\\\/candorsweden.com\\\/fi\\\/tietoa-candor\\\/\"},{\"@type\":\"ListItem\",\"position\":3,\"name\":\"Uutiset\"}]},{\"@type\":\"WebSite\",\"@id\":\"https:\\\/\\\/candorsweden.com\\\/#website\",\"url\":\"https:\\\/\\\/candorsweden.com\\\/\",\"name\":\"Candor Sweden\",\"description\":\"Chemical processes and equipment for surface treatment technology.\",\"potentialAction\":[{\"@type\":\"SearchAction\",\"target\":{\"@type\":\"EntryPoint\",\"urlTemplate\":\"https:\\\/\\\/candorsweden.com\\\/?s={search_term_string}\"},\"query-input\":{\"@type\":\"PropertyValueSpecification\",\"valueRequired\":true,\"valueName\":\"search_term_string\"}}],\"inLanguage\":\"fi\"}]}<\/script>\n<!-- \/ Yoast SEO plugin. -->","yoast_head_json":{"title":"Uutisia | Candor \u2013 Erikoiskemikaaleja, metalleja ja pintak\u00e4sittelylaitteita.","description":"Candor Swedenin valmistuslaitos ja p\u00e4\u00e4konttori ovat Norrk\u00f6pingiss\u00e4, mutta sill\u00e4 on my\u00f6s tyt\u00e4ryhti\u00f6it\u00e4 kaikissa Pohjoismaissa sek\u00e4 edustajia Euroopassa, Aasiassa ja USA:ssa. Lue t\u00e4st\u00e4 lis\u00e4tietoja siit\u00e4, mit\u00e4 Candor Swedeniss\u00e4 tapahtuu.","robots":{"index":"index","follow":"follow","max-snippet":"max-snippet:-1","max-image-preview":"max-image-preview:large","max-video-preview":"max-video-preview:-1"},"canonical":"https:\/\/candorsweden.com\/fi\/tietoa-candor\/uutiset\/","og_locale":"fi_FI","og_type":"article","og_title":"Uutisia | Candor \u2013 Erikoiskemikaaleja, metalleja ja pintak\u00e4sittelylaitteita.","og_description":"Candor Swedenin valmistuslaitos ja p\u00e4\u00e4konttori ovat Norrk\u00f6pingiss\u00e4, mutta sill\u00e4 on my\u00f6s tyt\u00e4ryhti\u00f6it\u00e4 kaikissa Pohjoismaissa sek\u00e4 edustajia Euroopassa, Aasiassa ja USA:ssa. Lue t\u00e4st\u00e4 lis\u00e4tietoja siit\u00e4, mit\u00e4 Candor Swedeniss\u00e4 tapahtuu.","og_url":"https:\/\/candorsweden.com\/fi\/tietoa-candor\/uutiset\/","og_site_name":"Candor Sweden","article_modified_time":"2018-04-16T07:30:43+00:00","twitter_card":"summary_large_image","twitter_misc":{"Arvioitu lukuaika":"3 minuuttia"},"schema":{"@context":"https:\/\/schema.org","@graph":[{"@type":"WebPage","@id":"https:\/\/candorsweden.com\/fi\/tietoa-candor\/uutiset\/","url":"https:\/\/candorsweden.com\/fi\/tietoa-candor\/uutiset\/","name":"Uutisia | Candor \u2013 Erikoiskemikaaleja, metalleja ja pintak\u00e4sittelylaitteita.","isPartOf":{"@id":"https:\/\/candorsweden.com\/#website"},"datePublished":"2018-03-20T13:22:11+00:00","dateModified":"2018-04-16T07:30:43+00:00","description":"Candor Swedenin valmistuslaitos ja p\u00e4\u00e4konttori ovat Norrk\u00f6pingiss\u00e4, mutta sill\u00e4 on my\u00f6s tyt\u00e4ryhti\u00f6it\u00e4 kaikissa Pohjoismaissa sek\u00e4 edustajia Euroopassa, Aasiassa ja USA:ssa. Lue t\u00e4st\u00e4 lis\u00e4tietoja siit\u00e4, mit\u00e4 Candor Swedeniss\u00e4 tapahtuu.","breadcrumb":{"@id":"https:\/\/candorsweden.com\/fi\/tietoa-candor\/uutiset\/#breadcrumb"},"inLanguage":"fi","potentialAction":[{"@type":"ReadAction","target":["https:\/\/candorsweden.com\/fi\/tietoa-candor\/uutiset\/"]}]},{"@type":"BreadcrumbList","@id":"https:\/\/candorsweden.com\/fi\/tietoa-candor\/uutiset\/#breadcrumb","itemListElement":[{"@type":"ListItem","position":1,"name":"Hem","item":"https:\/\/candorsweden.com\/fi\/"},{"@type":"ListItem","position":2,"name":"Tietoa Candor","item":"https:\/\/candorsweden.com\/fi\/tietoa-candor\/"},{"@type":"ListItem","position":3,"name":"Uutiset"}]},{"@type":"WebSite","@id":"https:\/\/candorsweden.com\/#website","url":"https:\/\/candorsweden.com\/","name":"Candor Sweden","description":"Chemical processes and equipment for surface treatment technology.","potentialAction":[{"@type":"SearchAction","target":{"@type":"EntryPoint","urlTemplate":"https:\/\/candorsweden.com\/?s={search_term_string}"},"query-input":{"@type":"PropertyValueSpecification","valueRequired":true,"valueName":"search_term_string"}}],"inLanguage":"fi"}]}},"_links":{"self":[{"href":"https:\/\/candorsweden.com\/fi\/wp-json\/wp\/v2\/pages\/2740","targetHints":{"allow":["GET"]}}],"collection":[{"href":"https:\/\/candorsweden.com\/fi\/wp-json\/wp\/v2\/pages"}],"about":[{"href":"https:\/\/candorsweden.com\/fi\/wp-json\/wp\/v2\/types\/page"}],"author":[{"embeddable":true,"href":"https:\/\/candorsweden.com\/fi\/wp-json\/wp\/v2\/users\/1"}],"replies":[{"embeddable":true,"href":"https:\/\/candorsweden.com\/fi\/wp-json\/wp\/v2\/comments?post=2740"}],"version-history":[{"count":2,"href":"https:\/\/candorsweden.com\/fi\/wp-json\/wp\/v2\/pages\/2740\/revisions"}],"predecessor-version":[{"id":2750,"href":"https:\/\/candorsweden.com\/fi\/wp-json\/wp\/v2\/pages\/2740\/revisions\/2750"}],"up":[{"embeddable":true,"href":"https:\/\/candorsweden.com\/fi\/wp-json\/wp\/v2\/pages\/2672"}],"wp:attachment":[{"href":"https:\/\/candorsweden.com\/fi\/wp-json\/wp\/v2\/media?parent=2740"}],"curies":[{"name":"wp","href":"https:\/\/api.w.org\/{rel}","templated":true}]}}