{"id":2715,"date":"2018-03-20T13:31:19","date_gmt":"2018-03-20T12:31:19","guid":{"rendered":"https:\/\/candorsweden.com\/?page_id=2715"},"modified":"2024-05-03T12:03:06","modified_gmt":"2024-05-03T10:03:06","slug":"yhteystiedot","status":"publish","type":"page","link":"https:\/\/candorsweden.com\/fi\/yhteystiedot\/","title":{"rendered":"Yhteystiedot"},"content":{"rendered":"<p><div class=\"fusion-fullwidth fullwidth-box fusion-builder-row-1 nonhundred-percent-fullwidth non-hundred-percent-height-scrolling section\" style=\"--awb-border-radius-top-left:0px;--awb-border-radius-top-right:0px;--awb-border-radius-bottom-right:0px;--awb-border-radius-bottom-left:0px;--awb-flex-wrap:wrap;\" ><div class=\"fusion-builder-row fusion-row\"><div class=\"fusion-layout-column fusion_builder_column fusion-builder-column-0 fusion_builder_column_1_1 1_1 fusion-one-full fusion-column-first fusion-column-last\" style=\"--awb-bg-size:cover;\"><div class=\"fusion-column-wrapper fusion-flex-column-wrapper-legacy\"><div class=\"fusion-title title fusion-title-1 fusion-sep-none fusion-title-text fusion-title-size-one\" style=\"--awb-margin-top-small:0px;--awb-margin-right-small:0px;--awb-margin-bottom-small:20px;--awb-margin-left-small:0px;\"><h1 class=\"fusion-title-heading title-heading-left\" style=\"margin:0;\">Ota yhteytt\u00e4 Candoriin.<\/h1><\/div><div class=\"fusion-builder-row fusion-builder-row-inner fusion-row\"><div class=\"fusion-layout-column fusion_builder_column_inner fusion-builder-nested-column-0 fusion_builder_column_inner_1_2 1_2 fusion-one-half fusion-column-first\" style=\"--awb-bg-size:cover;width:50%;width:calc(50% - ( ( 4% ) * 0.5 ) );margin-right: 4%;\"><div class=\"fusion-column-wrapper fusion-flex-column-wrapper-legacy\"><div class=\"fusion-text fusion-text-1\"><p><strong>Yritys:<\/strong> info@candor.fi<\/p>\n<\/div><div class=\"fusion-clearfix\"><\/div><\/div><\/div><\/div><div class=\"fusion-clearfix\"><\/div><\/div><\/div><\/div><\/div><div class=\"fusion-fullwidth fullwidth-box fusion-builder-row-2 nonhundred-percent-fullwidth non-hundred-percent-height-scrolling section\" style=\"--awb-border-radius-top-left:0px;--awb-border-radius-top-right:0px;--awb-border-radius-bottom-right:0px;--awb-border-radius-bottom-left:0px;--awb-flex-wrap:wrap;\" ><div class=\"fusion-builder-row fusion-row\"><div class=\"fusion-layout-column fusion_builder_column fusion-builder-column-1 fusion_builder_column_1_1 1_1 fusion-one-full fusion-column-first fusion-column-last\" style=\"--awb-bg-size:cover;\"><div class=\"fusion-column-wrapper fusion-flex-column-wrapper-legacy\"><div class=\"fusion-column-content-centered\"><div class=\"fusion-column-content\"><div class=\"fusion-title title fusion-title-2 fusion-sep-none fusion-title-text fusion-title-size-two\" style=\"--awb-margin-top-small:0px;--awb-margin-right-small:0px;--awb-margin-bottom-small:20px;--awb-margin-left-small:0px;\"><h2 class=\"fusion-title-heading title-heading-left\" style=\"margin:0;\">Mist\u00e4 l\u00f6yd\u00e4t meid\u00e4t<\/h2><\/div><\/div><\/div><div class=\"fusion-clearfix\"><\/div><\/div><\/div><div class=\"fusion-layout-column fusion_builder_column fusion-builder-column-2 fusion_builder_column_2_3 2_3 fusion-two-third fusion-column-first\" style=\"--awb-bg-size:cover;width:66.666666666667%;width:calc(66.666666666667% - ( ( 4% ) * 0.66666666666667 ) );margin-right: 4%;\"><div class=\"fusion-column-wrapper fusion-flex-column-wrapper-legacy\"><div class=\"acf-map\">\n\t<div class=\"marker\" data-lat=\"60.2563019\" data-lng=\"24.8146235\"><\/div>\n<\/div>\n<div class=\"fusion-clearfix\"><\/div><\/div><\/div><div class=\"fusion-layout-column fusion_builder_column fusion-builder-column-3 fusion_builder_column_1_3 1_3 fusion-one-third fusion-column-last\" style=\"--awb-bg-size:cover;width:33.333333333333%;width:calc(33.333333333333% - ( ( 4% ) * 0.33333333333333 ) );\"><div class=\"fusion-column-wrapper fusion-flex-column-wrapper-legacy\"><div class=\"fusion-title title fusion-title-3 fusion-sep-none fusion-title-text fusion-title-size-three\" style=\"--awb-margin-top-small:0px;--awb-margin-right-small:0px;--awb-margin-bottom-small:20px;--awb-margin-left-small:0px;\"><h3 class=\"fusion-title-heading title-heading-left\" style=\"margin:0;\">Candor Oy<\/h3><\/div><div class=\"fusion-text fusion-text-2\"><p>Koivuvaarankuja 2<br \/>\n01640 VANTAA<br \/>\nFINLAND<\/p>\n<p>Puhelin: +358 50 3311538<br \/>\ninfo@candor.fi<\/p>\n<\/div><div class=\"fusion-title title fusion-title-4 fusion-sep-none fusion-title-text fusion-title-size-three\" style=\"--awb-margin-top-small:0px;--awb-margin-right-small:0px;--awb-margin-bottom-small:20px;--awb-margin-left-small:0px;\"><h3 class=\"fusion-title-heading title-heading-left\" style=\"margin:0;\">Muiden toimipaikkojemme yhteystiedot<\/h3><\/div><div class=\"fusion-button-wrapper\"><a class=\"fusion-button button-3d fusion-button-default-size button-default fusion-button-default button-1 fusion-button-default-span fusion-button-default-type\" target=\"_self\" href=\"\/fi\/tietoa-candor\/tytaryhtiot\/\"><span class=\"fusion-button-text awb-button__text awb-button__text--default\">Tyt\u00e4ryhti\u00f6t<\/span><\/a><\/div><div class=\"fusion-clearfix\"><\/div><\/div><\/div><\/div><\/div><div class=\"fusion-fullwidth fullwidth-box fusion-builder-row-3 fusion-flex-container has-pattern-background has-mask-background nonhundred-percent-fullwidth non-hundred-percent-height-scrolling\" style=\"--awb-border-radius-top-left:0px;--awb-border-radius-top-right:0px;--awb-border-radius-bottom-right:0px;--awb-border-radius-bottom-left:0px;--awb-flex-wrap:wrap;\" ><div class=\"fusion-builder-row fusion-row fusion-flex-align-items-flex-start fusion-flex-content-wrap\" style=\"max-width:1185.6px;margin-left: calc(-4% \/ 2 );margin-right: calc(-4% \/ 2 );\"><div class=\"fusion-layout-column fusion_builder_column fusion-builder-column-4 fusion_builder_column_1_1 1_1 fusion-flex-column\" style=\"--awb-bg-size:cover;--awb-width-large:100%;--awb-margin-top-large:0px;--awb-spacing-right-large:1.92%;--awb-margin-bottom-large:20px;--awb-spacing-left-large:1.92%;--awb-width-medium:100%;--awb-order-medium:0;--awb-spacing-right-medium:1.92%;--awb-spacing-left-medium:1.92%;--awb-width-small:100%;--awb-order-small:0;--awb-spacing-right-small:1.92%;--awb-spacing-left-small:1.92%;\"><div class=\"fusion-column-wrapper fusion-column-has-shadow fusion-flex-justify-content-flex-start fusion-content-layout-column\"><div class=\"fusion-title title fusion-title-5 fusion-sep-none fusion-title-text fusion-title-size-two\" style=\"--awb-margin-top-small:0px;--awb-margin-right-small:0px;--awb-margin-bottom-small:20px;--awb-margin-left-small:0px;\"><h2 class=\"fusion-title-heading title-heading-left\" style=\"margin:0;\"><p class=\"p1\">Henkil\u00f6st\u00f6 \/ Staff<\/p><\/h2><\/div><div class=\"personal-wrapper\"><div class=\"contact-card\"><div class=\"border\" style=\"background-image: url(\/wp-content\/uploads\/2017\/11\/candor_kemi_pattern.png);\"><\/div><div class=\"contact-content\"><h4>Juhani \u00d6sterman<\/h4><p>Maajohtaja \/ Country Manager<\/p><p>+358(0)40 \u2013 544 4841<\/p><p><\/p><p>juhani.osterman@candor.fi<\/p><\/div><\/div><div class=\"contact-card\"><div class=\"border\" style=\"background-image: url(\/wp-content\/uploads\/2017\/11\/candor_kemi_pattern.png);\"><\/div><div class=\"contact-content\"><h4>Juha Nummisalo<\/h4><p>Myynti-insin\u00f6\u00f6ri \/ Sales Engineer<\/p><p>+358(0)40 065 0106<\/p><p><\/p><p>juha.nummisalo@candor.fi<\/p><\/div><\/div><div class=\"contact-card\"><div class=\"border\" style=\"background-image: url(\/wp-content\/uploads\/2017\/11\/candor_kemi_pattern.png);\"><\/div><div class=\"contact-content\"><h4>Stefan Kraatz<\/h4><p>Myynti-insin\u00f6\u00f6ri \/ Sales Engineer<\/p><p>+358(0)50 \u2013 575 2466<\/p><p><\/p><p>stefan.kraatz@candor.fi<\/p><\/div><\/div><div class=\"contact-card\"><div class=\"border\" style=\"background-image: url(\/wp-content\/uploads\/2017\/11\/candor_kemi_pattern.png);\"><\/div><div class=\"contact-content\"><h4>Vesa Mikola<\/h4><p>Myynti-insin\u00f6\u00f6ri \/ Sales Engineer<\/p><p>+358(0)40 \u2013 039 9610<\/p><p><\/p><p>vesa.mikola@candor.fi<\/p><\/div><\/div><div class=\"contact-card\"><div class=\"border\" style=\"background-image: url(\/wp-content\/uploads\/2017\/11\/candor_kemi_pattern.png);\"><\/div><div class=\"contact-content\"><h4>Hannu Py\u00f6ri\u00e4<\/h4><p>Myynti-insin\u00f6\u00f6ri \/ Sales Engineer<\/p><p>+358(0)40 \u2013 590 5140<\/p><p><\/p><p>hannu.pyoria@candor.fi<\/p><\/div><\/div><div class=\"contact-card\"><div class=\"border\" style=\"background-image: url(\/wp-content\/uploads\/2017\/11\/candor_kemi_pattern.png);\"><\/div><div class=\"contact-content\"><h4>Tilaukset \/ Orders<\/h4><p><\/p><p>+358(0)50 \u2013 331 1538<\/p><p><\/p><p>tilaus@candor.fi<\/p><\/div><\/div><div class=\"contact-card\"><div class=\"border\" style=\"background-image: url(\/wp-content\/uploads\/2017\/11\/candor_kemi_pattern.png);\"><\/div><div class=\"contact-content\"><h4>Asiakaspalvelu \/ Customer Service<\/h4><p><\/p><p>+358(0)50 \u2013 331 1538<\/p><p><\/p><p>info@candor.fi<\/p><\/div><\/div><div class=\"contact-card\"><div class=\"border\" style=\"background-image: url(\/wp-content\/uploads\/2017\/11\/candor_kemi_pattern.png);\"><\/div><div class=\"contact-content\"><h4>Thomas Carlson<\/h4><p>Toimitusjohtaja \/ Managing Director<\/p><p>+46(0)11 \u2013 217528<\/p><p><\/p><p>thomas.carlson@candorsweden.com<\/p><\/div><\/div><div class=\"contact-card\"><div class=\"border\" style=\"background-image: url(\/wp-content\/uploads\/2017\/11\/candor_kemi_pattern.png);\"><\/div><div class=\"contact-content\"><h4>Nina Henriksson<\/h4><p>Talous \/ Finance<\/p><p><\/p><p><\/p><p>nina.henriksson@candorsweden.com<\/p><\/div><\/div><\/div><\/div><\/div><\/div><\/div><div class=\"fusion-fullwidth fullwidth-box fusion-builder-row-4 nonhundred-percent-fullwidth non-hundred-percent-height-scrolling section\" style=\"--awb-border-radius-top-left:0px;--awb-border-radius-top-right:0px;--awb-border-radius-bottom-right:0px;--awb-border-radius-bottom-left:0px;--awb-flex-wrap:wrap;\" ><div class=\"fusion-builder-row fusion-row\"><div class=\"fusion-layout-column fusion_builder_column fusion-builder-column-5 fusion_builder_column_1_1 1_1 fusion-one-full fusion-column-first fusion-column-last\" style=\"--awb-bg-size:cover;\"><div class=\"fusion-column-wrapper fusion-flex-column-wrapper-legacy\"><div class=\"fusion-column-content-centered\"><div class=\"fusion-column-content\"><div class=\"fusion-title title fusion-title-6 fusion-sep-none fusion-title-text fusion-title-size-two\" style=\"--awb-margin-top-small:0px;--awb-margin-right-small:0px;--awb-margin-bottom-small:20px;--awb-margin-left-small:0px;\"><h2 class=\"fusion-title-heading title-heading-left\" style=\"margin:0;\">Avain Logistiikka Oy<\/h2><\/div><\/div><\/div><div class=\"fusion-clearfix\"><\/div><\/div><\/div><div class=\"fusion-layout-column fusion_builder_column fusion-builder-column-6 fusion_builder_column_1_2 1_2 fusion-one-half fusion-column-first\" style=\"--awb-bg-size:cover;width:50%;width:calc(50% - ( ( 4% ) * 0.5 ) );margin-right: 4%;\"><div class=\"fusion-column-wrapper fusion-flex-column-wrapper-legacy\"><div class=\"fusion-text fusion-text-3\"><p style=\"font-weight: 300;\">Barona Varastopalvelut Oy \/ Candor Oy<br \/>\nTurvalaaksonkuja 4<br \/>\n01740 VANTAA<\/p>\n<p><strong>TAVARAN VASTAANOTTO:<\/strong><br \/>\nVastaanotto A, kartan kohta 3<br \/>\n<strong>TAVARAN LUOVUTUS:<\/strong><br \/>\nInfo \/ Nouto, kartan kohta 2<\/p>\n<p><strong>Varasto auki arkisin:<\/strong> klo 08:00 \u2013 16:00<br \/>\n<strong>Varaston asiakaspalvelu:<\/strong> +358 50 441 7696<\/p>\n<\/div><div class=\"fusion-clearfix\"><\/div><\/div><\/div><div class=\"fusion-layout-column fusion_builder_column fusion-builder-column-7 fusion_builder_column_1_2 1_2 fusion-one-half fusion-column-last\" style=\"--awb-bg-size:cover;width:50%;width:calc(50% - ( ( 4% ) * 0.5 ) );\"><div class=\"fusion-column-wrapper fusion-flex-column-wrapper-legacy\"><div class=\"fusion-image-element in-legacy-container\" style=\"--awb-caption-title-font-family:var(--h2_typography-font-family);--awb-caption-title-font-weight:var(--h2_typography-font-weight);--awb-caption-title-font-style:var(--h2_typography-font-style);--awb-caption-title-size:var(--h2_typography-font-size);--awb-caption-title-transform:var(--h2_typography-text-transform);--awb-caption-title-line-height:var(--h2_typography-line-height);--awb-caption-title-letter-spacing:var(--h2_typography-letter-spacing);\"><span class=\" fusion-imageframe imageframe-none imageframe-1 hover-type-none\"><a href=\"https:\/\/candorsweden.com\/wp-content\/uploads\/2024\/05\/image001-300x296.png\" class=\"fusion-lightbox\" data-rel=\"iLightbox[8b0fa467a568eabfb3e]\" data-title=\"image001\" title=\"image001\"><img decoding=\"async\" width=\"300\" height=\"296\" src=\"https:\/\/candorsweden.com\/wp-content\/uploads\/2024\/05\/image001-300x296.png\" alt class=\"img-responsive wp-image-5658\" srcset=\"https:\/\/candorsweden.com\/wp-content\/uploads\/2024\/05\/image001-200x198.png 200w, https:\/\/candorsweden.com\/wp-content\/uploads\/2024\/05\/image001-400x395.png 400w, https:\/\/candorsweden.com\/wp-content\/uploads\/2024\/05\/image001.png 499w\" sizes=\"(max-width: 800px) 100vw, 300px\" \/><\/a><\/span><\/div><div class=\"fusion-clearfix\"><\/div><\/div><\/div><\/div><\/div><div class=\"fusion-fullwidth fullwidth-box fusion-builder-row-5 nonhundred-percent-fullwidth non-hundred-percent-height-scrolling section\" style=\"--awb-border-radius-top-left:0px;--awb-border-radius-top-right:0px;--awb-border-radius-bottom-right:0px;--awb-border-radius-bottom-left:0px;--awb-flex-wrap:wrap;\" ><div class=\"fusion-builder-row fusion-row\"><div class=\"fusion-layout-column fusion_builder_column fusion-builder-column-8 fusion_builder_column_1_1 1_1 fusion-one-full fusion-column-first fusion-column-last\" style=\"--awb-bg-size:cover;\"><div class=\"fusion-column-wrapper fusion-flex-column-wrapper-legacy\"><div class=\"fusion-column-content-centered\"><div class=\"fusion-column-content\"><div class=\"fusion-title title fusion-title-7 fusion-sep-none fusion-title-text fusion-title-size-three\" style=\"--awb-margin-top-small:0px;--awb-margin-right-small:0px;--awb-margin-bottom-small:20px;--awb-margin-left-small:0px;\"><h3 class=\"fusion-title-heading title-heading-left\" style=\"margin:0;\">Tutustu markkina-alueisiimme<\/h3><\/div><div>\n\t<a class=\"grid-item\" href=\"https:\/\/candorsweden.com\/fi\/kemialliset-prosessit\/\"><div class=\"grid-img\" style=\"background-image: url(https:\/\/candorsweden.com\/wp-content\/uploads\/2018\/02\/Labb-02-e1518094764497.jpg)\"><\/div><h4>Kemialliset prosessit<\/h4><\/a><a class=\"grid-item\" href=\"https:\/\/candorsweden.com\/fi\/metallit\/\"><div class=\"grid-img\" style=\"background-image: url(https:\/\/candorsweden.com\/wp-content\/uploads\/2018\/02\/Metaller-03-edit.jpg)\"><\/div><h4>Metallit<\/h4><\/a><a class=\"grid-item\" href=\"https:\/\/candorsweden.com\/fi\/laitteistot\/\"><div class=\"grid-img\" style=\"background-image: url(https:\/\/candorsweden.com\/wp-content\/uploads\/2017\/12\/Stainless-steel-ultrasonic-wire-cleaning-alt-2.jpg)\"><\/div><h4>Laitteistot<\/h4><\/a><\/div><\/div><\/div><div class=\"fusion-clearfix\"><\/div><\/div><\/div><\/div><\/div><\/p>\n","protected":false},"excerpt":{"rendered":"","protected":false},"author":1,"featured_media":0,"parent":0,"menu_order":0,"comment_status":"closed","ping_status":"closed","template":"templates\/child-page.php","meta":{"_acf_changed":false,"footnotes":""},"class_list":["post-2715","page","type-page","status-publish","hentry"],"acf":[],"yoast_head":"<!-- This site is optimized with the Yoast SEO plugin v27.3 - https:\/\/yoast.com\/product\/yoast-seo-wordpress\/ -->\n<title>Yhteystiedot | Candor Sweden AB<\/title>\n<meta name=\"description\" content=\"Candor Sweden AB:n p\u00e4\u00e4konttori sijaitsee osoitteessa Sp\u00e5rgatan 11, Norrk\u00f6ping, Ruotsi. Ota yhteys meihin osoitteessa info@candorsweden.com tai soita asiakaspalveluumme, puh. +46(0)11 21 75 00\" \/>\n<meta name=\"robots\" content=\"index, follow, max-snippet:-1, max-image-preview:large, max-video-preview:-1\" \/>\n<link rel=\"canonical\" href=\"https:\/\/candorsweden.com\/fi\/yhteystiedot\/\" \/>\n<meta property=\"og:locale\" content=\"fi_FI\" \/>\n<meta property=\"og:type\" content=\"article\" \/>\n<meta property=\"og:title\" content=\"Yhteystiedot | Candor Sweden AB\" \/>\n<meta property=\"og:description\" content=\"Candor Sweden AB:n p\u00e4\u00e4konttori sijaitsee osoitteessa Sp\u00e5rgatan 11, Norrk\u00f6ping, Ruotsi. Ota yhteys meihin osoitteessa info@candorsweden.com tai soita asiakaspalveluumme, puh. +46(0)11 21 75 00\" \/>\n<meta property=\"og:url\" content=\"https:\/\/candorsweden.com\/fi\/yhteystiedot\/\" \/>\n<meta property=\"og:site_name\" content=\"Candor Sweden\" \/>\n<meta property=\"article:modified_time\" content=\"2024-05-03T10:03:06+00:00\" \/>\n<meta name=\"twitter:card\" content=\"summary_large_image\" \/>\n<meta name=\"twitter:label1\" content=\"Arvioitu lukuaika\" \/>\n\t<meta name=\"twitter:data1\" content=\"1 minuutti\" \/>\n<script type=\"application\/ld+json\" class=\"yoast-schema-graph\">{\"@context\":\"https:\\\/\\\/schema.org\",\"@graph\":[{\"@type\":\"WebPage\",\"@id\":\"https:\\\/\\\/candorsweden.com\\\/fi\\\/yhteystiedot\\\/\",\"url\":\"https:\\\/\\\/candorsweden.com\\\/fi\\\/yhteystiedot\\\/\",\"name\":\"Yhteystiedot | Candor Sweden AB\",\"isPartOf\":{\"@id\":\"https:\\\/\\\/candorsweden.com\\\/#website\"},\"datePublished\":\"2018-03-20T12:31:19+00:00\",\"dateModified\":\"2024-05-03T10:03:06+00:00\",\"description\":\"Candor Sweden AB:n p\u00e4\u00e4konttori sijaitsee osoitteessa Sp\u00e5rgatan 11, Norrk\u00f6ping, Ruotsi. Ota yhteys meihin osoitteessa info@candorsweden.com tai soita asiakaspalveluumme, puh. +46(0)11 21 75 00\",\"breadcrumb\":{\"@id\":\"https:\\\/\\\/candorsweden.com\\\/fi\\\/yhteystiedot\\\/#breadcrumb\"},\"inLanguage\":\"fi\",\"potentialAction\":[{\"@type\":\"ReadAction\",\"target\":[\"https:\\\/\\\/candorsweden.com\\\/fi\\\/yhteystiedot\\\/\"]}]},{\"@type\":\"BreadcrumbList\",\"@id\":\"https:\\\/\\\/candorsweden.com\\\/fi\\\/yhteystiedot\\\/#breadcrumb\",\"itemListElement\":[{\"@type\":\"ListItem\",\"position\":1,\"name\":\"Hem\",\"item\":\"https:\\\/\\\/candorsweden.com\\\/fi\\\/\"},{\"@type\":\"ListItem\",\"position\":2,\"name\":\"Yhteystiedot\"}]},{\"@type\":\"WebSite\",\"@id\":\"https:\\\/\\\/candorsweden.com\\\/#website\",\"url\":\"https:\\\/\\\/candorsweden.com\\\/\",\"name\":\"Candor Sweden\",\"description\":\"Chemical processes and equipment for surface treatment technology.\",\"potentialAction\":[{\"@type\":\"SearchAction\",\"target\":{\"@type\":\"EntryPoint\",\"urlTemplate\":\"https:\\\/\\\/candorsweden.com\\\/?s={search_term_string}\"},\"query-input\":{\"@type\":\"PropertyValueSpecification\",\"valueRequired\":true,\"valueName\":\"search_term_string\"}}],\"inLanguage\":\"fi\"}]}<\/script>\n<!-- \/ Yoast SEO plugin. -->","yoast_head_json":{"title":"Yhteystiedot | Candor Sweden AB","description":"Candor Sweden AB:n p\u00e4\u00e4konttori sijaitsee osoitteessa Sp\u00e5rgatan 11, Norrk\u00f6ping, Ruotsi. Ota yhteys meihin osoitteessa info@candorsweden.com tai soita asiakaspalveluumme, puh. +46(0)11 21 75 00","robots":{"index":"index","follow":"follow","max-snippet":"max-snippet:-1","max-image-preview":"max-image-preview:large","max-video-preview":"max-video-preview:-1"},"canonical":"https:\/\/candorsweden.com\/fi\/yhteystiedot\/","og_locale":"fi_FI","og_type":"article","og_title":"Yhteystiedot | Candor Sweden AB","og_description":"Candor Sweden AB:n p\u00e4\u00e4konttori sijaitsee osoitteessa Sp\u00e5rgatan 11, Norrk\u00f6ping, Ruotsi. Ota yhteys meihin osoitteessa info@candorsweden.com tai soita asiakaspalveluumme, puh. +46(0)11 21 75 00","og_url":"https:\/\/candorsweden.com\/fi\/yhteystiedot\/","og_site_name":"Candor Sweden","article_modified_time":"2024-05-03T10:03:06+00:00","twitter_card":"summary_large_image","twitter_misc":{"Arvioitu lukuaika":"1 minuutti"},"schema":{"@context":"https:\/\/schema.org","@graph":[{"@type":"WebPage","@id":"https:\/\/candorsweden.com\/fi\/yhteystiedot\/","url":"https:\/\/candorsweden.com\/fi\/yhteystiedot\/","name":"Yhteystiedot | Candor Sweden AB","isPartOf":{"@id":"https:\/\/candorsweden.com\/#website"},"datePublished":"2018-03-20T12:31:19+00:00","dateModified":"2024-05-03T10:03:06+00:00","description":"Candor Sweden AB:n p\u00e4\u00e4konttori sijaitsee osoitteessa Sp\u00e5rgatan 11, Norrk\u00f6ping, Ruotsi. Ota yhteys meihin osoitteessa info@candorsweden.com tai soita asiakaspalveluumme, puh. +46(0)11 21 75 00","breadcrumb":{"@id":"https:\/\/candorsweden.com\/fi\/yhteystiedot\/#breadcrumb"},"inLanguage":"fi","potentialAction":[{"@type":"ReadAction","target":["https:\/\/candorsweden.com\/fi\/yhteystiedot\/"]}]},{"@type":"BreadcrumbList","@id":"https:\/\/candorsweden.com\/fi\/yhteystiedot\/#breadcrumb","itemListElement":[{"@type":"ListItem","position":1,"name":"Hem","item":"https:\/\/candorsweden.com\/fi\/"},{"@type":"ListItem","position":2,"name":"Yhteystiedot"}]},{"@type":"WebSite","@id":"https:\/\/candorsweden.com\/#website","url":"https:\/\/candorsweden.com\/","name":"Candor Sweden","description":"Chemical processes and equipment for surface treatment technology.","potentialAction":[{"@type":"SearchAction","target":{"@type":"EntryPoint","urlTemplate":"https:\/\/candorsweden.com\/?s={search_term_string}"},"query-input":{"@type":"PropertyValueSpecification","valueRequired":true,"valueName":"search_term_string"}}],"inLanguage":"fi"}]}},"_links":{"self":[{"href":"https:\/\/candorsweden.com\/fi\/wp-json\/wp\/v2\/pages\/2715","targetHints":{"allow":["GET"]}}],"collection":[{"href":"https:\/\/candorsweden.com\/fi\/wp-json\/wp\/v2\/pages"}],"about":[{"href":"https:\/\/candorsweden.com\/fi\/wp-json\/wp\/v2\/types\/page"}],"author":[{"embeddable":true,"href":"https:\/\/candorsweden.com\/fi\/wp-json\/wp\/v2\/users\/1"}],"replies":[{"embeddable":true,"href":"https:\/\/candorsweden.com\/fi\/wp-json\/wp\/v2\/comments?post=2715"}],"version-history":[{"count":17,"href":"https:\/\/candorsweden.com\/fi\/wp-json\/wp\/v2\/pages\/2715\/revisions"}],"predecessor-version":[{"id":5663,"href":"https:\/\/candorsweden.com\/fi\/wp-json\/wp\/v2\/pages\/2715\/revisions\/5663"}],"wp:attachment":[{"href":"https:\/\/candorsweden.com\/fi\/wp-json\/wp\/v2\/media?parent=2715"}],"curies":[{"name":"wp","href":"https:\/\/api.w.org\/{rel}","templated":true}]}}