{"id":2693,"date":"2018-03-20T12:03:34","date_gmt":"2018-03-20T11:03:34","guid":{"rendered":"https:\/\/candorsweden.com\/?page_id=2693"},"modified":"2018-05-22T11:03:38","modified_gmt":"2018-05-22T09:03:38","slug":"gdpr","status":"publish","type":"page","link":"https:\/\/candorsweden.com\/fi\/tietoa-candor\/gdpr\/","title":{"rendered":"GDPR"},"content":{"rendered":"<p><div class=\"fusion-fullwidth fullwidth-box fusion-builder-row-1 nonhundred-percent-fullwidth non-hundred-percent-height-scrolling underundersida-cont\" style=\"--awb-border-radius-top-left:0px;--awb-border-radius-top-right:0px;--awb-border-radius-bottom-right:0px;--awb-border-radius-bottom-left:0px;--awb-flex-wrap:wrap;\" ><div class=\"fusion-builder-row fusion-row\"><div class=\"fusion-layout-column fusion_builder_column fusion-builder-column-0 fusion_builder_column_1_1 1_1 fusion-one-full fusion-column-first fusion-column-last\" style=\"--awb-bg-size:cover;\"><div class=\"fusion-column-wrapper fusion-flex-column-wrapper-legacy\"><div class=\"fusion-title title fusion-title-1 fusion-sep-none fusion-title-text fusion-title-size-one\" style=\"--awb-margin-top-small:0px;--awb-margin-right-small:0px;--awb-margin-bottom-small:20px;--awb-margin-left-small:0px;\"><h1 class=\"fusion-title-heading title-heading-left\" style=\"margin:0;\">GDPR and Candor<\/h1><\/div><div class=\"fusion-text fusion-text-1\"><p><strong>Information for customers associated with Candor Sweden AB<\/strong><\/p>\n<p>This information relates to how Candor manages your personal data in accordance with GDPR. It is important that you are aware of what we use your personal data for, how we protect it and what your rights are.<\/p>\n<p><strong>The General Data Protection Regulation (GDPR)<\/strong><br \/>\nThe General Data Protection Regulation, or GDPR as it is also called, contains provisions on how you can process personal data. The regulation comes into force on 25 May 2018, repealing the Personal Data Act (PUL). The General Data Protection Regulation is applicable as law in all the EU member countries as of 25 May 2018.<\/p>\n<p>GDPR regulates how personal data can be processed, focusing on increased integrity protection. GDPR governs how and by whom personal data can be processed. The main change is that companies must be more transparent in terms of what personal data they process and why. As a customer, you also have greater opportunities to influence if and how your personal data are saved. GDPR does not change your customer relationship to Candor. Below, you can read more in our guidelines for how to handle this.<\/p>\n<p>Candor saves data for the purpose of our assignment and to provide you with the required service, but only until you notify us that you no longer want Candor to store the data, of course.<\/p>\n<p>The GDPR legislation states that you can at any time notify us to change or completely erase your data from our register.<\/p>\n<p>Candor has never and will never share or sell your personal data to a third party.<\/p>\n<p>You can at any time contact us by email at <a href=\"mailto:info@candorsweden.com\">info@candorsweden.com<\/a> to find out how Candor is processing and storing your data.<\/p>\n<p>If you should feel that our processing of your personal data is not in accordance with the data protection legislation, please contact us. You also have the right to make a complaint to the Swedish Data Protection Authority, the supervisory authority in these matters.<\/p>\n<p>If, for any reason, you do not want to receive news and information from Candor, please send us an email at <a href=\"mailto:info@candorsweden.com\">info@candorsweden.com<\/a><\/p>\n<\/div><div class=\"fusion-clearfix\"><\/div><\/div><\/div><\/div><\/div><div class=\"fusion-fullwidth fullwidth-box fusion-builder-row-2 nonhundred-percent-fullwidth non-hundred-percent-height-scrolling section\" style=\"--awb-border-radius-top-left:0px;--awb-border-radius-top-right:0px;--awb-border-radius-bottom-right:0px;--awb-border-radius-bottom-left:0px;--awb-flex-wrap:wrap;\" ><div class=\"fusion-builder-row fusion-row\"><div class=\"fusion-layout-column fusion_builder_column fusion-builder-column-1 fusion_builder_column_1_1 1_1 fusion-one-full fusion-column-first fusion-column-last\" style=\"--awb-bg-size:cover;\"><div class=\"fusion-column-wrapper fusion-flex-column-wrapper-legacy\"><div class=\"fusion-title title fusion-title-2 fusion-sep-none fusion-title-text fusion-title-size-two\" style=\"--awb-margin-top-small:0px;--awb-margin-right-small:0px;--awb-margin-bottom-small:20px;--awb-margin-left-small:0px;\"><h2 class=\"fusion-title-heading title-heading-left\" style=\"margin:0;\">Haluatko tiet\u00e4\u00e4 lis\u00e4\u00e4?<\/h2><\/div>\n<div class=\"content-card-wrapper clearfix\">\n\t<div class=\"contact-card-alternate\">\n\t\t<div class=\"border\" style=\"background-image: url(\/wp-content\/uploads\/2017\/11\/candor_kemi_pattern.png);\"><\/div>\n\t\t<div class=\"contact-content\">\n\t\t\t<h4>Linda Lundman<\/h4>\n\t\t\t<p>Kvalitets- och milj\u00f6chef<\/p>\n\t\t\t<p>+46(0)11 - 21 75 21<\/p>\n\t\t\t<p><\/p>\n\t\t\t<p>linda.lundman@candorsweden.com<\/p>\n\t\t<\/div> <!-- End contact content -->\n\t<\/div> <!-- End contact card -->\n\t<a class=\"all-contacts\" href=\"https:\/\/candorsweden.com\/fi\/kontakta-oss\/\">\n\t\t<div class=\"contact-content\">\n\t\t\t<h4>Kaikki yhteystiedot<\/h4>\n\t\t\t<p>Etk\u00f6 l\u00f6yd\u00e4 etsim\u00e4\u00e4si henkil\u00f6\u00e4? Koko henkil\u00f6st\u00f6mme l\u00f6yd\u00e4t t\u00e4\u00e4lt\u00e4.<\/p>\n\t\t<\/div>\n\t<\/a> <!-- end all contacts -->\n<\/div> <!-- end content card wrapper --><div class=\"fusion-alignright\"><a class=\"fusion-button button-3d fusion-button-default-size button-default fusion-button-default button-1 fusion-button-default-span fusion-button-default-type small\" target=\"_self\" href=\"\/en\/contact-us\"><span class=\"fusion-button-text awb-button__text awb-button__text--default\">Muita yhteystietoja<\/span><\/a><\/div><div class=\"fusion-clearfix\"><\/div><\/div><\/div><div class=\"fusion-layout-column fusion_builder_column fusion-builder-column-2 fusion_builder_column_1_1 1_1 fusion-one-full fusion-column-first fusion-column-last\" style=\"--awb-bg-size:cover;\"><div class=\"fusion-column-wrapper fusion-flex-column-wrapper-legacy\"><div class=\"fusion-column-content-centered\"><div class=\"fusion-column-content\"><div class=\"fusion-title title fusion-title-3 fusion-sep-none fusion-title-text fusion-title-size-three\" style=\"--awb-margin-top-small:0px;--awb-margin-right-small:0px;--awb-margin-bottom-small:20px;--awb-margin-left-small:0px;\"><h3 class=\"fusion-title-heading title-heading-left\" style=\"margin:0;\">Tutustu markkina-alueisiimme<\/h3><\/div><\/div><\/div><div class=\"fusion-clearfix\"><\/div><\/div><\/div><div class=\"fusion-layout-column fusion_builder_column fusion-builder-column-3 fusion_builder_column_1_1 1_1 fusion-one-full fusion-column-first fusion-column-last\" style=\"--awb-bg-size:cover;\"><div class=\"fusion-column-wrapper fusion-flex-column-wrapper-legacy\"><div class=\"fusion-column-content-centered\"><div class=\"fusion-column-content\"><div>\n\t<a class=\"grid-item\" href=\"https:\/\/candorsweden.com\/fi\/kemialliset-prosessit\/\"><div class=\"grid-img\" style=\"background-image: url(https:\/\/candorsweden.com\/wp-content\/uploads\/2018\/02\/Labb-02-e1518094764497.jpg)\"><\/div><h4>Kemialliset prosessit<\/h4><\/a><a class=\"grid-item\" href=\"https:\/\/candorsweden.com\/fi\/metallit\/\"><div class=\"grid-img\" style=\"background-image: url(https:\/\/candorsweden.com\/wp-content\/uploads\/2018\/02\/Metaller-03-edit.jpg)\"><\/div><h4>Metallit<\/h4><\/a><a class=\"grid-item\" href=\"https:\/\/candorsweden.com\/fi\/laitteistot\/\"><div class=\"grid-img\" style=\"background-image: url(https:\/\/candorsweden.com\/wp-content\/uploads\/2017\/12\/Stainless-steel-ultrasonic-wire-cleaning-alt-2.jpg)\"><\/div><h4>Laitteistot<\/h4><\/a><\/div><\/div><\/div><div class=\"fusion-clearfix\"><\/div><\/div><\/div><\/div><\/div>\n<\/p>\n","protected":false},"excerpt":{"rendered":"","protected":false},"author":1,"featured_media":0,"parent":2672,"menu_order":0,"comment_status":"closed","ping_status":"closed","template":"templates\/child-page.php","meta":{"_acf_changed":false,"footnotes":""},"class_list":["post-2693","page","type-page","status-publish","hentry"],"acf":[],"yoast_head":"<!-- This site is optimized with the Yoast SEO plugin v27.3 - https:\/\/yoast.com\/product\/yoast-seo-wordpress\/ -->\n<title>GDPR | Candor Sweden AB<\/title>\n<meta name=\"description\" content=\"CANDOR Sweden AB:n sinusta noutamat henkil\u00f6tiedot ovat tarpeellisia voidaksemme hallinnoida ja t\u00e4ytt\u00e4\u00e4 sopimusvelvoitteemme sek\u00e4 t\u00e4ytt\u00e4\u00e4 toivomuksesi asiakkaanamme. Lis\u00e4tietoja henkil\u00f6tietojen k\u00e4sittelyst\u00e4 on t\u00e4ss\u00e4.\" \/>\n<meta name=\"robots\" content=\"index, follow, max-snippet:-1, max-image-preview:large, max-video-preview:-1\" \/>\n<link rel=\"canonical\" href=\"https:\/\/candorsweden.com\/fi\/tietoa-candor\/gdpr\/\" \/>\n<meta property=\"og:locale\" content=\"fi_FI\" \/>\n<meta property=\"og:type\" content=\"article\" \/>\n<meta property=\"og:title\" content=\"GDPR | Candor Sweden AB\" \/>\n<meta property=\"og:description\" content=\"CANDOR Sweden AB:n sinusta noutamat henkil\u00f6tiedot ovat tarpeellisia voidaksemme hallinnoida ja t\u00e4ytt\u00e4\u00e4 sopimusvelvoitteemme sek\u00e4 t\u00e4ytt\u00e4\u00e4 toivomuksesi asiakkaanamme. Lis\u00e4tietoja henkil\u00f6tietojen k\u00e4sittelyst\u00e4 on t\u00e4ss\u00e4.\" \/>\n<meta property=\"og:url\" content=\"https:\/\/candorsweden.com\/fi\/tietoa-candor\/gdpr\/\" \/>\n<meta property=\"og:site_name\" content=\"Candor Sweden\" \/>\n<meta property=\"article:modified_time\" content=\"2018-05-22T09:03:38+00:00\" \/>\n<meta name=\"twitter:card\" content=\"summary_large_image\" \/>\n<meta name=\"twitter:label1\" content=\"Arvioitu lukuaika\" \/>\n\t<meta name=\"twitter:data1\" content=\"3 minuuttia\" \/>\n<script type=\"application\/ld+json\" class=\"yoast-schema-graph\">{\"@context\":\"https:\\\/\\\/schema.org\",\"@graph\":[{\"@type\":\"WebPage\",\"@id\":\"https:\\\/\\\/candorsweden.com\\\/fi\\\/tietoa-candor\\\/gdpr\\\/\",\"url\":\"https:\\\/\\\/candorsweden.com\\\/fi\\\/tietoa-candor\\\/gdpr\\\/\",\"name\":\"GDPR | Candor Sweden AB\",\"isPartOf\":{\"@id\":\"https:\\\/\\\/candorsweden.com\\\/#website\"},\"datePublished\":\"2018-03-20T11:03:34+00:00\",\"dateModified\":\"2018-05-22T09:03:38+00:00\",\"description\":\"CANDOR Sweden AB:n sinusta noutamat henkil\u00f6tiedot ovat tarpeellisia voidaksemme hallinnoida ja t\u00e4ytt\u00e4\u00e4 sopimusvelvoitteemme sek\u00e4 t\u00e4ytt\u00e4\u00e4 toivomuksesi asiakkaanamme. Lis\u00e4tietoja henkil\u00f6tietojen k\u00e4sittelyst\u00e4 on t\u00e4ss\u00e4.\",\"breadcrumb\":{\"@id\":\"https:\\\/\\\/candorsweden.com\\\/fi\\\/tietoa-candor\\\/gdpr\\\/#breadcrumb\"},\"inLanguage\":\"fi\",\"potentialAction\":[{\"@type\":\"ReadAction\",\"target\":[\"https:\\\/\\\/candorsweden.com\\\/fi\\\/tietoa-candor\\\/gdpr\\\/\"]}]},{\"@type\":\"BreadcrumbList\",\"@id\":\"https:\\\/\\\/candorsweden.com\\\/fi\\\/tietoa-candor\\\/gdpr\\\/#breadcrumb\",\"itemListElement\":[{\"@type\":\"ListItem\",\"position\":1,\"name\":\"Hem\",\"item\":\"https:\\\/\\\/candorsweden.com\\\/fi\\\/\"},{\"@type\":\"ListItem\",\"position\":2,\"name\":\"Tietoa Candor\",\"item\":\"https:\\\/\\\/candorsweden.com\\\/fi\\\/tietoa-candor\\\/\"},{\"@type\":\"ListItem\",\"position\":3,\"name\":\"GDPR\"}]},{\"@type\":\"WebSite\",\"@id\":\"https:\\\/\\\/candorsweden.com\\\/#website\",\"url\":\"https:\\\/\\\/candorsweden.com\\\/\",\"name\":\"Candor Sweden\",\"description\":\"Chemical processes and equipment for surface treatment technology.\",\"potentialAction\":[{\"@type\":\"SearchAction\",\"target\":{\"@type\":\"EntryPoint\",\"urlTemplate\":\"https:\\\/\\\/candorsweden.com\\\/?s={search_term_string}\"},\"query-input\":{\"@type\":\"PropertyValueSpecification\",\"valueRequired\":true,\"valueName\":\"search_term_string\"}}],\"inLanguage\":\"fi\"}]}<\/script>\n<!-- \/ Yoast SEO plugin. -->","yoast_head_json":{"title":"GDPR | Candor Sweden AB","description":"CANDOR Sweden AB:n sinusta noutamat henkil\u00f6tiedot ovat tarpeellisia voidaksemme hallinnoida ja t\u00e4ytt\u00e4\u00e4 sopimusvelvoitteemme sek\u00e4 t\u00e4ytt\u00e4\u00e4 toivomuksesi asiakkaanamme. Lis\u00e4tietoja henkil\u00f6tietojen k\u00e4sittelyst\u00e4 on t\u00e4ss\u00e4.","robots":{"index":"index","follow":"follow","max-snippet":"max-snippet:-1","max-image-preview":"max-image-preview:large","max-video-preview":"max-video-preview:-1"},"canonical":"https:\/\/candorsweden.com\/fi\/tietoa-candor\/gdpr\/","og_locale":"fi_FI","og_type":"article","og_title":"GDPR | Candor Sweden AB","og_description":"CANDOR Sweden AB:n sinusta noutamat henkil\u00f6tiedot ovat tarpeellisia voidaksemme hallinnoida ja t\u00e4ytt\u00e4\u00e4 sopimusvelvoitteemme sek\u00e4 t\u00e4ytt\u00e4\u00e4 toivomuksesi asiakkaanamme. Lis\u00e4tietoja henkil\u00f6tietojen k\u00e4sittelyst\u00e4 on t\u00e4ss\u00e4.","og_url":"https:\/\/candorsweden.com\/fi\/tietoa-candor\/gdpr\/","og_site_name":"Candor Sweden","article_modified_time":"2018-05-22T09:03:38+00:00","twitter_card":"summary_large_image","twitter_misc":{"Arvioitu lukuaika":"3 minuuttia"},"schema":{"@context":"https:\/\/schema.org","@graph":[{"@type":"WebPage","@id":"https:\/\/candorsweden.com\/fi\/tietoa-candor\/gdpr\/","url":"https:\/\/candorsweden.com\/fi\/tietoa-candor\/gdpr\/","name":"GDPR | Candor Sweden AB","isPartOf":{"@id":"https:\/\/candorsweden.com\/#website"},"datePublished":"2018-03-20T11:03:34+00:00","dateModified":"2018-05-22T09:03:38+00:00","description":"CANDOR Sweden AB:n sinusta noutamat henkil\u00f6tiedot ovat tarpeellisia voidaksemme hallinnoida ja t\u00e4ytt\u00e4\u00e4 sopimusvelvoitteemme sek\u00e4 t\u00e4ytt\u00e4\u00e4 toivomuksesi asiakkaanamme. Lis\u00e4tietoja henkil\u00f6tietojen k\u00e4sittelyst\u00e4 on t\u00e4ss\u00e4.","breadcrumb":{"@id":"https:\/\/candorsweden.com\/fi\/tietoa-candor\/gdpr\/#breadcrumb"},"inLanguage":"fi","potentialAction":[{"@type":"ReadAction","target":["https:\/\/candorsweden.com\/fi\/tietoa-candor\/gdpr\/"]}]},{"@type":"BreadcrumbList","@id":"https:\/\/candorsweden.com\/fi\/tietoa-candor\/gdpr\/#breadcrumb","itemListElement":[{"@type":"ListItem","position":1,"name":"Hem","item":"https:\/\/candorsweden.com\/fi\/"},{"@type":"ListItem","position":2,"name":"Tietoa Candor","item":"https:\/\/candorsweden.com\/fi\/tietoa-candor\/"},{"@type":"ListItem","position":3,"name":"GDPR"}]},{"@type":"WebSite","@id":"https:\/\/candorsweden.com\/#website","url":"https:\/\/candorsweden.com\/","name":"Candor Sweden","description":"Chemical processes and equipment for surface treatment technology.","potentialAction":[{"@type":"SearchAction","target":{"@type":"EntryPoint","urlTemplate":"https:\/\/candorsweden.com\/?s={search_term_string}"},"query-input":{"@type":"PropertyValueSpecification","valueRequired":true,"valueName":"search_term_string"}}],"inLanguage":"fi"}]}},"_links":{"self":[{"href":"https:\/\/candorsweden.com\/fi\/wp-json\/wp\/v2\/pages\/2693","targetHints":{"allow":["GET"]}}],"collection":[{"href":"https:\/\/candorsweden.com\/fi\/wp-json\/wp\/v2\/pages"}],"about":[{"href":"https:\/\/candorsweden.com\/fi\/wp-json\/wp\/v2\/types\/page"}],"author":[{"embeddable":true,"href":"https:\/\/candorsweden.com\/fi\/wp-json\/wp\/v2\/users\/1"}],"replies":[{"embeddable":true,"href":"https:\/\/candorsweden.com\/fi\/wp-json\/wp\/v2\/comments?post=2693"}],"version-history":[{"count":3,"href":"https:\/\/candorsweden.com\/fi\/wp-json\/wp\/v2\/pages\/2693\/revisions"}],"predecessor-version":[{"id":4711,"href":"https:\/\/candorsweden.com\/fi\/wp-json\/wp\/v2\/pages\/2693\/revisions\/4711"}],"up":[{"embeddable":true,"href":"https:\/\/candorsweden.com\/fi\/wp-json\/wp\/v2\/pages\/2672"}],"wp:attachment":[{"href":"https:\/\/candorsweden.com\/fi\/wp-json\/wp\/v2\/media?parent=2693"}],"curies":[{"name":"wp","href":"https:\/\/api.w.org\/{rel}","templated":true}]}}