{"id":2683,"date":"2018-03-20T12:00:25","date_gmt":"2018-03-20T11:00:25","guid":{"rendered":"https:\/\/candorsweden.com\/?page_id=2683"},"modified":"2018-04-16T09:41:57","modified_gmt":"2018-04-16T07:41:57","slug":"laatu-ja-ymparisto","status":"publish","type":"page","link":"https:\/\/candorsweden.com\/fi\/tietoa-candor\/laatu-ja-ymparisto\/","title":{"rendered":"Laatu ja ymp\u00e4rist\u00f6"},"content":{"rendered":"<p><div class=\"fusion-fullwidth fullwidth-box fusion-builder-row-1 nonhundred-percent-fullwidth non-hundred-percent-height-scrolling\" style=\"--awb-border-radius-top-left:0px;--awb-border-radius-top-right:0px;--awb-border-radius-bottom-right:0px;--awb-border-radius-bottom-left:0px;--awb-flex-wrap:wrap;\" ><div class=\"fusion-builder-row fusion-row\"><div class=\"fusion-layout-column fusion_builder_column fusion-builder-column-0 fusion_builder_column_1_1 1_1 fusion-one-full fusion-column-first fusion-column-last\" style=\"--awb-bg-size:cover;\"><div class=\"fusion-column-wrapper fusion-flex-column-wrapper-legacy\"><div class=\"fusion-title title fusion-title-1 fusion-sep-none fusion-title-text fusion-title-size-one\" style=\"--awb-margin-top-small:0px;--awb-margin-right-small:0px;--awb-margin-bottom-small:20px;--awb-margin-left-small:0px;\"><h1 class=\"fusion-title-heading title-heading-left\" style=\"margin:0;\">Laatu ja ymp\u00e4rist\u00f6.<\/h1><\/div><div class=\"fusion-text fusion-text-1\"><p>Me CANDORilla teemme jatkuvasti ty\u00f6t\u00e4 laatu- ja ymp\u00e4rist\u00f6asioiden parantamiseksi. Kehitt\u00e4misty\u00f6mme varmistamiseksi olemme laatineet johtamisj\u00e4rjestelm\u00e4n, joka sis\u00e4lt\u00e4\u00e4 rutiinit ja ohjeet n\u00e4iden kysymysten kanssa ty\u00f6skentelyyn. Toimintamme luonteen vuoksi laatu- ja ymp\u00e4rist\u00f6asiat ovat useimmiten nivoutuneet erottamattomalla tavalla yhteen, ja siksi olemme p\u00e4\u00e4tt\u00e4neet koota kaikki rutiinit integroituun johtamisj\u00e4rjestelm\u00e4\u00e4n.<\/p>\n<\/div><div class=\"fusion-text fusion-text-2\"><p>P\u00e4ivit\u00e4mme johtamisj\u00e4rjestelm\u00e4\u00e4mme jatkuvasti tarpeen mukaan ja muutosten niin vaatiessa, ja j\u00e4rjestelm\u00e4\u00e4 seurataan s\u00e4\u00e4nn\u00f6llisesti sek\u00e4 sis\u00e4isiss\u00e4 tarkastuksissa ett\u00e4 sertifiointiyhti\u00f6n toimesta. Johtamisj\u00e4rjestelm\u00e4mme sis\u00e4lt\u00e4\u00e4 my\u00f6s toimintaperiaatteemme. Asetamme tavoitteita ja laadimme toimintasuunnitelmia kulloinkin ajankohtaista kehitysty\u00f6t\u00e4mme varten.<\/p>\n<\/div><div class=\"fusion-clearfix\"><\/div><\/div><\/div><\/div><\/div><div class=\"fusion-fullwidth fullwidth-box fusion-builder-row-2 nonhundred-percent-fullwidth non-hundred-percent-height-scrolling underundersida-cont\" style=\"--awb-border-radius-top-left:0px;--awb-border-radius-top-right:0px;--awb-border-radius-bottom-right:0px;--awb-border-radius-bottom-left:0px;--awb-flex-wrap:wrap;\" ><div class=\"fusion-builder-row fusion-row\"><div class=\"fusion-layout-column fusion_builder_column fusion-builder-column-1 fusion_builder_column_1_1 1_1 fusion-one-full fusion-column-first fusion-column-last\" style=\"--awb-bg-size:cover;\"><div class=\"fusion-column-wrapper fusion-flex-column-wrapper-legacy\"><div class=\"fusion-title title fusion-title-2 fusion-sep-none fusion-title-text fusion-title-size-two\" style=\"--awb-margin-top-small:0px;--awb-margin-right-small:0px;--awb-margin-bottom-small:20px;--awb-margin-left-small:0px;\"><h2 class=\"fusion-title-heading title-heading-left\" style=\"margin:0;\">Toimintaperiaatteet<\/h2><\/div><a class=\"post-item\" href=\"https:\/\/candorsweden.com\/fi\/document\/iso-14001\/\"><span class=\"icon\"><span class=\"jam jam-tree\"><\/span><\/span><span class=\"content\"><h4 class=\"post-title\">ISO 14001<\/h4><span class=\"name\">Julkaistu: 24.01.2023 | Ymp\u00e4rist\u00f6- & laatuosasto<\/span><\/span><span class=\"button\"><\/span><\/a><a class=\"post-item\" href=\"https:\/\/candorsweden.com\/fi\/document\/iso-9001-en\/\"><span class=\"icon\"><span class=\"jam jam-tree\"><\/span><\/span><span class=\"content\"><h4 class=\"post-title\">ISO 9001<\/h4><span class=\"name\">Julkaistu: 24.01.2023 | Ymp\u00e4rist\u00f6- & laatuosasto<\/span><\/span><span class=\"button\"><\/span><\/a><a class=\"post-item\" href=\"https:\/\/candorsweden.com\/fi\/document\/yleistietoa-reach-ja-clp-asetuksista\/\"><span class=\"icon\"><span class=\"jam jam-tree\"><\/span><\/span><span class=\"content\"><h4 class=\"post-title\">Yleistietoa REACH- ja CLP-asetuksista<\/h4><span class=\"name\">Julkaistu: 20.03.2018 | Ymp\u00e4rist\u00f6- & laatuosasto<\/span><\/span><span class=\"button\"><\/span><\/a><a class=\"post-item\" href=\"https:\/\/candorsweden.com\/fi\/document\/yleiset-ymparistotavoitteemme\/\"><span class=\"icon\"><span class=\"jam jam-tree\"><\/span><\/span><span class=\"content\"><h4 class=\"post-title\">Yleiset ymp\u00e4rist\u00f6tavoitteemme<\/h4><span class=\"name\">Julkaistu: 14.02.2020 | Ymp\u00e4rist\u00f6- & laatuosasto<\/span><\/span><span class=\"button\"><\/span><\/a><a class=\"post-item\" href=\"https:\/\/candorsweden.com\/fi\/document\/qehs-policy\/\"><span class=\"icon\"><span class=\"jam jam-tree\"><\/span><\/span><span class=\"content\"><h4 class=\"post-title\">Q\/EHS-policy<\/h4><span class=\"name\">Julkaistu: 14.02.2020 | Ymp\u00e4rist\u00f6- & laatuosasto<\/span><\/span><span class=\"button\"><\/span><\/a><div class=\"fusion-clearfix\"><\/div><\/div><\/div><\/div><\/div><div class=\"fusion-fullwidth fullwidth-box fusion-builder-row-3 nonhundred-percent-fullwidth non-hundred-percent-height-scrolling section\" style=\"--awb-border-radius-top-left:0px;--awb-border-radius-top-right:0px;--awb-border-radius-bottom-right:0px;--awb-border-radius-bottom-left:0px;--awb-flex-wrap:wrap;\" ><div class=\"fusion-builder-row fusion-row\"><div class=\"fusion-layout-column fusion_builder_column fusion-builder-column-2 fusion_builder_column_1_1 1_1 fusion-one-full fusion-column-first fusion-column-last\" style=\"--awb-bg-size:cover;\"><div class=\"fusion-column-wrapper fusion-flex-column-wrapper-legacy\"><div class=\"fusion-title title fusion-title-3 fusion-sep-none fusion-title-text fusion-title-size-two\" style=\"--awb-margin-top-small:0px;--awb-margin-right-small:0px;--awb-margin-bottom-small:20px;--awb-margin-left-small:0px;\"><h2 class=\"fusion-title-heading title-heading-left\" style=\"margin:0;\">Haluatko tiet\u00e4\u00e4 lis\u00e4\u00e4?<\/h2><\/div>\n<div class=\"content-card-wrapper clearfix\">\n\t<div class=\"contact-card-alternate\">\n\t\t<div class=\"border\" style=\"background-image: url(\/wp-content\/uploads\/2017\/11\/candor_kemi_pattern.png);\"><\/div>\n\t\t<div class=\"contact-content\">\n\t\t\t<h4>Linda Lundman<\/h4>\n\t\t\t<p>Kvalitets- och milj\u00f6chef<\/p>\n\t\t\t<p>+46(0)11 - 21 75 21<\/p>\n\t\t\t<p><\/p>\n\t\t\t<p>linda.lundman@candorsweden.com<\/p>\n\t\t<\/div> <!-- End contact content -->\n\t<\/div> <!-- End contact card -->\n\t<a class=\"all-contacts\" href=\"https:\/\/candorsweden.com\/fi\/kontakta-oss\/\">\n\t\t<div class=\"contact-content\">\n\t\t\t<h4>Kaikki yhteystiedot<\/h4>\n\t\t\t<p>Etk\u00f6 l\u00f6yd\u00e4 etsim\u00e4\u00e4si henkil\u00f6\u00e4? Koko henkil\u00f6st\u00f6mme l\u00f6yd\u00e4t t\u00e4\u00e4lt\u00e4.<\/p>\n\t\t<\/div>\n\t<\/a> <!-- end all contacts -->\n<\/div> <!-- end content card wrapper --><div class=\"fusion-alignright\"><a class=\"fusion-button button-3d fusion-button-default-size button-default fusion-button-default button-1 fusion-button-default-span fusion-button-default-type small\" target=\"_self\" href=\"\/en\/contact-us\"><span class=\"fusion-button-text awb-button__text awb-button__text--default\">Muita yhteystietoja<\/span><\/a><\/div><div class=\"fusion-clearfix\"><\/div><\/div><\/div><div class=\"fusion-layout-column fusion_builder_column fusion-builder-column-3 fusion_builder_column_1_1 1_1 fusion-one-full fusion-column-first fusion-column-last\" style=\"--awb-bg-size:cover;\"><div class=\"fusion-column-wrapper fusion-flex-column-wrapper-legacy\"><div class=\"fusion-column-content-centered\"><div class=\"fusion-column-content\"><div class=\"fusion-title title fusion-title-4 fusion-sep-none fusion-title-text fusion-title-size-three\" style=\"--awb-margin-top-small:0px;--awb-margin-right-small:0px;--awb-margin-bottom-small:20px;--awb-margin-left-small:0px;\"><h3 class=\"fusion-title-heading title-heading-left\" style=\"margin:0;\">Tutustu markkina-alueisiimme<\/h3><\/div><\/div><\/div><div class=\"fusion-clearfix\"><\/div><\/div><\/div><div class=\"fusion-layout-column fusion_builder_column fusion-builder-column-4 fusion_builder_column_1_1 1_1 fusion-one-full fusion-column-first fusion-column-last\" style=\"--awb-bg-size:cover;\"><div class=\"fusion-column-wrapper fusion-flex-column-wrapper-legacy\"><div class=\"fusion-column-content-centered\"><div class=\"fusion-column-content\"><div>\n\t<a class=\"grid-item\" href=\"https:\/\/candorsweden.com\/fi\/kemialliset-prosessit\/\"><div class=\"grid-img\" style=\"background-image: url(https:\/\/candorsweden.com\/wp-content\/uploads\/2018\/02\/Labb-02-e1518094764497.jpg)\"><\/div><h4>Kemialliset prosessit<\/h4><\/a><a class=\"grid-item\" href=\"https:\/\/candorsweden.com\/fi\/metallit\/\"><div class=\"grid-img\" style=\"background-image: url(https:\/\/candorsweden.com\/wp-content\/uploads\/2018\/02\/Metaller-03-edit.jpg)\"><\/div><h4>Metallit<\/h4><\/a><a class=\"grid-item\" href=\"https:\/\/candorsweden.com\/fi\/laitteistot\/\"><div class=\"grid-img\" style=\"background-image: url(https:\/\/candorsweden.com\/wp-content\/uploads\/2017\/12\/Stainless-steel-ultrasonic-wire-cleaning-alt-2.jpg)\"><\/div><h4>Laitteistot<\/h4><\/a><\/div><\/div><\/div><div class=\"fusion-clearfix\"><\/div><\/div><\/div><\/div><\/div>\n<\/p>\n","protected":false},"excerpt":{"rendered":"","protected":false},"author":1,"featured_media":0,"parent":2672,"menu_order":0,"comment_status":"closed","ping_status":"closed","template":"templates\/child-page.php","meta":{"_acf_changed":false,"footnotes":""},"class_list":["post-2683","page","type-page","status-publish","hentry"],"acf":[],"yoast_head":"<!-- This site is optimized with the Yoast SEO plugin v27.3 - https:\/\/yoast.com\/product\/yoast-seo-wordpress\/ -->\n<title>Laatu ja ymp\u00e4rist\u00f6 | Erikoiskemikaaleja, metalleja ja pintak\u00e4sittelylaitteita.<\/title>\n<meta name=\"description\" content=\"Laatua ja ymp\u00e4rist\u00f6\u00e4 koskevien kysymysten ja parannusten parissa jatkuvasti teht\u00e4v\u00e4 ty\u00f6 sis\u00e4ltyy luonnollisena osana Candorin toimintaan. Voit lukea lis\u00e4\u00e4 t\u00e4st\u00e4 siit\u00e4, miten ty\u00f6skentelemme laadun ja ymp\u00e4rist\u00f6n parantamiseksi sek\u00e4 tutustua toimintaperiaateasiakirjastamme.\" \/>\n<meta name=\"robots\" content=\"index, follow, max-snippet:-1, max-image-preview:large, max-video-preview:-1\" \/>\n<link rel=\"canonical\" href=\"https:\/\/candorsweden.com\/fi\/tietoa-candor\/laatu-ja-ymparisto\/\" \/>\n<meta property=\"og:locale\" content=\"fi_FI\" \/>\n<meta property=\"og:type\" content=\"article\" \/>\n<meta property=\"og:title\" content=\"Laatu ja ymp\u00e4rist\u00f6 | Erikoiskemikaaleja, metalleja ja pintak\u00e4sittelylaitteita.\" \/>\n<meta property=\"og:description\" content=\"Laatua ja ymp\u00e4rist\u00f6\u00e4 koskevien kysymysten ja parannusten parissa jatkuvasti teht\u00e4v\u00e4 ty\u00f6 sis\u00e4ltyy luonnollisena osana Candorin toimintaan. Voit lukea lis\u00e4\u00e4 t\u00e4st\u00e4 siit\u00e4, miten ty\u00f6skentelemme laadun ja ymp\u00e4rist\u00f6n parantamiseksi sek\u00e4 tutustua toimintaperiaateasiakirjastamme.\" \/>\n<meta property=\"og:url\" content=\"https:\/\/candorsweden.com\/fi\/tietoa-candor\/laatu-ja-ymparisto\/\" \/>\n<meta property=\"og:site_name\" content=\"Candor Sweden\" \/>\n<meta property=\"article:modified_time\" content=\"2018-04-16T07:41:57+00:00\" \/>\n<meta name=\"twitter:card\" content=\"summary_large_image\" \/>\n<meta name=\"twitter:label1\" content=\"Arvioitu lukuaika\" \/>\n\t<meta name=\"twitter:data1\" content=\"3 minuuttia\" \/>\n<script type=\"application\/ld+json\" class=\"yoast-schema-graph\">{\"@context\":\"https:\\\/\\\/schema.org\",\"@graph\":[{\"@type\":\"WebPage\",\"@id\":\"https:\\\/\\\/candorsweden.com\\\/fi\\\/tietoa-candor\\\/laatu-ja-ymparisto\\\/\",\"url\":\"https:\\\/\\\/candorsweden.com\\\/fi\\\/tietoa-candor\\\/laatu-ja-ymparisto\\\/\",\"name\":\"Laatu ja ymp\u00e4rist\u00f6 | Erikoiskemikaaleja, metalleja ja pintak\u00e4sittelylaitteita.\",\"isPartOf\":{\"@id\":\"https:\\\/\\\/candorsweden.com\\\/#website\"},\"datePublished\":\"2018-03-20T11:00:25+00:00\",\"dateModified\":\"2018-04-16T07:41:57+00:00\",\"description\":\"Laatua ja ymp\u00e4rist\u00f6\u00e4 koskevien kysymysten ja parannusten parissa jatkuvasti teht\u00e4v\u00e4 ty\u00f6 sis\u00e4ltyy luonnollisena osana Candorin toimintaan. Voit lukea lis\u00e4\u00e4 t\u00e4st\u00e4 siit\u00e4, miten ty\u00f6skentelemme laadun ja ymp\u00e4rist\u00f6n parantamiseksi sek\u00e4 tutustua toimintaperiaateasiakirjastamme.\",\"breadcrumb\":{\"@id\":\"https:\\\/\\\/candorsweden.com\\\/fi\\\/tietoa-candor\\\/laatu-ja-ymparisto\\\/#breadcrumb\"},\"inLanguage\":\"fi\",\"potentialAction\":[{\"@type\":\"ReadAction\",\"target\":[\"https:\\\/\\\/candorsweden.com\\\/fi\\\/tietoa-candor\\\/laatu-ja-ymparisto\\\/\"]}]},{\"@type\":\"BreadcrumbList\",\"@id\":\"https:\\\/\\\/candorsweden.com\\\/fi\\\/tietoa-candor\\\/laatu-ja-ymparisto\\\/#breadcrumb\",\"itemListElement\":[{\"@type\":\"ListItem\",\"position\":1,\"name\":\"Hem\",\"item\":\"https:\\\/\\\/candorsweden.com\\\/fi\\\/\"},{\"@type\":\"ListItem\",\"position\":2,\"name\":\"Tietoa Candor\",\"item\":\"https:\\\/\\\/candorsweden.com\\\/fi\\\/tietoa-candor\\\/\"},{\"@type\":\"ListItem\",\"position\":3,\"name\":\"Laatu ja ymp\u00e4rist\u00f6\"}]},{\"@type\":\"WebSite\",\"@id\":\"https:\\\/\\\/candorsweden.com\\\/#website\",\"url\":\"https:\\\/\\\/candorsweden.com\\\/\",\"name\":\"Candor Sweden\",\"description\":\"Chemical processes and equipment for surface treatment technology.\",\"potentialAction\":[{\"@type\":\"SearchAction\",\"target\":{\"@type\":\"EntryPoint\",\"urlTemplate\":\"https:\\\/\\\/candorsweden.com\\\/?s={search_term_string}\"},\"query-input\":{\"@type\":\"PropertyValueSpecification\",\"valueRequired\":true,\"valueName\":\"search_term_string\"}}],\"inLanguage\":\"fi\"}]}<\/script>\n<!-- \/ Yoast SEO plugin. -->","yoast_head_json":{"title":"Laatu ja ymp\u00e4rist\u00f6 | Erikoiskemikaaleja, metalleja ja pintak\u00e4sittelylaitteita.","description":"Laatua ja ymp\u00e4rist\u00f6\u00e4 koskevien kysymysten ja parannusten parissa jatkuvasti teht\u00e4v\u00e4 ty\u00f6 sis\u00e4ltyy luonnollisena osana Candorin toimintaan. Voit lukea lis\u00e4\u00e4 t\u00e4st\u00e4 siit\u00e4, miten ty\u00f6skentelemme laadun ja ymp\u00e4rist\u00f6n parantamiseksi sek\u00e4 tutustua toimintaperiaateasiakirjastamme.","robots":{"index":"index","follow":"follow","max-snippet":"max-snippet:-1","max-image-preview":"max-image-preview:large","max-video-preview":"max-video-preview:-1"},"canonical":"https:\/\/candorsweden.com\/fi\/tietoa-candor\/laatu-ja-ymparisto\/","og_locale":"fi_FI","og_type":"article","og_title":"Laatu ja ymp\u00e4rist\u00f6 | Erikoiskemikaaleja, metalleja ja pintak\u00e4sittelylaitteita.","og_description":"Laatua ja ymp\u00e4rist\u00f6\u00e4 koskevien kysymysten ja parannusten parissa jatkuvasti teht\u00e4v\u00e4 ty\u00f6 sis\u00e4ltyy luonnollisena osana Candorin toimintaan. Voit lukea lis\u00e4\u00e4 t\u00e4st\u00e4 siit\u00e4, miten ty\u00f6skentelemme laadun ja ymp\u00e4rist\u00f6n parantamiseksi sek\u00e4 tutustua toimintaperiaateasiakirjastamme.","og_url":"https:\/\/candorsweden.com\/fi\/tietoa-candor\/laatu-ja-ymparisto\/","og_site_name":"Candor Sweden","article_modified_time":"2018-04-16T07:41:57+00:00","twitter_card":"summary_large_image","twitter_misc":{"Arvioitu lukuaika":"3 minuuttia"},"schema":{"@context":"https:\/\/schema.org","@graph":[{"@type":"WebPage","@id":"https:\/\/candorsweden.com\/fi\/tietoa-candor\/laatu-ja-ymparisto\/","url":"https:\/\/candorsweden.com\/fi\/tietoa-candor\/laatu-ja-ymparisto\/","name":"Laatu ja ymp\u00e4rist\u00f6 | Erikoiskemikaaleja, metalleja ja pintak\u00e4sittelylaitteita.","isPartOf":{"@id":"https:\/\/candorsweden.com\/#website"},"datePublished":"2018-03-20T11:00:25+00:00","dateModified":"2018-04-16T07:41:57+00:00","description":"Laatua ja ymp\u00e4rist\u00f6\u00e4 koskevien kysymysten ja parannusten parissa jatkuvasti teht\u00e4v\u00e4 ty\u00f6 sis\u00e4ltyy luonnollisena osana Candorin toimintaan. Voit lukea lis\u00e4\u00e4 t\u00e4st\u00e4 siit\u00e4, miten ty\u00f6skentelemme laadun ja ymp\u00e4rist\u00f6n parantamiseksi sek\u00e4 tutustua toimintaperiaateasiakirjastamme.","breadcrumb":{"@id":"https:\/\/candorsweden.com\/fi\/tietoa-candor\/laatu-ja-ymparisto\/#breadcrumb"},"inLanguage":"fi","potentialAction":[{"@type":"ReadAction","target":["https:\/\/candorsweden.com\/fi\/tietoa-candor\/laatu-ja-ymparisto\/"]}]},{"@type":"BreadcrumbList","@id":"https:\/\/candorsweden.com\/fi\/tietoa-candor\/laatu-ja-ymparisto\/#breadcrumb","itemListElement":[{"@type":"ListItem","position":1,"name":"Hem","item":"https:\/\/candorsweden.com\/fi\/"},{"@type":"ListItem","position":2,"name":"Tietoa Candor","item":"https:\/\/candorsweden.com\/fi\/tietoa-candor\/"},{"@type":"ListItem","position":3,"name":"Laatu ja ymp\u00e4rist\u00f6"}]},{"@type":"WebSite","@id":"https:\/\/candorsweden.com\/#website","url":"https:\/\/candorsweden.com\/","name":"Candor Sweden","description":"Chemical processes and equipment for surface treatment technology.","potentialAction":[{"@type":"SearchAction","target":{"@type":"EntryPoint","urlTemplate":"https:\/\/candorsweden.com\/?s={search_term_string}"},"query-input":{"@type":"PropertyValueSpecification","valueRequired":true,"valueName":"search_term_string"}}],"inLanguage":"fi"}]}},"_links":{"self":[{"href":"https:\/\/candorsweden.com\/fi\/wp-json\/wp\/v2\/pages\/2683","targetHints":{"allow":["GET"]}}],"collection":[{"href":"https:\/\/candorsweden.com\/fi\/wp-json\/wp\/v2\/pages"}],"about":[{"href":"https:\/\/candorsweden.com\/fi\/wp-json\/wp\/v2\/types\/page"}],"author":[{"embeddable":true,"href":"https:\/\/candorsweden.com\/fi\/wp-json\/wp\/v2\/users\/1"}],"replies":[{"embeddable":true,"href":"https:\/\/candorsweden.com\/fi\/wp-json\/wp\/v2\/comments?post=2683"}],"version-history":[{"count":3,"href":"https:\/\/candorsweden.com\/fi\/wp-json\/wp\/v2\/pages\/2683\/revisions"}],"predecessor-version":[{"id":2692,"href":"https:\/\/candorsweden.com\/fi\/wp-json\/wp\/v2\/pages\/2683\/revisions\/2692"}],"up":[{"embeddable":true,"href":"https:\/\/candorsweden.com\/fi\/wp-json\/wp\/v2\/pages\/2672"}],"wp:attachment":[{"href":"https:\/\/candorsweden.com\/fi\/wp-json\/wp\/v2\/media?parent=2683"}],"curies":[{"name":"wp","href":"https:\/\/api.w.org\/{rel}","templated":true}]}}