{"id":2677,"date":"2018-03-20T11:55:13","date_gmt":"2018-03-20T10:55:13","guid":{"rendered":"https:\/\/candorsweden.com\/?page_id=2677"},"modified":"2023-05-30T15:26:24","modified_gmt":"2023-05-30T13:26:24","slug":"tytaryhtiot","status":"publish","type":"page","link":"https:\/\/candorsweden.com\/fi\/tietoa-candor\/tytaryhtiot\/","title":{"rendered":"Tyt\u00e4ryhti\u00f6t"},"content":{"rendered":"<p><div class=\"fusion-fullwidth fullwidth-box fusion-builder-row-1 nonhundred-percent-fullwidth non-hundred-percent-height-scrolling underundersida-cont\" style=\"--awb-border-radius-top-left:0px;--awb-border-radius-top-right:0px;--awb-border-radius-bottom-right:0px;--awb-border-radius-bottom-left:0px;--awb-flex-wrap:wrap;\" ><div class=\"fusion-builder-row fusion-row\"><div class=\"fusion-layout-column fusion_builder_column fusion-builder-column-0 fusion_builder_column_1_1 1_1 fusion-one-full fusion-column-first fusion-column-last\" style=\"--awb-bg-size:cover;\"><div class=\"fusion-column-wrapper fusion-flex-column-wrapper-legacy\"><div class=\"fusion-title title fusion-title-1 fusion-sep-none fusion-title-text fusion-title-size-one\" style=\"--awb-margin-top-small:0px;--awb-margin-right-small:0px;--awb-margin-bottom-small:20px;--awb-margin-left-small:0px;\"><h1 class=\"fusion-title-heading title-heading-left\" style=\"margin:0;\">Tyt\u00e4ryhti\u00f6t.<\/h1><\/div><div class=\"fusion-text fusion-text-1\"><p>Candorilla on tyt\u00e4ryhti\u00f6it\u00e4 kaikissa Pohjoismaissa ja varastotoimintaa Romaniassa.<\/p>\n<\/div><div class=\"fusion-clearfix\"><\/div><\/div><\/div><div class=\"fusion-layout-column fusion_builder_column fusion-builder-column-1 fusion_builder_column_1_3 1_3 fusion-one-third fusion-column-first\" style=\"--awb-bg-size:cover;width:33.333333333333%;width:calc(33.333333333333% - ( ( 4% ) * 0.33333333333333 ) );margin-right: 4%;\"><div class=\"fusion-column-wrapper fusion-flex-column-wrapper-legacy\"><div class=\"fusion-title title fusion-title-2 fusion-sep-none fusion-title-text fusion-title-size-two\" style=\"--awb-margin-top-small:0px;--awb-margin-right-small:0px;--awb-margin-bottom-small:20px;--awb-margin-left-small:0px;\"><h2 class=\"fusion-title-heading title-heading-left\" style=\"margin:0;\">Tanska<\/h2><\/div><div class=\"fusion-text fusion-text-2\"><p>Candor Kemiske A\/S<br \/>\nHjulmagervej 4A<br \/>\n7100 VEJLE<br \/>\nPuhelin: +45 70 25 15 33<br \/>\ncandor@candordenmark.dk<\/p>\n<\/div><div class=\"fusion-clearfix\"><\/div><\/div><\/div><div class=\"fusion-layout-column fusion_builder_column fusion-builder-column-2 fusion_builder_column_1_3 1_3 fusion-one-third fusion-column-last\" style=\"--awb-bg-size:cover;width:33.333333333333%;width:calc(33.333333333333% - ( ( 4% ) * 0.33333333333333 ) );\"><div class=\"fusion-column-wrapper fusion-flex-column-wrapper-legacy\"><div class=\"fusion-title title fusion-title-3 fusion-sep-none fusion-title-text fusion-title-size-two\" style=\"--awb-margin-top-small:0px;--awb-margin-right-small:0px;--awb-margin-bottom-small:20px;--awb-margin-left-small:0px;\"><h2 class=\"fusion-title-heading title-heading-left\" style=\"margin:0;\">Suomi<\/h2><\/div><div class=\"fusion-text fusion-text-3\"><p>Koivuvaarankuja 2<br \/>\n01640 VANTAA<br \/>\nFINLAND<\/p>\n<p>Puhelin: +358 50 3311538<br \/>\ninfo@candor.fi<\/p>\n<\/div><div class=\"fusion-text fusion-text-4\"><h3>Avain Logistiikka Oy<\/h3>\n<p>Barona Varastopalvelut Oy<br \/>\nAnsakuja 5<br \/>\n01740 VANTAA<\/p>\n<\/div><div class=\"fusion-text fusion-text-5\"><p><strong>Huom.<\/strong>\u00a0K\u00e4ynti varastolle Ansakujan puolelta.<\/p>\n<p>Tavaran vastaanotto ja luovutus klo 8.30 \u2013 15.30<br \/>\nPuh. 050 400 3700<\/p>\n<\/div><div class=\"fusion-clearfix\"><\/div><\/div><\/div><\/div><\/div><div class=\"fusion-fullwidth fullwidth-box fusion-builder-row-2 nonhundred-percent-fullwidth non-hundred-percent-height-scrolling\" style=\"--awb-border-radius-top-left:0px;--awb-border-radius-top-right:0px;--awb-border-radius-bottom-right:0px;--awb-border-radius-bottom-left:0px;--awb-flex-wrap:wrap;\" ><div class=\"fusion-builder-row fusion-row\"><div class=\"fusion-layout-column fusion_builder_column fusion-builder-column-3 fusion_builder_column_1_1 1_1 fusion-one-full fusion-column-first fusion-column-last\" style=\"--awb-bg-size:cover;\"><div class=\"fusion-column-wrapper fusion-flex-column-wrapper-legacy\"><div class=\"fusion-title title fusion-title-4 fusion-sep-none fusion-title-text fusion-title-size-two\" style=\"--awb-margin-top-small:0px;--awb-margin-right-small:0px;--awb-margin-bottom-small:20px;--awb-margin-left-small:0px;\"><h2 class=\"fusion-title-heading title-heading-left\" style=\"margin:0;\">Candorilla on edustusta seuraavissa maissa:<\/h2><\/div><div class=\"fusion-clearfix\"><\/div><\/div><\/div><div class=\"fusion-layout-column fusion_builder_column fusion-builder-column-4 fusion_builder_column_1_2 1_2 fusion-one-half fusion-column-first\" style=\"--awb-bg-size:cover;width:50%;width:calc(50% - ( ( 4% ) * 0.5 ) );margin-right: 4%;\"><div class=\"fusion-column-wrapper fusion-flex-column-wrapper-legacy\"><div class=\"fusion-text fusion-text-6\"><ul>\n<li>Ranska \u2013 AEC France<\/li>\n<li>Intia \u2013 Ronak Industry<\/li>\n<li>Japani \u2013 Sojitz Corporation<\/li>\n<li>Kiina \u2013 Techplate Supplies<\/li>\n<li>Etel\u00e4-Korea \u2013 Korea Act<\/li>\n<\/ul>\n<\/div><div class=\"fusion-clearfix\"><\/div><\/div><\/div><div class=\"fusion-layout-column fusion_builder_column fusion-builder-column-5 fusion_builder_column_1_2 1_2 fusion-one-half fusion-column-last\" style=\"--awb-bg-size:cover;width:50%;width:calc(50% - ( ( 4% ) * 0.5 ) );\"><div class=\"fusion-column-wrapper fusion-flex-column-wrapper-legacy\"><div class=\"fusion-text fusion-text-7\"><ul>\n<li>USA \u2013 Kinrei of America Inc<\/li>\n<li>Bulgaria<\/li>\n<li>Ukraina<\/li>\n<li>Romania<\/li>\n<\/ul>\n<\/div><div class=\"fusion-clearfix\"><\/div><\/div><\/div><\/div><\/div><\/p>\n","protected":false},"excerpt":{"rendered":"","protected":false},"author":1,"featured_media":0,"parent":2672,"menu_order":0,"comment_status":"closed","ping_status":"closed","template":"templates\/child-page.php","meta":{"_acf_changed":false,"footnotes":""},"class_list":["post-2677","page","type-page","status-publish","hentry"],"acf":[],"yoast_head":"<!-- This site is optimized with the Yoast SEO plugin v27.3 - https:\/\/yoast.com\/product\/yoast-seo-wordpress\/ -->\n<title>Tyt\u00e4ryhti\u00f6t |\u00a0Candor \u2013 Erikoiskemikaaleja, metalleja ja pintak\u00e4sittelylaitteita.<\/title>\n<meta name=\"description\" content=\"Candorilla on tyt\u00e4ryhti\u00f6it\u00e4 kaikissa Pohjoismaissa sek\u00e4 tuotantoa ja varasto Romaniassa. T\u00e4ss\u00e4 ovat yhteystiedot kaikkiin tyt\u00e4ryhti\u00f6ihimme.\" \/>\n<meta name=\"robots\" content=\"index, follow, max-snippet:-1, max-image-preview:large, max-video-preview:-1\" \/>\n<link rel=\"canonical\" href=\"https:\/\/candorsweden.com\/fi\/tietoa-candor\/tytaryhtiot\/\" \/>\n<meta property=\"og:locale\" content=\"fi_FI\" \/>\n<meta property=\"og:type\" content=\"article\" \/>\n<meta property=\"og:title\" content=\"Tyt\u00e4ryhti\u00f6t |\u00a0Candor \u2013 Erikoiskemikaaleja, metalleja ja pintak\u00e4sittelylaitteita.\" \/>\n<meta property=\"og:description\" content=\"Candorilla on tyt\u00e4ryhti\u00f6it\u00e4 kaikissa Pohjoismaissa sek\u00e4 tuotantoa ja varasto Romaniassa. T\u00e4ss\u00e4 ovat yhteystiedot kaikkiin tyt\u00e4ryhti\u00f6ihimme.\" \/>\n<meta property=\"og:url\" content=\"https:\/\/candorsweden.com\/fi\/tietoa-candor\/tytaryhtiot\/\" \/>\n<meta property=\"og:site_name\" content=\"Candor Sweden\" \/>\n<meta property=\"article:modified_time\" content=\"2023-05-30T13:26:24+00:00\" \/>\n<meta name=\"twitter:card\" content=\"summary_large_image\" \/>\n<meta name=\"twitter:label1\" content=\"Arvioitu lukuaika\" \/>\n\t<meta name=\"twitter:data1\" content=\"3 minuuttia\" \/>\n<script type=\"application\/ld+json\" class=\"yoast-schema-graph\">{\"@context\":\"https:\\\/\\\/schema.org\",\"@graph\":[{\"@type\":\"WebPage\",\"@id\":\"https:\\\/\\\/candorsweden.com\\\/fi\\\/tietoa-candor\\\/tytaryhtiot\\\/\",\"url\":\"https:\\\/\\\/candorsweden.com\\\/fi\\\/tietoa-candor\\\/tytaryhtiot\\\/\",\"name\":\"Tyt\u00e4ryhti\u00f6t |\u00a0Candor \u2013 Erikoiskemikaaleja, metalleja ja pintak\u00e4sittelylaitteita.\",\"isPartOf\":{\"@id\":\"https:\\\/\\\/candorsweden.com\\\/#website\"},\"datePublished\":\"2018-03-20T10:55:13+00:00\",\"dateModified\":\"2023-05-30T13:26:24+00:00\",\"description\":\"Candorilla on tyt\u00e4ryhti\u00f6it\u00e4 kaikissa Pohjoismaissa sek\u00e4 tuotantoa ja varasto Romaniassa. T\u00e4ss\u00e4 ovat yhteystiedot kaikkiin tyt\u00e4ryhti\u00f6ihimme.\",\"breadcrumb\":{\"@id\":\"https:\\\/\\\/candorsweden.com\\\/fi\\\/tietoa-candor\\\/tytaryhtiot\\\/#breadcrumb\"},\"inLanguage\":\"fi\",\"potentialAction\":[{\"@type\":\"ReadAction\",\"target\":[\"https:\\\/\\\/candorsweden.com\\\/fi\\\/tietoa-candor\\\/tytaryhtiot\\\/\"]}]},{\"@type\":\"BreadcrumbList\",\"@id\":\"https:\\\/\\\/candorsweden.com\\\/fi\\\/tietoa-candor\\\/tytaryhtiot\\\/#breadcrumb\",\"itemListElement\":[{\"@type\":\"ListItem\",\"position\":1,\"name\":\"Hem\",\"item\":\"https:\\\/\\\/candorsweden.com\\\/fi\\\/\"},{\"@type\":\"ListItem\",\"position\":2,\"name\":\"Tietoa Candor\",\"item\":\"https:\\\/\\\/candorsweden.com\\\/fi\\\/tietoa-candor\\\/\"},{\"@type\":\"ListItem\",\"position\":3,\"name\":\"Tyt\u00e4ryhti\u00f6t\"}]},{\"@type\":\"WebSite\",\"@id\":\"https:\\\/\\\/candorsweden.com\\\/#website\",\"url\":\"https:\\\/\\\/candorsweden.com\\\/\",\"name\":\"Candor Sweden\",\"description\":\"Chemical processes and equipment for surface treatment technology.\",\"potentialAction\":[{\"@type\":\"SearchAction\",\"target\":{\"@type\":\"EntryPoint\",\"urlTemplate\":\"https:\\\/\\\/candorsweden.com\\\/?s={search_term_string}\"},\"query-input\":{\"@type\":\"PropertyValueSpecification\",\"valueRequired\":true,\"valueName\":\"search_term_string\"}}],\"inLanguage\":\"fi\"}]}<\/script>\n<!-- \/ Yoast SEO plugin. -->","yoast_head_json":{"title":"Tyt\u00e4ryhti\u00f6t |\u00a0Candor \u2013 Erikoiskemikaaleja, metalleja ja pintak\u00e4sittelylaitteita.","description":"Candorilla on tyt\u00e4ryhti\u00f6it\u00e4 kaikissa Pohjoismaissa sek\u00e4 tuotantoa ja varasto Romaniassa. T\u00e4ss\u00e4 ovat yhteystiedot kaikkiin tyt\u00e4ryhti\u00f6ihimme.","robots":{"index":"index","follow":"follow","max-snippet":"max-snippet:-1","max-image-preview":"max-image-preview:large","max-video-preview":"max-video-preview:-1"},"canonical":"https:\/\/candorsweden.com\/fi\/tietoa-candor\/tytaryhtiot\/","og_locale":"fi_FI","og_type":"article","og_title":"Tyt\u00e4ryhti\u00f6t |\u00a0Candor \u2013 Erikoiskemikaaleja, metalleja ja pintak\u00e4sittelylaitteita.","og_description":"Candorilla on tyt\u00e4ryhti\u00f6it\u00e4 kaikissa Pohjoismaissa sek\u00e4 tuotantoa ja varasto Romaniassa. T\u00e4ss\u00e4 ovat yhteystiedot kaikkiin tyt\u00e4ryhti\u00f6ihimme.","og_url":"https:\/\/candorsweden.com\/fi\/tietoa-candor\/tytaryhtiot\/","og_site_name":"Candor Sweden","article_modified_time":"2023-05-30T13:26:24+00:00","twitter_card":"summary_large_image","twitter_misc":{"Arvioitu lukuaika":"3 minuuttia"},"schema":{"@context":"https:\/\/schema.org","@graph":[{"@type":"WebPage","@id":"https:\/\/candorsweden.com\/fi\/tietoa-candor\/tytaryhtiot\/","url":"https:\/\/candorsweden.com\/fi\/tietoa-candor\/tytaryhtiot\/","name":"Tyt\u00e4ryhti\u00f6t |\u00a0Candor \u2013 Erikoiskemikaaleja, metalleja ja pintak\u00e4sittelylaitteita.","isPartOf":{"@id":"https:\/\/candorsweden.com\/#website"},"datePublished":"2018-03-20T10:55:13+00:00","dateModified":"2023-05-30T13:26:24+00:00","description":"Candorilla on tyt\u00e4ryhti\u00f6it\u00e4 kaikissa Pohjoismaissa sek\u00e4 tuotantoa ja varasto Romaniassa. T\u00e4ss\u00e4 ovat yhteystiedot kaikkiin tyt\u00e4ryhti\u00f6ihimme.","breadcrumb":{"@id":"https:\/\/candorsweden.com\/fi\/tietoa-candor\/tytaryhtiot\/#breadcrumb"},"inLanguage":"fi","potentialAction":[{"@type":"ReadAction","target":["https:\/\/candorsweden.com\/fi\/tietoa-candor\/tytaryhtiot\/"]}]},{"@type":"BreadcrumbList","@id":"https:\/\/candorsweden.com\/fi\/tietoa-candor\/tytaryhtiot\/#breadcrumb","itemListElement":[{"@type":"ListItem","position":1,"name":"Hem","item":"https:\/\/candorsweden.com\/fi\/"},{"@type":"ListItem","position":2,"name":"Tietoa Candor","item":"https:\/\/candorsweden.com\/fi\/tietoa-candor\/"},{"@type":"ListItem","position":3,"name":"Tyt\u00e4ryhti\u00f6t"}]},{"@type":"WebSite","@id":"https:\/\/candorsweden.com\/#website","url":"https:\/\/candorsweden.com\/","name":"Candor Sweden","description":"Chemical processes and equipment for surface treatment technology.","potentialAction":[{"@type":"SearchAction","target":{"@type":"EntryPoint","urlTemplate":"https:\/\/candorsweden.com\/?s={search_term_string}"},"query-input":{"@type":"PropertyValueSpecification","valueRequired":true,"valueName":"search_term_string"}}],"inLanguage":"fi"}]}},"_links":{"self":[{"href":"https:\/\/candorsweden.com\/fi\/wp-json\/wp\/v2\/pages\/2677","targetHints":{"allow":["GET"]}}],"collection":[{"href":"https:\/\/candorsweden.com\/fi\/wp-json\/wp\/v2\/pages"}],"about":[{"href":"https:\/\/candorsweden.com\/fi\/wp-json\/wp\/v2\/types\/page"}],"author":[{"embeddable":true,"href":"https:\/\/candorsweden.com\/fi\/wp-json\/wp\/v2\/users\/1"}],"replies":[{"embeddable":true,"href":"https:\/\/candorsweden.com\/fi\/wp-json\/wp\/v2\/comments?post=2677"}],"version-history":[{"count":12,"href":"https:\/\/candorsweden.com\/fi\/wp-json\/wp\/v2\/pages\/2677\/revisions"}],"predecessor-version":[{"id":5519,"href":"https:\/\/candorsweden.com\/fi\/wp-json\/wp\/v2\/pages\/2677\/revisions\/5519"}],"up":[{"embeddable":true,"href":"https:\/\/candorsweden.com\/fi\/wp-json\/wp\/v2\/pages\/2672"}],"wp:attachment":[{"href":"https:\/\/candorsweden.com\/fi\/wp-json\/wp\/v2\/media?parent=2677"}],"curies":[{"name":"wp","href":"https:\/\/api.w.org\/{rel}","templated":true}]}}