{"id":2672,"date":"2018-03-20T11:46:02","date_gmt":"2018-03-20T10:46:02","guid":{"rendered":"https:\/\/candorsweden.com\/?page_id=2672"},"modified":"2018-04-16T09:26:35","modified_gmt":"2018-04-16T07:26:35","slug":"tietoa-candor","status":"publish","type":"page","link":"https:\/\/candorsweden.com\/fi\/tietoa-candor\/","title":{"rendered":"Tietoa Candor"},"content":{"rendered":"<p><div class=\"fusion-fullwidth fullwidth-box fusion-builder-row-1 nonhundred-percent-fullwidth non-hundred-percent-height-scrolling\" style=\"--awb-border-radius-top-left:0px;--awb-border-radius-top-right:0px;--awb-border-radius-bottom-right:0px;--awb-border-radius-bottom-left:0px;--awb-flex-wrap:wrap;\" ><div class=\"fusion-builder-row fusion-row\"><div class=\"fusion-layout-column fusion_builder_column fusion-builder-column-0 fusion_builder_column_1_1 1_1 fusion-one-full fusion-column-first fusion-column-last\" style=\"--awb-bg-size:cover;\"><div class=\"fusion-column-wrapper fusion-flex-column-wrapper-legacy\"><div class=\"fusion-title title fusion-title-1 fusion-sep-none fusion-title-text fusion-title-size-one\" style=\"--awb-margin-top-small:0px;--awb-margin-right-small:0px;--awb-margin-bottom-small:20px;--awb-margin-left-small:0px;\"><h1 class=\"fusion-title-heading title-heading-left\" style=\"margin:0;\">Tietoa Candor Sweden AB<\/h1><\/div><div class=\"fusion-text fusion-text-1\"><p>Candorin p\u00e4\u00e4konttori ja tuotantotilat sijaitsevat Norrk\u00f6pingiss\u00e4 Ruotsissa.<br \/>\nYritys on sertifioitu ISO 9001 &#8211; ja ISO 9001 -standardien mukaan vuodesta 1994 saakka.<\/p>\n<\/div><div class=\"fusion-clearfix\"><\/div><\/div><\/div><\/div><\/div><div class=\"fusion-fullwidth fullwidth-box fusion-builder-row-2 nonhundred-percent-fullwidth non-hundred-percent-height-scrolling\" style=\"--awb-border-radius-top-left:0px;--awb-border-radius-top-right:0px;--awb-border-radius-bottom-right:0px;--awb-border-radius-bottom-left:0px;--awb-flex-wrap:wrap;\" ><div class=\"fusion-builder-row fusion-row\"><div class=\"fusion-layout-column fusion_builder_column fusion-builder-column-1 fusion_builder_column_1_1 1_1 fusion-one-full fusion-column-first fusion-column-last\" style=\"--awb-bg-size:cover;\"><div class=\"fusion-column-wrapper fusion-flex-column-wrapper-legacy\"><div class=\"fusion-text fusion-text-2\"><p>Candor Sweden AB on johtava kemiallisten prosessien ja pintak\u00e4sittelytarvikkeiden toimittaja.<\/p>\n<p>Candor-konserni valmistaa ja toimittaa erikoiskemikaaleja, metalleja ja pintak\u00e4sittelylaitteita pinnoitus-, konepaja- ja elektroniikkateollisuuden tarpeisiin. Candor valmistaa laitoksia lankojen ja nauhojen pinnoitukseen, perinteisi\u00e4 upotusaltaita ja vedenpuhdistuslaitteita.<\/p>\n<p>Candor kuuluu yhti\u00f6ryhm\u00e4\u00e4n Lotorp AB. Candorin p\u00e4\u00e4konttori ja tuotantotilat sijaitsevat Norrk\u00f6pingiss\u00e4 Ruotsissa. Candorilla on tyt\u00e4ryhti\u00f6it\u00e4 Skandinaviassa ja edustajia\/jakelijoita Euroopassa, Aasiassa ja USA:ssa.<\/p>\n<\/div><div class=\"fusion-clearfix\"><\/div><\/div><\/div><\/div><\/div><div class=\"fusion-fullwidth fullwidth-box fusion-builder-row-3 nonhundred-percent-fullwidth non-hundred-percent-height-scrolling\" style=\"--awb-border-radius-top-left:0px;--awb-border-radius-top-right:0px;--awb-border-radius-bottom-right:0px;--awb-border-radius-bottom-left:0px;--awb-flex-wrap:wrap;\" ><div class=\"fusion-builder-row fusion-row\"><div class=\"fusion-layout-column fusion_builder_column fusion-builder-column-2 fusion_builder_column_1_1 1_1 fusion-one-full fusion-column-first fusion-column-last\" style=\"--awb-bg-size:cover;\"><div class=\"fusion-column-wrapper fusion-flex-column-wrapper-legacy\"><div class=\"fusion-title title fusion-title-2 fusion-sep-none fusion-title-text fusion-title-size-three\" style=\"--awb-margin-top-small:0px;--awb-margin-right-small:0px;--awb-margin-bottom-small:20px;--awb-margin-left-small:0px;\"><h3 class=\"fusion-title-heading title-heading-left\" style=\"margin:0;\">Lue lis\u00e4\u00e4<\/h3><\/div><a class=\"post-item\" href=\"https:\/\/candorsweden.com\/fi\/tietoa-candor\/tytaryhtiot\/\"><span class=\"icon\"><span class=\"jam jam-info\"><\/span><\/span><span class=\"content\"><h4 class=\"post-title\">Tyt\u00e4ryhti\u00f6t<\/h4><span class=\"name\">Tietoa Candor<\/span><\/span><span class=\"button\"><\/span><\/a><a class=\"post-item\" href=\"https:\/\/candorsweden.com\/fi\/tietoa-candor\/laatu-ja-ymparisto\/\"><span class=\"icon\"><span class=\"jam jam-info\"><\/span><\/span><span class=\"content\"><h4 class=\"post-title\">Laatu ja ymp\u00e4rist\u00f6<\/h4><span class=\"name\">Tietoa Candor<\/span><\/span><span class=\"button\"><\/span><\/a><a class=\"post-item\" href=\"https:\/\/candorsweden.com\/fi\/tietoa-candor\/gdpr\/\"><span class=\"icon\"><span class=\"jam jam-info\"><\/span><\/span><span class=\"content\"><h4 class=\"post-title\">GDPR<\/h4><span class=\"name\">Tietoa Candor<\/span><\/span><span class=\"button\"><\/span><\/a><a class=\"post-item\" href=\"https:\/\/candorsweden.com\/fi\/tietoa-candor\/tietopankki\/\"><span class=\"icon\"><span class=\"jam jam-info\"><\/span><\/span><span class=\"content\"><h4 class=\"post-title\">Tietopankki<\/h4><span class=\"name\">Tietoa Candor<\/span><\/span><span class=\"button\"><\/span><\/a><a class=\"post-item\" href=\"https:\/\/candorsweden.com\/fi\/tietoa-candor\/uutiset\/\"><span class=\"icon\"><span class=\"jam jam-info\"><\/span><\/span><span class=\"content\"><h4 class=\"post-title\">Uutiset<\/h4><span class=\"name\">Tietoa Candor<\/span><\/span><span class=\"button\"><\/span><\/a><a class=\"post-item\" href=\"https:\/\/candorsweden.com\/fi\/tietoa-candor\/avoimet-tyopaikat\/\"><span class=\"icon\"><span class=\"jam jam-info\"><\/span><\/span><span class=\"content\"><h4 class=\"post-title\">Avoimet ty\u00f6paikat<\/h4><span class=\"name\">Tietoa Candor<\/span><\/span><span class=\"button\"><\/span><\/a><div class=\"fusion-clearfix\"><\/div><\/div><\/div><\/div><\/div><\/p>\n","protected":false},"excerpt":{"rendered":"","protected":false},"author":1,"featured_media":0,"parent":0,"menu_order":0,"comment_status":"closed","ping_status":"closed","template":"templates\/child-page.php","meta":{"_acf_changed":false,"footnotes":""},"class_list":["post-2672","page","type-page","status-publish","hentry"],"acf":[],"yoast_head":"<!-- This site is optimized with the Yoast SEO plugin v27.3 - https:\/\/yoast.com\/product\/yoast-seo-wordpress\/ -->\n<title>Candor Sweden AB \u2013 Pintak\u00e4sittelyn valmistaja ja johtava toimittaja<\/title>\n<meta name=\"description\" content=\"Candor valmistaa ja toimittaa erikoiskemikaaleja, metalleja ja pintak\u00e4sittely-, verstas- sek\u00e4 elektroniikkateollisuuden laitteita. Lue t\u00e4st\u00e4 lis\u00e4\u00e4 Candor Sverige AB:st\u00e4\" \/>\n<meta name=\"robots\" content=\"index, follow, max-snippet:-1, max-image-preview:large, max-video-preview:-1\" \/>\n<link rel=\"canonical\" href=\"https:\/\/candorsweden.com\/fi\/tietoa-candor\/\" \/>\n<meta property=\"og:locale\" content=\"fi_FI\" \/>\n<meta property=\"og:type\" content=\"article\" \/>\n<meta property=\"og:title\" content=\"Candor Sweden AB \u2013 Pintak\u00e4sittelyn valmistaja ja johtava toimittaja\" \/>\n<meta property=\"og:description\" content=\"Candor valmistaa ja toimittaa erikoiskemikaaleja, metalleja ja pintak\u00e4sittely-, verstas- sek\u00e4 elektroniikkateollisuuden laitteita. Lue t\u00e4st\u00e4 lis\u00e4\u00e4 Candor Sverige AB:st\u00e4\" \/>\n<meta property=\"og:url\" content=\"https:\/\/candorsweden.com\/fi\/tietoa-candor\/\" \/>\n<meta property=\"og:site_name\" content=\"Candor Sweden\" \/>\n<meta property=\"article:modified_time\" content=\"2018-04-16T07:26:35+00:00\" \/>\n<meta name=\"twitter:card\" content=\"summary_large_image\" \/>\n<meta name=\"twitter:label1\" content=\"Arvioitu lukuaika\" \/>\n\t<meta name=\"twitter:data1\" content=\"3 minuuttia\" \/>\n<script type=\"application\/ld+json\" class=\"yoast-schema-graph\">{\"@context\":\"https:\\\/\\\/schema.org\",\"@graph\":[{\"@type\":\"WebPage\",\"@id\":\"https:\\\/\\\/candorsweden.com\\\/fi\\\/tietoa-candor\\\/\",\"url\":\"https:\\\/\\\/candorsweden.com\\\/fi\\\/tietoa-candor\\\/\",\"name\":\"Candor Sweden AB \u2013 Pintak\u00e4sittelyn valmistaja ja johtava toimittaja\",\"isPartOf\":{\"@id\":\"https:\\\/\\\/candorsweden.com\\\/#website\"},\"datePublished\":\"2018-03-20T10:46:02+00:00\",\"dateModified\":\"2018-04-16T07:26:35+00:00\",\"description\":\"Candor valmistaa ja toimittaa erikoiskemikaaleja, metalleja ja pintak\u00e4sittely-, verstas- sek\u00e4 elektroniikkateollisuuden laitteita. Lue t\u00e4st\u00e4 lis\u00e4\u00e4 Candor Sverige AB:st\u00e4\",\"breadcrumb\":{\"@id\":\"https:\\\/\\\/candorsweden.com\\\/fi\\\/tietoa-candor\\\/#breadcrumb\"},\"inLanguage\":\"fi\",\"potentialAction\":[{\"@type\":\"ReadAction\",\"target\":[\"https:\\\/\\\/candorsweden.com\\\/fi\\\/tietoa-candor\\\/\"]}]},{\"@type\":\"BreadcrumbList\",\"@id\":\"https:\\\/\\\/candorsweden.com\\\/fi\\\/tietoa-candor\\\/#breadcrumb\",\"itemListElement\":[{\"@type\":\"ListItem\",\"position\":1,\"name\":\"Hem\",\"item\":\"https:\\\/\\\/candorsweden.com\\\/fi\\\/\"},{\"@type\":\"ListItem\",\"position\":2,\"name\":\"Tietoa Candor\"}]},{\"@type\":\"WebSite\",\"@id\":\"https:\\\/\\\/candorsweden.com\\\/#website\",\"url\":\"https:\\\/\\\/candorsweden.com\\\/\",\"name\":\"Candor Sweden\",\"description\":\"Chemical processes and equipment for surface treatment technology.\",\"potentialAction\":[{\"@type\":\"SearchAction\",\"target\":{\"@type\":\"EntryPoint\",\"urlTemplate\":\"https:\\\/\\\/candorsweden.com\\\/?s={search_term_string}\"},\"query-input\":{\"@type\":\"PropertyValueSpecification\",\"valueRequired\":true,\"valueName\":\"search_term_string\"}}],\"inLanguage\":\"fi\"}]}<\/script>\n<!-- \/ Yoast SEO plugin. -->","yoast_head_json":{"title":"Candor Sweden AB \u2013 Pintak\u00e4sittelyn valmistaja ja johtava toimittaja","description":"Candor valmistaa ja toimittaa erikoiskemikaaleja, metalleja ja pintak\u00e4sittely-, verstas- sek\u00e4 elektroniikkateollisuuden laitteita. Lue t\u00e4st\u00e4 lis\u00e4\u00e4 Candor Sverige AB:st\u00e4","robots":{"index":"index","follow":"follow","max-snippet":"max-snippet:-1","max-image-preview":"max-image-preview:large","max-video-preview":"max-video-preview:-1"},"canonical":"https:\/\/candorsweden.com\/fi\/tietoa-candor\/","og_locale":"fi_FI","og_type":"article","og_title":"Candor Sweden AB \u2013 Pintak\u00e4sittelyn valmistaja ja johtava toimittaja","og_description":"Candor valmistaa ja toimittaa erikoiskemikaaleja, metalleja ja pintak\u00e4sittely-, verstas- sek\u00e4 elektroniikkateollisuuden laitteita. Lue t\u00e4st\u00e4 lis\u00e4\u00e4 Candor Sverige AB:st\u00e4","og_url":"https:\/\/candorsweden.com\/fi\/tietoa-candor\/","og_site_name":"Candor Sweden","article_modified_time":"2018-04-16T07:26:35+00:00","twitter_card":"summary_large_image","twitter_misc":{"Arvioitu lukuaika":"3 minuuttia"},"schema":{"@context":"https:\/\/schema.org","@graph":[{"@type":"WebPage","@id":"https:\/\/candorsweden.com\/fi\/tietoa-candor\/","url":"https:\/\/candorsweden.com\/fi\/tietoa-candor\/","name":"Candor Sweden AB \u2013 Pintak\u00e4sittelyn valmistaja ja johtava toimittaja","isPartOf":{"@id":"https:\/\/candorsweden.com\/#website"},"datePublished":"2018-03-20T10:46:02+00:00","dateModified":"2018-04-16T07:26:35+00:00","description":"Candor valmistaa ja toimittaa erikoiskemikaaleja, metalleja ja pintak\u00e4sittely-, verstas- sek\u00e4 elektroniikkateollisuuden laitteita. Lue t\u00e4st\u00e4 lis\u00e4\u00e4 Candor Sverige AB:st\u00e4","breadcrumb":{"@id":"https:\/\/candorsweden.com\/fi\/tietoa-candor\/#breadcrumb"},"inLanguage":"fi","potentialAction":[{"@type":"ReadAction","target":["https:\/\/candorsweden.com\/fi\/tietoa-candor\/"]}]},{"@type":"BreadcrumbList","@id":"https:\/\/candorsweden.com\/fi\/tietoa-candor\/#breadcrumb","itemListElement":[{"@type":"ListItem","position":1,"name":"Hem","item":"https:\/\/candorsweden.com\/fi\/"},{"@type":"ListItem","position":2,"name":"Tietoa Candor"}]},{"@type":"WebSite","@id":"https:\/\/candorsweden.com\/#website","url":"https:\/\/candorsweden.com\/","name":"Candor Sweden","description":"Chemical processes and equipment for surface treatment technology.","potentialAction":[{"@type":"SearchAction","target":{"@type":"EntryPoint","urlTemplate":"https:\/\/candorsweden.com\/?s={search_term_string}"},"query-input":{"@type":"PropertyValueSpecification","valueRequired":true,"valueName":"search_term_string"}}],"inLanguage":"fi"}]}},"_links":{"self":[{"href":"https:\/\/candorsweden.com\/fi\/wp-json\/wp\/v2\/pages\/2672","targetHints":{"allow":["GET"]}}],"collection":[{"href":"https:\/\/candorsweden.com\/fi\/wp-json\/wp\/v2\/pages"}],"about":[{"href":"https:\/\/candorsweden.com\/fi\/wp-json\/wp\/v2\/types\/page"}],"author":[{"embeddable":true,"href":"https:\/\/candorsweden.com\/fi\/wp-json\/wp\/v2\/users\/1"}],"replies":[{"embeddable":true,"href":"https:\/\/candorsweden.com\/fi\/wp-json\/wp\/v2\/comments?post=2672"}],"version-history":[{"count":3,"href":"https:\/\/candorsweden.com\/fi\/wp-json\/wp\/v2\/pages\/2672\/revisions"}],"predecessor-version":[{"id":2680,"href":"https:\/\/candorsweden.com\/fi\/wp-json\/wp\/v2\/pages\/2672\/revisions\/2680"}],"wp:attachment":[{"href":"https:\/\/candorsweden.com\/fi\/wp-json\/wp\/v2\/media?parent=2672"}],"curies":[{"name":"wp","href":"https:\/\/api.w.org\/{rel}","templated":true}]}}