{"id":2573,"date":"2018-03-20T10:34:54","date_gmt":"2018-03-20T09:34:54","guid":{"rendered":"https:\/\/candorsweden.com\/?page_id=2573"},"modified":"2021-02-19T10:41:43","modified_gmt":"2021-02-19T09:41:43","slug":"tutkimus-ja-kehitys","status":"publish","type":"page","link":"https:\/\/candorsweden.com\/fi\/kemialliset-prosessit\/tutkimus-ja-kehitys\/","title":{"rendered":"Tutkimus ja kehitys"},"content":{"rendered":"<p><div class=\"fusion-fullwidth fullwidth-box fusion-builder-row-1 nonhundred-percent-fullwidth non-hundred-percent-height-scrolling underundersida-cont\" style=\"--awb-border-radius-top-left:0px;--awb-border-radius-top-right:0px;--awb-border-radius-bottom-right:0px;--awb-border-radius-bottom-left:0px;--awb-flex-wrap:wrap;\" ><div class=\"fusion-builder-row fusion-row\"><div class=\"fusion-layout-column fusion_builder_column fusion-builder-column-0 fusion_builder_column_1_1 1_1 fusion-one-full fusion-column-first fusion-column-last\" style=\"--awb-bg-size:cover;\"><div class=\"fusion-column-wrapper fusion-flex-column-wrapper-legacy\"><div class=\"fusion-title title fusion-title-1 fusion-sep-none fusion-title-text fusion-title-size-one\" style=\"--awb-margin-top-small:0px;--awb-margin-right-small:0px;--awb-margin-bottom-small:20px;--awb-margin-left-small:0px;\"><h1 class=\"fusion-title-heading title-heading-left\" style=\"margin:0;\">Tutkimus ja kehitys.<\/h1><\/div><div class=\"fusion-text fusion-text-1\"><p>Candorin asiakkaat ja teollisuus asettavat jatkuvasti uusia, korkeita vaatimuksia uuden tekniikan, ymp\u00e4rist\u00f6m\u00e4\u00e4r\u00e4ysten, kest\u00e4vyyden ja teknisten ominaisuuksien suhteen. Candorille uuden tekniikan kehitt\u00e4minen kaikilla markkina-alueillamme on itsest\u00e4\u00e4nselv\u00e4\u00e4 ja luonnollinen osa toimintaamme.<\/p>\n<\/div><div class=\"fusion-text fusion-text-2\"><p>EU-direktiivit kuten WEEE, RoHS ja REACH viev\u00e4t kehityst\u00e4 eteenp\u00e4in ja auttavat meit\u00e4 kehitt\u00e4m\u00e4\u00e4n uutta prosessitekniikkaa.<\/p>\n<p>Candor tarjoaa t\u00e4ydellisi\u00e4 tuotepaketteja, joiden ymp\u00e4rist\u00f6yst\u00e4v\u00e4lliset, korkealaatuiset tuotteet t\u00e4ytt\u00e4v\u00e4t EU:s REACH-direktiivin vaatimukset. Valmistamme tuotteet itse tai yhteisty\u00f6ss\u00e4 johtavien kansainv\u00e4listen toimijoiden kanssa Pohjoismaiden oloja varten.<\/p>\n<\/div><div class=\"fusion-title title fusion-title-2 fusion-sep-none fusion-title-text fusion-title-size-two\" style=\"--awb-margin-top-small:0px;--awb-margin-right-small:0px;--awb-margin-bottom-small:20px;--awb-margin-left-small:0px;\"><h2 class=\"fusion-title-heading title-heading-left\" style=\"margin:0;\"><p>Candor tarjoaa uusia,<br \/>\nkest\u00e4vi\u00e4 vaihtoehtoja esimerkiksi:<\/p><\/h2><\/div><div class=\"fusion-text fusion-text-3\"><ul>\n<li>Syanidia sis\u00e4lt\u00e4ville prosesseille<\/li>\n<li>Kromatointiprosesseille<\/li>\n<li>Fosfatoinnille<\/li>\n<li>Kobolttia sis\u00e4lt\u00e4v\u00e4lle passivoinnille<\/li>\n<\/ul>\n<\/div><div class=\"fusion-clearfix\"><\/div><\/div><\/div><\/div><\/div><div class=\"fusion-fullwidth fullwidth-box fusion-builder-row-2 nonhundred-percent-fullwidth non-hundred-percent-height-scrolling section\" style=\"--awb-border-radius-top-left:0px;--awb-border-radius-top-right:0px;--awb-border-radius-bottom-right:0px;--awb-border-radius-bottom-left:0px;--awb-flex-wrap:wrap;\" ><div class=\"fusion-builder-row fusion-row\"><div class=\"fusion-layout-column fusion_builder_column fusion-builder-column-1 fusion_builder_column_1_1 1_1 fusion-one-full fusion-column-first fusion-column-last\" style=\"--awb-bg-size:cover;\"><div class=\"fusion-column-wrapper fusion-flex-column-wrapper-legacy\"><div class=\"fusion-title title fusion-title-3 fusion-sep-none fusion-title-text fusion-title-size-two\" style=\"--awb-margin-top-small:0px;--awb-margin-right-small:0px;--awb-margin-bottom-small:20px;--awb-margin-left-small:0px;\"><h2 class=\"fusion-title-heading title-heading-left\" style=\"margin:0;\">Haluatko tiet\u00e4\u00e4 lis\u00e4\u00e4?<\/h2><\/div>\n<div class=\"content-card-wrapper clearfix\">\n\t<div class=\"contact-card-alternate\">\n\t\t<div class=\"border\" style=\"background-image: url(\/wp-content\/uploads\/2017\/11\/candor_kemi_pattern.png);\"><\/div>\n\t\t<div class=\"contact-content\">\n\t\t\t<h4>Asiakaspalvelu \/ Customer Service<\/h4>\n\t\t\t<p><\/p>\n\t\t\t<p>+358(0)50 \u2013 331 1538<\/p>\n\t\t\t<p><\/p>\n\t\t\t<p>info@candor.fi<\/p>\n\t\t<\/div> <!-- End contact content -->\n\t<\/div> <!-- End contact card -->\n\t<a class=\"all-contacts\" href=\"https:\/\/candorsweden.com\/fi\/kontakta-oss\/\">\n\t\t<div class=\"contact-content\">\n\t\t\t<h4>Kaikki yhteystiedot<\/h4>\n\t\t\t<p>Etk\u00f6 l\u00f6yd\u00e4 etsim\u00e4\u00e4si henkil\u00f6\u00e4? Koko henkil\u00f6st\u00f6mme l\u00f6yd\u00e4t t\u00e4\u00e4lt\u00e4.<\/p>\n\t\t<\/div>\n\t<\/a> <!-- end all contacts -->\n<\/div> <!-- end content card wrapper --><div class=\"fusion-alignright\"><a class=\"fusion-button button-3d fusion-button-default-size button-default fusion-button-default button-1 fusion-button-default-span fusion-button-default-type small\" target=\"_self\" href=\"\/en\/contact-us\"><span class=\"fusion-button-text awb-button__text awb-button__text--default\">Muita yhteystietoja<\/span><\/a><\/div><div class=\"fusion-clearfix\"><\/div><\/div><\/div><div class=\"fusion-layout-column fusion_builder_column fusion-builder-column-2 fusion_builder_column_1_1 1_1 fusion-one-full fusion-column-first fusion-column-last\" style=\"--awb-bg-size:cover;\"><div class=\"fusion-column-wrapper fusion-flex-column-wrapper-legacy\"><div class=\"fusion-column-content-centered\"><div class=\"fusion-column-content\"><div class=\"fusion-title title fusion-title-4 fusion-sep-none fusion-title-text fusion-title-size-three\" style=\"--awb-margin-top-small:0px;--awb-margin-right-small:0px;--awb-margin-bottom-small:20px;--awb-margin-left-small:0px;\"><h3 class=\"fusion-title-heading title-heading-left\" style=\"margin:0;\">Tutustu markkina-alueisiimme<\/h3><\/div><\/div><\/div><div class=\"fusion-clearfix\"><\/div><\/div><\/div><div class=\"fusion-layout-column fusion_builder_column fusion-builder-column-3 fusion_builder_column_1_1 1_1 fusion-one-full fusion-column-first fusion-column-last\" style=\"--awb-bg-size:cover;\"><div class=\"fusion-column-wrapper fusion-flex-column-wrapper-legacy\"><div class=\"fusion-column-content-centered\"><div class=\"fusion-column-content\"><div>\n\t<a class=\"grid-item\" href=\"https:\/\/candorsweden.com\/fi\/kemialliset-prosessit\/\"><div class=\"grid-img\" style=\"background-image: url(https:\/\/candorsweden.com\/wp-content\/uploads\/2018\/02\/Labb-02-e1518094764497.jpg)\"><\/div><h4>Kemialliset prosessit<\/h4><\/a><a class=\"grid-item\" href=\"https:\/\/candorsweden.com\/fi\/metallit\/\"><div class=\"grid-img\" style=\"background-image: url(https:\/\/candorsweden.com\/wp-content\/uploads\/2018\/02\/Metaller-03-edit.jpg)\"><\/div><h4>Metallit<\/h4><\/a><a class=\"grid-item\" href=\"https:\/\/candorsweden.com\/fi\/laitteistot\/\"><div class=\"grid-img\" style=\"background-image: url(https:\/\/candorsweden.com\/wp-content\/uploads\/2017\/12\/Stainless-steel-ultrasonic-wire-cleaning-alt-2.jpg)\"><\/div><h4>Laitteistot<\/h4><\/a><\/div><\/div><\/div><div class=\"fusion-clearfix\"><\/div><\/div><\/div><\/div><\/div>\n<\/p>\n","protected":false},"excerpt":{"rendered":"","protected":false},"author":1,"featured_media":0,"parent":2480,"menu_order":0,"comment_status":"closed","ping_status":"closed","template":"templates\/child-page.php","meta":{"_acf_changed":false,"footnotes":""},"class_list":["post-2573","page","type-page","status-publish","hentry"],"acf":[],"yoast_head":"<!-- This site is optimized with the Yoast SEO plugin v27.3 - https:\/\/yoast.com\/product\/yoast-seo-wordpress\/ -->\n<title>Uusi prosessitekniikka \u2013 tutkimus ja kehitys I Candor Sweden AB<\/title>\n<meta name=\"description\" content=\"Candor vastaa koko ajan uusiin ja suuriin haasteisiin asiakkailtamme, mit\u00e4 tulee uuteen tekniikkaan, ymp\u00e4rist\u00f6vaatimuksiin, kest\u00e4v\u00e4\u00e4n kehitykseen ja teknisiin ominaisuuksiin. Keskittyminen uuden tekniikan kehitt\u00e4miseen on Candorille itsest\u00e4\u00e4n selv\u00e4\u00e4 ja luonnollinen osa toimintaa.\" \/>\n<meta name=\"robots\" content=\"index, follow, max-snippet:-1, max-image-preview:large, max-video-preview:-1\" \/>\n<link rel=\"canonical\" href=\"https:\/\/candorsweden.com\/fi\/kemialliset-prosessit\/tutkimus-ja-kehitys\/\" \/>\n<meta property=\"og:locale\" content=\"fi_FI\" \/>\n<meta property=\"og:type\" content=\"article\" \/>\n<meta property=\"og:title\" content=\"Uusi prosessitekniikka \u2013 tutkimus ja kehitys I Candor Sweden AB\" \/>\n<meta property=\"og:description\" content=\"Candor vastaa koko ajan uusiin ja suuriin haasteisiin asiakkailtamme, mit\u00e4 tulee uuteen tekniikkaan, ymp\u00e4rist\u00f6vaatimuksiin, kest\u00e4v\u00e4\u00e4n kehitykseen ja teknisiin ominaisuuksiin. Keskittyminen uuden tekniikan kehitt\u00e4miseen on Candorille itsest\u00e4\u00e4n selv\u00e4\u00e4 ja luonnollinen osa toimintaa.\" \/>\n<meta property=\"og:url\" content=\"https:\/\/candorsweden.com\/fi\/kemialliset-prosessit\/tutkimus-ja-kehitys\/\" \/>\n<meta property=\"og:site_name\" content=\"Candor Sweden\" \/>\n<meta property=\"article:modified_time\" content=\"2021-02-19T09:41:43+00:00\" \/>\n<meta name=\"twitter:card\" content=\"summary_large_image\" \/>\n<meta name=\"twitter:label1\" content=\"Arvioitu lukuaika\" \/>\n\t<meta name=\"twitter:data1\" content=\"2 minuuttia\" \/>\n<script type=\"application\/ld+json\" class=\"yoast-schema-graph\">{\"@context\":\"https:\\\/\\\/schema.org\",\"@graph\":[{\"@type\":\"WebPage\",\"@id\":\"https:\\\/\\\/candorsweden.com\\\/fi\\\/kemialliset-prosessit\\\/tutkimus-ja-kehitys\\\/\",\"url\":\"https:\\\/\\\/candorsweden.com\\\/fi\\\/kemialliset-prosessit\\\/tutkimus-ja-kehitys\\\/\",\"name\":\"Uusi prosessitekniikka \u2013 tutkimus ja kehitys I Candor Sweden AB\",\"isPartOf\":{\"@id\":\"https:\\\/\\\/candorsweden.com\\\/#website\"},\"datePublished\":\"2018-03-20T09:34:54+00:00\",\"dateModified\":\"2021-02-19T09:41:43+00:00\",\"description\":\"Candor vastaa koko ajan uusiin ja suuriin haasteisiin asiakkailtamme, mit\u00e4 tulee uuteen tekniikkaan, ymp\u00e4rist\u00f6vaatimuksiin, kest\u00e4v\u00e4\u00e4n kehitykseen ja teknisiin ominaisuuksiin. Keskittyminen uuden tekniikan kehitt\u00e4miseen on Candorille itsest\u00e4\u00e4n selv\u00e4\u00e4 ja luonnollinen osa toimintaa.\",\"breadcrumb\":{\"@id\":\"https:\\\/\\\/candorsweden.com\\\/fi\\\/kemialliset-prosessit\\\/tutkimus-ja-kehitys\\\/#breadcrumb\"},\"inLanguage\":\"fi\",\"potentialAction\":[{\"@type\":\"ReadAction\",\"target\":[\"https:\\\/\\\/candorsweden.com\\\/fi\\\/kemialliset-prosessit\\\/tutkimus-ja-kehitys\\\/\"]}]},{\"@type\":\"BreadcrumbList\",\"@id\":\"https:\\\/\\\/candorsweden.com\\\/fi\\\/kemialliset-prosessit\\\/tutkimus-ja-kehitys\\\/#breadcrumb\",\"itemListElement\":[{\"@type\":\"ListItem\",\"position\":1,\"name\":\"Hem\",\"item\":\"https:\\\/\\\/candorsweden.com\\\/fi\\\/\"},{\"@type\":\"ListItem\",\"position\":2,\"name\":\"Kemialliset prosessit\",\"item\":\"https:\\\/\\\/candorsweden.com\\\/fi\\\/kemialliset-prosessit\\\/\"},{\"@type\":\"ListItem\",\"position\":3,\"name\":\"Tutkimus ja kehitys\"}]},{\"@type\":\"WebSite\",\"@id\":\"https:\\\/\\\/candorsweden.com\\\/#website\",\"url\":\"https:\\\/\\\/candorsweden.com\\\/\",\"name\":\"Candor Sweden\",\"description\":\"Chemical processes and equipment for surface treatment technology.\",\"potentialAction\":[{\"@type\":\"SearchAction\",\"target\":{\"@type\":\"EntryPoint\",\"urlTemplate\":\"https:\\\/\\\/candorsweden.com\\\/?s={search_term_string}\"},\"query-input\":{\"@type\":\"PropertyValueSpecification\",\"valueRequired\":true,\"valueName\":\"search_term_string\"}}],\"inLanguage\":\"fi\"}]}<\/script>\n<!-- \/ Yoast SEO plugin. -->","yoast_head_json":{"title":"Uusi prosessitekniikka \u2013 tutkimus ja kehitys I Candor Sweden AB","description":"Candor vastaa koko ajan uusiin ja suuriin haasteisiin asiakkailtamme, mit\u00e4 tulee uuteen tekniikkaan, ymp\u00e4rist\u00f6vaatimuksiin, kest\u00e4v\u00e4\u00e4n kehitykseen ja teknisiin ominaisuuksiin. Keskittyminen uuden tekniikan kehitt\u00e4miseen on Candorille itsest\u00e4\u00e4n selv\u00e4\u00e4 ja luonnollinen osa toimintaa.","robots":{"index":"index","follow":"follow","max-snippet":"max-snippet:-1","max-image-preview":"max-image-preview:large","max-video-preview":"max-video-preview:-1"},"canonical":"https:\/\/candorsweden.com\/fi\/kemialliset-prosessit\/tutkimus-ja-kehitys\/","og_locale":"fi_FI","og_type":"article","og_title":"Uusi prosessitekniikka \u2013 tutkimus ja kehitys I Candor Sweden AB","og_description":"Candor vastaa koko ajan uusiin ja suuriin haasteisiin asiakkailtamme, mit\u00e4 tulee uuteen tekniikkaan, ymp\u00e4rist\u00f6vaatimuksiin, kest\u00e4v\u00e4\u00e4n kehitykseen ja teknisiin ominaisuuksiin. Keskittyminen uuden tekniikan kehitt\u00e4miseen on Candorille itsest\u00e4\u00e4n selv\u00e4\u00e4 ja luonnollinen osa toimintaa.","og_url":"https:\/\/candorsweden.com\/fi\/kemialliset-prosessit\/tutkimus-ja-kehitys\/","og_site_name":"Candor Sweden","article_modified_time":"2021-02-19T09:41:43+00:00","twitter_card":"summary_large_image","twitter_misc":{"Arvioitu lukuaika":"2 minuuttia"},"schema":{"@context":"https:\/\/schema.org","@graph":[{"@type":"WebPage","@id":"https:\/\/candorsweden.com\/fi\/kemialliset-prosessit\/tutkimus-ja-kehitys\/","url":"https:\/\/candorsweden.com\/fi\/kemialliset-prosessit\/tutkimus-ja-kehitys\/","name":"Uusi prosessitekniikka \u2013 tutkimus ja kehitys I Candor Sweden AB","isPartOf":{"@id":"https:\/\/candorsweden.com\/#website"},"datePublished":"2018-03-20T09:34:54+00:00","dateModified":"2021-02-19T09:41:43+00:00","description":"Candor vastaa koko ajan uusiin ja suuriin haasteisiin asiakkailtamme, mit\u00e4 tulee uuteen tekniikkaan, ymp\u00e4rist\u00f6vaatimuksiin, kest\u00e4v\u00e4\u00e4n kehitykseen ja teknisiin ominaisuuksiin. Keskittyminen uuden tekniikan kehitt\u00e4miseen on Candorille itsest\u00e4\u00e4n selv\u00e4\u00e4 ja luonnollinen osa toimintaa.","breadcrumb":{"@id":"https:\/\/candorsweden.com\/fi\/kemialliset-prosessit\/tutkimus-ja-kehitys\/#breadcrumb"},"inLanguage":"fi","potentialAction":[{"@type":"ReadAction","target":["https:\/\/candorsweden.com\/fi\/kemialliset-prosessit\/tutkimus-ja-kehitys\/"]}]},{"@type":"BreadcrumbList","@id":"https:\/\/candorsweden.com\/fi\/kemialliset-prosessit\/tutkimus-ja-kehitys\/#breadcrumb","itemListElement":[{"@type":"ListItem","position":1,"name":"Hem","item":"https:\/\/candorsweden.com\/fi\/"},{"@type":"ListItem","position":2,"name":"Kemialliset prosessit","item":"https:\/\/candorsweden.com\/fi\/kemialliset-prosessit\/"},{"@type":"ListItem","position":3,"name":"Tutkimus ja kehitys"}]},{"@type":"WebSite","@id":"https:\/\/candorsweden.com\/#website","url":"https:\/\/candorsweden.com\/","name":"Candor Sweden","description":"Chemical processes and equipment for surface treatment technology.","potentialAction":[{"@type":"SearchAction","target":{"@type":"EntryPoint","urlTemplate":"https:\/\/candorsweden.com\/?s={search_term_string}"},"query-input":{"@type":"PropertyValueSpecification","valueRequired":true,"valueName":"search_term_string"}}],"inLanguage":"fi"}]}},"_links":{"self":[{"href":"https:\/\/candorsweden.com\/fi\/wp-json\/wp\/v2\/pages\/2573","targetHints":{"allow":["GET"]}}],"collection":[{"href":"https:\/\/candorsweden.com\/fi\/wp-json\/wp\/v2\/pages"}],"about":[{"href":"https:\/\/candorsweden.com\/fi\/wp-json\/wp\/v2\/types\/page"}],"author":[{"embeddable":true,"href":"https:\/\/candorsweden.com\/fi\/wp-json\/wp\/v2\/users\/1"}],"replies":[{"embeddable":true,"href":"https:\/\/candorsweden.com\/fi\/wp-json\/wp\/v2\/comments?post=2573"}],"version-history":[{"count":3,"href":"https:\/\/candorsweden.com\/fi\/wp-json\/wp\/v2\/pages\/2573\/revisions"}],"predecessor-version":[{"id":5266,"href":"https:\/\/candorsweden.com\/fi\/wp-json\/wp\/v2\/pages\/2573\/revisions\/5266"}],"up":[{"embeddable":true,"href":"https:\/\/candorsweden.com\/fi\/wp-json\/wp\/v2\/pages\/2480"}],"wp:attachment":[{"href":"https:\/\/candorsweden.com\/fi\/wp-json\/wp\/v2\/media?parent=2573"}],"curies":[{"name":"wp","href":"https:\/\/api.w.org\/{rel}","templated":true}]}}