{"id":2530,"date":"2018-03-20T10:03:18","date_gmt":"2018-03-20T09:03:18","guid":{"rendered":"https:\/\/candorsweden.com\/?page_id=2530"},"modified":"2021-02-19T10:36:51","modified_gmt":"2021-02-19T09:36:51","slug":"lamposinkitys","status":"publish","type":"page","link":"https:\/\/candorsweden.com\/fi\/kemialliset-prosessit\/lamposinkitys\/","title":{"rendered":"Kuumasinkitys"},"content":{"rendered":"<p><div class=\"fusion-fullwidth fullwidth-box fusion-builder-row-1 nonhundred-percent-fullwidth non-hundred-percent-height-scrolling underundersida-cont\" style=\"--awb-border-radius-top-left:0px;--awb-border-radius-top-right:0px;--awb-border-radius-bottom-right:0px;--awb-border-radius-bottom-left:0px;--awb-flex-wrap:wrap;\" ><div class=\"fusion-builder-row fusion-row\"><div class=\"fusion-layout-column fusion_builder_column fusion-builder-column-0 fusion_builder_column_1_1 1_1 fusion-one-full fusion-column-first fusion-column-last\" style=\"--awb-bg-size:cover;\"><div class=\"fusion-column-wrapper fusion-flex-column-wrapper-legacy\"><div class=\"fusion-title title fusion-title-1 fusion-sep-none fusion-title-text fusion-title-size-one\" style=\"--awb-margin-top-small:0px;--awb-margin-right-small:0px;--awb-margin-bottom-small:20px;--awb-margin-left-small:0px;\"><h1 class=\"fusion-title-heading title-heading-left\" style=\"margin:0;\">L\u00e4mp\u00f6sinkitys.<\/h1><\/div><div class=\"fusion-text fusion-text-1\"><p>L\u00e4mp\u00f6sinkitys on yleisimmin k\u00e4ytetty tapa suojata ter\u00e4sdetaljit ruosteelta. L\u00e4mp\u00f6sinkitys antaa kest\u00e4v\u00e4n suojan vaativissakin olosuhteissa. Sinkitys tapahtuu kastamalla.<\/p>\n<\/div><div class=\"fusion-text fusion-text-2\"><p>Candor tarjoaa kest\u00e4vi\u00e4 prosessiratkaisuja ja laajaa osaamista prosessi- ja laitetekniikan aloilla.<\/p>\n<\/div><div class=\"fusion-title title fusion-title-2 fusion-sep-none fusion-title-text fusion-title-size-two\" style=\"--awb-margin-top-small:0px;--awb-margin-right-small:0px;--awb-margin-bottom-small:20px;--awb-margin-left-small:0px;\"><h2 class=\"fusion-title-heading title-heading-left\" style=\"margin:0;\">Candorin kattava valikoima sis\u00e4lt\u00e4\u00e4:<\/h2><\/div><div class=\"fusion-text fusion-text-3\"><ul>\n<li>Rasvanpoiston<\/li>\n<li>Biologisen rasvanpoiston<\/li>\n<li>Peittauksen ja peittausaineet<\/li>\n<li>Fluksauksen<\/li>\n<li>Sulkupinnoitteet (Sealers)<\/li>\n<li>Raaka-aineet, kuten sinkkikloridi ja ammoniumkloridi<\/li>\n<\/ul>\n<\/div><div class=\"fusion-text fusion-text-4\"><p>Er\u00e4s Candorin erikoistuotteista on nestem\u00e4inen fluksaustiiviste, joka toimitetaan <strong>palautustankissa<\/strong>.<\/p>\n<\/div><div class=\"fusion-clearfix\"><\/div><\/div><\/div><\/div><\/div><div class=\"fusion-fullwidth fullwidth-box fusion-builder-row-2 nonhundred-percent-fullwidth non-hundred-percent-height-scrolling section\" style=\"--awb-border-radius-top-left:0px;--awb-border-radius-top-right:0px;--awb-border-radius-bottom-right:0px;--awb-border-radius-bottom-left:0px;--awb-flex-wrap:wrap;\" ><div class=\"fusion-builder-row fusion-row\"><div class=\"fusion-layout-column fusion_builder_column fusion-builder-column-1 fusion_builder_column_1_1 1_1 fusion-one-full fusion-column-first fusion-column-last\" style=\"--awb-bg-size:cover;\"><div class=\"fusion-column-wrapper fusion-flex-column-wrapper-legacy\"><div class=\"fusion-title title fusion-title-3 fusion-sep-none fusion-title-text fusion-title-size-two\" style=\"--awb-margin-top-small:0px;--awb-margin-right-small:0px;--awb-margin-bottom-small:20px;--awb-margin-left-small:0px;\"><h2 class=\"fusion-title-heading title-heading-left\" style=\"margin:0;\">Haluatko tiet\u00e4\u00e4 lis\u00e4\u00e4?<\/h2><\/div>\n<div class=\"content-card-wrapper clearfix\">\n\t<div class=\"contact-card-alternate\">\n\t\t<div class=\"border\" style=\"background-image: url(\/wp-content\/uploads\/2017\/11\/candor_kemi_pattern.png);\"><\/div>\n\t\t<div class=\"contact-content\">\n\t\t\t<h4>Asiakaspalvelu \/ Customer Service<\/h4>\n\t\t\t<p><\/p>\n\t\t\t<p>+358(0)50 \u2013 331 1538<\/p>\n\t\t\t<p><\/p>\n\t\t\t<p>info@candor.fi<\/p>\n\t\t<\/div> <!-- End contact content -->\n\t<\/div> <!-- End contact card -->\n\t<a class=\"all-contacts\" href=\"https:\/\/candorsweden.com\/fi\/kontakta-oss\/\">\n\t\t<div class=\"contact-content\">\n\t\t\t<h4>Kaikki yhteystiedot<\/h4>\n\t\t\t<p>Etk\u00f6 l\u00f6yd\u00e4 etsim\u00e4\u00e4si henkil\u00f6\u00e4? Koko henkil\u00f6st\u00f6mme l\u00f6yd\u00e4t t\u00e4\u00e4lt\u00e4.<\/p>\n\t\t<\/div>\n\t<\/a> <!-- end all contacts -->\n<\/div> <!-- end content card wrapper --><div class=\"fusion-alignright\"><a class=\"fusion-button button-3d fusion-button-default-size button-default fusion-button-default button-1 fusion-button-default-span fusion-button-default-type small\" target=\"_self\" href=\"\/en\/contact-us\"><span class=\"fusion-button-text awb-button__text awb-button__text--default\">Muita yhteystietoja<\/span><\/a><\/div><div class=\"fusion-clearfix\"><\/div><\/div><\/div><div class=\"fusion-layout-column fusion_builder_column fusion-builder-column-2 fusion_builder_column_1_1 1_1 fusion-one-full fusion-column-first fusion-column-last\" style=\"--awb-bg-size:cover;\"><div class=\"fusion-column-wrapper fusion-flex-column-wrapper-legacy\"><div class=\"fusion-column-content-centered\"><div class=\"fusion-column-content\"><div class=\"fusion-title title fusion-title-4 fusion-sep-none fusion-title-text fusion-title-size-three\" style=\"--awb-margin-top-small:0px;--awb-margin-right-small:0px;--awb-margin-bottom-small:20px;--awb-margin-left-small:0px;\"><h3 class=\"fusion-title-heading title-heading-left\" style=\"margin:0;\">Tutustu markkina-alueisiimme<\/h3><\/div><\/div><\/div><div class=\"fusion-clearfix\"><\/div><\/div><\/div><div class=\"fusion-layout-column fusion_builder_column fusion-builder-column-3 fusion_builder_column_1_1 1_1 fusion-one-full fusion-column-first fusion-column-last\" style=\"--awb-bg-size:cover;\"><div class=\"fusion-column-wrapper fusion-flex-column-wrapper-legacy\"><div class=\"fusion-column-content-centered\"><div class=\"fusion-column-content\"><div>\n\t<a class=\"grid-item\" href=\"https:\/\/candorsweden.com\/fi\/kemialliset-prosessit\/\"><div class=\"grid-img\" style=\"background-image: url(https:\/\/candorsweden.com\/wp-content\/uploads\/2018\/02\/Labb-02-e1518094764497.jpg)\"><\/div><h4>Kemialliset prosessit<\/h4><\/a><a class=\"grid-item\" href=\"https:\/\/candorsweden.com\/fi\/metallit\/\"><div class=\"grid-img\" style=\"background-image: url(https:\/\/candorsweden.com\/wp-content\/uploads\/2018\/02\/Metaller-03-edit.jpg)\"><\/div><h4>Metallit<\/h4><\/a><a class=\"grid-item\" href=\"https:\/\/candorsweden.com\/fi\/laitteistot\/\"><div class=\"grid-img\" style=\"background-image: url(https:\/\/candorsweden.com\/wp-content\/uploads\/2017\/12\/Stainless-steel-ultrasonic-wire-cleaning-alt-2.jpg)\"><\/div><h4>Laitteistot<\/h4><\/a><\/div><\/div><\/div><div class=\"fusion-clearfix\"><\/div><\/div><\/div><\/div><\/div>\n<\/p>\n","protected":false},"excerpt":{"rendered":"","protected":false},"author":1,"featured_media":0,"parent":2480,"menu_order":0,"comment_status":"closed","ping_status":"closed","template":"templates\/child-page.php","meta":{"_acf_changed":false,"footnotes":""},"class_list":["post-2530","page","type-page","status-publish","hentry"],"acf":[],"yoast_head":"<!-- This site is optimized with the Yoast SEO plugin v27.3 - https:\/\/yoast.com\/product\/yoast-seo-wordpress\/ -->\n<title>Kuumasinkitys \u2013 suojan takaamiseksi vaativissa ymp\u00e4rist\u00f6iss\u00e4 | Candor AB<\/title>\n<meta name=\"description\" content=\"Kuumasinkityst\u00e4 k\u00e4ytet\u00e4\u00e4n ter\u00e4skappaleiden suojaamiseen vaativissa ymp\u00e4rist\u00f6iss\u00e4. Candor tarjoaa pitk\u00e4aikaisia ja kest\u00e4vi\u00e4 prosessiratkaisuja yhdess\u00e4 prosessi- ja laitetekniikan kattavan osaamisen kanssa. Lis\u00e4tietoja tuoteohjelmasta on t\u00e4ss\u00e4 tai ota yhteys osoitteeseen jorgen.pettersson@candorsweden.com\" \/>\n<meta name=\"robots\" content=\"index, follow, max-snippet:-1, max-image-preview:large, max-video-preview:-1\" \/>\n<link rel=\"canonical\" href=\"https:\/\/candorsweden.com\/fi\/kemialliset-prosessit\/lamposinkitys\/\" \/>\n<meta property=\"og:locale\" content=\"fi_FI\" \/>\n<meta property=\"og:type\" content=\"article\" \/>\n<meta property=\"og:title\" content=\"Kuumasinkitys \u2013 suojan takaamiseksi vaativissa ymp\u00e4rist\u00f6iss\u00e4 | Candor AB\" \/>\n<meta property=\"og:description\" content=\"Kuumasinkityst\u00e4 k\u00e4ytet\u00e4\u00e4n ter\u00e4skappaleiden suojaamiseen vaativissa ymp\u00e4rist\u00f6iss\u00e4. Candor tarjoaa pitk\u00e4aikaisia ja kest\u00e4vi\u00e4 prosessiratkaisuja yhdess\u00e4 prosessi- ja laitetekniikan kattavan osaamisen kanssa. Lis\u00e4tietoja tuoteohjelmasta on t\u00e4ss\u00e4 tai ota yhteys osoitteeseen jorgen.pettersson@candorsweden.com\" \/>\n<meta property=\"og:url\" content=\"https:\/\/candorsweden.com\/fi\/kemialliset-prosessit\/lamposinkitys\/\" \/>\n<meta property=\"og:site_name\" content=\"Candor Sweden\" \/>\n<meta property=\"article:modified_time\" content=\"2021-02-19T09:36:51+00:00\" \/>\n<meta name=\"twitter:card\" content=\"summary_large_image\" \/>\n<meta name=\"twitter:label1\" content=\"Arvioitu lukuaika\" \/>\n\t<meta name=\"twitter:data1\" content=\"2 minuuttia\" \/>\n<script type=\"application\/ld+json\" class=\"yoast-schema-graph\">{\"@context\":\"https:\\\/\\\/schema.org\",\"@graph\":[{\"@type\":\"WebPage\",\"@id\":\"https:\\\/\\\/candorsweden.com\\\/fi\\\/kemialliset-prosessit\\\/lamposinkitys\\\/\",\"url\":\"https:\\\/\\\/candorsweden.com\\\/fi\\\/kemialliset-prosessit\\\/lamposinkitys\\\/\",\"name\":\"Kuumasinkitys \u2013 suojan takaamiseksi vaativissa ymp\u00e4rist\u00f6iss\u00e4 | Candor AB\",\"isPartOf\":{\"@id\":\"https:\\\/\\\/candorsweden.com\\\/#website\"},\"datePublished\":\"2018-03-20T09:03:18+00:00\",\"dateModified\":\"2021-02-19T09:36:51+00:00\",\"description\":\"Kuumasinkityst\u00e4 k\u00e4ytet\u00e4\u00e4n ter\u00e4skappaleiden suojaamiseen vaativissa ymp\u00e4rist\u00f6iss\u00e4. Candor tarjoaa pitk\u00e4aikaisia ja kest\u00e4vi\u00e4 prosessiratkaisuja yhdess\u00e4 prosessi- ja laitetekniikan kattavan osaamisen kanssa. Lis\u00e4tietoja tuoteohjelmasta on t\u00e4ss\u00e4 tai ota yhteys osoitteeseen jorgen.pettersson@candorsweden.com\",\"breadcrumb\":{\"@id\":\"https:\\\/\\\/candorsweden.com\\\/fi\\\/kemialliset-prosessit\\\/lamposinkitys\\\/#breadcrumb\"},\"inLanguage\":\"fi\",\"potentialAction\":[{\"@type\":\"ReadAction\",\"target\":[\"https:\\\/\\\/candorsweden.com\\\/fi\\\/kemialliset-prosessit\\\/lamposinkitys\\\/\"]}]},{\"@type\":\"BreadcrumbList\",\"@id\":\"https:\\\/\\\/candorsweden.com\\\/fi\\\/kemialliset-prosessit\\\/lamposinkitys\\\/#breadcrumb\",\"itemListElement\":[{\"@type\":\"ListItem\",\"position\":1,\"name\":\"Hem\",\"item\":\"https:\\\/\\\/candorsweden.com\\\/fi\\\/\"},{\"@type\":\"ListItem\",\"position\":2,\"name\":\"Kemialliset prosessit\",\"item\":\"https:\\\/\\\/candorsweden.com\\\/fi\\\/kemialliset-prosessit\\\/\"},{\"@type\":\"ListItem\",\"position\":3,\"name\":\"Kuumasinkitys\"}]},{\"@type\":\"WebSite\",\"@id\":\"https:\\\/\\\/candorsweden.com\\\/#website\",\"url\":\"https:\\\/\\\/candorsweden.com\\\/\",\"name\":\"Candor Sweden\",\"description\":\"Chemical processes and equipment for surface treatment technology.\",\"potentialAction\":[{\"@type\":\"SearchAction\",\"target\":{\"@type\":\"EntryPoint\",\"urlTemplate\":\"https:\\\/\\\/candorsweden.com\\\/?s={search_term_string}\"},\"query-input\":{\"@type\":\"PropertyValueSpecification\",\"valueRequired\":true,\"valueName\":\"search_term_string\"}}],\"inLanguage\":\"fi\"}]}<\/script>\n<!-- \/ Yoast SEO plugin. -->","yoast_head_json":{"title":"Kuumasinkitys \u2013 suojan takaamiseksi vaativissa ymp\u00e4rist\u00f6iss\u00e4 | Candor AB","description":"Kuumasinkityst\u00e4 k\u00e4ytet\u00e4\u00e4n ter\u00e4skappaleiden suojaamiseen vaativissa ymp\u00e4rist\u00f6iss\u00e4. Candor tarjoaa pitk\u00e4aikaisia ja kest\u00e4vi\u00e4 prosessiratkaisuja yhdess\u00e4 prosessi- ja laitetekniikan kattavan osaamisen kanssa. Lis\u00e4tietoja tuoteohjelmasta on t\u00e4ss\u00e4 tai ota yhteys osoitteeseen jorgen.pettersson@candorsweden.com","robots":{"index":"index","follow":"follow","max-snippet":"max-snippet:-1","max-image-preview":"max-image-preview:large","max-video-preview":"max-video-preview:-1"},"canonical":"https:\/\/candorsweden.com\/fi\/kemialliset-prosessit\/lamposinkitys\/","og_locale":"fi_FI","og_type":"article","og_title":"Kuumasinkitys \u2013 suojan takaamiseksi vaativissa ymp\u00e4rist\u00f6iss\u00e4 | Candor AB","og_description":"Kuumasinkityst\u00e4 k\u00e4ytet\u00e4\u00e4n ter\u00e4skappaleiden suojaamiseen vaativissa ymp\u00e4rist\u00f6iss\u00e4. Candor tarjoaa pitk\u00e4aikaisia ja kest\u00e4vi\u00e4 prosessiratkaisuja yhdess\u00e4 prosessi- ja laitetekniikan kattavan osaamisen kanssa. Lis\u00e4tietoja tuoteohjelmasta on t\u00e4ss\u00e4 tai ota yhteys osoitteeseen jorgen.pettersson@candorsweden.com","og_url":"https:\/\/candorsweden.com\/fi\/kemialliset-prosessit\/lamposinkitys\/","og_site_name":"Candor Sweden","article_modified_time":"2021-02-19T09:36:51+00:00","twitter_card":"summary_large_image","twitter_misc":{"Arvioitu lukuaika":"2 minuuttia"},"schema":{"@context":"https:\/\/schema.org","@graph":[{"@type":"WebPage","@id":"https:\/\/candorsweden.com\/fi\/kemialliset-prosessit\/lamposinkitys\/","url":"https:\/\/candorsweden.com\/fi\/kemialliset-prosessit\/lamposinkitys\/","name":"Kuumasinkitys \u2013 suojan takaamiseksi vaativissa ymp\u00e4rist\u00f6iss\u00e4 | Candor AB","isPartOf":{"@id":"https:\/\/candorsweden.com\/#website"},"datePublished":"2018-03-20T09:03:18+00:00","dateModified":"2021-02-19T09:36:51+00:00","description":"Kuumasinkityst\u00e4 k\u00e4ytet\u00e4\u00e4n ter\u00e4skappaleiden suojaamiseen vaativissa ymp\u00e4rist\u00f6iss\u00e4. Candor tarjoaa pitk\u00e4aikaisia ja kest\u00e4vi\u00e4 prosessiratkaisuja yhdess\u00e4 prosessi- ja laitetekniikan kattavan osaamisen kanssa. Lis\u00e4tietoja tuoteohjelmasta on t\u00e4ss\u00e4 tai ota yhteys osoitteeseen jorgen.pettersson@candorsweden.com","breadcrumb":{"@id":"https:\/\/candorsweden.com\/fi\/kemialliset-prosessit\/lamposinkitys\/#breadcrumb"},"inLanguage":"fi","potentialAction":[{"@type":"ReadAction","target":["https:\/\/candorsweden.com\/fi\/kemialliset-prosessit\/lamposinkitys\/"]}]},{"@type":"BreadcrumbList","@id":"https:\/\/candorsweden.com\/fi\/kemialliset-prosessit\/lamposinkitys\/#breadcrumb","itemListElement":[{"@type":"ListItem","position":1,"name":"Hem","item":"https:\/\/candorsweden.com\/fi\/"},{"@type":"ListItem","position":2,"name":"Kemialliset prosessit","item":"https:\/\/candorsweden.com\/fi\/kemialliset-prosessit\/"},{"@type":"ListItem","position":3,"name":"Kuumasinkitys"}]},{"@type":"WebSite","@id":"https:\/\/candorsweden.com\/#website","url":"https:\/\/candorsweden.com\/","name":"Candor Sweden","description":"Chemical processes and equipment for surface treatment technology.","potentialAction":[{"@type":"SearchAction","target":{"@type":"EntryPoint","urlTemplate":"https:\/\/candorsweden.com\/?s={search_term_string}"},"query-input":{"@type":"PropertyValueSpecification","valueRequired":true,"valueName":"search_term_string"}}],"inLanguage":"fi"}]}},"_links":{"self":[{"href":"https:\/\/candorsweden.com\/fi\/wp-json\/wp\/v2\/pages\/2530","targetHints":{"allow":["GET"]}}],"collection":[{"href":"https:\/\/candorsweden.com\/fi\/wp-json\/wp\/v2\/pages"}],"about":[{"href":"https:\/\/candorsweden.com\/fi\/wp-json\/wp\/v2\/types\/page"}],"author":[{"embeddable":true,"href":"https:\/\/candorsweden.com\/fi\/wp-json\/wp\/v2\/users\/1"}],"replies":[{"embeddable":true,"href":"https:\/\/candorsweden.com\/fi\/wp-json\/wp\/v2\/comments?post=2530"}],"version-history":[{"count":5,"href":"https:\/\/candorsweden.com\/fi\/wp-json\/wp\/v2\/pages\/2530\/revisions"}],"predecessor-version":[{"id":5251,"href":"https:\/\/candorsweden.com\/fi\/wp-json\/wp\/v2\/pages\/2530\/revisions\/5251"}],"up":[{"embeddable":true,"href":"https:\/\/candorsweden.com\/fi\/wp-json\/wp\/v2\/pages\/2480"}],"wp:attachment":[{"href":"https:\/\/candorsweden.com\/fi\/wp-json\/wp\/v2\/media?parent=2530"}],"curies":[{"name":"wp","href":"https:\/\/api.w.org\/{rel}","templated":true}]}}