{"id":2384,"date":"2018-03-19T16:23:32","date_gmt":"2018-03-19T15:23:32","guid":{"rendered":"https:\/\/candorsweden.com\/?page_id=2384"},"modified":"2021-02-23T13:31:21","modified_gmt":"2021-02-23T12:31:21","slug":"rumpu-ja-ripustuslinjat","status":"publish","type":"page","link":"https:\/\/candorsweden.com\/fi\/laitteistot\/rumpu-ja-ripustuslinjat\/","title":{"rendered":"Rumpu- ja ripustuslinjat"},"content":{"rendered":"<p><div class=\"fusion-fullwidth fullwidth-box fusion-builder-row-1 nonhundred-percent-fullwidth non-hundred-percent-height-scrolling underundersida-cont\" style=\"--awb-border-radius-top-left:0px;--awb-border-radius-top-right:0px;--awb-border-radius-bottom-right:0px;--awb-border-radius-bottom-left:0px;--awb-flex-wrap:wrap;\" ><div class=\"fusion-builder-row fusion-row\"><div class=\"fusion-layout-column fusion_builder_column fusion-builder-column-0 fusion_builder_column_1_1 1_1 fusion-one-full fusion-column-first fusion-column-last\" style=\"--awb-bg-size:cover;\"><div class=\"fusion-column-wrapper fusion-flex-column-wrapper-legacy\"><div class=\"fusion-title title fusion-title-1 fusion-sep-none fusion-title-text fusion-title-size-one\" style=\"--awb-margin-top-small:0px;--awb-margin-right-small:0px;--awb-margin-bottom-small:20px;--awb-margin-left-small:0px;\"><h1 class=\"fusion-title-heading title-heading-left\" style=\"margin:0;\">Rumpu- ja ripustuslinjat.<\/h1><\/div><div class=\"fusion-text fusion-text-1\"><p>Candor kehitt\u00e4\u00e4 ja valmistaa laitoksia ripustus- ja rumputavaroiden pintak\u00e4sittelyyn.<\/p>\n<\/div><div class=\"fusion-text fusion-text-2\"><p>Laitokset on varustettu pitk\u00e4lle kehitetyill\u00e4 ohjaus- ja valvontaj\u00e4rjestelmill\u00e4, automaattikuljettimilla ja CandoVENT-j\u00e4rjestelm\u00e4ll\u00e4. Kuljettimessa on automaattilukitus ja sis\u00e4\u00e4nrakennettu ilmastointi. Huuhtelu ja esik\u00e4sittely on kehitetty veden- ja kemikaalienkulutusta silm\u00e4ll\u00e4 pit\u00e4en.<\/p>\n<p>N\u00e4m\u00e4 laitokset voidaan p\u00e4\u00e4asiassa jakaa seuraaviin kategorioihin:<\/p>\n<\/div><div class=\"fusion-text fusion-text-3\"><ul>\n<li>Alumiinin anodisointi\/eloksointi<\/li>\n<li>Kova-anodisointi<\/li>\n<li>Peittaus<\/li>\n<li>Elektrolyyttinen pleterointi<\/li>\n<li>E-CLPS-pinnoitus<\/li>\n<li>Fosfatointi<\/li>\n<li>Elektrolyyttinen kiillotus<\/li>\n<li>Passivointi<\/li>\n<\/ul>\n<\/div><div class=\"accordian fusion-accordian image-toggle\" style=\"--awb-border-size:1px;--awb-icon-size:13px;--awb-content-font-size:16px;--awb-icon-alignment:left;--awb-hover-color:#f9f9f9;--awb-border-color:#cccccc;--awb-background-color:#ffffff;--awb-divider-color:#e0dede;--awb-divider-hover-color:#e0dede;--awb-icon-color:#fce123;--awb-title-color:#333333;--awb-content-color:#000000;--awb-icon-box-color:#ffffff;--awb-toggle-hover-accent-color:#304ffe;--awb-title-font-family:&quot;Poppins&quot;;--awb-title-font-weight:700;--awb-title-font-style:normal;--awb-title-font-size:16px;--awb-title-line-height:1.5;--awb-content-font-family:&quot;Inconsolata&quot;;--awb-content-font-style:normal;--awb-content-font-weight:400;\"><div class=\"panel-group fusion-toggle-icon-boxed\" id=\"accordion-2384-1\"><div class=\"fusion-panel panel-default panel-8d044a70f14781aae fusion-toggle-no-divider\"><div class=\"panel-heading\"><h4 class=\"panel-title toggle\" id=\"toggle_8d044a70f14781aae\"><a aria-expanded=\"false\" aria-controls=\"8d044a70f14781aae\" role=\"button\" data-toggle=\"collapse\" data-parent=\"#accordion-2384-1\" data-target=\"#8d044a70f14781aae\" href=\"#8d044a70f14781aae\"><span class=\"fusion-toggle-icon-wrapper\" aria-hidden=\"true\"><i class=\"fa-fusion-box active-icon awb-icon-minus\" aria-hidden=\"true\"><\/i><i class=\"fa-fusion-box inactive-icon awb-icon-plus\" aria-hidden=\"true\"><\/i><\/span><span class=\"fusion-toggle-heading\">Esimerkkikuvat<\/span><\/a><\/h4><\/div><div id=\"8d044a70f14781aae\" class=\"panel-collapse collapse \" aria-labelledby=\"toggle_8d044a70f14781aae\"><div class=\"panel-body toggle-content fusion-clearfix\"><div class=\"fusion-image-carousel fusion-image-carousel-auto fusion-image-carousel-1 lightbox-enabled\"><div class=\"awb-carousel awb-swiper awb-swiper-carousel awb-carousel--carousel awb-swiper-dots-position-bottom\" data-layout=\"carousel\" data-autoplay=\"no\" data-autoplayspeed=\"2500\" data-autoplaypause=\"no\" data-columns=\"1\" data-columnsmedium=\"1\" data-columnssmall=\"1\" data-itemmargin=\"0\" data-itemwidth=\"180\" data-touchscroll=\"no\" data-freemode=\"no\" data-imagesize=\"auto\" data-scrollitems=\"0\" data-centeredslides=\"no\" data-rotationangle=\"50\" data-depth=\"100\" data-speed=\"500\" data-shadow=\"no\" data-pagination=\"bullets\" style=\"--awb-columns:1;--awb-column-spacing:0px;\"><div class=\"swiper-wrapper awb-image-carousel-wrapper fusion-flex-align-items-center\"><div class=\"swiper-slide\"><div class=\"fusion-carousel-item-wrapper\"><div class=\"fusion-image-wrapper hover-type-zoomin\"><a data-rel=\"iLightbox[image_carousel_1]\" href=\"https:\/\/candorsweden.com\/wp-content\/uploads\/2017\/12\/Surface-treatment-line-Automatic-transporter-2.jpg\" target=\"_self\"><img decoding=\"async\" src=\"https:\/\/candorsweden.com\/wp-content\/uploads\/2017\/12\/Surface-treatment-line-Automatic-transporter-2.jpg\" alt=\"\"\/><\/a><\/div><\/div><\/div><div class=\"swiper-slide\"><div class=\"fusion-carousel-item-wrapper\"><div class=\"fusion-image-wrapper hover-type-zoomin\"><a data-rel=\"iLightbox[image_carousel_1]\" data-title=\"Surface-treatment-line\" aria-label=\"Surface-treatment-line\" href=\"https:\/\/candorsweden.com\/wp-content\/uploads\/2018\/01\/Surface-treatment-line.jpg\" target=\"_self\"><img decoding=\"async\" width=\"1000\" height=\"592\" src=\"https:\/\/candorsweden.com\/wp-content\/uploads\/2018\/01\/Surface-treatment-line.jpg\" class=\"attachment-full size-full\" alt=\"Bild p\u00e5 anl\u00e4ggning, Surface treatment line\" srcset=\"https:\/\/candorsweden.com\/wp-content\/uploads\/2018\/01\/Surface-treatment-line-200x118.jpg 200w, https:\/\/candorsweden.com\/wp-content\/uploads\/2018\/01\/Surface-treatment-line-300x178.jpg 300w, https:\/\/candorsweden.com\/wp-content\/uploads\/2018\/01\/Surface-treatment-line-400x237.jpg 400w, https:\/\/candorsweden.com\/wp-content\/uploads\/2018\/01\/Surface-treatment-line-600x355.jpg 600w, https:\/\/candorsweden.com\/wp-content\/uploads\/2018\/01\/Surface-treatment-line-768x455.jpg 768w, https:\/\/candorsweden.com\/wp-content\/uploads\/2018\/01\/Surface-treatment-line-800x474.jpg 800w, https:\/\/candorsweden.com\/wp-content\/uploads\/2018\/01\/Surface-treatment-line.jpg 1000w\" sizes=\"(max-width: 1000px) 100vw, 1000px\" \/><\/a><\/div><\/div><\/div><div class=\"swiper-slide\"><div class=\"fusion-carousel-item-wrapper\"><div class=\"fusion-image-wrapper hover-type-zoomin\"><a data-rel=\"iLightbox[image_carousel_1]\" data-title=\"Surface-treatment-line-Automatic-transporter\" aria-label=\"Surface-treatment-line-Automatic-transporter\" href=\"https:\/\/candorsweden.com\/wp-content\/uploads\/2018\/01\/Surface-treatment-line-Automatic-transporter.jpg\" target=\"_self\"><img decoding=\"async\" width=\"1000\" height=\"667\" src=\"https:\/\/candorsweden.com\/wp-content\/uploads\/2018\/01\/Surface-treatment-line-Automatic-transporter.jpg\" class=\"attachment-full size-full\" alt=\"Bild p\u00e5 anl\u00e4ggning, Surface treatment line automatic transporter\" srcset=\"https:\/\/candorsweden.com\/wp-content\/uploads\/2018\/01\/Surface-treatment-line-Automatic-transporter-200x133.jpg 200w, https:\/\/candorsweden.com\/wp-content\/uploads\/2018\/01\/Surface-treatment-line-Automatic-transporter-300x200.jpg 300w, https:\/\/candorsweden.com\/wp-content\/uploads\/2018\/01\/Surface-treatment-line-Automatic-transporter-400x267.jpg 400w, https:\/\/candorsweden.com\/wp-content\/uploads\/2018\/01\/Surface-treatment-line-Automatic-transporter-600x400.jpg 600w, https:\/\/candorsweden.com\/wp-content\/uploads\/2018\/01\/Surface-treatment-line-Automatic-transporter-768x512.jpg 768w, https:\/\/candorsweden.com\/wp-content\/uploads\/2018\/01\/Surface-treatment-line-Automatic-transporter-800x534.jpg 800w, https:\/\/candorsweden.com\/wp-content\/uploads\/2018\/01\/Surface-treatment-line-Automatic-transporter.jpg 1000w\" sizes=\"(max-width: 1000px) 100vw, 1000px\" \/><\/a><\/div><\/div><\/div><div class=\"swiper-slide\"><div class=\"fusion-carousel-item-wrapper\"><div class=\"fusion-image-wrapper hover-type-zoomin\"><a data-rel=\"iLightbox[image_carousel_1]\" data-title=\"Surface-treatment-line-Anodizing\" aria-label=\"Surface-treatment-line-Anodizing\" href=\"https:\/\/candorsweden.com\/wp-content\/uploads\/2018\/01\/Surface-treatment-line-Anodizing.jpg\" target=\"_self\"><img decoding=\"async\" width=\"1000\" height=\"453\" src=\"https:\/\/candorsweden.com\/wp-content\/uploads\/2018\/01\/Surface-treatment-line-Anodizing.jpg\" class=\"attachment-full size-full\" alt=\"Bild p\u00e5 anl\u00e4ggning, surface treatment line anodizing\" srcset=\"https:\/\/candorsweden.com\/wp-content\/uploads\/2018\/01\/Surface-treatment-line-Anodizing-200x91.jpg 200w, https:\/\/candorsweden.com\/wp-content\/uploads\/2018\/01\/Surface-treatment-line-Anodizing-300x136.jpg 300w, https:\/\/candorsweden.com\/wp-content\/uploads\/2018\/01\/Surface-treatment-line-Anodizing-400x181.jpg 400w, https:\/\/candorsweden.com\/wp-content\/uploads\/2018\/01\/Surface-treatment-line-Anodizing-600x272.jpg 600w, https:\/\/candorsweden.com\/wp-content\/uploads\/2018\/01\/Surface-treatment-line-Anodizing-768x348.jpg 768w, https:\/\/candorsweden.com\/wp-content\/uploads\/2018\/01\/Surface-treatment-line-Anodizing-800x362.jpg 800w, https:\/\/candorsweden.com\/wp-content\/uploads\/2018\/01\/Surface-treatment-line-Anodizing.jpg 1000w\" sizes=\"(max-width: 1000px) 100vw, 1000px\" \/><\/a><\/div><\/div><\/div><\/div><div class=\"awb-swiper-button awb-swiper-button-prev\"><i class=\"awb-icon-angle-left\" aria-hidden=\"true\"><\/i><\/div><div class=\"awb-swiper-button awb-swiper-button-next\"><i class=\"awb-icon-angle-right\" aria-hidden=\"true\"><\/i><\/div><\/div><\/div><\/div><\/div><\/div><\/div><\/div><div class=\"fusion-clearfix\"><\/div><\/div><\/div><\/div><\/div><div class=\"fusion-fullwidth fullwidth-box fusion-builder-row-2 nonhundred-percent-fullwidth non-hundred-percent-height-scrolling section\" style=\"--awb-border-radius-top-left:0px;--awb-border-radius-top-right:0px;--awb-border-radius-bottom-right:0px;--awb-border-radius-bottom-left:0px;--awb-flex-wrap:wrap;\" ><div class=\"fusion-builder-row fusion-row\"><div class=\"fusion-layout-column fusion_builder_column fusion-builder-column-1 fusion_builder_column_1_1 1_1 fusion-one-full fusion-column-first fusion-column-last\" style=\"--awb-bg-size:cover;\"><div class=\"fusion-column-wrapper fusion-flex-column-wrapper-legacy\"><div class=\"fusion-title title fusion-title-2 fusion-sep-none fusion-title-text fusion-title-size-two\" style=\"--awb-margin-top-small:0px;--awb-margin-right-small:0px;--awb-margin-bottom-small:20px;--awb-margin-left-small:0px;\"><h2 class=\"fusion-title-heading title-heading-left\" style=\"margin:0;\">Haluatko tiet\u00e4\u00e4 lis\u00e4\u00e4?<\/h2><\/div>\n<div class=\"content-card-wrapper clearfix\">\n\t<div class=\"contact-card-alternate\">\n\t\t<div class=\"border\" style=\"background-image: url(\/wp-content\/uploads\/2017\/11\/candor_kemi_pattern.png);\"><\/div>\n\t\t<div class=\"contact-content\">\n\t\t\t<h4>Asiakaspalvelu \/ Customer Service<\/h4>\n\t\t\t<p><\/p>\n\t\t\t<p>+358(0)50 \u2013 331 1538<\/p>\n\t\t\t<p><\/p>\n\t\t\t<p>info@candor.fi<\/p>\n\t\t<\/div> <!-- End contact content -->\n\t<\/div> <!-- End contact card -->\n\t<a class=\"all-contacts\" href=\"\/sv\/kontakta-oss\">\n\t\t<div class=\"contact-content\">\n\t\t\t<h4>Kaikki yhteystiedot<\/h4>\n\t\t\t<p>Etk\u00f6 l\u00f6yd\u00e4 etsim\u00e4\u00e4si henkil\u00f6\u00e4? Koko henkil\u00f6st\u00f6mme l\u00f6yd\u00e4t t\u00e4\u00e4lt\u00e4.<\/p>\n\t\t<\/div>\n\t<\/a> <!-- end all contacts -->\n<\/div> <!-- end content card wrapper --><div class=\"fusion-alignright\"><a class=\"fusion-button button-3d fusion-button-default-size button-default fusion-button-default button-1 fusion-button-default-span fusion-button-default-type small\" target=\"_self\" href=\"\/en\/contact-us\"><span class=\"fusion-button-text awb-button__text awb-button__text--default\">Muita yhteystietoja<\/span><\/a><\/div><div class=\"fusion-clearfix\"><\/div><\/div><\/div><div class=\"fusion-layout-column fusion_builder_column fusion-builder-column-2 fusion_builder_column_1_1 1_1 fusion-one-full fusion-column-first fusion-column-last\" style=\"--awb-bg-size:cover;\"><div class=\"fusion-column-wrapper fusion-flex-column-wrapper-legacy\"><div class=\"fusion-column-content-centered\"><div class=\"fusion-column-content\"><div class=\"fusion-title title fusion-title-3 fusion-sep-none fusion-title-text fusion-title-size-three\" style=\"--awb-margin-top-small:0px;--awb-margin-right-small:0px;--awb-margin-bottom-small:20px;--awb-margin-left-small:0px;\"><h3 class=\"fusion-title-heading title-heading-left\" style=\"margin:0;\">Tutustu markkina-alueisiimme<\/h3><\/div><\/div><\/div><div class=\"fusion-clearfix\"><\/div><\/div><\/div><div class=\"fusion-layout-column fusion_builder_column fusion-builder-column-3 fusion_builder_column_1_1 1_1 fusion-one-full fusion-column-first fusion-column-last\" style=\"--awb-bg-size:cover;\"><div class=\"fusion-column-wrapper fusion-flex-column-wrapper-legacy\"><div class=\"fusion-column-content-centered\"><div class=\"fusion-column-content\"><div>\n\t<a class=\"grid-item\" href=\"https:\/\/candorsweden.com\/fi\/kemialliset-prosessit\/\"><div class=\"grid-img\" style=\"background-image: url(https:\/\/candorsweden.com\/wp-content\/uploads\/2018\/02\/Labb-02-e1518094764497.jpg)\"><\/div><h4>Kemialliset prosessit<\/h4><\/a><a class=\"grid-item\" href=\"https:\/\/candorsweden.com\/fi\/metallit\/\"><div class=\"grid-img\" style=\"background-image: url(https:\/\/candorsweden.com\/wp-content\/uploads\/2018\/02\/Metaller-03-edit.jpg)\"><\/div><h4>Metallit<\/h4><\/a><a class=\"grid-item\" href=\"https:\/\/candorsweden.com\/fi\/laitteistot\/\"><div class=\"grid-img\" style=\"background-image: url(https:\/\/candorsweden.com\/wp-content\/uploads\/2017\/12\/Stainless-steel-ultrasonic-wire-cleaning-alt-2.jpg)\"><\/div><h4>Laitteistot<\/h4><\/a><\/div><\/div><\/div><div class=\"fusion-clearfix\"><\/div><\/div><\/div><\/div><\/div>\n<\/p>\n","protected":false},"excerpt":{"rendered":"","protected":false},"author":1,"featured_media":0,"parent":2324,"menu_order":1,"comment_status":"closed","ping_status":"closed","template":"templates\/child-page.php","meta":{"_acf_changed":false,"footnotes":""},"class_list":["post-2384","page","type-page","status-publish","hentry"],"acf":[],"yoast_head":"<!-- This site is optimized with the Yoast SEO plugin v27.3 - https:\/\/yoast.com\/product\/yoast-seo-wordpress\/ -->\n<title>Laitteistot \u2013 rummut ja riipputavarakuljettimet| Candor Sweden AB<\/title>\n<meta name=\"description\" content=\"Candor kehittelee ja valmistaa riiputtimiin ja rumpuihin kiinnitettyjen tavaroiden pintak\u00e4sittelylaitteistoja. Lis\u00e4tietoja laitteistoista on t\u00e4ss\u00e4, tai ota yhteys osoitteeseen john.lindh@candorsweden.com lis\u00e4tietojen saamiseksi.\" \/>\n<meta name=\"robots\" content=\"index, follow, max-snippet:-1, max-image-preview:large, max-video-preview:-1\" \/>\n<link rel=\"canonical\" href=\"https:\/\/candorsweden.com\/fi\/laitteistot\/rumpu-ja-ripustuslinjat\/\" \/>\n<meta property=\"og:locale\" content=\"fi_FI\" \/>\n<meta property=\"og:type\" content=\"article\" \/>\n<meta property=\"og:title\" content=\"Laitteistot \u2013 rummut ja riipputavarakuljettimet| Candor Sweden AB\" \/>\n<meta property=\"og:description\" content=\"Candor kehittelee ja valmistaa riiputtimiin ja rumpuihin kiinnitettyjen tavaroiden pintak\u00e4sittelylaitteistoja. Lis\u00e4tietoja laitteistoista on t\u00e4ss\u00e4, tai ota yhteys osoitteeseen john.lindh@candorsweden.com lis\u00e4tietojen saamiseksi.\" \/>\n<meta property=\"og:url\" content=\"https:\/\/candorsweden.com\/fi\/laitteistot\/rumpu-ja-ripustuslinjat\/\" \/>\n<meta property=\"og:site_name\" content=\"Candor Sweden\" \/>\n<meta property=\"article:modified_time\" content=\"2021-02-23T12:31:21+00:00\" \/>\n<meta name=\"twitter:card\" content=\"summary_large_image\" \/>\n<meta name=\"twitter:label1\" content=\"Arvioitu lukuaika\" \/>\n\t<meta name=\"twitter:data1\" content=\"2 minuuttia\" \/>\n<script type=\"application\/ld+json\" class=\"yoast-schema-graph\">{\"@context\":\"https:\\\/\\\/schema.org\",\"@graph\":[{\"@type\":\"WebPage\",\"@id\":\"https:\\\/\\\/candorsweden.com\\\/fi\\\/laitteistot\\\/rumpu-ja-ripustuslinjat\\\/\",\"url\":\"https:\\\/\\\/candorsweden.com\\\/fi\\\/laitteistot\\\/rumpu-ja-ripustuslinjat\\\/\",\"name\":\"Laitteistot \u2013 rummut ja riipputavarakuljettimet| Candor Sweden AB\",\"isPartOf\":{\"@id\":\"https:\\\/\\\/candorsweden.com\\\/#website\"},\"datePublished\":\"2018-03-19T15:23:32+00:00\",\"dateModified\":\"2021-02-23T12:31:21+00:00\",\"description\":\"Candor kehittelee ja valmistaa riiputtimiin ja rumpuihin kiinnitettyjen tavaroiden pintak\u00e4sittelylaitteistoja. Lis\u00e4tietoja laitteistoista on t\u00e4ss\u00e4, tai ota yhteys osoitteeseen john.lindh@candorsweden.com lis\u00e4tietojen saamiseksi.\",\"breadcrumb\":{\"@id\":\"https:\\\/\\\/candorsweden.com\\\/fi\\\/laitteistot\\\/rumpu-ja-ripustuslinjat\\\/#breadcrumb\"},\"inLanguage\":\"fi\",\"potentialAction\":[{\"@type\":\"ReadAction\",\"target\":[\"https:\\\/\\\/candorsweden.com\\\/fi\\\/laitteistot\\\/rumpu-ja-ripustuslinjat\\\/\"]}]},{\"@type\":\"BreadcrumbList\",\"@id\":\"https:\\\/\\\/candorsweden.com\\\/fi\\\/laitteistot\\\/rumpu-ja-ripustuslinjat\\\/#breadcrumb\",\"itemListElement\":[{\"@type\":\"ListItem\",\"position\":1,\"name\":\"Hem\",\"item\":\"https:\\\/\\\/candorsweden.com\\\/fi\\\/\"},{\"@type\":\"ListItem\",\"position\":2,\"name\":\"Laitteistot\",\"item\":\"https:\\\/\\\/candorsweden.com\\\/fi\\\/laitteistot\\\/\"},{\"@type\":\"ListItem\",\"position\":3,\"name\":\"Rumpu- ja ripustuslinjat\"}]},{\"@type\":\"WebSite\",\"@id\":\"https:\\\/\\\/candorsweden.com\\\/#website\",\"url\":\"https:\\\/\\\/candorsweden.com\\\/\",\"name\":\"Candor Sweden\",\"description\":\"Chemical processes and equipment for surface treatment technology.\",\"potentialAction\":[{\"@type\":\"SearchAction\",\"target\":{\"@type\":\"EntryPoint\",\"urlTemplate\":\"https:\\\/\\\/candorsweden.com\\\/?s={search_term_string}\"},\"query-input\":{\"@type\":\"PropertyValueSpecification\",\"valueRequired\":true,\"valueName\":\"search_term_string\"}}],\"inLanguage\":\"fi\"}]}<\/script>\n<!-- \/ Yoast SEO plugin. -->","yoast_head_json":{"title":"Laitteistot \u2013 rummut ja riipputavarakuljettimet| Candor Sweden AB","description":"Candor kehittelee ja valmistaa riiputtimiin ja rumpuihin kiinnitettyjen tavaroiden pintak\u00e4sittelylaitteistoja. Lis\u00e4tietoja laitteistoista on t\u00e4ss\u00e4, tai ota yhteys osoitteeseen john.lindh@candorsweden.com lis\u00e4tietojen saamiseksi.","robots":{"index":"index","follow":"follow","max-snippet":"max-snippet:-1","max-image-preview":"max-image-preview:large","max-video-preview":"max-video-preview:-1"},"canonical":"https:\/\/candorsweden.com\/fi\/laitteistot\/rumpu-ja-ripustuslinjat\/","og_locale":"fi_FI","og_type":"article","og_title":"Laitteistot \u2013 rummut ja riipputavarakuljettimet| Candor Sweden AB","og_description":"Candor kehittelee ja valmistaa riiputtimiin ja rumpuihin kiinnitettyjen tavaroiden pintak\u00e4sittelylaitteistoja. Lis\u00e4tietoja laitteistoista on t\u00e4ss\u00e4, tai ota yhteys osoitteeseen john.lindh@candorsweden.com lis\u00e4tietojen saamiseksi.","og_url":"https:\/\/candorsweden.com\/fi\/laitteistot\/rumpu-ja-ripustuslinjat\/","og_site_name":"Candor Sweden","article_modified_time":"2021-02-23T12:31:21+00:00","twitter_card":"summary_large_image","twitter_misc":{"Arvioitu lukuaika":"2 minuuttia"},"schema":{"@context":"https:\/\/schema.org","@graph":[{"@type":"WebPage","@id":"https:\/\/candorsweden.com\/fi\/laitteistot\/rumpu-ja-ripustuslinjat\/","url":"https:\/\/candorsweden.com\/fi\/laitteistot\/rumpu-ja-ripustuslinjat\/","name":"Laitteistot \u2013 rummut ja riipputavarakuljettimet| Candor Sweden AB","isPartOf":{"@id":"https:\/\/candorsweden.com\/#website"},"datePublished":"2018-03-19T15:23:32+00:00","dateModified":"2021-02-23T12:31:21+00:00","description":"Candor kehittelee ja valmistaa riiputtimiin ja rumpuihin kiinnitettyjen tavaroiden pintak\u00e4sittelylaitteistoja. Lis\u00e4tietoja laitteistoista on t\u00e4ss\u00e4, tai ota yhteys osoitteeseen john.lindh@candorsweden.com lis\u00e4tietojen saamiseksi.","breadcrumb":{"@id":"https:\/\/candorsweden.com\/fi\/laitteistot\/rumpu-ja-ripustuslinjat\/#breadcrumb"},"inLanguage":"fi","potentialAction":[{"@type":"ReadAction","target":["https:\/\/candorsweden.com\/fi\/laitteistot\/rumpu-ja-ripustuslinjat\/"]}]},{"@type":"BreadcrumbList","@id":"https:\/\/candorsweden.com\/fi\/laitteistot\/rumpu-ja-ripustuslinjat\/#breadcrumb","itemListElement":[{"@type":"ListItem","position":1,"name":"Hem","item":"https:\/\/candorsweden.com\/fi\/"},{"@type":"ListItem","position":2,"name":"Laitteistot","item":"https:\/\/candorsweden.com\/fi\/laitteistot\/"},{"@type":"ListItem","position":3,"name":"Rumpu- ja ripustuslinjat"}]},{"@type":"WebSite","@id":"https:\/\/candorsweden.com\/#website","url":"https:\/\/candorsweden.com\/","name":"Candor Sweden","description":"Chemical processes and equipment for surface treatment technology.","potentialAction":[{"@type":"SearchAction","target":{"@type":"EntryPoint","urlTemplate":"https:\/\/candorsweden.com\/?s={search_term_string}"},"query-input":{"@type":"PropertyValueSpecification","valueRequired":true,"valueName":"search_term_string"}}],"inLanguage":"fi"}]}},"_links":{"self":[{"href":"https:\/\/candorsweden.com\/fi\/wp-json\/wp\/v2\/pages\/2384","targetHints":{"allow":["GET"]}}],"collection":[{"href":"https:\/\/candorsweden.com\/fi\/wp-json\/wp\/v2\/pages"}],"about":[{"href":"https:\/\/candorsweden.com\/fi\/wp-json\/wp\/v2\/types\/page"}],"author":[{"embeddable":true,"href":"https:\/\/candorsweden.com\/fi\/wp-json\/wp\/v2\/users\/1"}],"replies":[{"embeddable":true,"href":"https:\/\/candorsweden.com\/fi\/wp-json\/wp\/v2\/comments?post=2384"}],"version-history":[{"count":5,"href":"https:\/\/candorsweden.com\/fi\/wp-json\/wp\/v2\/pages\/2384\/revisions"}],"predecessor-version":[{"id":5290,"href":"https:\/\/candorsweden.com\/fi\/wp-json\/wp\/v2\/pages\/2384\/revisions\/5290"}],"up":[{"embeddable":true,"href":"https:\/\/candorsweden.com\/fi\/wp-json\/wp\/v2\/pages\/2324"}],"wp:attachment":[{"href":"https:\/\/candorsweden.com\/fi\/wp-json\/wp\/v2\/media?parent=2384"}],"curies":[{"name":"wp","href":"https:\/\/api.w.org\/{rel}","templated":true}]}}