{"id":2351,"date":"2018-03-19T15:38:09","date_gmt":"2018-03-19T14:38:09","guid":{"rendered":"https:\/\/candorsweden.com\/?page_id=2351"},"modified":"2026-04-09T15:35:26","modified_gmt":"2026-04-09T13:35:26","slug":"etusivu","status":"publish","type":"page","link":"https:\/\/candorsweden.com\/fi\/","title":{"rendered":"Etusivu"},"content":{"rendered":"<p><div class=\"fusion-fullwidth fullwidth-box fusion-builder-row-1 nonhundred-percent-fullwidth non-hundred-percent-height-scrolling section start\" style=\"--awb-border-radius-top-left:0px;--awb-border-radius-top-right:0px;--awb-border-radius-bottom-right:0px;--awb-border-radius-bottom-left:0px;--awb-flex-wrap:wrap;\" ><div class=\"fusion-builder-row fusion-row\"><div class=\"fusion-layout-column fusion_builder_column fusion-builder-column-0 fusion_builder_column_1_2 1_2 fusion-one-half fusion-column-first\" style=\"--awb-bg-size:cover;width:50%;width:calc(50% - ( ( 4% ) * 0.5 ) );margin-right: 4%;\"><div class=\"fusion-column-wrapper fusion-flex-column-wrapper-legacy\"><div class=\"fusion-title title fusion-title-1 fusion-sep-none fusion-title-text fusion-title-size-one\" style=\"--awb-margin-top-small:0px;--awb-margin-right-small:0px;--awb-margin-bottom-small:20px;--awb-margin-left-small:0px;\"><h1 class=\"fusion-title-heading title-heading-left\" style=\"margin:0;\">Erikoiskemikaalit, metallit ja pintak\u00e4sittelylaitteet.<\/h1><\/div><div class=\"fusion-text fusion-text-1\"><p>Tervetuloa Candorin verkkosivuille! Toimitamme ja valmistamme erikoiskemikaaleja, metalleja ja pintak\u00e4sittelylaitteita pinnoitus-, konepaja- ja elektroniikkateollisuuden tarpeisiin.<\/p>\n<\/div><div class=\"fusion-button-wrapper\"><a class=\"fusion-button button-3d fusion-button-default-size button-default fusion-button-default button-1 fusion-button-default-span fusion-button-default-type\" target=\"_self\" href=\"https:\/\/candorsweden.com\/fi\/document\/candor-catalogue\/\"><span class=\"fusion-button-text awb-button__text awb-button__text--default\">Tuote- ja tietoluettelo<\/span><\/a><\/div><br><br><div class=\"fusion-button-wrapper\"><a class=\"fusion-button button-3d fusion-button-default-size button-default fusion-button-default button-2 fusion-button-default-span fusion-button-default-type\" target=\"_self\" href=\"https:\/\/candorsweden.com\/fi\/get-an-offer\/\"><span class=\"fusion-button-text awb-button__text awb-button__text--default\">Get an offer<\/span><\/a><\/div><div class=\"fusion-clearfix\"><\/div><\/div><\/div><div class=\"fusion-layout-column fusion_builder_column fusion-builder-column-1 fusion_builder_column_1_2 1_2 fusion-one-half fusion-column-last image-slider\" style=\"--awb-bg-size:cover;width:50%;width:calc(50% - ( ( 4% ) * 0.5 ) );\"><div class=\"fusion-column-wrapper fusion-flex-column-wrapper-legacy\">    <div id=\"slider\" class=\"flexslider hw_slider \">\n        <ul class=\"slides\">\n                            <li>\n                    <img decoding=\"async\" src=\"https:\/\/candorsweden.com\/wp-content\/uploads\/2018\/02\/Labb-02-e1518094764497.jpg\" alt=\"\" \/>\n                <\/li>\n                            <li>\n                    <img decoding=\"async\" src=\"https:\/\/candorsweden.com\/wp-content\/uploads\/2018\/02\/Metaller-03-edit.jpg\" alt=\"\" \/>\n                <\/li>\n                            <li>\n                    <img decoding=\"async\" src=\"https:\/\/candorsweden.com\/wp-content\/uploads\/2018\/01\/Surface-treatment-line-Anodizing.jpg\" alt=\"Bild p\u00e5 anl\u00e4ggning, surface treatment line anodizing\" \/>\n                <\/li>\n                            <li>\n                    <img decoding=\"async\" src=\"https:\/\/candorsweden.com\/wp-content\/uploads\/2018\/01\/COPPERJET-Welding-wire-copper-coating-High-speed.jpg\" alt=\"Bild p\u00e5 anl\u00e4ggning, Coppjet \u2013 welding wire copper coating high speed\" \/>\n                <\/li>\n                            <li>\n                    <img decoding=\"async\" src=\"https:\/\/candorsweden.com\/wp-content\/uploads\/2018\/01\/Galvanic-wire-plating-Ni-Cu-Zn-e1517844620841.jpg\" alt=\"Anl\u00e4ggning f\u00f6r pl\u00e4teringsliner Ag och Sn\" \/>\n                <\/li>\n                    <\/ul>\n    <\/div>\n <div class=\"fusion-clearfix\"><\/div><\/div><\/div><\/div><\/div><div class=\"fusion-fullwidth fullwidth-box fusion-builder-row-2 nonhundred-percent-fullwidth non-hundred-percent-height-scrolling fusion-equal-height-columns section\" style=\"--awb-border-radius-top-left:0px;--awb-border-radius-top-right:0px;--awb-border-radius-bottom-right:0px;--awb-border-radius-bottom-left:0px;--awb-flex-wrap:wrap;\" ><div class=\"fusion-builder-row fusion-row\"><div class=\"fusion-layout-column fusion_builder_column fusion-builder-column-2 fusion_builder_column_1_3 1_3 fusion-one-third fusion-column-first\" style=\"--awb-bg-size:cover;width:33.333333333333%;width:calc(33.333333333333% - ( ( 4% ) * 0.33333333333333 ) );margin-right: 4%;\"><div class=\"fusion-column-wrapper fusion-flex-column-wrapper-legacy\"><div class=\"fusion-column-content-centered\"><div class=\"fusion-column-content\"><div class=\"fusion-title title fusion-title-2 fusion-sep-none fusion-title-text fusion-title-size-two\" style=\"--awb-margin-top-small:0px;--awb-margin-right-small:0px;--awb-margin-bottom-small:20px;--awb-margin-left-small:0px;\"><h2 class=\"fusion-title-heading title-heading-left\" style=\"margin:0;\">Tutustu markkina-alueisiimme<\/h2><\/div><div class=\"fusion-text fusion-text-2\"><p>Candor kehitt\u00e4\u00e4 ja valmistaa laitoksia lankojen ja nauhojen pinnoitukseen, perinteisi\u00e4 upotusaltaita ja vedenpuhdistuslaitteita. Tutustu markkina-alueisiimme sivun oikean reunan linkeist\u00e4.<\/p>\n<\/div><\/div><\/div><div class=\"fusion-clearfix\"><\/div><\/div><\/div><div class=\"fusion-layout-column fusion_builder_column fusion-builder-column-3 fusion_builder_column_2_3 2_3 fusion-two-third fusion-column-last\" style=\"--awb-bg-size:cover;width:66.666666666667%;width:calc(66.666666666667% - ( ( 4% ) * 0.66666666666667 ) );\"><div class=\"fusion-column-wrapper fusion-flex-column-wrapper-legacy\"><div class=\"fusion-column-content-centered\"><div class=\"fusion-column-content\"><div>\n\t<a class=\"grid-item\" href=\"https:\/\/candorsweden.com\/fi\/kemialliset-prosessit\/\"><div class=\"grid-img\" style=\"background-image: url(https:\/\/candorsweden.com\/wp-content\/uploads\/2018\/02\/Labb-02-e1518094764497.jpg)\"><\/div><h4>Kemialliset prosessit<\/h4><\/a><a class=\"grid-item\" href=\"https:\/\/candorsweden.com\/fi\/metallit\/\"><div class=\"grid-img\" style=\"background-image: url(https:\/\/candorsweden.com\/wp-content\/uploads\/2018\/02\/Metaller-03-edit.jpg)\"><\/div><h4>Metallit<\/h4><\/a><a class=\"grid-item\" href=\"https:\/\/candorsweden.com\/fi\/laitteistot\/\"><div class=\"grid-img\" style=\"background-image: url(https:\/\/candorsweden.com\/wp-content\/uploads\/2017\/12\/Stainless-steel-ultrasonic-wire-cleaning-alt-2.jpg)\"><\/div><h4>Laitteistot<\/h4><\/a><\/div><\/div><\/div><div class=\"fusion-clearfix\"><\/div><\/div><\/div><\/div><\/div><div class=\"fusion-fullwidth fullwidth-box fusion-builder-row-3 fusion-parallax-none nonhundred-percent-fullwidth non-hundred-percent-height-scrolling section\" style=\"--awb-background-position:right center;--awb-border-radius-top-left:0px;--awb-border-radius-top-right:0px;--awb-border-radius-bottom-right:0px;--awb-border-radius-bottom-left:0px;--awb-background-image:url(&quot;https:\/\/candorsweden.com\/wp-content\/uploads\/2018\/02\/candor-map_582f888b4fb4e58e8348513fc99a2773.png&quot;);--awb-background-size:cover;--awb-flex-wrap:wrap;\" ><div class=\"fusion-builder-row fusion-row\"><div class=\"fusion-layout-column fusion_builder_column fusion-builder-column-4 fusion_builder_column_1_3 1_3 fusion-one-third fusion-column-first\" style=\"--awb-bg-size:cover;width:33.333333333333%;width:calc(33.333333333333% - ( ( 4% ) * 0.33333333333333 ) );margin-right: 4%;\"><div class=\"fusion-column-wrapper fusion-flex-column-wrapper-legacy\"><div class=\"fusion-title title fusion-title-3 fusion-sep-none fusion-title-text fusion-title-size-two\" style=\"--awb-margin-top-small:0px;--awb-margin-right-small:0px;--awb-margin-bottom-small:20px;--awb-margin-left-small:0px;\"><h2 class=\"fusion-title-heading title-heading-left\" style=\"margin:0;\">Candor Sweden<\/h2><\/div><div class=\"fusion-text fusion-text-3\"><p>Candor on yksityinen yritys, jonka tuotantotilat ja p\u00e4\u00e4konttori sijatsevat Norrk\u00f6pingiss\u00e4 Ruotsissa. Candorilla on tyt\u00e4ryhti\u00f6it\u00e4 kaikissa Pohjoismassa ja edustusta Euroopassa, Aasiassa ja USA:ssa.<\/p>\n<\/div><div class=\"fusion-clearfix\"><\/div><\/div><\/div><div class=\"fusion-layout-column fusion_builder_column fusion-builder-column-5 fusion_builder_column_2_3 2_3 fusion-two-third fusion-column-last\" style=\"--awb-bg-size:cover;width:66.666666666667%;width:calc(66.666666666667% - ( ( 4% ) * 0.66666666666667 ) );\"><div class=\"fusion-column-wrapper fusion-flex-column-wrapper-legacy\"><div class=\"fusion-clearfix\"><\/div><\/div><\/div><div class=\"fusion-layout-column fusion_builder_column fusion-builder-column-6 fusion_builder_column_2_3 2_3 fusion-two-third fusion-column-first\" style=\"--awb-bg-size:cover;width:66.666666666667%;width:calc(66.666666666667% - ( ( 4% ) * 0.66666666666667 ) );margin-right: 4%;\"><div class=\"fusion-column-wrapper fusion-flex-column-wrapper-legacy\"><div class=\"fusion-clearfix\"><\/div><\/div><\/div><\/div><\/div><div class=\"fusion-fullwidth fullwidth-box fusion-builder-row-4 nonhundred-percent-fullwidth non-hundred-percent-height-scrolling section\" style=\"--awb-border-radius-top-left:0px;--awb-border-radius-top-right:0px;--awb-border-radius-bottom-right:0px;--awb-border-radius-bottom-left:0px;--awb-flex-wrap:wrap;\" ><div class=\"fusion-builder-row fusion-row\"><div class=\"fusion-layout-column fusion_builder_column fusion-builder-column-7 fusion_builder_column_1_1 1_1 fusion-one-full fusion-column-first fusion-column-last\" style=\"--awb-bg-size:cover;--awb-margin-bottom:0px;\"><div class=\"fusion-column-wrapper fusion-flex-column-wrapper-legacy\"><div class=\"fusion-title title fusion-title-4 fusion-sep-none fusion-title-text fusion-title-size-two\" style=\"--awb-margin-top-small:0px;--awb-margin-right-small:0px;--awb-margin-bottom-small:20px;--awb-margin-left-small:0px;\"><h2 class=\"fusion-title-heading title-heading-left\" style=\"margin:0;\"><p>Asiakaspalvelu<br \/>\n&amp; -tuki<\/p><\/h2><\/div><div class=\"fusion-clearfix\"><\/div><\/div><\/div><div class=\"fusion-layout-column fusion_builder_column fusion-builder-column-8 fusion_builder_column_1_2 1_2 fusion-one-half fusion-column-first\" style=\"--awb-bg-size:cover;width:50%;width:calc(50% - ( ( 4% ) * 0.5 ) );margin-right: 4%;\"><div class=\"fusion-column-wrapper fusion-flex-column-wrapper-legacy\"><div class=\"fusion-text fusion-text-4\"><p>Tarvitsetko apua? Ota yhteytt\u00e4 asiakaspalveluumme,<br \/>\nniin k\u00e4sittelemme asiasi.<\/p>\n<\/div>\n<div class=\"content-card-wrapper clearfix\">\n\t<div class=\"contact-card-alternate\">\n\t\t<div class=\"border\" style=\"background-image: url(\/wp-content\/uploads\/2017\/11\/candor_kemi_pattern.png);\"><\/div>\n\t\t<div class=\"contact-content\">\n\t\t\t<h4>Asiakaspalvelu \/ Customer Service<\/h4>\n\t\t\t<p><\/p>\n\t\t\t<p>+358(0)50 \u2013 331 1538<\/p>\n\t\t\t<p><\/p>\n\t\t\t<p>info@candor.fi<\/p>\n\t\t<\/div> <!-- End contact content -->\n\t<\/div> <!-- End contact card -->\n\t<a class=\"all-contacts\" href=\"https:\/\/candorsweden.com\/fi\/kontakta-oss\/\">\n\t\t<div class=\"contact-content\">\n\t\t\t<h4>Kaikki yhteystiedot<\/h4>\n\t\t\t<p>Etk\u00f6 l\u00f6yd\u00e4 etsim\u00e4\u00e4si henkil\u00f6\u00e4? Koko henkil\u00f6st\u00f6mme l\u00f6yd\u00e4t t\u00e4\u00e4lt\u00e4.<\/p>\n\t\t<\/div>\n\t<\/a> <!-- end all contacts -->\n<\/div> <!-- end content card wrapper --><div class=\"fusion-clearfix\"><\/div><\/div><\/div><div class=\"fusion-layout-column fusion_builder_column fusion-builder-column-9 fusion_builder_column_1_2 1_2 fusion-one-half fusion-column-last\" style=\"--awb-bg-size:cover;width:50%;width:calc(50% - ( ( 4% ) * 0.5 ) );\"><div class=\"fusion-column-wrapper fusion-flex-column-wrapper-legacy\"><div class=\"fusion-sep-clear\"><\/div><div class=\"fusion-separator fusion-no-large-visibility fusion-full-width-sep\" style=\"margin-left: auto;margin-right: auto;margin-top:12px;width:100%;\"><div class=\"fusion-separator-border sep-double\" style=\"--awb-height:20px;--awb-amount:20px;border-color:#e0dede;border-top-width:0px;border-bottom-width:0px;\"><\/div><\/div><div class=\"fusion-sep-clear\"><\/div><div class=\"fusion-title title fusion-title-5 fusion-sep-none fusion-title-text fusion-title-size-three\" style=\"--awb-margin-top:26px;--awb-margin-top-small:0px;--awb-margin-right-small:0px;--awb-margin-bottom-small:20px;--awb-margin-left-small:0px;\"><h3 class=\"fusion-title-heading title-heading-left\" style=\"margin:0;\">Tietopankki<\/h3><\/div><a class=\"post-item\" href=\"https:\/\/candorsweden.com\/fi\/document\/wire-cleaning-pickling\/\"><span class=\"icon\"><span class=\"jam jam-info\"><\/span><\/span><span class=\"content\"><h4 class=\"post-title\">Wire Cleaning &#038; Pickling<\/h4><span class=\"name\">Julkaistu: 6.05.2024 | Tuotetiedot<\/span><\/span><span class=\"button\"><\/span><\/a><a class=\"post-item\" href=\"https:\/\/candorsweden.com\/fi\/document\/ultrasonic-single-multi-wire-cleaning\/\"><span class=\"icon\"><span class=\"jam jam-info\"><\/span><\/span><span class=\"content\"><h4 class=\"post-title\">Ultrasonic \u2013 Single &#038; Multi wire cleaning<\/h4><span class=\"name\">Julkaistu: 6.05.2024 | Tuotetiedot<\/span><\/span><span class=\"button\"><\/span><\/a><a class=\"post-item\" href=\"https:\/\/candorsweden.com\/fi\/document\/ag-ni-sn-and-zn-plating-of-copper-wire\/\"><span class=\"icon\"><span class=\"jam jam-info\"><\/span><\/span><span class=\"content\"><h4 class=\"post-title\">Ag, Ni, Sn and Zn plating of copper wire<\/h4><span class=\"name\">Julkaistu: 6.05.2024 | Tuotetiedot<\/span><\/span><span class=\"button\"><\/span><\/a><div class=\"fusion-alignright\"><a class=\"fusion-button button-3d fusion-button-default-size button-default fusion-button-default button-3 fusion-button-default-span fusion-button-default-type small\" target=\"_self\" href=\"https:\/\/candorsweden.com\/fi\/tietoa-candor\/tietopankki\/\"><span class=\"fusion-button-text awb-button__text awb-button__text--default\">Katso kaikki ladattava materiaali<\/span><\/a><\/div><div class=\"fusion-clearfix\"><\/div><\/div><\/div><\/div><\/div><\/p>\n","protected":false},"excerpt":{"rendered":"","protected":false},"author":1,"featured_media":0,"parent":0,"menu_order":0,"comment_status":"closed","ping_status":"closed","template":"100-width.php","meta":{"_acf_changed":false,"footnotes":""},"class_list":["post-2351","page","type-page","status-publish","hentry"],"acf":[],"yoast_head":"<!-- This site is optimized with the Yoast SEO plugin v27.3 - https:\/\/yoast.com\/product\/yoast-seo-wordpress\/ -->\n<title>Candor Sweden \u2013 Erikoiskemikaaleja, metalleja ja pintak\u00e4sittelylaitteita.<\/title>\n<meta name=\"description\" content=\"Candor valmistaa ja toimittaa erikoiskemikaaleja ja metalleja, sek\u00e4 kehittelee laitteistoja pintak\u00e4sittely-, verstas- ja elektroniikkateollisuudelle. Ota yhteys meihin jo t\u00e4n\u00e4\u00e4n!\" \/>\n<meta name=\"robots\" content=\"index, follow, max-snippet:-1, max-image-preview:large, max-video-preview:-1\" \/>\n<link rel=\"canonical\" href=\"https:\/\/candorsweden.com\/fi\/\" \/>\n<meta property=\"og:locale\" content=\"fi_FI\" \/>\n<meta property=\"og:type\" content=\"article\" \/>\n<meta property=\"og:title\" content=\"Candor Sweden \u2013 Erikoiskemikaaleja, metalleja ja pintak\u00e4sittelylaitteita.\" \/>\n<meta property=\"og:description\" content=\"Candor valmistaa ja toimittaa erikoiskemikaaleja ja metalleja, sek\u00e4 kehittelee laitteistoja pintak\u00e4sittely-, verstas- ja elektroniikkateollisuudelle. Ota yhteys meihin jo t\u00e4n\u00e4\u00e4n!\" \/>\n<meta property=\"og:url\" content=\"https:\/\/candorsweden.com\/fi\/\" \/>\n<meta property=\"og:site_name\" content=\"Candor Sweden\" \/>\n<meta property=\"article:modified_time\" content=\"2026-04-09T13:35:26+00:00\" \/>\n<meta name=\"twitter:card\" content=\"summary_large_image\" \/>\n<meta name=\"twitter:label1\" content=\"Arvioitu lukuaika\" \/>\n\t<meta name=\"twitter:data1\" content=\"2 minuuttia\" \/>\n<script type=\"application\/ld+json\" class=\"yoast-schema-graph\">{\"@context\":\"https:\\\/\\\/schema.org\",\"@graph\":[{\"@type\":\"WebPage\",\"@id\":\"https:\\\/\\\/candorsweden.com\\\/fi\\\/\",\"url\":\"https:\\\/\\\/candorsweden.com\\\/fi\\\/\",\"name\":\"Candor Sweden \u2013 Erikoiskemikaaleja, metalleja ja pintak\u00e4sittelylaitteita.\",\"isPartOf\":{\"@id\":\"https:\\\/\\\/candorsweden.com\\\/#website\"},\"datePublished\":\"2018-03-19T14:38:09+00:00\",\"dateModified\":\"2026-04-09T13:35:26+00:00\",\"description\":\"Candor valmistaa ja toimittaa erikoiskemikaaleja ja metalleja, sek\u00e4 kehittelee laitteistoja pintak\u00e4sittely-, verstas- ja elektroniikkateollisuudelle. Ota yhteys meihin jo t\u00e4n\u00e4\u00e4n!\",\"breadcrumb\":{\"@id\":\"https:\\\/\\\/candorsweden.com\\\/fi\\\/#breadcrumb\"},\"inLanguage\":\"fi\",\"potentialAction\":[{\"@type\":\"ReadAction\",\"target\":[\"https:\\\/\\\/candorsweden.com\\\/fi\\\/\"]}]},{\"@type\":\"BreadcrumbList\",\"@id\":\"https:\\\/\\\/candorsweden.com\\\/fi\\\/#breadcrumb\",\"itemListElement\":[{\"@type\":\"ListItem\",\"position\":1,\"name\":\"Hem\",\"item\":\"https:\\\/\\\/candorsweden.com\\\/fi\\\/\"},{\"@type\":\"ListItem\",\"position\":2,\"name\":\"Etusivu\"}]},{\"@type\":\"WebSite\",\"@id\":\"https:\\\/\\\/candorsweden.com\\\/#website\",\"url\":\"https:\\\/\\\/candorsweden.com\\\/\",\"name\":\"Candor Sweden\",\"description\":\"Chemical processes and equipment for surface treatment technology.\",\"potentialAction\":[{\"@type\":\"SearchAction\",\"target\":{\"@type\":\"EntryPoint\",\"urlTemplate\":\"https:\\\/\\\/candorsweden.com\\\/?s={search_term_string}\"},\"query-input\":{\"@type\":\"PropertyValueSpecification\",\"valueRequired\":true,\"valueName\":\"search_term_string\"}}],\"inLanguage\":\"fi\"}]}<\/script>\n<!-- \/ Yoast SEO plugin. -->","yoast_head_json":{"title":"Candor Sweden \u2013 Erikoiskemikaaleja, metalleja ja pintak\u00e4sittelylaitteita.","description":"Candor valmistaa ja toimittaa erikoiskemikaaleja ja metalleja, sek\u00e4 kehittelee laitteistoja pintak\u00e4sittely-, verstas- ja elektroniikkateollisuudelle. Ota yhteys meihin jo t\u00e4n\u00e4\u00e4n!","robots":{"index":"index","follow":"follow","max-snippet":"max-snippet:-1","max-image-preview":"max-image-preview:large","max-video-preview":"max-video-preview:-1"},"canonical":"https:\/\/candorsweden.com\/fi\/","og_locale":"fi_FI","og_type":"article","og_title":"Candor Sweden \u2013 Erikoiskemikaaleja, metalleja ja pintak\u00e4sittelylaitteita.","og_description":"Candor valmistaa ja toimittaa erikoiskemikaaleja ja metalleja, sek\u00e4 kehittelee laitteistoja pintak\u00e4sittely-, verstas- ja elektroniikkateollisuudelle. Ota yhteys meihin jo t\u00e4n\u00e4\u00e4n!","og_url":"https:\/\/candorsweden.com\/fi\/","og_site_name":"Candor Sweden","article_modified_time":"2026-04-09T13:35:26+00:00","twitter_card":"summary_large_image","twitter_misc":{"Arvioitu lukuaika":"2 minuuttia"},"schema":{"@context":"https:\/\/schema.org","@graph":[{"@type":"WebPage","@id":"https:\/\/candorsweden.com\/fi\/","url":"https:\/\/candorsweden.com\/fi\/","name":"Candor Sweden \u2013 Erikoiskemikaaleja, metalleja ja pintak\u00e4sittelylaitteita.","isPartOf":{"@id":"https:\/\/candorsweden.com\/#website"},"datePublished":"2018-03-19T14:38:09+00:00","dateModified":"2026-04-09T13:35:26+00:00","description":"Candor valmistaa ja toimittaa erikoiskemikaaleja ja metalleja, sek\u00e4 kehittelee laitteistoja pintak\u00e4sittely-, verstas- ja elektroniikkateollisuudelle. Ota yhteys meihin jo t\u00e4n\u00e4\u00e4n!","breadcrumb":{"@id":"https:\/\/candorsweden.com\/fi\/#breadcrumb"},"inLanguage":"fi","potentialAction":[{"@type":"ReadAction","target":["https:\/\/candorsweden.com\/fi\/"]}]},{"@type":"BreadcrumbList","@id":"https:\/\/candorsweden.com\/fi\/#breadcrumb","itemListElement":[{"@type":"ListItem","position":1,"name":"Hem","item":"https:\/\/candorsweden.com\/fi\/"},{"@type":"ListItem","position":2,"name":"Etusivu"}]},{"@type":"WebSite","@id":"https:\/\/candorsweden.com\/#website","url":"https:\/\/candorsweden.com\/","name":"Candor Sweden","description":"Chemical processes and equipment for surface treatment technology.","potentialAction":[{"@type":"SearchAction","target":{"@type":"EntryPoint","urlTemplate":"https:\/\/candorsweden.com\/?s={search_term_string}"},"query-input":{"@type":"PropertyValueSpecification","valueRequired":true,"valueName":"search_term_string"}}],"inLanguage":"fi"}]}},"_links":{"self":[{"href":"https:\/\/candorsweden.com\/fi\/wp-json\/wp\/v2\/pages\/2351","targetHints":{"allow":["GET"]}}],"collection":[{"href":"https:\/\/candorsweden.com\/fi\/wp-json\/wp\/v2\/pages"}],"about":[{"href":"https:\/\/candorsweden.com\/fi\/wp-json\/wp\/v2\/types\/page"}],"author":[{"embeddable":true,"href":"https:\/\/candorsweden.com\/fi\/wp-json\/wp\/v2\/users\/1"}],"replies":[{"embeddable":true,"href":"https:\/\/candorsweden.com\/fi\/wp-json\/wp\/v2\/comments?post=2351"}],"version-history":[{"count":14,"href":"https:\/\/candorsweden.com\/fi\/wp-json\/wp\/v2\/pages\/2351\/revisions"}],"predecessor-version":[{"id":5900,"href":"https:\/\/candorsweden.com\/fi\/wp-json\/wp\/v2\/pages\/2351\/revisions\/5900"}],"wp:attachment":[{"href":"https:\/\/candorsweden.com\/fi\/wp-json\/wp\/v2\/media?parent=2351"}],"curies":[{"name":"wp","href":"https:\/\/api.w.org\/{rel}","templated":true}]}}