{"id":1938,"date":"2018-03-16T11:31:45","date_gmt":"2018-03-16T10:31:45","guid":{"rendered":"https:\/\/candorsweden.com\/?page_id=1938"},"modified":"2018-04-16T09:46:08","modified_gmt":"2018-04-16T07:46:08","slug":"ledige-stillinger","status":"publish","type":"page","link":"https:\/\/candorsweden.com\/da\/om-candor\/ledige-stillinger\/","title":{"rendered":"Ledige stillinger"},"content":{"rendered":"<p><div class=\"fusion-fullwidth fullwidth-box fusion-builder-row-1 nonhundred-percent-fullwidth non-hundred-percent-height-scrolling\" style=\"--awb-border-radius-top-left:0px;--awb-border-radius-top-right:0px;--awb-border-radius-bottom-right:0px;--awb-border-radius-bottom-left:0px;--awb-flex-wrap:wrap;\" ><div class=\"fusion-builder-row fusion-row\"><div class=\"fusion-layout-column fusion_builder_column fusion-builder-column-0 fusion_builder_column_1_1 1_1 fusion-one-full fusion-column-first fusion-column-last\" style=\"--awb-bg-size:cover;--awb-margin-bottom:0px;\"><div class=\"fusion-column-wrapper fusion-flex-column-wrapper-legacy\"><div class=\"fusion-title title fusion-title-1 fusion-sep-none fusion-title-text fusion-title-size-one\" style=\"--awb-margin-bottom:20px;--awb-margin-top-small:0px;--awb-margin-right-small:0px;--awb-margin-bottom-small:20px;--awb-margin-left-small:0px;\"><h1 class=\"fusion-title-heading title-heading-left\" style=\"margin:0;\">Ledige stillinger.<\/h1><\/div><div class=\"fusion-clearfix\"><\/div><\/div><\/div><div class=\"fusion-layout-column fusion_builder_column fusion-builder-column-1 fusion_builder_column_1_1 1_1 fusion-one-full fusion-column-first fusion-column-last\" style=\"--awb-bg-size:cover;\"><div class=\"fusion-column-wrapper fusion-flex-column-wrapper-legacy\"><div class=\"fusion-clearfix\"><\/div><\/div><\/div><\/div><\/div><div class=\"fusion-fullwidth fullwidth-box fusion-builder-row-2 nonhundred-percent-fullwidth non-hundred-percent-height-scrolling\" style=\"--awb-border-radius-top-left:0px;--awb-border-radius-top-right:0px;--awb-border-radius-bottom-right:0px;--awb-border-radius-bottom-left:0px;--awb-flex-wrap:wrap;\" ><div class=\"fusion-builder-row fusion-row\"><div class=\"fusion-layout-column fusion_builder_column fusion-builder-column-2 fusion_builder_column_1_1 1_1 fusion-one-full fusion-column-first fusion-column-last\" style=\"--awb-bg-size:cover;\"><div class=\"fusion-column-wrapper fusion-flex-column-wrapper-legacy\"><div class=\"fusion-column-content-centered\"><div class=\"fusion-column-content\"><div class=\"fusion-title title fusion-title-2 fusion-sep-none fusion-title-text fusion-title-size-three\" style=\"--awb-margin-top-small:0px;--awb-margin-right-small:0px;--awb-margin-bottom-small:20px;--awb-margin-left-small:0px;\"><h3 class=\"fusion-title-heading title-heading-left\" style=\"margin:0;\">Se vores markedsomr\u00e5der<\/h3><\/div><div>\n\t<a class=\"grid-item\" href=\"https:\/\/candorsweden.com\/da\/kemiske-processer\/\"><div class=\"grid-img\" style=\"background-image: url(https:\/\/candorsweden.com\/wp-content\/uploads\/2018\/02\/Labb-02-e1518094764497.jpg)\"><\/div><h4>Kemiske processer<\/h4><\/a><a class=\"grid-item\" href=\"https:\/\/candorsweden.com\/da\/metaller\/\"><div class=\"grid-img\" style=\"background-image: url(https:\/\/candorsweden.com\/wp-content\/uploads\/2018\/02\/Metaller-03-edit.jpg)\"><\/div><h4>Metaller<\/h4><\/a><a class=\"grid-item\" href=\"https:\/\/candorsweden.com\/da\/anlaeg\/\"><div class=\"grid-img\" style=\"background-image: url(https:\/\/candorsweden.com\/wp-content\/uploads\/2018\/01\/Surface-treatment-line.jpg)\"><\/div><h4>Anl\u00e6g<\/h4><\/a><\/div><\/div><\/div><div class=\"fusion-clearfix\"><\/div><\/div><\/div><\/div><\/div><div class=\"fusion-fullwidth fullwidth-box fusion-builder-row-3 nonhundred-percent-fullwidth non-hundred-percent-height-scrolling\" style=\"--awb-border-radius-top-left:0px;--awb-border-radius-top-right:0px;--awb-border-radius-bottom-right:0px;--awb-border-radius-bottom-left:0px;--awb-flex-wrap:wrap;\" ><\/div><\/p>\n","protected":false},"excerpt":{"rendered":"","protected":false},"author":1,"featured_media":0,"parent":1926,"menu_order":0,"comment_status":"closed","ping_status":"closed","template":"templates\/child-page.php","meta":{"_acf_changed":false,"footnotes":""},"class_list":["post-1938","page","type-page","status-publish","hentry"],"acf":[],"yoast_head":"<!-- This site is optimized with the Yoast SEO plugin v27.3 - https:\/\/yoast.com\/product\/yoast-seo-wordpress\/ -->\n<title>Ledige stillinger \u2013 Jobmuligheder Candor | Candor Sweden AB<\/title>\n<meta name=\"description\" content=\"Vil du arbejde hos en f\u00f8rende leverand\u00f8rer af kemiske processer og udstyr til overfladebehandlingsindustrien? S\u00e5 s\u00f8g job hos os! Her kan du se de stillinger, der er ledige lige nu.\" \/>\n<meta name=\"robots\" content=\"index, follow, max-snippet:-1, max-image-preview:large, max-video-preview:-1\" \/>\n<link rel=\"canonical\" href=\"https:\/\/candorsweden.com\/da\/om-candor\/ledige-stillinger\/\" \/>\n<meta property=\"og:locale\" content=\"da_DK\" \/>\n<meta property=\"og:type\" content=\"article\" \/>\n<meta property=\"og:title\" content=\"Ledige stillinger \u2013 Jobmuligheder Candor | Candor Sweden AB\" \/>\n<meta property=\"og:description\" content=\"Vil du arbejde hos en f\u00f8rende leverand\u00f8rer af kemiske processer og udstyr til overfladebehandlingsindustrien? S\u00e5 s\u00f8g job hos os! Her kan du se de stillinger, der er ledige lige nu.\" \/>\n<meta property=\"og:url\" content=\"https:\/\/candorsweden.com\/da\/om-candor\/ledige-stillinger\/\" \/>\n<meta property=\"og:site_name\" content=\"Candor Sweden\" \/>\n<meta property=\"article:modified_time\" content=\"2018-04-16T07:46:08+00:00\" \/>\n<meta name=\"twitter:card\" content=\"summary_large_image\" \/>\n<meta name=\"twitter:label1\" content=\"Estimeret l\u00e6setid\" \/>\n\t<meta name=\"twitter:data1\" content=\"3 minutter\" \/>\n<script type=\"application\/ld+json\" class=\"yoast-schema-graph\">{\"@context\":\"https:\\\/\\\/schema.org\",\"@graph\":[{\"@type\":\"WebPage\",\"@id\":\"https:\\\/\\\/candorsweden.com\\\/da\\\/om-candor\\\/ledige-stillinger\\\/\",\"url\":\"https:\\\/\\\/candorsweden.com\\\/da\\\/om-candor\\\/ledige-stillinger\\\/\",\"name\":\"Ledige stillinger \u2013 Jobmuligheder Candor | Candor Sweden AB\",\"isPartOf\":{\"@id\":\"https:\\\/\\\/candorsweden.com\\\/#website\"},\"datePublished\":\"2018-03-16T10:31:45+00:00\",\"dateModified\":\"2018-04-16T07:46:08+00:00\",\"description\":\"Vil du arbejde hos en f\u00f8rende leverand\u00f8rer af kemiske processer og udstyr til overfladebehandlingsindustrien? S\u00e5 s\u00f8g job hos os! Her kan du se de stillinger, der er ledige lige nu.\",\"breadcrumb\":{\"@id\":\"https:\\\/\\\/candorsweden.com\\\/da\\\/om-candor\\\/ledige-stillinger\\\/#breadcrumb\"},\"inLanguage\":\"da-DK\",\"potentialAction\":[{\"@type\":\"ReadAction\",\"target\":[\"https:\\\/\\\/candorsweden.com\\\/da\\\/om-candor\\\/ledige-stillinger\\\/\"]}]},{\"@type\":\"BreadcrumbList\",\"@id\":\"https:\\\/\\\/candorsweden.com\\\/da\\\/om-candor\\\/ledige-stillinger\\\/#breadcrumb\",\"itemListElement\":[{\"@type\":\"ListItem\",\"position\":1,\"name\":\"Hem\",\"item\":\"https:\\\/\\\/candorsweden.com\\\/da\\\/\"},{\"@type\":\"ListItem\",\"position\":2,\"name\":\"Om Candor\",\"item\":\"https:\\\/\\\/candorsweden.com\\\/da\\\/om-candor\\\/\"},{\"@type\":\"ListItem\",\"position\":3,\"name\":\"Ledige stillinger\"}]},{\"@type\":\"WebSite\",\"@id\":\"https:\\\/\\\/candorsweden.com\\\/#website\",\"url\":\"https:\\\/\\\/candorsweden.com\\\/\",\"name\":\"Candor Sweden\",\"description\":\"Chemical processes and equipment for surface treatment technology.\",\"potentialAction\":[{\"@type\":\"SearchAction\",\"target\":{\"@type\":\"EntryPoint\",\"urlTemplate\":\"https:\\\/\\\/candorsweden.com\\\/?s={search_term_string}\"},\"query-input\":{\"@type\":\"PropertyValueSpecification\",\"valueRequired\":true,\"valueName\":\"search_term_string\"}}],\"inLanguage\":\"da-DK\"}]}<\/script>\n<!-- \/ Yoast SEO plugin. -->","yoast_head_json":{"title":"Ledige stillinger \u2013 Jobmuligheder Candor | Candor Sweden AB","description":"Vil du arbejde hos en f\u00f8rende leverand\u00f8rer af kemiske processer og udstyr til overfladebehandlingsindustrien? S\u00e5 s\u00f8g job hos os! Her kan du se de stillinger, der er ledige lige nu.","robots":{"index":"index","follow":"follow","max-snippet":"max-snippet:-1","max-image-preview":"max-image-preview:large","max-video-preview":"max-video-preview:-1"},"canonical":"https:\/\/candorsweden.com\/da\/om-candor\/ledige-stillinger\/","og_locale":"da_DK","og_type":"article","og_title":"Ledige stillinger \u2013 Jobmuligheder Candor | Candor Sweden AB","og_description":"Vil du arbejde hos en f\u00f8rende leverand\u00f8rer af kemiske processer og udstyr til overfladebehandlingsindustrien? S\u00e5 s\u00f8g job hos os! Her kan du se de stillinger, der er ledige lige nu.","og_url":"https:\/\/candorsweden.com\/da\/om-candor\/ledige-stillinger\/","og_site_name":"Candor Sweden","article_modified_time":"2018-04-16T07:46:08+00:00","twitter_card":"summary_large_image","twitter_misc":{"Estimeret l\u00e6setid":"3 minutter"},"schema":{"@context":"https:\/\/schema.org","@graph":[{"@type":"WebPage","@id":"https:\/\/candorsweden.com\/da\/om-candor\/ledige-stillinger\/","url":"https:\/\/candorsweden.com\/da\/om-candor\/ledige-stillinger\/","name":"Ledige stillinger \u2013 Jobmuligheder Candor | Candor Sweden AB","isPartOf":{"@id":"https:\/\/candorsweden.com\/#website"},"datePublished":"2018-03-16T10:31:45+00:00","dateModified":"2018-04-16T07:46:08+00:00","description":"Vil du arbejde hos en f\u00f8rende leverand\u00f8rer af kemiske processer og udstyr til overfladebehandlingsindustrien? S\u00e5 s\u00f8g job hos os! Her kan du se de stillinger, der er ledige lige nu.","breadcrumb":{"@id":"https:\/\/candorsweden.com\/da\/om-candor\/ledige-stillinger\/#breadcrumb"},"inLanguage":"da-DK","potentialAction":[{"@type":"ReadAction","target":["https:\/\/candorsweden.com\/da\/om-candor\/ledige-stillinger\/"]}]},{"@type":"BreadcrumbList","@id":"https:\/\/candorsweden.com\/da\/om-candor\/ledige-stillinger\/#breadcrumb","itemListElement":[{"@type":"ListItem","position":1,"name":"Hem","item":"https:\/\/candorsweden.com\/da\/"},{"@type":"ListItem","position":2,"name":"Om Candor","item":"https:\/\/candorsweden.com\/da\/om-candor\/"},{"@type":"ListItem","position":3,"name":"Ledige stillinger"}]},{"@type":"WebSite","@id":"https:\/\/candorsweden.com\/#website","url":"https:\/\/candorsweden.com\/","name":"Candor Sweden","description":"Chemical processes and equipment for surface treatment technology.","potentialAction":[{"@type":"SearchAction","target":{"@type":"EntryPoint","urlTemplate":"https:\/\/candorsweden.com\/?s={search_term_string}"},"query-input":{"@type":"PropertyValueSpecification","valueRequired":true,"valueName":"search_term_string"}}],"inLanguage":"da-DK"}]}},"_links":{"self":[{"href":"https:\/\/candorsweden.com\/da\/wp-json\/wp\/v2\/pages\/1938","targetHints":{"allow":["GET"]}}],"collection":[{"href":"https:\/\/candorsweden.com\/da\/wp-json\/wp\/v2\/pages"}],"about":[{"href":"https:\/\/candorsweden.com\/da\/wp-json\/wp\/v2\/types\/page"}],"author":[{"embeddable":true,"href":"https:\/\/candorsweden.com\/da\/wp-json\/wp\/v2\/users\/1"}],"replies":[{"embeddable":true,"href":"https:\/\/candorsweden.com\/da\/wp-json\/wp\/v2\/comments?post=1938"}],"version-history":[{"count":6,"href":"https:\/\/candorsweden.com\/da\/wp-json\/wp\/v2\/pages\/1938\/revisions"}],"predecessor-version":[{"id":2764,"href":"https:\/\/candorsweden.com\/da\/wp-json\/wp\/v2\/pages\/1938\/revisions\/2764"}],"up":[{"embeddable":true,"href":"https:\/\/candorsweden.com\/da\/wp-json\/wp\/v2\/pages\/1926"}],"wp:attachment":[{"href":"https:\/\/candorsweden.com\/da\/wp-json\/wp\/v2\/media?parent=1938"}],"curies":[{"name":"wp","href":"https:\/\/api.w.org\/{rel}","templated":true}]}}