{"id":1933,"date":"2018-03-16T11:29:21","date_gmt":"2018-03-16T10:29:21","guid":{"rendered":"https:\/\/candorsweden.com\/?page_id=1933"},"modified":"2018-11-16T11:17:42","modified_gmt":"2018-11-16T10:17:42","slug":"kvalitet-og-miljoe","status":"publish","type":"page","link":"https:\/\/candorsweden.com\/da\/om-candor\/kvalitet-og-miljoe\/","title":{"rendered":"Kvalitet og milj\u00f8"},"content":{"rendered":"<p><div class=\"fusion-fullwidth fullwidth-box fusion-builder-row-1 nonhundred-percent-fullwidth non-hundred-percent-height-scrolling\" style=\"--awb-border-radius-top-left:0px;--awb-border-radius-top-right:0px;--awb-border-radius-bottom-right:0px;--awb-border-radius-bottom-left:0px;--awb-flex-wrap:wrap;\" ><div class=\"fusion-builder-row fusion-row\"><div class=\"fusion-layout-column fusion_builder_column fusion-builder-column-0 fusion_builder_column_1_1 1_1 fusion-one-full fusion-column-first fusion-column-last\" style=\"--awb-bg-size:cover;\"><div class=\"fusion-column-wrapper fusion-flex-column-wrapper-legacy\"><div class=\"fusion-title title fusion-title-1 fusion-sep-none fusion-title-text fusion-title-size-one\" style=\"--awb-margin-top-small:0px;--awb-margin-right-small:0px;--awb-margin-bottom-small:20px;--awb-margin-left-small:0px;\"><h1 class=\"fusion-title-heading title-heading-left\" style=\"margin:0;\">Kvalitet og milj\u00f8.<\/h1><\/div><div class=\"fusion-text fusion-text-1\"><p>Det konstante arbejde med sp\u00f8rgsm\u00e5l og forbedringer, hvad ang\u00e5r kvalitet og milj\u00f8, er en naturlig del af arbejdet for os p\u00e5 CANDOR. Til sikring af et fremadstr\u00e6bende arbejde har vi oprettet et kontrolsystem med rutiner og instruktioner for, hvordan vi skal arbejde med disse sp\u00f8rgsm\u00e5l. I og med virksomhedens art h\u00e6nger sp\u00f8rgsm\u00e5lene ofte sammen og kan ikke altid adskilles. Derfor vi har valgt at samle alle rutiner i et integreret kontrolsystem.<\/p>\n<\/div><div class=\"fusion-text fusion-text-2\"><p>Vores kontrolsystemer opdateres l\u00f8bende efter behov\/forandringer og unders\u00f8ges j\u00e6vnligt dels via intern revision og dels via revision af certificeringsselskabet. I kontrolsystemet findes ogs\u00e5 vores politikker, og til opn\u00e5elsen af forbedringer arbejder vi mod m\u00e5l og handlingsplaner for de aktuelle sp\u00f8rgsm\u00e5l.<\/p>\n<\/div><div class=\"fusion-clearfix\"><\/div><\/div><\/div><\/div><\/div><div class=\"fusion-fullwidth fullwidth-box fusion-builder-row-2 nonhundred-percent-fullwidth non-hundred-percent-height-scrolling underundersida-cont\" style=\"--awb-border-radius-top-left:0px;--awb-border-radius-top-right:0px;--awb-border-radius-bottom-right:0px;--awb-border-radius-bottom-left:0px;--awb-flex-wrap:wrap;\" ><div class=\"fusion-builder-row fusion-row\"><div class=\"fusion-layout-column fusion_builder_column fusion-builder-column-1 fusion_builder_column_1_1 1_1 fusion-one-full fusion-column-first fusion-column-last\" style=\"--awb-bg-size:cover;\"><div class=\"fusion-column-wrapper fusion-flex-column-wrapper-legacy\"><div class=\"fusion-title title fusion-title-2 fusion-sep-none fusion-title-text fusion-title-size-two\" style=\"--awb-margin-top-small:0px;--awb-margin-right-small:0px;--awb-margin-bottom-small:20px;--awb-margin-left-small:0px;\"><h2 class=\"fusion-title-heading title-heading-left\" style=\"margin:0;\">Politikker<\/h2><\/div><a class=\"post-item\" href=\"https:\/\/candorsweden.com\/da\/document\/iso-14001\/\"><span class=\"icon\"><span class=\"jam jam-tree\"><\/span><\/span><span class=\"content\"><h4 class=\"post-title\">ISO 14001<\/h4><span class=\"name\">Publiceret: 24.01.2023 | Kvalitet og milj\u00f8<\/span><\/span><span class=\"button\"><\/span><\/a><a class=\"post-item\" href=\"https:\/\/candorsweden.com\/da\/document\/iso-9001-en\/\"><span class=\"icon\"><span class=\"jam jam-tree\"><\/span><\/span><span class=\"content\"><h4 class=\"post-title\">ISO 9001<\/h4><span class=\"name\">Publiceret: 24.01.2023 | Kvalitet og milj\u00f8<\/span><\/span><span class=\"button\"><\/span><\/a><a class=\"post-item\" href=\"https:\/\/candorsweden.com\/da\/document\/generel-info-om-reach-og-clp\/\"><span class=\"icon\"><span class=\"jam jam-tree\"><\/span><\/span><span class=\"content\"><h4 class=\"post-title\">Generel info om REACH og CLP<\/h4><span class=\"name\">Publiceret: 20.03.2018 | Kvalitet og milj\u00f8<\/span><\/span><span class=\"button\"><\/span><\/a><a class=\"post-item\" href=\"https:\/\/candorsweden.com\/da\/document\/overordnede-miljoemaal\/\"><span class=\"icon\"><span class=\"jam jam-tree\"><\/span><\/span><span class=\"content\"><h4 class=\"post-title\">Overordnede milj\u00f8m\u00e5l<\/h4><span class=\"name\">Publiceret: 14.02.2020 | Kvalitet og milj\u00f8<\/span><\/span><span class=\"button\"><\/span><\/a><a class=\"post-item\" href=\"https:\/\/candorsweden.com\/da\/document\/virksomhedspolitik\/\"><span class=\"icon\"><span class=\"jam jam-tree\"><\/span><\/span><span class=\"content\"><h4 class=\"post-title\">Virksomhedspolitik<\/h4><span class=\"name\">Publiceret: 14.02.2020 | Kvalitet og milj\u00f8<\/span><\/span><span class=\"button\"><\/span><\/a><div class=\"fusion-clearfix\"><\/div><\/div><\/div><\/div><\/div><div class=\"fusion-fullwidth fullwidth-box fusion-builder-row-3 nonhundred-percent-fullwidth non-hundred-percent-height-scrolling section\" style=\"--awb-border-radius-top-left:0px;--awb-border-radius-top-right:0px;--awb-border-radius-bottom-right:0px;--awb-border-radius-bottom-left:0px;--awb-flex-wrap:wrap;\" ><div class=\"fusion-builder-row fusion-row\"><div class=\"fusion-layout-column fusion_builder_column fusion-builder-column-2 fusion_builder_column_1_1 1_1 fusion-one-full fusion-column-first fusion-column-last\" style=\"--awb-bg-size:cover;\"><div class=\"fusion-column-wrapper fusion-flex-column-wrapper-legacy\"><div class=\"fusion-title title fusion-title-3 fusion-sep-none fusion-title-text fusion-title-size-two\" style=\"--awb-margin-top-small:0px;--awb-margin-right-small:0px;--awb-margin-bottom-small:20px;--awb-margin-left-small:0px;\"><h2 class=\"fusion-title-heading title-heading-left\" style=\"margin:0;\">Vil du vide mere?<\/h2><\/div>\n<div class=\"content-card-wrapper clearfix\">\n\t<div class=\"contact-card-alternate\">\n\t\t<div class=\"border\" style=\"background-image: url(\/wp-content\/uploads\/2017\/11\/candor_kemi_pattern.png);\"><\/div>\n\t\t<div class=\"contact-content\">\n\t\t\t<h4>Kundeservice<\/h4>\n\t\t\t<p><\/p>\n\t\t\t<p><\/p>\n\t\t\t<p>+45 70 25 15 33<\/p>\n\t\t\t<p>candor@candordenmark.dk <\/p>\n\t\t<\/div> <!-- End contact content -->\n\t<\/div> <!-- End contact card -->\n\t<a class=\"all-contacts\" href=\"https:\/\/candorsweden.com\/da\/kontakta-oss\/\">\n\t\t<div class=\"contact-content\">\n\t\t\t<h4>Alle kontakter<\/h4>\n\t\t\t<p>Leder du efter en anden? Se alt personalet her.<\/p>\n\t\t<\/div>\n\t<\/a> <!-- end all contacts -->\n<\/div> <!-- end content card wrapper --><div class=\"fusion-alignright\"><a class=\"fusion-button button-3d fusion-button-default-size button-default fusion-button-default button-1 fusion-button-default-span fusion-button-default-type small\" target=\"_self\" href=\"\/kontakt\"><span class=\"fusion-button-text awb-button__text awb-button__text--default\">Flere kontaktoplysninger<\/span><\/a><\/div><div class=\"fusion-clearfix\"><\/div><\/div><\/div><div class=\"fusion-layout-column fusion_builder_column fusion-builder-column-3 fusion_builder_column_1_1 1_1 fusion-one-full fusion-column-first fusion-column-last\" style=\"--awb-bg-size:cover;\"><div class=\"fusion-column-wrapper fusion-flex-column-wrapper-legacy\"><div class=\"fusion-column-content-centered\"><div class=\"fusion-column-content\"><div class=\"fusion-title title fusion-title-4 fusion-sep-none fusion-title-text fusion-title-size-three\" style=\"--awb-margin-top-small:0px;--awb-margin-right-small:0px;--awb-margin-bottom-small:20px;--awb-margin-left-small:0px;\"><h3 class=\"fusion-title-heading title-heading-left\" style=\"margin:0;\">Se vores markedsomr\u00e5der<\/h3><\/div><\/div><\/div><div class=\"fusion-clearfix\"><\/div><\/div><\/div><div class=\"fusion-layout-column fusion_builder_column fusion-builder-column-4 fusion_builder_column_1_1 1_1 fusion-one-full fusion-column-first fusion-column-last\" style=\"--awb-bg-size:cover;\"><div class=\"fusion-column-wrapper fusion-flex-column-wrapper-legacy\"><div class=\"fusion-column-content-centered\"><div class=\"fusion-column-content\"><div>\n\t<a class=\"grid-item\" href=\"https:\/\/candorsweden.com\/da\/kemiske-processer\/\"><div class=\"grid-img\" style=\"background-image: url(https:\/\/candorsweden.com\/wp-content\/uploads\/2018\/02\/Labb-02-e1518094764497.jpg)\"><\/div><h4>Kemiske processer<\/h4><\/a><a class=\"grid-item\" href=\"https:\/\/candorsweden.com\/da\/metaller\/\"><div class=\"grid-img\" style=\"background-image: url(https:\/\/candorsweden.com\/wp-content\/uploads\/2018\/02\/Metaller-03-edit.jpg)\"><\/div><h4>Metaller<\/h4><\/a><a class=\"grid-item\" href=\"https:\/\/candorsweden.com\/da\/anlaeg\/\"><div class=\"grid-img\" style=\"background-image: url(https:\/\/candorsweden.com\/wp-content\/uploads\/2018\/01\/Surface-treatment-line.jpg)\"><\/div><h4>Anl\u00e6g<\/h4><\/a><\/div><\/div><\/div><div class=\"fusion-clearfix\"><\/div><\/div><\/div><\/div><\/div>\n<\/p>\n","protected":false},"excerpt":{"rendered":"","protected":false},"author":1,"featured_media":0,"parent":1926,"menu_order":0,"comment_status":"closed","ping_status":"closed","template":"templates\/child-page.php","meta":{"_acf_changed":false,"footnotes":""},"class_list":["post-1933","page","type-page","status-publish","hentry"],"acf":[],"yoast_head":"<!-- This site is optimized with the Yoast SEO plugin v27.3 - https:\/\/yoast.com\/product\/yoast-seo-wordpress\/ -->\n<title>Kvalitet\/milj\u00f8 | Specialkemikalier, metaller og udstyr til overfladebehandling.<\/title>\n<meta name=\"description\" content=\"L\u00f8bende at arbejde med problemstillinger og forbedringer vedr\u00f8rende kvalitet og milj\u00f8 er en naturlig del af arbejdet hos Candor. Du kan l\u00e6se mere om, hvordan vi arbejder med kvalitet og milj\u00f8, samt l\u00e6se vores kodeksdokumenter, her.\" \/>\n<meta name=\"robots\" content=\"index, follow, max-snippet:-1, max-image-preview:large, max-video-preview:-1\" \/>\n<link rel=\"canonical\" href=\"https:\/\/candorsweden.com\/da\/om-candor\/kvalitet-og-miljoe\/\" \/>\n<meta property=\"og:locale\" content=\"da_DK\" \/>\n<meta property=\"og:type\" content=\"article\" \/>\n<meta property=\"og:title\" content=\"Kvalitet\/milj\u00f8 | Specialkemikalier, metaller og udstyr til overfladebehandling.\" \/>\n<meta property=\"og:description\" content=\"L\u00f8bende at arbejde med problemstillinger og forbedringer vedr\u00f8rende kvalitet og milj\u00f8 er en naturlig del af arbejdet hos Candor. Du kan l\u00e6se mere om, hvordan vi arbejder med kvalitet og milj\u00f8, samt l\u00e6se vores kodeksdokumenter, her.\" \/>\n<meta property=\"og:url\" content=\"https:\/\/candorsweden.com\/da\/om-candor\/kvalitet-og-miljoe\/\" \/>\n<meta property=\"og:site_name\" content=\"Candor Sweden\" \/>\n<meta property=\"article:modified_time\" content=\"2018-11-16T10:17:42+00:00\" \/>\n<meta name=\"twitter:card\" content=\"summary_large_image\" \/>\n<meta name=\"twitter:label1\" content=\"Estimeret l\u00e6setid\" \/>\n\t<meta name=\"twitter:data1\" content=\"3 minutter\" \/>\n<script type=\"application\/ld+json\" class=\"yoast-schema-graph\">{\"@context\":\"https:\\\/\\\/schema.org\",\"@graph\":[{\"@type\":\"WebPage\",\"@id\":\"https:\\\/\\\/candorsweden.com\\\/da\\\/om-candor\\\/kvalitet-og-miljoe\\\/\",\"url\":\"https:\\\/\\\/candorsweden.com\\\/da\\\/om-candor\\\/kvalitet-og-miljoe\\\/\",\"name\":\"Kvalitet\\\/milj\u00f8 | Specialkemikalier, metaller og udstyr til overfladebehandling.\",\"isPartOf\":{\"@id\":\"https:\\\/\\\/candorsweden.com\\\/#website\"},\"datePublished\":\"2018-03-16T10:29:21+00:00\",\"dateModified\":\"2018-11-16T10:17:42+00:00\",\"description\":\"L\u00f8bende at arbejde med problemstillinger og forbedringer vedr\u00f8rende kvalitet og milj\u00f8 er en naturlig del af arbejdet hos Candor. Du kan l\u00e6se mere om, hvordan vi arbejder med kvalitet og milj\u00f8, samt l\u00e6se vores kodeksdokumenter, her.\",\"breadcrumb\":{\"@id\":\"https:\\\/\\\/candorsweden.com\\\/da\\\/om-candor\\\/kvalitet-og-miljoe\\\/#breadcrumb\"},\"inLanguage\":\"da-DK\",\"potentialAction\":[{\"@type\":\"ReadAction\",\"target\":[\"https:\\\/\\\/candorsweden.com\\\/da\\\/om-candor\\\/kvalitet-og-miljoe\\\/\"]}]},{\"@type\":\"BreadcrumbList\",\"@id\":\"https:\\\/\\\/candorsweden.com\\\/da\\\/om-candor\\\/kvalitet-og-miljoe\\\/#breadcrumb\",\"itemListElement\":[{\"@type\":\"ListItem\",\"position\":1,\"name\":\"Hem\",\"item\":\"https:\\\/\\\/candorsweden.com\\\/da\\\/\"},{\"@type\":\"ListItem\",\"position\":2,\"name\":\"Om Candor\",\"item\":\"https:\\\/\\\/candorsweden.com\\\/da\\\/om-candor\\\/\"},{\"@type\":\"ListItem\",\"position\":3,\"name\":\"Kvalitet og milj\u00f8\"}]},{\"@type\":\"WebSite\",\"@id\":\"https:\\\/\\\/candorsweden.com\\\/#website\",\"url\":\"https:\\\/\\\/candorsweden.com\\\/\",\"name\":\"Candor Sweden\",\"description\":\"Chemical processes and equipment for surface treatment technology.\",\"potentialAction\":[{\"@type\":\"SearchAction\",\"target\":{\"@type\":\"EntryPoint\",\"urlTemplate\":\"https:\\\/\\\/candorsweden.com\\\/?s={search_term_string}\"},\"query-input\":{\"@type\":\"PropertyValueSpecification\",\"valueRequired\":true,\"valueName\":\"search_term_string\"}}],\"inLanguage\":\"da-DK\"}]}<\/script>\n<!-- \/ Yoast SEO plugin. -->","yoast_head_json":{"title":"Kvalitet\/milj\u00f8 | Specialkemikalier, metaller og udstyr til overfladebehandling.","description":"L\u00f8bende at arbejde med problemstillinger og forbedringer vedr\u00f8rende kvalitet og milj\u00f8 er en naturlig del af arbejdet hos Candor. Du kan l\u00e6se mere om, hvordan vi arbejder med kvalitet og milj\u00f8, samt l\u00e6se vores kodeksdokumenter, her.","robots":{"index":"index","follow":"follow","max-snippet":"max-snippet:-1","max-image-preview":"max-image-preview:large","max-video-preview":"max-video-preview:-1"},"canonical":"https:\/\/candorsweden.com\/da\/om-candor\/kvalitet-og-miljoe\/","og_locale":"da_DK","og_type":"article","og_title":"Kvalitet\/milj\u00f8 | Specialkemikalier, metaller og udstyr til overfladebehandling.","og_description":"L\u00f8bende at arbejde med problemstillinger og forbedringer vedr\u00f8rende kvalitet og milj\u00f8 er en naturlig del af arbejdet hos Candor. Du kan l\u00e6se mere om, hvordan vi arbejder med kvalitet og milj\u00f8, samt l\u00e6se vores kodeksdokumenter, her.","og_url":"https:\/\/candorsweden.com\/da\/om-candor\/kvalitet-og-miljoe\/","og_site_name":"Candor Sweden","article_modified_time":"2018-11-16T10:17:42+00:00","twitter_card":"summary_large_image","twitter_misc":{"Estimeret l\u00e6setid":"3 minutter"},"schema":{"@context":"https:\/\/schema.org","@graph":[{"@type":"WebPage","@id":"https:\/\/candorsweden.com\/da\/om-candor\/kvalitet-og-miljoe\/","url":"https:\/\/candorsweden.com\/da\/om-candor\/kvalitet-og-miljoe\/","name":"Kvalitet\/milj\u00f8 | Specialkemikalier, metaller og udstyr til overfladebehandling.","isPartOf":{"@id":"https:\/\/candorsweden.com\/#website"},"datePublished":"2018-03-16T10:29:21+00:00","dateModified":"2018-11-16T10:17:42+00:00","description":"L\u00f8bende at arbejde med problemstillinger og forbedringer vedr\u00f8rende kvalitet og milj\u00f8 er en naturlig del af arbejdet hos Candor. Du kan l\u00e6se mere om, hvordan vi arbejder med kvalitet og milj\u00f8, samt l\u00e6se vores kodeksdokumenter, her.","breadcrumb":{"@id":"https:\/\/candorsweden.com\/da\/om-candor\/kvalitet-og-miljoe\/#breadcrumb"},"inLanguage":"da-DK","potentialAction":[{"@type":"ReadAction","target":["https:\/\/candorsweden.com\/da\/om-candor\/kvalitet-og-miljoe\/"]}]},{"@type":"BreadcrumbList","@id":"https:\/\/candorsweden.com\/da\/om-candor\/kvalitet-og-miljoe\/#breadcrumb","itemListElement":[{"@type":"ListItem","position":1,"name":"Hem","item":"https:\/\/candorsweden.com\/da\/"},{"@type":"ListItem","position":2,"name":"Om Candor","item":"https:\/\/candorsweden.com\/da\/om-candor\/"},{"@type":"ListItem","position":3,"name":"Kvalitet og milj\u00f8"}]},{"@type":"WebSite","@id":"https:\/\/candorsweden.com\/#website","url":"https:\/\/candorsweden.com\/","name":"Candor Sweden","description":"Chemical processes and equipment for surface treatment technology.","potentialAction":[{"@type":"SearchAction","target":{"@type":"EntryPoint","urlTemplate":"https:\/\/candorsweden.com\/?s={search_term_string}"},"query-input":{"@type":"PropertyValueSpecification","valueRequired":true,"valueName":"search_term_string"}}],"inLanguage":"da-DK"}]}},"_links":{"self":[{"href":"https:\/\/candorsweden.com\/da\/wp-json\/wp\/v2\/pages\/1933","targetHints":{"allow":["GET"]}}],"collection":[{"href":"https:\/\/candorsweden.com\/da\/wp-json\/wp\/v2\/pages"}],"about":[{"href":"https:\/\/candorsweden.com\/da\/wp-json\/wp\/v2\/types\/page"}],"author":[{"embeddable":true,"href":"https:\/\/candorsweden.com\/da\/wp-json\/wp\/v2\/users\/1"}],"replies":[{"embeddable":true,"href":"https:\/\/candorsweden.com\/da\/wp-json\/wp\/v2\/comments?post=1933"}],"version-history":[{"count":5,"href":"https:\/\/candorsweden.com\/da\/wp-json\/wp\/v2\/pages\/1933\/revisions"}],"predecessor-version":[{"id":4855,"href":"https:\/\/candorsweden.com\/da\/wp-json\/wp\/v2\/pages\/1933\/revisions\/4855"}],"up":[{"embeddable":true,"href":"https:\/\/candorsweden.com\/da\/wp-json\/wp\/v2\/pages\/1926"}],"wp:attachment":[{"href":"https:\/\/candorsweden.com\/da\/wp-json\/wp\/v2\/media?parent=1933"}],"curies":[{"name":"wp","href":"https:\/\/api.w.org\/{rel}","templated":true}]}}