{"id":1926,"date":"2018-03-16T09:59:48","date_gmt":"2018-03-16T08:59:48","guid":{"rendered":"https:\/\/candorsweden.com\/?page_id=1926"},"modified":"2018-09-26T14:58:16","modified_gmt":"2018-09-26T12:58:16","slug":"om-candor","status":"publish","type":"page","link":"https:\/\/candorsweden.com\/da\/om-candor\/","title":{"rendered":"Om Candor"},"content":{"rendered":"<p><div class=\"fusion-fullwidth fullwidth-box fusion-builder-row-1 nonhundred-percent-fullwidth non-hundred-percent-height-scrolling\" style=\"--awb-border-radius-top-left:0px;--awb-border-radius-top-right:0px;--awb-border-radius-bottom-right:0px;--awb-border-radius-bottom-left:0px;--awb-flex-wrap:wrap;\" ><div class=\"fusion-builder-row fusion-row\"><div class=\"fusion-layout-column fusion_builder_column fusion-builder-column-0 fusion_builder_column_1_1 1_1 fusion-one-full fusion-column-first fusion-column-last\" style=\"--awb-bg-size:cover;\"><div class=\"fusion-column-wrapper fusion-flex-column-wrapper-legacy\"><div class=\"fusion-title title fusion-title-1 fusion-sep-none fusion-title-text fusion-title-size-one\" style=\"--awb-margin-top-small:0px;--awb-margin-right-small:0px;--awb-margin-bottom-small:20px;--awb-margin-left-small:0px;\"><h1 class=\"fusion-title-heading title-heading-left\" style=\"margin:0;\">Om Candor Sweden AB.<\/h1><\/div><div class=\"fusion-text fusion-text-1\"><p>Candor Sweden AB&#8217;s hovedkontor med produktion ligger i Norrk\u00f6ping.<br \/>\nVirksomheden har v\u00e6ret certificeret i henhold til ISO 9001 og ISO 14 0001 siden 1994.<\/p>\n<\/div><div class=\"fusion-clearfix\"><\/div><\/div><\/div><\/div><\/div><div class=\"fusion-fullwidth fullwidth-box fusion-builder-row-2 nonhundred-percent-fullwidth non-hundred-percent-height-scrolling\" style=\"--awb-border-radius-top-left:0px;--awb-border-radius-top-right:0px;--awb-border-radius-bottom-right:0px;--awb-border-radius-bottom-left:0px;--awb-flex-wrap:wrap;\" ><div class=\"fusion-builder-row fusion-row\"><div class=\"fusion-layout-column fusion_builder_column fusion-builder-column-1 fusion_builder_column_1_1 1_1 fusion-one-full fusion-column-first fusion-column-last\" style=\"--awb-bg-size:cover;\"><div class=\"fusion-column-wrapper fusion-flex-column-wrapper-legacy\"><div class=\"fusion-text fusion-text-2\"><p>Candor Sweden AB er en af de f\u00f8rende leverand\u00f8rer af kemiske processer og udstyr til overfladebehandling.<\/p>\n<p>Candor Group fremstiller og leverer specialkemikalier, metaller og udstyr til overfladebehandlings-, galvano- og elektronikindustrien. Candor udvikler og fremstiller anl\u00e6g til kontinuerlig overfladebehandling af tr\u00e5d og b\u00e5nd, konventionel overfladebehandling og vandrensning.<\/p>\n<p>Candor tilh\u00f8rer virksomhedsgruppen Lotorp AB og har sit hovedkvarter og sin produktion i Norrk\u00f6ping. Candor har datterselskaber i Skandinavien og agenter\/forhandlere i Europa, Asien og USA.<\/p>\n<\/div><div class=\"fusion-clearfix\"><\/div><\/div><\/div><\/div><\/div><div class=\"fusion-fullwidth fullwidth-box fusion-builder-row-3 nonhundred-percent-fullwidth non-hundred-percent-height-scrolling\" style=\"--awb-border-radius-top-left:0px;--awb-border-radius-top-right:0px;--awb-border-radius-bottom-right:0px;--awb-border-radius-bottom-left:0px;--awb-flex-wrap:wrap;\" ><div class=\"fusion-builder-row fusion-row\"><div class=\"fusion-layout-column fusion_builder_column fusion-builder-column-2 fusion_builder_column_1_1 1_1 fusion-one-full fusion-column-first fusion-column-last\" style=\"--awb-bg-size:cover;\"><div class=\"fusion-column-wrapper fusion-flex-column-wrapper-legacy\"><div class=\"fusion-title title fusion-title-2 fusion-sep-none fusion-title-text fusion-title-size-three\" style=\"--awb-margin-top-small:0px;--awb-margin-right-small:0px;--awb-margin-bottom-small:20px;--awb-margin-left-small:0px;\"><h3 class=\"fusion-title-heading title-heading-left\" style=\"margin:0;\">L\u00e6s mere<\/h3><\/div><a class=\"post-item\" href=\"https:\/\/candorsweden.com\/da\/om-candor\/datterselskaber\/\"><span class=\"icon\"><span class=\"jam jam-info\"><\/span><\/span><span class=\"content\"><h4 class=\"post-title\">Datterselskaber<\/h4><span class=\"name\">Om Candor<\/span><\/span><span class=\"button\"><\/span><\/a><a class=\"post-item\" href=\"https:\/\/candorsweden.com\/da\/om-candor\/nyheder\/\"><span class=\"icon\"><span class=\"jam jam-info\"><\/span><\/span><span class=\"content\"><h4 class=\"post-title\">Nyheder<\/h4><span class=\"name\">Om Candor<\/span><\/span><span class=\"button\"><\/span><\/a><a class=\"post-item\" href=\"https:\/\/candorsweden.com\/da\/om-candor\/kvalitet-og-miljoe\/\"><span class=\"icon\"><span class=\"jam jam-info\"><\/span><\/span><span class=\"content\"><h4 class=\"post-title\">Kvalitet og milj\u00f8<\/h4><span class=\"name\">Om Candor<\/span><\/span><span class=\"button\"><\/span><\/a><a class=\"post-item\" href=\"https:\/\/candorsweden.com\/da\/om-candor\/gdpr\/\"><span class=\"icon\"><span class=\"jam jam-info\"><\/span><\/span><span class=\"content\"><h4 class=\"post-title\">GDPR<\/h4><span class=\"name\">Om Candor<\/span><\/span><span class=\"button\"><\/span><\/a><a class=\"post-item\" href=\"https:\/\/candorsweden.com\/da\/om-candor\/vidensbank\/\"><span class=\"icon\"><span class=\"jam jam-info\"><\/span><\/span><span class=\"content\"><h4 class=\"post-title\">Vidensbank<\/h4><span class=\"name\">Om Candor<\/span><\/span><span class=\"button\"><\/span><\/a><a class=\"post-item\" href=\"https:\/\/candorsweden.com\/da\/om-candor\/ledige-stillinger\/\"><span class=\"icon\"><span class=\"jam jam-info\"><\/span><\/span><span class=\"content\"><h4 class=\"post-title\">Ledige stillinger<\/h4><span class=\"name\">Om Candor<\/span><\/span><span class=\"button\"><\/span><\/a><div class=\"fusion-clearfix\"><\/div><\/div><\/div><\/div><\/div><\/p>\n","protected":false},"excerpt":{"rendered":"","protected":false},"author":1,"featured_media":0,"parent":0,"menu_order":0,"comment_status":"closed","ping_status":"closed","template":"templates\/child-page.php","meta":{"_acf_changed":false,"footnotes":""},"class_list":["post-1926","page","type-page","status-publish","hentry"],"acf":[],"yoast_head":"<!-- This site is optimized with the Yoast SEO plugin v27.3 - https:\/\/yoast.com\/product\/yoast-seo-wordpress\/ -->\n<title>Candor \u2013 Producent og f\u00f8rende leverand\u00f8r inden for overfladebehandling<\/title>\n<meta name=\"description\" content=\"Candor fremstiller og leverer specialkemikalier, metaller og udstyr til overfladebehandlings-, maskin- og elektronikindustrien. L\u00e6s mere om Candor Sweden AB her.\" \/>\n<meta name=\"robots\" content=\"index, follow, max-snippet:-1, max-image-preview:large, max-video-preview:-1\" \/>\n<link rel=\"canonical\" href=\"https:\/\/candorsweden.com\/da\/om-candor\/\" \/>\n<meta property=\"og:locale\" content=\"da_DK\" \/>\n<meta property=\"og:type\" content=\"article\" \/>\n<meta property=\"og:title\" content=\"Candor \u2013 Producent og f\u00f8rende leverand\u00f8r inden for overfladebehandling\" \/>\n<meta property=\"og:description\" content=\"Candor fremstiller og leverer specialkemikalier, metaller og udstyr til overfladebehandlings-, maskin- og elektronikindustrien. L\u00e6s mere om Candor Sweden AB her.\" \/>\n<meta property=\"og:url\" content=\"https:\/\/candorsweden.com\/da\/om-candor\/\" \/>\n<meta property=\"og:site_name\" content=\"Candor Sweden\" \/>\n<meta property=\"article:modified_time\" content=\"2018-09-26T12:58:16+00:00\" \/>\n<meta name=\"twitter:card\" content=\"summary_large_image\" \/>\n<meta name=\"twitter:label1\" content=\"Estimeret l\u00e6setid\" \/>\n\t<meta name=\"twitter:data1\" content=\"4 minutter\" \/>\n<script type=\"application\/ld+json\" class=\"yoast-schema-graph\">{\"@context\":\"https:\\\/\\\/schema.org\",\"@graph\":[{\"@type\":\"WebPage\",\"@id\":\"https:\\\/\\\/candorsweden.com\\\/da\\\/om-candor\\\/\",\"url\":\"https:\\\/\\\/candorsweden.com\\\/da\\\/om-candor\\\/\",\"name\":\"Candor \u2013 Producent og f\u00f8rende leverand\u00f8r inden for overfladebehandling\",\"isPartOf\":{\"@id\":\"https:\\\/\\\/candorsweden.com\\\/#website\"},\"datePublished\":\"2018-03-16T08:59:48+00:00\",\"dateModified\":\"2018-09-26T12:58:16+00:00\",\"description\":\"Candor fremstiller og leverer specialkemikalier, metaller og udstyr til overfladebehandlings-, maskin- og elektronikindustrien. L\u00e6s mere om Candor Sweden AB her.\",\"breadcrumb\":{\"@id\":\"https:\\\/\\\/candorsweden.com\\\/da\\\/om-candor\\\/#breadcrumb\"},\"inLanguage\":\"da-DK\",\"potentialAction\":[{\"@type\":\"ReadAction\",\"target\":[\"https:\\\/\\\/candorsweden.com\\\/da\\\/om-candor\\\/\"]}]},{\"@type\":\"BreadcrumbList\",\"@id\":\"https:\\\/\\\/candorsweden.com\\\/da\\\/om-candor\\\/#breadcrumb\",\"itemListElement\":[{\"@type\":\"ListItem\",\"position\":1,\"name\":\"Hem\",\"item\":\"https:\\\/\\\/candorsweden.com\\\/da\\\/\"},{\"@type\":\"ListItem\",\"position\":2,\"name\":\"Om Candor\"}]},{\"@type\":\"WebSite\",\"@id\":\"https:\\\/\\\/candorsweden.com\\\/#website\",\"url\":\"https:\\\/\\\/candorsweden.com\\\/\",\"name\":\"Candor Sweden\",\"description\":\"Chemical processes and equipment for surface treatment technology.\",\"potentialAction\":[{\"@type\":\"SearchAction\",\"target\":{\"@type\":\"EntryPoint\",\"urlTemplate\":\"https:\\\/\\\/candorsweden.com\\\/?s={search_term_string}\"},\"query-input\":{\"@type\":\"PropertyValueSpecification\",\"valueRequired\":true,\"valueName\":\"search_term_string\"}}],\"inLanguage\":\"da-DK\"}]}<\/script>\n<!-- \/ Yoast SEO plugin. -->","yoast_head_json":{"title":"Candor \u2013 Producent og f\u00f8rende leverand\u00f8r inden for overfladebehandling","description":"Candor fremstiller og leverer specialkemikalier, metaller og udstyr til overfladebehandlings-, maskin- og elektronikindustrien. L\u00e6s mere om Candor Sweden AB her.","robots":{"index":"index","follow":"follow","max-snippet":"max-snippet:-1","max-image-preview":"max-image-preview:large","max-video-preview":"max-video-preview:-1"},"canonical":"https:\/\/candorsweden.com\/da\/om-candor\/","og_locale":"da_DK","og_type":"article","og_title":"Candor \u2013 Producent og f\u00f8rende leverand\u00f8r inden for overfladebehandling","og_description":"Candor fremstiller og leverer specialkemikalier, metaller og udstyr til overfladebehandlings-, maskin- og elektronikindustrien. L\u00e6s mere om Candor Sweden AB her.","og_url":"https:\/\/candorsweden.com\/da\/om-candor\/","og_site_name":"Candor Sweden","article_modified_time":"2018-09-26T12:58:16+00:00","twitter_card":"summary_large_image","twitter_misc":{"Estimeret l\u00e6setid":"4 minutter"},"schema":{"@context":"https:\/\/schema.org","@graph":[{"@type":"WebPage","@id":"https:\/\/candorsweden.com\/da\/om-candor\/","url":"https:\/\/candorsweden.com\/da\/om-candor\/","name":"Candor \u2013 Producent og f\u00f8rende leverand\u00f8r inden for overfladebehandling","isPartOf":{"@id":"https:\/\/candorsweden.com\/#website"},"datePublished":"2018-03-16T08:59:48+00:00","dateModified":"2018-09-26T12:58:16+00:00","description":"Candor fremstiller og leverer specialkemikalier, metaller og udstyr til overfladebehandlings-, maskin- og elektronikindustrien. L\u00e6s mere om Candor Sweden AB her.","breadcrumb":{"@id":"https:\/\/candorsweden.com\/da\/om-candor\/#breadcrumb"},"inLanguage":"da-DK","potentialAction":[{"@type":"ReadAction","target":["https:\/\/candorsweden.com\/da\/om-candor\/"]}]},{"@type":"BreadcrumbList","@id":"https:\/\/candorsweden.com\/da\/om-candor\/#breadcrumb","itemListElement":[{"@type":"ListItem","position":1,"name":"Hem","item":"https:\/\/candorsweden.com\/da\/"},{"@type":"ListItem","position":2,"name":"Om Candor"}]},{"@type":"WebSite","@id":"https:\/\/candorsweden.com\/#website","url":"https:\/\/candorsweden.com\/","name":"Candor Sweden","description":"Chemical processes and equipment for surface treatment technology.","potentialAction":[{"@type":"SearchAction","target":{"@type":"EntryPoint","urlTemplate":"https:\/\/candorsweden.com\/?s={search_term_string}"},"query-input":{"@type":"PropertyValueSpecification","valueRequired":true,"valueName":"search_term_string"}}],"inLanguage":"da-DK"}]}},"_links":{"self":[{"href":"https:\/\/candorsweden.com\/da\/wp-json\/wp\/v2\/pages\/1926","targetHints":{"allow":["GET"]}}],"collection":[{"href":"https:\/\/candorsweden.com\/da\/wp-json\/wp\/v2\/pages"}],"about":[{"href":"https:\/\/candorsweden.com\/da\/wp-json\/wp\/v2\/types\/page"}],"author":[{"embeddable":true,"href":"https:\/\/candorsweden.com\/da\/wp-json\/wp\/v2\/users\/1"}],"replies":[{"embeddable":true,"href":"https:\/\/candorsweden.com\/da\/wp-json\/wp\/v2\/comments?post=1926"}],"version-history":[{"count":6,"href":"https:\/\/candorsweden.com\/da\/wp-json\/wp\/v2\/pages\/1926\/revisions"}],"predecessor-version":[{"id":4755,"href":"https:\/\/candorsweden.com\/da\/wp-json\/wp\/v2\/pages\/1926\/revisions\/4755"}],"wp:attachment":[{"href":"https:\/\/candorsweden.com\/da\/wp-json\/wp\/v2\/media?parent=1926"}],"curies":[{"name":"wp","href":"https:\/\/api.w.org\/{rel}","templated":true}]}}