{"id":1887,"date":"2018-03-16T09:23:31","date_gmt":"2018-03-16T08:23:31","guid":{"rendered":"https:\/\/candorsweden.com\/?page_id=1887"},"modified":"2021-02-23T14:05:43","modified_gmt":"2021-02-23T13:05:43","slug":"anodisering","status":"publish","type":"page","link":"https:\/\/candorsweden.com\/da\/kemiske-processer\/anodisering\/","title":{"rendered":"Anodisering"},"content":{"rendered":"<p><div class=\"fusion-fullwidth fullwidth-box fusion-builder-row-1 underundersida-cont nonhundred-percent-fullwidth non-hundred-percent-height-scrolling\" style=\"--awb-border-radius-top-left:0px;--awb-border-radius-top-right:0px;--awb-border-radius-bottom-right:0px;--awb-border-radius-bottom-left:0px;--awb-flex-wrap:wrap;\" ><div class=\"fusion-builder-row fusion-row\"><div class=\"fusion-layout-column fusion_builder_column fusion-builder-column-0 fusion_builder_column_1_1 1_1 fusion-one-full fusion-column-first fusion-column-last\" style=\"--awb-bg-size:cover;\"><div class=\"fusion-column-wrapper fusion-flex-column-wrapper-legacy\"><div class=\"fusion-title title fusion-title-1 fusion-sep-none fusion-title-text fusion-title-size-one\"><h1 class=\"fusion-title-heading title-heading-left\" style=\"margin:0;\">Anodisering.<\/h1><\/div><div class=\"fusion-text fusion-text-1\"><p>Anodisering er en gammel og velafpr\u00f8vet teknik til forst\u00e6rkning af det naturlige oxidlag. For at give anodiseringslaget den rette nuance, h\u00e5rdhed, farve og slidstyrke kr\u00e6ves erfaring, teknisk kunnen og det rette produktvalg.<\/p>\n<\/div><div class=\"fusion-text fusion-text-2\"><p>Sammen med ALUFINISH tilbyder Candor et omfattende produktudvalg med h\u00f8j teknisk kunnen og stabile processer.<\/p>\n<\/div><div class=\"fusion-text fusion-text-3\"><ul>\n<li>Affedtning og deoxidering<\/li>\n<li>Bejdseadditiv<\/li>\n<li>Additiv til anodisering<\/li>\n<li>Sealingssadditiv kolde- og varmesystemer<\/li>\n<li>Elektrolytisk indfarvning<\/li>\n<li>Dyppeindfarvning<\/li>\n<\/ul>\n<\/div><div class=\"fusion-text fusion-text-4\"><p>Alufinish er medlem af QUALANOD, hvilket garanterer h\u00f8j kvalitet. Candor markedsf\u00f8rer og s\u00e6lger ogs\u00e5 alle farver til anodisering.<\/p>\n<\/div><div class=\"fusion-clearfix\"><\/div><\/div><\/div><\/div><\/div><div class=\"fusion-fullwidth fullwidth-box fusion-builder-row-2 section nonhundred-percent-fullwidth non-hundred-percent-height-scrolling\" style=\"--awb-border-radius-top-left:0px;--awb-border-radius-top-right:0px;--awb-border-radius-bottom-right:0px;--awb-border-radius-bottom-left:0px;--awb-flex-wrap:wrap;\" ><div class=\"fusion-builder-row fusion-row\"><div class=\"fusion-layout-column fusion_builder_column fusion-builder-column-1 fusion_builder_column_1_1 1_1 fusion-one-full fusion-column-first fusion-column-last\" style=\"--awb-bg-size:cover;\"><div class=\"fusion-column-wrapper fusion-flex-column-wrapper-legacy\"><div class=\"fusion-title title fusion-title-2 fusion-sep-none fusion-title-text fusion-title-size-two\"><h2 class=\"fusion-title-heading title-heading-left\" style=\"margin:0;\">Vil du vide mere?<\/h2><\/div>\n<div class=\"content-card-wrapper clearfix\">\n\t<div class=\"contact-card-alternate\">\n\t\t<div class=\"border\" style=\"background-image: url(\/wp-content\/uploads\/2017\/11\/candor_kemi_pattern.png);\"><\/div>\n\t\t<div class=\"contact-content\">\n\t\t\t<h4>Kundeservice<\/h4>\n\t\t\t<p><\/p>\n\t\t\t<p><\/p>\n\t\t\t<p>+45 70 25 15 33<\/p>\n\t\t\t<p>candor@candordenmark.dk <\/p>\n\t\t<\/div> <!-- End contact content -->\n\t<\/div> <!-- End contact card -->\n\t<a class=\"all-contacts\" href=\"\/sv\/kontakta-oss\">\n\t\t<div class=\"contact-content\">\n\t\t\t<h4>Alle kontakter<\/h4>\n\t\t\t<p>Leder du efter en anden? Se alt personalet her.<\/p>\n\t\t<\/div>\n\t<\/a> <!-- end all contacts -->\n<\/div> <!-- end content card wrapper --><div class=\"fusion-alignright\"><a class=\"fusion-button button-3d fusion-button-default-size button-default fusion-button-default button-1 fusion-button-default-span fusion-button-default-type small\" target=\"_self\" href=\"\/kontakt\"><span class=\"fusion-button-text awb-button__text awb-button__text--default\">Flere kontaktoplysninger<\/span><\/a><\/div><div class=\"fusion-clearfix\"><\/div><\/div><\/div><div class=\"fusion-layout-column fusion_builder_column fusion-builder-column-2 fusion_builder_column_1_1 1_1 fusion-one-full fusion-column-first fusion-column-last\" style=\"--awb-bg-size:cover;\"><div class=\"fusion-column-wrapper fusion-flex-column-wrapper-legacy\"><div class=\"fusion-column-content-centered\"><div class=\"fusion-column-content\"><div class=\"fusion-title title fusion-title-3 fusion-sep-none fusion-title-text fusion-title-size-three\"><h3 class=\"fusion-title-heading title-heading-left\" style=\"margin:0;\">Se vores markedsomr\u00e5der<\/h3><\/div><\/div><\/div><div class=\"fusion-clearfix\"><\/div><\/div><\/div><div class=\"fusion-layout-column fusion_builder_column fusion-builder-column-3 fusion_builder_column_1_1 1_1 fusion-one-full fusion-column-first fusion-column-last\" style=\"--awb-bg-size:cover;\"><div class=\"fusion-column-wrapper fusion-flex-column-wrapper-legacy\"><div class=\"fusion-column-content-centered\"><div class=\"fusion-column-content\"><div>\n\t<a class=\"grid-item\" href=\"https:\/\/candorsweden.com\/da\/kemiske-processer\/\"><div class=\"grid-img\" style=\"background-image: url(https:\/\/candorsweden.com\/wp-content\/uploads\/2018\/02\/Labb-02-e1518094764497.jpg)\"><\/div><h4>Kemiske processer<\/h4><\/a><a class=\"grid-item\" href=\"https:\/\/candorsweden.com\/da\/metaller\/\"><div class=\"grid-img\" style=\"background-image: url(https:\/\/candorsweden.com\/wp-content\/uploads\/2018\/02\/Metaller-03-edit.jpg)\"><\/div><h4>Metaller<\/h4><\/a><a class=\"grid-item\" href=\"https:\/\/candorsweden.com\/da\/anlaeg\/\"><div class=\"grid-img\" style=\"background-image: url(https:\/\/candorsweden.com\/wp-content\/uploads\/2018\/01\/Surface-treatment-line.jpg)\"><\/div><h4>Anl\u00e6g<\/h4><\/a><\/div><\/div><\/div><div class=\"fusion-clearfix\"><\/div><\/div><\/div><\/div><\/div>\n<\/p>\n","protected":false},"excerpt":{"rendered":"","protected":false},"author":1,"featured_media":0,"parent":1860,"menu_order":0,"comment_status":"closed","ping_status":"closed","template":"templates\/child-page.php","meta":{"_acf_changed":false,"footnotes":""},"class_list":["post-1887","page","type-page","status-publish","hentry"],"acf":[],"yoast_head":"<!-- This site is optimized with the Yoast SEO plugin v25.3 - https:\/\/yoast.com\/wordpress\/plugins\/seo\/ -->\n<title>Anodisering \u2013 forst\u00e6rker oxidlaget | Candor Sweden AB<\/title>\n<meta name=\"description\" content=\"Anodisering er en teknik, der forst\u00e6rker det naturlige oxidlag. I samarbejde med ALUFINISH tilbyder Candor et komplet produktprogram. Se det her, eller kontakt jorgen.pettersson@candorsweden.com for mere information.\" \/>\n<meta name=\"robots\" content=\"index, follow, max-snippet:-1, max-image-preview:large, max-video-preview:-1\" \/>\n<link rel=\"canonical\" href=\"https:\/\/candorsweden.com\/da\/kemiske-processer\/anodisering\/\" \/>\n<meta property=\"og:locale\" content=\"da_DK\" \/>\n<meta property=\"og:type\" content=\"article\" \/>\n<meta property=\"og:title\" content=\"Anodisering \u2013 forst\u00e6rker oxidlaget | Candor Sweden AB\" \/>\n<meta property=\"og:description\" content=\"Anodisering er en teknik, der forst\u00e6rker det naturlige oxidlag. I samarbejde med ALUFINISH tilbyder Candor et komplet produktprogram. Se det her, eller kontakt jorgen.pettersson@candorsweden.com for mere information.\" \/>\n<meta property=\"og:url\" content=\"https:\/\/candorsweden.com\/da\/kemiske-processer\/anodisering\/\" \/>\n<meta property=\"og:site_name\" content=\"Candor Sweden\" \/>\n<meta property=\"article:modified_time\" content=\"2021-02-23T13:05:43+00:00\" \/>\n<meta name=\"twitter:card\" content=\"summary_large_image\" \/>\n<meta name=\"twitter:label1\" content=\"Estimeret l\u00e6setid\" \/>\n\t<meta name=\"twitter:data1\" content=\"2 minutter\" \/>\n<script type=\"application\/ld+json\" class=\"yoast-schema-graph\">{\"@context\":\"https:\/\/schema.org\",\"@graph\":[{\"@type\":\"WebPage\",\"@id\":\"https:\/\/candorsweden.com\/da\/kemiske-processer\/anodisering\/\",\"url\":\"https:\/\/candorsweden.com\/da\/kemiske-processer\/anodisering\/\",\"name\":\"Anodisering \u2013 forst\u00e6rker oxidlaget | Candor Sweden AB\",\"isPartOf\":{\"@id\":\"https:\/\/candorsweden.com\/#website\"},\"datePublished\":\"2018-03-16T08:23:31+00:00\",\"dateModified\":\"2021-02-23T13:05:43+00:00\",\"description\":\"Anodisering er en teknik, der forst\u00e6rker det naturlige oxidlag. I samarbejde med ALUFINISH tilbyder Candor et komplet produktprogram. Se det her, eller kontakt jorgen.pettersson@candorsweden.com for mere information.\",\"breadcrumb\":{\"@id\":\"https:\/\/candorsweden.com\/da\/kemiske-processer\/anodisering\/#breadcrumb\"},\"inLanguage\":\"da-DK\",\"potentialAction\":[{\"@type\":\"ReadAction\",\"target\":[\"https:\/\/candorsweden.com\/da\/kemiske-processer\/anodisering\/\"]}]},{\"@type\":\"BreadcrumbList\",\"@id\":\"https:\/\/candorsweden.com\/da\/kemiske-processer\/anodisering\/#breadcrumb\",\"itemListElement\":[{\"@type\":\"ListItem\",\"position\":1,\"name\":\"Hem\",\"item\":\"https:\/\/candorsweden.com\/da\/\"},{\"@type\":\"ListItem\",\"position\":2,\"name\":\"Kemiske processer\",\"item\":\"https:\/\/candorsweden.com\/da\/kemiske-processer\/\"},{\"@type\":\"ListItem\",\"position\":3,\"name\":\"Anodisering\"}]},{\"@type\":\"WebSite\",\"@id\":\"https:\/\/candorsweden.com\/#website\",\"url\":\"https:\/\/candorsweden.com\/\",\"name\":\"Candor Sweden\",\"description\":\"Chemical processes and equipment for surface treatment technology.\",\"potentialAction\":[{\"@type\":\"SearchAction\",\"target\":{\"@type\":\"EntryPoint\",\"urlTemplate\":\"https:\/\/candorsweden.com\/?s={search_term_string}\"},\"query-input\":{\"@type\":\"PropertyValueSpecification\",\"valueRequired\":true,\"valueName\":\"search_term_string\"}}],\"inLanguage\":\"da-DK\"}]}<\/script>\n<!-- \/ Yoast SEO plugin. -->","yoast_head_json":{"title":"Anodisering \u2013 forst\u00e6rker oxidlaget | Candor Sweden AB","description":"Anodisering er en teknik, der forst\u00e6rker det naturlige oxidlag. I samarbejde med ALUFINISH tilbyder Candor et komplet produktprogram. Se det her, eller kontakt jorgen.pettersson@candorsweden.com for mere information.","robots":{"index":"index","follow":"follow","max-snippet":"max-snippet:-1","max-image-preview":"max-image-preview:large","max-video-preview":"max-video-preview:-1"},"canonical":"https:\/\/candorsweden.com\/da\/kemiske-processer\/anodisering\/","og_locale":"da_DK","og_type":"article","og_title":"Anodisering \u2013 forst\u00e6rker oxidlaget | Candor Sweden AB","og_description":"Anodisering er en teknik, der forst\u00e6rker det naturlige oxidlag. I samarbejde med ALUFINISH tilbyder Candor et komplet produktprogram. Se det her, eller kontakt jorgen.pettersson@candorsweden.com for mere information.","og_url":"https:\/\/candorsweden.com\/da\/kemiske-processer\/anodisering\/","og_site_name":"Candor Sweden","article_modified_time":"2021-02-23T13:05:43+00:00","twitter_card":"summary_large_image","twitter_misc":{"Estimeret l\u00e6setid":"2 minutter"},"schema":{"@context":"https:\/\/schema.org","@graph":[{"@type":"WebPage","@id":"https:\/\/candorsweden.com\/da\/kemiske-processer\/anodisering\/","url":"https:\/\/candorsweden.com\/da\/kemiske-processer\/anodisering\/","name":"Anodisering \u2013 forst\u00e6rker oxidlaget | Candor Sweden AB","isPartOf":{"@id":"https:\/\/candorsweden.com\/#website"},"datePublished":"2018-03-16T08:23:31+00:00","dateModified":"2021-02-23T13:05:43+00:00","description":"Anodisering er en teknik, der forst\u00e6rker det naturlige oxidlag. I samarbejde med ALUFINISH tilbyder Candor et komplet produktprogram. Se det her, eller kontakt jorgen.pettersson@candorsweden.com for mere information.","breadcrumb":{"@id":"https:\/\/candorsweden.com\/da\/kemiske-processer\/anodisering\/#breadcrumb"},"inLanguage":"da-DK","potentialAction":[{"@type":"ReadAction","target":["https:\/\/candorsweden.com\/da\/kemiske-processer\/anodisering\/"]}]},{"@type":"BreadcrumbList","@id":"https:\/\/candorsweden.com\/da\/kemiske-processer\/anodisering\/#breadcrumb","itemListElement":[{"@type":"ListItem","position":1,"name":"Hem","item":"https:\/\/candorsweden.com\/da\/"},{"@type":"ListItem","position":2,"name":"Kemiske processer","item":"https:\/\/candorsweden.com\/da\/kemiske-processer\/"},{"@type":"ListItem","position":3,"name":"Anodisering"}]},{"@type":"WebSite","@id":"https:\/\/candorsweden.com\/#website","url":"https:\/\/candorsweden.com\/","name":"Candor Sweden","description":"Chemical processes and equipment for surface treatment technology.","potentialAction":[{"@type":"SearchAction","target":{"@type":"EntryPoint","urlTemplate":"https:\/\/candorsweden.com\/?s={search_term_string}"},"query-input":{"@type":"PropertyValueSpecification","valueRequired":true,"valueName":"search_term_string"}}],"inLanguage":"da-DK"}]}},"_links":{"self":[{"href":"https:\/\/candorsweden.com\/da\/wp-json\/wp\/v2\/pages\/1887","targetHints":{"allow":["GET"]}}],"collection":[{"href":"https:\/\/candorsweden.com\/da\/wp-json\/wp\/v2\/pages"}],"about":[{"href":"https:\/\/candorsweden.com\/da\/wp-json\/wp\/v2\/types\/page"}],"author":[{"embeddable":true,"href":"https:\/\/candorsweden.com\/da\/wp-json\/wp\/v2\/users\/1"}],"replies":[{"embeddable":true,"href":"https:\/\/candorsweden.com\/da\/wp-json\/wp\/v2\/comments?post=1887"}],"version-history":[{"count":6,"href":"https:\/\/candorsweden.com\/da\/wp-json\/wp\/v2\/pages\/1887\/revisions"}],"predecessor-version":[{"id":5330,"href":"https:\/\/candorsweden.com\/da\/wp-json\/wp\/v2\/pages\/1887\/revisions\/5330"}],"up":[{"embeddable":true,"href":"https:\/\/candorsweden.com\/da\/wp-json\/wp\/v2\/pages\/1860"}],"wp:attachment":[{"href":"https:\/\/candorsweden.com\/da\/wp-json\/wp\/v2\/media?parent=1887"}],"curies":[{"name":"wp","href":"https:\/\/api.w.org\/{rel}","templated":true}]}}