{"id":1877,"date":"2018-03-16T09:15:15","date_gmt":"2018-03-16T08:15:15","guid":{"rendered":"https:\/\/candorsweden.com\/?page_id=1877"},"modified":"2018-11-16T11:26:28","modified_gmt":"2018-11-16T10:26:28","slug":"forskning-og-udvikling","status":"publish","type":"page","link":"https:\/\/candorsweden.com\/da\/kemiske-processer\/forskning-og-udvikling\/","title":{"rendered":"Forskning og udvikling"},"content":{"rendered":"<p><div class=\"fusion-fullwidth fullwidth-box fusion-builder-row-1 underundersida-cont nonhundred-percent-fullwidth non-hundred-percent-height-scrolling\" style=\"--awb-border-radius-top-left:0px;--awb-border-radius-top-right:0px;--awb-border-radius-bottom-right:0px;--awb-border-radius-bottom-left:0px;--awb-flex-wrap:wrap;\" ><div class=\"fusion-builder-row fusion-row\"><div class=\"fusion-layout-column fusion_builder_column fusion-builder-column-0 fusion_builder_column_1_1 1_1 fusion-one-full fusion-column-first fusion-column-last\" style=\"--awb-bg-size:cover;\"><div class=\"fusion-column-wrapper fusion-flex-column-wrapper-legacy\"><div class=\"fusion-title title fusion-title-1 fusion-sep-none fusion-title-text fusion-title-size-one\"><h1 class=\"fusion-title-heading title-heading-left\" style=\"margin:0;\">Forskning og udvikling.<\/h1><\/div><div class=\"fusion-text fusion-text-1\"><p>Candor opfylder hele tiden nye og h\u00f8je krav fra vores kunder og industrien med hensyn til teknik, milj\u00f8krav, holdbarhed og tekniske aspekter. For Candor er det en selvf\u00f8lgelighed og en naturlig del af virksomheden at fokusere p\u00e5 udviklingen af ny teknik afh\u00e6ngigt af markedsomr\u00e5det.<\/p>\n<\/div><div class=\"fusion-text fusion-text-2\"><p>EU-direktiver som WEEE, RoHS og REACH driver udviklingen fremad og hj\u00e6lper os med at udvikle og forsyne markedet med nye procesteknik.<\/p>\n<p>Candor tilbyder en komplet produktpakke med milj\u00f8venlige produkter, som opfylder EU&#8217;s REACH-direktiv og samtidigt opretholder en h\u00f8j kvalitet. Produkterne er egenproducerede eller tilpassede til vores nordiske markeder i samarbejde med f\u00f8rende internationale partnere.<\/p>\n<\/div><div class=\"fusion-title title fusion-title-2 fusion-sep-none fusion-title-text fusion-title-size-two\"><h2 class=\"fusion-title-heading title-heading-left\" style=\"margin:0;\">Candor tilbyder nye<br \/>\nholdbare alternative til fx:<\/h2><\/div><div class=\"fusion-text fusion-text-3\"><ul>\n<li>Erstatning af cyanidholdige processer.<\/li>\n<li>Erstatning af kromateringsprocesser.<\/li>\n<li>Erstatning af fosfatering.<\/li>\n<li>Erstatning af koboltholdig passivering.<\/li>\n<\/ul>\n<\/div><div class=\"fusion-clearfix\"><\/div><\/div><\/div><\/div><\/div><div class=\"fusion-fullwidth fullwidth-box fusion-builder-row-2 section nonhundred-percent-fullwidth non-hundred-percent-height-scrolling\" style=\"--awb-border-radius-top-left:0px;--awb-border-radius-top-right:0px;--awb-border-radius-bottom-right:0px;--awb-border-radius-bottom-left:0px;--awb-flex-wrap:wrap;\" ><div class=\"fusion-builder-row fusion-row\"><div class=\"fusion-layout-column fusion_builder_column fusion-builder-column-1 fusion_builder_column_1_1 1_1 fusion-one-full fusion-column-first fusion-column-last\" style=\"--awb-bg-size:cover;\"><div class=\"fusion-column-wrapper fusion-flex-column-wrapper-legacy\"><div class=\"fusion-title title fusion-title-3 fusion-sep-none fusion-title-text fusion-title-size-two\"><h2 class=\"fusion-title-heading title-heading-left\" style=\"margin:0;\">Vil du vide mere?<\/h2><\/div>\n<div class=\"content-card-wrapper clearfix\">\n\t<div class=\"contact-card-alternate\">\n\t\t<div class=\"border\" style=\"background-image: url(\/wp-content\/uploads\/2017\/11\/candor_kemi_pattern.png);\"><\/div>\n\t\t<div class=\"contact-content\">\n\t\t\t<h4>Kundeservice<\/h4>\n\t\t\t<p><\/p>\n\t\t\t<p><\/p>\n\t\t\t<p>+45 70 25 15 33<\/p>\n\t\t\t<p>candor@candordenmark.dk <\/p>\n\t\t<\/div> <!-- End contact content -->\n\t<\/div> <!-- End contact card -->\n\t<a class=\"all-contacts\" href=\"\/sv\/kontakta-oss\">\n\t\t<div class=\"contact-content\">\n\t\t\t<h4>Alle kontakter<\/h4>\n\t\t\t<p>Leder du efter en anden? Se alt personalet her.<\/p>\n\t\t<\/div>\n\t<\/a> <!-- end all contacts -->\n<\/div> <!-- end content card wrapper --><div class=\"fusion-alignright\"><a class=\"fusion-button button-3d fusion-button-default-size button-default fusion-button-default button-1 fusion-button-default-span fusion-button-default-type small\" target=\"_self\" href=\"\/kontakt\"><span class=\"fusion-button-text awb-button__text awb-button__text--default\">Flere kontaktoplysninger<\/span><\/a><\/div><div class=\"fusion-clearfix\"><\/div><\/div><\/div><div class=\"fusion-layout-column fusion_builder_column fusion-builder-column-2 fusion_builder_column_1_1 1_1 fusion-one-full fusion-column-first fusion-column-last\" style=\"--awb-bg-size:cover;\"><div class=\"fusion-column-wrapper fusion-flex-column-wrapper-legacy\"><div class=\"fusion-column-content-centered\"><div class=\"fusion-column-content\"><div class=\"fusion-title title fusion-title-4 fusion-sep-none fusion-title-text fusion-title-size-three\"><h3 class=\"fusion-title-heading title-heading-left\" style=\"margin:0;\">Se vores markedsomr\u00e5der<\/h3><\/div><\/div><\/div><div class=\"fusion-clearfix\"><\/div><\/div><\/div><div class=\"fusion-layout-column fusion_builder_column fusion-builder-column-3 fusion_builder_column_1_1 1_1 fusion-one-full fusion-column-first fusion-column-last\" style=\"--awb-bg-size:cover;\"><div class=\"fusion-column-wrapper fusion-flex-column-wrapper-legacy\"><div class=\"fusion-column-content-centered\"><div class=\"fusion-column-content\"><div>\n\t<a class=\"grid-item\" href=\"https:\/\/candorsweden.com\/da\/kemiske-processer\/\"><div class=\"grid-img\" style=\"background-image: url(https:\/\/candorsweden.com\/wp-content\/uploads\/2018\/02\/Labb-02-e1518094764497.jpg)\"><\/div><h4>Kemiske processer<\/h4><\/a><a class=\"grid-item\" href=\"https:\/\/candorsweden.com\/da\/metaller\/\"><div class=\"grid-img\" style=\"background-image: url(https:\/\/candorsweden.com\/wp-content\/uploads\/2018\/02\/Metaller-03-edit.jpg)\"><\/div><h4>Metaller<\/h4><\/a><a class=\"grid-item\" href=\"https:\/\/candorsweden.com\/da\/anlaeg\/\"><div class=\"grid-img\" style=\"background-image: url(https:\/\/candorsweden.com\/wp-content\/uploads\/2018\/01\/Surface-treatment-line.jpg)\"><\/div><h4>Anl\u00e6g<\/h4><\/a><\/div><\/div><\/div><div class=\"fusion-clearfix\"><\/div><\/div><\/div><\/div><\/div>\n<\/p>\n","protected":false},"excerpt":{"rendered":"","protected":false},"author":1,"featured_media":0,"parent":1860,"menu_order":0,"comment_status":"closed","ping_status":"closed","template":"templates\/child-page.php","meta":{"_acf_changed":false,"footnotes":""},"class_list":["post-1877","page","type-page","status-publish","hentry"],"acf":[],"yoast_head":"<!-- This site is optimized with the Yoast SEO plugin v25.3 - https:\/\/yoast.com\/wordpress\/plugins\/seo\/ -->\n<title>Ny procesteknik \u2013 Forskning og udvikling | Candor Sweden AB<\/title>\n<meta name=\"description\" content=\"Candor stilles hele tiden over for nye og h\u00f8je krav fra sine kunder og den i industrien g\u00e6ldende nye teknik, milj\u00f8krav, b\u00e6redygtighed og tekniske aspekter. For Candor er det en selvf\u00f8lge og en naturlig del af virksomheden at fokusere p\u00e5 udvikling af ny teknik uafh\u00e6ngigt af markedsomr\u00e5de.\" \/>\n<meta name=\"robots\" content=\"index, follow, max-snippet:-1, max-image-preview:large, max-video-preview:-1\" \/>\n<link rel=\"canonical\" href=\"https:\/\/candorsweden.com\/da\/kemiske-processer\/forskning-og-udvikling\/\" \/>\n<meta property=\"og:locale\" content=\"da_DK\" \/>\n<meta property=\"og:type\" content=\"article\" \/>\n<meta property=\"og:title\" content=\"Ny procesteknik \u2013 Forskning og udvikling | Candor Sweden AB\" \/>\n<meta property=\"og:description\" content=\"Candor stilles hele tiden over for nye og h\u00f8je krav fra sine kunder og den i industrien g\u00e6ldende nye teknik, milj\u00f8krav, b\u00e6redygtighed og tekniske aspekter. For Candor er det en selvf\u00f8lge og en naturlig del af virksomheden at fokusere p\u00e5 udvikling af ny teknik uafh\u00e6ngigt af markedsomr\u00e5de.\" \/>\n<meta property=\"og:url\" content=\"https:\/\/candorsweden.com\/da\/kemiske-processer\/forskning-og-udvikling\/\" \/>\n<meta property=\"og:site_name\" content=\"Candor Sweden\" \/>\n<meta property=\"article:modified_time\" content=\"2018-11-16T10:26:28+00:00\" \/>\n<meta name=\"twitter:card\" content=\"summary_large_image\" \/>\n<meta name=\"twitter:label1\" content=\"Estimeret l\u00e6setid\" \/>\n\t<meta name=\"twitter:data1\" content=\"2 minutter\" \/>\n<script type=\"application\/ld+json\" class=\"yoast-schema-graph\">{\"@context\":\"https:\/\/schema.org\",\"@graph\":[{\"@type\":\"WebPage\",\"@id\":\"https:\/\/candorsweden.com\/da\/kemiske-processer\/forskning-og-udvikling\/\",\"url\":\"https:\/\/candorsweden.com\/da\/kemiske-processer\/forskning-og-udvikling\/\",\"name\":\"Ny procesteknik \u2013 Forskning og udvikling | Candor Sweden AB\",\"isPartOf\":{\"@id\":\"https:\/\/candorsweden.com\/#website\"},\"datePublished\":\"2018-03-16T08:15:15+00:00\",\"dateModified\":\"2018-11-16T10:26:28+00:00\",\"description\":\"Candor stilles hele tiden over for nye og h\u00f8je krav fra sine kunder og den i industrien g\u00e6ldende nye teknik, milj\u00f8krav, b\u00e6redygtighed og tekniske aspekter. For Candor er det en selvf\u00f8lge og en naturlig del af virksomheden at fokusere p\u00e5 udvikling af ny teknik uafh\u00e6ngigt af markedsomr\u00e5de.\",\"breadcrumb\":{\"@id\":\"https:\/\/candorsweden.com\/da\/kemiske-processer\/forskning-og-udvikling\/#breadcrumb\"},\"inLanguage\":\"da-DK\",\"potentialAction\":[{\"@type\":\"ReadAction\",\"target\":[\"https:\/\/candorsweden.com\/da\/kemiske-processer\/forskning-og-udvikling\/\"]}]},{\"@type\":\"BreadcrumbList\",\"@id\":\"https:\/\/candorsweden.com\/da\/kemiske-processer\/forskning-og-udvikling\/#breadcrumb\",\"itemListElement\":[{\"@type\":\"ListItem\",\"position\":1,\"name\":\"Hem\",\"item\":\"https:\/\/candorsweden.com\/da\/\"},{\"@type\":\"ListItem\",\"position\":2,\"name\":\"Kemiske processer\",\"item\":\"https:\/\/candorsweden.com\/da\/kemiske-processer\/\"},{\"@type\":\"ListItem\",\"position\":3,\"name\":\"Forskning og udvikling\"}]},{\"@type\":\"WebSite\",\"@id\":\"https:\/\/candorsweden.com\/#website\",\"url\":\"https:\/\/candorsweden.com\/\",\"name\":\"Candor Sweden\",\"description\":\"Chemical processes and equipment for surface treatment technology.\",\"potentialAction\":[{\"@type\":\"SearchAction\",\"target\":{\"@type\":\"EntryPoint\",\"urlTemplate\":\"https:\/\/candorsweden.com\/?s={search_term_string}\"},\"query-input\":{\"@type\":\"PropertyValueSpecification\",\"valueRequired\":true,\"valueName\":\"search_term_string\"}}],\"inLanguage\":\"da-DK\"}]}<\/script>\n<!-- \/ Yoast SEO plugin. -->","yoast_head_json":{"title":"Ny procesteknik \u2013 Forskning og udvikling | Candor Sweden AB","description":"Candor stilles hele tiden over for nye og h\u00f8je krav fra sine kunder og den i industrien g\u00e6ldende nye teknik, milj\u00f8krav, b\u00e6redygtighed og tekniske aspekter. For Candor er det en selvf\u00f8lge og en naturlig del af virksomheden at fokusere p\u00e5 udvikling af ny teknik uafh\u00e6ngigt af markedsomr\u00e5de.","robots":{"index":"index","follow":"follow","max-snippet":"max-snippet:-1","max-image-preview":"max-image-preview:large","max-video-preview":"max-video-preview:-1"},"canonical":"https:\/\/candorsweden.com\/da\/kemiske-processer\/forskning-og-udvikling\/","og_locale":"da_DK","og_type":"article","og_title":"Ny procesteknik \u2013 Forskning og udvikling | Candor Sweden AB","og_description":"Candor stilles hele tiden over for nye og h\u00f8je krav fra sine kunder og den i industrien g\u00e6ldende nye teknik, milj\u00f8krav, b\u00e6redygtighed og tekniske aspekter. For Candor er det en selvf\u00f8lge og en naturlig del af virksomheden at fokusere p\u00e5 udvikling af ny teknik uafh\u00e6ngigt af markedsomr\u00e5de.","og_url":"https:\/\/candorsweden.com\/da\/kemiske-processer\/forskning-og-udvikling\/","og_site_name":"Candor Sweden","article_modified_time":"2018-11-16T10:26:28+00:00","twitter_card":"summary_large_image","twitter_misc":{"Estimeret l\u00e6setid":"2 minutter"},"schema":{"@context":"https:\/\/schema.org","@graph":[{"@type":"WebPage","@id":"https:\/\/candorsweden.com\/da\/kemiske-processer\/forskning-og-udvikling\/","url":"https:\/\/candorsweden.com\/da\/kemiske-processer\/forskning-og-udvikling\/","name":"Ny procesteknik \u2013 Forskning og udvikling | Candor Sweden AB","isPartOf":{"@id":"https:\/\/candorsweden.com\/#website"},"datePublished":"2018-03-16T08:15:15+00:00","dateModified":"2018-11-16T10:26:28+00:00","description":"Candor stilles hele tiden over for nye og h\u00f8je krav fra sine kunder og den i industrien g\u00e6ldende nye teknik, milj\u00f8krav, b\u00e6redygtighed og tekniske aspekter. For Candor er det en selvf\u00f8lge og en naturlig del af virksomheden at fokusere p\u00e5 udvikling af ny teknik uafh\u00e6ngigt af markedsomr\u00e5de.","breadcrumb":{"@id":"https:\/\/candorsweden.com\/da\/kemiske-processer\/forskning-og-udvikling\/#breadcrumb"},"inLanguage":"da-DK","potentialAction":[{"@type":"ReadAction","target":["https:\/\/candorsweden.com\/da\/kemiske-processer\/forskning-og-udvikling\/"]}]},{"@type":"BreadcrumbList","@id":"https:\/\/candorsweden.com\/da\/kemiske-processer\/forskning-og-udvikling\/#breadcrumb","itemListElement":[{"@type":"ListItem","position":1,"name":"Hem","item":"https:\/\/candorsweden.com\/da\/"},{"@type":"ListItem","position":2,"name":"Kemiske processer","item":"https:\/\/candorsweden.com\/da\/kemiske-processer\/"},{"@type":"ListItem","position":3,"name":"Forskning og udvikling"}]},{"@type":"WebSite","@id":"https:\/\/candorsweden.com\/#website","url":"https:\/\/candorsweden.com\/","name":"Candor Sweden","description":"Chemical processes and equipment for surface treatment technology.","potentialAction":[{"@type":"SearchAction","target":{"@type":"EntryPoint","urlTemplate":"https:\/\/candorsweden.com\/?s={search_term_string}"},"query-input":{"@type":"PropertyValueSpecification","valueRequired":true,"valueName":"search_term_string"}}],"inLanguage":"da-DK"}]}},"_links":{"self":[{"href":"https:\/\/candorsweden.com\/da\/wp-json\/wp\/v2\/pages\/1877","targetHints":{"allow":["GET"]}}],"collection":[{"href":"https:\/\/candorsweden.com\/da\/wp-json\/wp\/v2\/pages"}],"about":[{"href":"https:\/\/candorsweden.com\/da\/wp-json\/wp\/v2\/types\/page"}],"author":[{"embeddable":true,"href":"https:\/\/candorsweden.com\/da\/wp-json\/wp\/v2\/users\/1"}],"replies":[{"embeddable":true,"href":"https:\/\/candorsweden.com\/da\/wp-json\/wp\/v2\/comments?post=1877"}],"version-history":[{"count":4,"href":"https:\/\/candorsweden.com\/da\/wp-json\/wp\/v2\/pages\/1877\/revisions"}],"predecessor-version":[{"id":4921,"href":"https:\/\/candorsweden.com\/da\/wp-json\/wp\/v2\/pages\/1877\/revisions\/4921"}],"up":[{"embeddable":true,"href":"https:\/\/candorsweden.com\/da\/wp-json\/wp\/v2\/pages\/1860"}],"wp:attachment":[{"href":"https:\/\/candorsweden.com\/da\/wp-json\/wp\/v2\/media?parent=1877"}],"curies":[{"name":"wp","href":"https:\/\/api.w.org\/{rel}","templated":true}]}}