{"id":1866,"date":"2018-03-16T08:49:07","date_gmt":"2018-03-16T07:49:07","guid":{"rendered":"https:\/\/candorsweden.com\/?page_id=1866"},"modified":"2018-11-16T11:26:02","modified_gmt":"2018-11-16T10:26:02","slug":"miljoevenlige-processer","status":"publish","type":"page","link":"https:\/\/candorsweden.com\/da\/kemiske-processer\/miljoevenlige-processer\/","title":{"rendered":"Milj\u00f8venlige processer"},"content":{"rendered":"<p><div class=\"fusion-fullwidth fullwidth-box fusion-builder-row-1 nonhundred-percent-fullwidth non-hundred-percent-height-scrolling section\" style=\"--awb-border-radius-top-left:0px;--awb-border-radius-top-right:0px;--awb-border-radius-bottom-right:0px;--awb-border-radius-bottom-left:0px;--awb-flex-wrap:wrap;\" ><div class=\"fusion-builder-row fusion-row\"><div class=\"fusion-layout-column fusion_builder_column fusion-builder-column-0 fusion_builder_column_1_1 1_1 fusion-one-full fusion-column-first fusion-column-last\" style=\"--awb-bg-size:cover;\"><div class=\"fusion-column-wrapper fusion-flex-column-wrapper-legacy\"><div class=\"fusion-title title fusion-title-1 fusion-sep-none fusion-title-text fusion-title-size-one\" style=\"--awb-margin-top-small:0px;--awb-margin-right-small:0px;--awb-margin-bottom-small:20px;--awb-margin-left-small:0px;\"><h1 class=\"fusion-title-heading title-heading-left\" style=\"margin:0;\">Milj\u00f8venlige processer.<\/h1><\/div><div class=\"fusion-text fusion-text-1\"><p>Candor m\u00f6ter h\u00f6ga krav fr\u00e5n industrin n\u00e4r det g\u00e4ller b\u00e5de nya tekniker och milj\u00f6v\u00e4nlighet inom varje omr\u00e5de och marknad.<br \/>\nVi anser att det \u00e4r speciellt viktigt inom ytbehandlingsomr\u00e5det att vara milj\u00f6medveten och att f\u00f6lja alla lagar och f\u00f6rordningar som reglerar den h\u00e4r typen av verksamheter.<\/p>\n<p>F\u00f6r oss \u00e4r det naturligt att fokusera utvecklingen p\u00e5 nya teknologier oberoende av marknadsomr\u00e5de.<\/p>\n<\/div><div class=\"fusion-clearfix\"><\/div><\/div><\/div><\/div><\/div><div class=\"fusion-fullwidth fullwidth-box fusion-builder-row-2 nonhundred-percent-fullwidth non-hundred-percent-height-scrolling section\" style=\"--awb-border-radius-top-left:0px;--awb-border-radius-top-right:0px;--awb-border-radius-bottom-right:0px;--awb-border-radius-bottom-left:0px;--awb-flex-wrap:wrap;\" ><div class=\"fusion-builder-row fusion-row\"><div class=\"fusion-layout-column fusion_builder_column fusion-builder-column-1 fusion_builder_column_1_1 1_1 fusion-one-full fusion-column-first fusion-column-last\" style=\"--awb-bg-size:cover;\"><div class=\"fusion-column-wrapper fusion-flex-column-wrapper-legacy\"><div class=\"fusion-title title fusion-title-2 fusion-sep-none fusion-title-text fusion-title-size-two\" style=\"--awb-margin-top-small:0px;--awb-margin-right-small:0px;--awb-margin-bottom-small:20px;--awb-margin-left-small:0px;\"><h2 class=\"fusion-title-heading title-heading-left\" style=\"margin:0;\">Vil du vide mere?<\/h2><\/div>\n<div class=\"content-card-wrapper clearfix\">\n\t<div class=\"contact-card-alternate\">\n\t\t<div class=\"border\" style=\"background-image: url(\/wp-content\/uploads\/2017\/11\/candor_kemi_pattern.png);\"><\/div>\n\t\t<div class=\"contact-content\">\n\t\t\t<h4>Kundeservice<\/h4>\n\t\t\t<p><\/p>\n\t\t\t<p><\/p>\n\t\t\t<p>+45 70 25 15 33<\/p>\n\t\t\t<p>candor@candordenmark.dk <\/p>\n\t\t<\/div> <!-- End contact content -->\n\t<\/div> <!-- End contact card -->\n\t<a class=\"all-contacts\" href=\"https:\/\/candorsweden.com\/da\/kontakta-oss\/\">\n\t\t<div class=\"contact-content\">\n\t\t\t<h4>Alle kontakter<\/h4>\n\t\t\t<p>Leder du efter en anden? Se alt personalet her.<\/p>\n\t\t<\/div>\n\t<\/a> <!-- end all contacts -->\n<\/div> <!-- end content card wrapper --><div class=\"fusion-alignright\"><a class=\"fusion-button button-3d fusion-button-default-size button-default fusion-button-default button-1 fusion-button-default-span fusion-button-default-type small\" target=\"_self\" href=\"\/kontakt\"><span class=\"fusion-button-text awb-button__text awb-button__text--default\">Flere kontaktoplysninger<\/span><\/a><\/div><div class=\"fusion-clearfix\"><\/div><\/div><\/div><div class=\"fusion-layout-column fusion_builder_column fusion-builder-column-2 fusion_builder_column_1_1 1_1 fusion-one-full fusion-column-first fusion-column-last\" style=\"--awb-bg-size:cover;\"><div class=\"fusion-column-wrapper fusion-flex-column-wrapper-legacy\"><div class=\"fusion-column-content-centered\"><div class=\"fusion-column-content\"><div class=\"fusion-title title fusion-title-3 fusion-sep-none fusion-title-text fusion-title-size-three\" style=\"--awb-margin-top-small:0px;--awb-margin-right-small:0px;--awb-margin-bottom-small:20px;--awb-margin-left-small:0px;\"><h3 class=\"fusion-title-heading title-heading-left\" style=\"margin:0;\">Se vores markedsomr\u00e5der<\/h3><\/div><\/div><\/div><div class=\"fusion-clearfix\"><\/div><\/div><\/div><div class=\"fusion-layout-column fusion_builder_column fusion-builder-column-3 fusion_builder_column_1_1 1_1 fusion-one-full fusion-column-first fusion-column-last\" style=\"--awb-bg-size:cover;\"><div class=\"fusion-column-wrapper fusion-flex-column-wrapper-legacy\"><div class=\"fusion-column-content-centered\"><div class=\"fusion-column-content\"><div>\n\t<a class=\"grid-item\" href=\"https:\/\/candorsweden.com\/da\/kemiske-processer\/\"><div class=\"grid-img\" style=\"background-image: url(https:\/\/candorsweden.com\/wp-content\/uploads\/2018\/02\/Labb-02-e1518094764497.jpg)\"><\/div><h4>Kemiske processer<\/h4><\/a><a class=\"grid-item\" href=\"https:\/\/candorsweden.com\/da\/metaller\/\"><div class=\"grid-img\" style=\"background-image: url(https:\/\/candorsweden.com\/wp-content\/uploads\/2018\/02\/Metaller-03-edit.jpg)\"><\/div><h4>Metaller<\/h4><\/a><a class=\"grid-item\" href=\"https:\/\/candorsweden.com\/da\/anlaeg\/\"><div class=\"grid-img\" style=\"background-image: url(https:\/\/candorsweden.com\/wp-content\/uploads\/2018\/01\/Surface-treatment-line.jpg)\"><\/div><h4>Anl\u00e6g<\/h4><\/a><\/div><\/div><\/div><div class=\"fusion-clearfix\"><\/div><\/div><\/div><\/div><\/div>\n<\/p>\n","protected":false},"excerpt":{"rendered":"","protected":false},"author":1,"featured_media":0,"parent":1860,"menu_order":0,"comment_status":"closed","ping_status":"closed","template":"templates\/child-page.php","meta":{"_acf_changed":false,"footnotes":""},"class_list":["post-1866","page","type-page","status-publish","hentry"],"acf":[],"yoast_head":"<!-- This site is optimized with the Yoast SEO plugin v27.3 - https:\/\/yoast.com\/product\/yoast-seo-wordpress\/ -->\n<title>Milj\u00f8venlige processer - Candor Sweden<\/title>\n<meta name=\"robots\" content=\"index, follow, max-snippet:-1, max-image-preview:large, max-video-preview:-1\" \/>\n<link rel=\"canonical\" href=\"https:\/\/candorsweden.com\/da\/kemiske-processer\/miljoevenlige-processer\/\" \/>\n<meta property=\"og:locale\" content=\"da_DK\" \/>\n<meta property=\"og:type\" content=\"article\" \/>\n<meta property=\"og:title\" content=\"Milj\u00f8venlige processer - Candor Sweden\" \/>\n<meta property=\"og:url\" content=\"https:\/\/candorsweden.com\/da\/kemiske-processer\/miljoevenlige-processer\/\" \/>\n<meta property=\"og:site_name\" content=\"Candor Sweden\" \/>\n<meta property=\"article:modified_time\" content=\"2018-11-16T10:26:02+00:00\" \/>\n<meta name=\"twitter:card\" content=\"summary_large_image\" \/>\n<meta name=\"twitter:label1\" content=\"Estimeret l\u00e6setid\" \/>\n\t<meta name=\"twitter:data1\" content=\"1 minut\" \/>\n<script type=\"application\/ld+json\" class=\"yoast-schema-graph\">{\"@context\":\"https:\\\/\\\/schema.org\",\"@graph\":[{\"@type\":\"WebPage\",\"@id\":\"https:\\\/\\\/candorsweden.com\\\/da\\\/kemiske-processer\\\/miljoevenlige-processer\\\/\",\"url\":\"https:\\\/\\\/candorsweden.com\\\/da\\\/kemiske-processer\\\/miljoevenlige-processer\\\/\",\"name\":\"Milj\u00f8venlige processer - Candor Sweden\",\"isPartOf\":{\"@id\":\"https:\\\/\\\/candorsweden.com\\\/#website\"},\"datePublished\":\"2018-03-16T07:49:07+00:00\",\"dateModified\":\"2018-11-16T10:26:02+00:00\",\"breadcrumb\":{\"@id\":\"https:\\\/\\\/candorsweden.com\\\/da\\\/kemiske-processer\\\/miljoevenlige-processer\\\/#breadcrumb\"},\"inLanguage\":\"da-DK\",\"potentialAction\":[{\"@type\":\"ReadAction\",\"target\":[\"https:\\\/\\\/candorsweden.com\\\/da\\\/kemiske-processer\\\/miljoevenlige-processer\\\/\"]}]},{\"@type\":\"BreadcrumbList\",\"@id\":\"https:\\\/\\\/candorsweden.com\\\/da\\\/kemiske-processer\\\/miljoevenlige-processer\\\/#breadcrumb\",\"itemListElement\":[{\"@type\":\"ListItem\",\"position\":1,\"name\":\"Hem\",\"item\":\"https:\\\/\\\/candorsweden.com\\\/da\\\/\"},{\"@type\":\"ListItem\",\"position\":2,\"name\":\"Kemiske processer\",\"item\":\"https:\\\/\\\/candorsweden.com\\\/da\\\/kemiske-processer\\\/\"},{\"@type\":\"ListItem\",\"position\":3,\"name\":\"Milj\u00f8venlige processer\"}]},{\"@type\":\"WebSite\",\"@id\":\"https:\\\/\\\/candorsweden.com\\\/#website\",\"url\":\"https:\\\/\\\/candorsweden.com\\\/\",\"name\":\"Candor Sweden\",\"description\":\"Chemical processes and equipment for surface treatment technology.\",\"potentialAction\":[{\"@type\":\"SearchAction\",\"target\":{\"@type\":\"EntryPoint\",\"urlTemplate\":\"https:\\\/\\\/candorsweden.com\\\/?s={search_term_string}\"},\"query-input\":{\"@type\":\"PropertyValueSpecification\",\"valueRequired\":true,\"valueName\":\"search_term_string\"}}],\"inLanguage\":\"da-DK\"}]}<\/script>\n<!-- \/ Yoast SEO plugin. -->","yoast_head_json":{"title":"Milj\u00f8venlige processer - Candor Sweden","robots":{"index":"index","follow":"follow","max-snippet":"max-snippet:-1","max-image-preview":"max-image-preview:large","max-video-preview":"max-video-preview:-1"},"canonical":"https:\/\/candorsweden.com\/da\/kemiske-processer\/miljoevenlige-processer\/","og_locale":"da_DK","og_type":"article","og_title":"Milj\u00f8venlige processer - Candor Sweden","og_url":"https:\/\/candorsweden.com\/da\/kemiske-processer\/miljoevenlige-processer\/","og_site_name":"Candor Sweden","article_modified_time":"2018-11-16T10:26:02+00:00","twitter_card":"summary_large_image","twitter_misc":{"Estimeret l\u00e6setid":"1 minut"},"schema":{"@context":"https:\/\/schema.org","@graph":[{"@type":"WebPage","@id":"https:\/\/candorsweden.com\/da\/kemiske-processer\/miljoevenlige-processer\/","url":"https:\/\/candorsweden.com\/da\/kemiske-processer\/miljoevenlige-processer\/","name":"Milj\u00f8venlige processer - Candor Sweden","isPartOf":{"@id":"https:\/\/candorsweden.com\/#website"},"datePublished":"2018-03-16T07:49:07+00:00","dateModified":"2018-11-16T10:26:02+00:00","breadcrumb":{"@id":"https:\/\/candorsweden.com\/da\/kemiske-processer\/miljoevenlige-processer\/#breadcrumb"},"inLanguage":"da-DK","potentialAction":[{"@type":"ReadAction","target":["https:\/\/candorsweden.com\/da\/kemiske-processer\/miljoevenlige-processer\/"]}]},{"@type":"BreadcrumbList","@id":"https:\/\/candorsweden.com\/da\/kemiske-processer\/miljoevenlige-processer\/#breadcrumb","itemListElement":[{"@type":"ListItem","position":1,"name":"Hem","item":"https:\/\/candorsweden.com\/da\/"},{"@type":"ListItem","position":2,"name":"Kemiske processer","item":"https:\/\/candorsweden.com\/da\/kemiske-processer\/"},{"@type":"ListItem","position":3,"name":"Milj\u00f8venlige processer"}]},{"@type":"WebSite","@id":"https:\/\/candorsweden.com\/#website","url":"https:\/\/candorsweden.com\/","name":"Candor Sweden","description":"Chemical processes and equipment for surface treatment technology.","potentialAction":[{"@type":"SearchAction","target":{"@type":"EntryPoint","urlTemplate":"https:\/\/candorsweden.com\/?s={search_term_string}"},"query-input":{"@type":"PropertyValueSpecification","valueRequired":true,"valueName":"search_term_string"}}],"inLanguage":"da-DK"}]}},"_links":{"self":[{"href":"https:\/\/candorsweden.com\/da\/wp-json\/wp\/v2\/pages\/1866","targetHints":{"allow":["GET"]}}],"collection":[{"href":"https:\/\/candorsweden.com\/da\/wp-json\/wp\/v2\/pages"}],"about":[{"href":"https:\/\/candorsweden.com\/da\/wp-json\/wp\/v2\/types\/page"}],"author":[{"embeddable":true,"href":"https:\/\/candorsweden.com\/da\/wp-json\/wp\/v2\/users\/1"}],"replies":[{"embeddable":true,"href":"https:\/\/candorsweden.com\/da\/wp-json\/wp\/v2\/comments?post=1866"}],"version-history":[{"count":5,"href":"https:\/\/candorsweden.com\/da\/wp-json\/wp\/v2\/pages\/1866\/revisions"}],"predecessor-version":[{"id":4918,"href":"https:\/\/candorsweden.com\/da\/wp-json\/wp\/v2\/pages\/1866\/revisions\/4918"}],"up":[{"embeddable":true,"href":"https:\/\/candorsweden.com\/da\/wp-json\/wp\/v2\/pages\/1860"}],"wp:attachment":[{"href":"https:\/\/candorsweden.com\/da\/wp-json\/wp\/v2\/media?parent=1866"}],"curies":[{"name":"wp","href":"https:\/\/api.w.org\/{rel}","templated":true}]}}