{"id":1852,"date":"2018-03-15T14:31:24","date_gmt":"2018-03-15T13:31:24","guid":{"rendered":"https:\/\/candorsweden.com\/?page_id=1852"},"modified":"2018-11-16T11:30:20","modified_gmt":"2018-11-16T10:30:20","slug":"reservedele","status":"publish","type":"page","link":"https:\/\/candorsweden.com\/da\/anlaeg\/reservedele\/","title":{"rendered":"Reservedele"},"content":{"rendered":"<p><div class=\"fusion-fullwidth fullwidth-box fusion-builder-row-1 nonhundred-percent-fullwidth non-hundred-percent-height-scrolling underundersida-cont\" style=\"--awb-border-radius-top-left:0px;--awb-border-radius-top-right:0px;--awb-border-radius-bottom-right:0px;--awb-border-radius-bottom-left:0px;--awb-flex-wrap:wrap;\" ><div class=\"fusion-builder-row fusion-row\"><div class=\"fusion-layout-column fusion_builder_column fusion-builder-column-0 fusion_builder_column_1_1 1_1 fusion-one-full fusion-column-first fusion-column-last\" style=\"--awb-bg-size:cover;\"><div class=\"fusion-column-wrapper fusion-flex-column-wrapper-legacy\"><div class=\"fusion-title title fusion-title-1 fusion-sep-none fusion-title-text fusion-title-size-one\" style=\"--awb-margin-top-small:0px;--awb-margin-right-small:0px;--awb-margin-bottom-small:20px;--awb-margin-left-small:0px;\"><h1 class=\"fusion-title-heading title-heading-left\" style=\"margin:0;\">Reservedele.<\/h1><\/div><div class=\"fusion-text fusion-text-1\"><p>Candor tilbyder et bredt udvalg af reservedele og tilbeh\u00f8r til overfladebehandlingsanl\u00e6g.\u00a0 Med vores store netv\u00e6rk af leverand\u00f8rer gl\u00e6der vi os til at v\u00e6re jer behj\u00e6lpelige med lige netop det, I har brug til jeres anl\u00e6g.<\/p>\n<\/div><div class=\"fusion-text fusion-text-2\"><p>Candor stiller specialfremstillede dele og standardkomponenter af forskellige slags og omfang til r\u00e5dighed, for eksempel:<\/p>\n<\/div><div class=\"fusion-clearfix\"><\/div><\/div><\/div><div class=\"fusion-layout-column fusion_builder_column fusion-builder-column-1 fusion_builder_column_1_2 1_2 fusion-one-half fusion-column-first\" style=\"--awb-bg-size:cover;width:50%;width:calc(50% - ( ( 4% ) * 0.5 ) );margin-right: 4%;\"><div class=\"fusion-column-wrapper fusion-flex-column-wrapper-legacy\"><div class=\"fusion-text fusion-text-3\"><ul>\n<li>Specialfremstillede dele efter tegninger.<\/li>\n<li>Badvarmere, til-fra-niveauindikatorer og temperaturregulering.<\/li>\n<li>Pumper, omr\u00f8rere og filterudstyr.<\/li>\n<li>Filterposer, filterpapir og patroner findes p\u00e5 lager.<\/li>\n<li>Ensrettere, anoder og anodekurve.<\/li>\n<\/ul>\n<\/div><div class=\"fusion-clearfix\"><\/div><\/div><\/div><div class=\"fusion-layout-column fusion_builder_column fusion-builder-column-2 fusion_builder_column_1_2 1_2 fusion-one-half fusion-column-last\" style=\"--awb-bg-size:cover;width:50%;width:calc(50% - ( ( 4% ) * 0.5 ) );\"><div class=\"fusion-column-wrapper fusion-flex-column-wrapper-legacy\"><div class=\"fusion-text fusion-text-4\"><ul>\n<li>Ventilatorer til udluftning, dr\u00e5beudskillere og skrubbere.<\/li>\n<li>Motor, gear og forskellige l\u00f8fteremme.<\/li>\n<li>Lagtykkelsesm\u00e5lere.<\/li>\n<li>Hull-celle og andet laboratorieudstyr.<\/li>\n<\/ul>\n<\/div><div class=\"fusion-clearfix\"><\/div><\/div><\/div><\/div><\/div><div class=\"fusion-fullwidth fullwidth-box fusion-builder-row-2 nonhundred-percent-fullwidth non-hundred-percent-height-scrolling\" style=\"--awb-border-radius-top-left:0px;--awb-border-radius-top-right:0px;--awb-border-radius-bottom-right:0px;--awb-border-radius-bottom-left:0px;--awb-flex-wrap:wrap;\" ><div class=\"fusion-builder-row fusion-row\"><div class=\"fusion-layout-column fusion_builder_column fusion-builder-column-3 fusion_builder_column_1_1 1_1 fusion-one-full fusion-column-first fusion-column-last\" style=\"--awb-bg-size:cover;\"><div class=\"fusion-column-wrapper fusion-flex-column-wrapper-legacy\"><div class=\"accordian fusion-accordian image-toggle\" style=\"--awb-border-size:1px;--awb-icon-size:13px;--awb-content-font-size:16px;--awb-icon-alignment:left;--awb-hover-color:#f9f9f9;--awb-border-color:#cccccc;--awb-background-color:#ffffff;--awb-divider-color:#e0dede;--awb-divider-hover-color:#e0dede;--awb-icon-color:#fce123;--awb-title-color:#333333;--awb-content-color:#000000;--awb-icon-box-color:#ffffff;--awb-toggle-hover-accent-color:#304ffe;--awb-title-font-family:&quot;Poppins&quot;;--awb-title-font-weight:700;--awb-title-font-style:normal;--awb-title-font-size:16px;--awb-title-line-height:1.5;--awb-content-font-family:&quot;Inconsolata&quot;;--awb-content-font-style:normal;--awb-content-font-weight:400;\"><div class=\"panel-group fusion-toggle-icon-boxed\" id=\"accordion-1852-1\"><div class=\"fusion-panel panel-default panel-2df129fd2e6b770bd fusion-toggle-no-divider\"><div class=\"panel-heading\"><h4 class=\"panel-title toggle\" id=\"toggle_2df129fd2e6b770bd\"><a aria-expanded=\"false\" aria-controls=\"2df129fd2e6b770bd\" role=\"button\" data-toggle=\"collapse\" data-parent=\"#accordion-1852-1\" data-target=\"#2df129fd2e6b770bd\" href=\"#2df129fd2e6b770bd\"><span class=\"fusion-toggle-icon-wrapper\" aria-hidden=\"true\"><i class=\"fa-fusion-box active-icon awb-icon-minus\" aria-hidden=\"true\"><\/i><i class=\"fa-fusion-box inactive-icon awb-icon-plus\" aria-hidden=\"true\"><\/i><\/span><span class=\"fusion-toggle-heading\">Billedeksempel<\/span><\/a><\/h4><\/div><div id=\"2df129fd2e6b770bd\" class=\"panel-collapse collapse \" aria-labelledby=\"toggle_2df129fd2e6b770bd\"><div class=\"panel-body toggle-content fusion-clearfix\">\n<div class=\"fusion-image-carousel fusion-image-carousel-auto fusion-image-carousel-1 lightbox-enabled\"><div class=\"awb-carousel awb-swiper awb-swiper-carousel awb-carousel--carousel awb-swiper-dots-position-bottom\" data-layout=\"carousel\" data-autoplay=\"no\" data-autoplayspeed=\"2500\" data-autoplaypause=\"no\" data-columns=\"2\" data-columnsmedium=\"1\" data-columnssmall=\"1\" data-itemmargin=\"30\" data-itemwidth=\"180\" data-touchscroll=\"no\" data-freemode=\"no\" data-imagesize=\"auto\" data-scrollitems=\"0\" data-centeredslides=\"no\" data-rotationangle=\"50\" data-depth=\"100\" data-speed=\"500\" data-shadow=\"no\" data-pagination=\"bullets\" style=\"--awb-columns:2;--awb-column-spacing:30px;\"><div class=\"swiper-wrapper awb-image-carousel-wrapper fusion-flex-align-items-center\"><div class=\"swiper-slide\"><div class=\"fusion-carousel-item-wrapper\"><div class=\"fusion-image-wrapper hover-type-none\"><a data-rel=\"iLightbox[image_carousel_1]\" data-title=\"Wire-pre-treatment\" aria-label=\"Wire-pre-treatment\" href=\"https:\/\/candorsweden.com\/wp-content\/uploads\/2017\/12\/Wire-pre-treatment.jpg\" target=\"_self\"><img decoding=\"async\" width=\"1000\" height=\"667\" src=\"https:\/\/candorsweden.com\/wp-content\/uploads\/2017\/12\/Wire-pre-treatment.jpg\" class=\"attachment-full size-full\" alt=\"\" srcset=\"https:\/\/candorsweden.com\/wp-content\/uploads\/2017\/12\/Wire-pre-treatment-200x133.jpg 200w, https:\/\/candorsweden.com\/wp-content\/uploads\/2017\/12\/Wire-pre-treatment-400x267.jpg 400w, https:\/\/candorsweden.com\/wp-content\/uploads\/2017\/12\/Wire-pre-treatment-600x400.jpg 600w, https:\/\/candorsweden.com\/wp-content\/uploads\/2017\/12\/Wire-pre-treatment-800x534.jpg 800w, https:\/\/candorsweden.com\/wp-content\/uploads\/2017\/12\/Wire-pre-treatment.jpg 1000w\" sizes=\"(min-width: 2200px) 100vw, (min-width: 712px) 555px, (min-width: 640px) 712px, \" \/><\/a><\/div><\/div><\/div><div class=\"swiper-slide\"><div class=\"fusion-carousel-item-wrapper\"><div class=\"fusion-image-wrapper hover-type-none\"><a data-rel=\"iLightbox[image_carousel_1]\" href=\"https:\/\/candorsweden.com\/wp-content\/uploads\/2017\/12\/Surface-treatment-line-Automatic-transporter-2.jpg\" target=\"_self\"><img decoding=\"async\" src=\"https:\/\/candorsweden.com\/wp-content\/uploads\/2017\/12\/Surface-treatment-line-Automatic-transporter-2.jpg\" alt=\"\"\/><\/a><\/div><\/div><\/div><\/div><\/div><\/div>\n<\/div><\/div><\/div><\/div><\/div><div class=\"fusion-clearfix\"><\/div><\/div><\/div><\/div><\/div><div class=\"fusion-fullwidth fullwidth-box fusion-builder-row-3 nonhundred-percent-fullwidth non-hundred-percent-height-scrolling section\" style=\"--awb-border-radius-top-left:0px;--awb-border-radius-top-right:0px;--awb-border-radius-bottom-right:0px;--awb-border-radius-bottom-left:0px;--awb-flex-wrap:wrap;\" ><div class=\"fusion-builder-row fusion-row\"><div class=\"fusion-layout-column fusion_builder_column fusion-builder-column-4 fusion_builder_column_1_1 1_1 fusion-one-full fusion-column-first fusion-column-last\" style=\"--awb-bg-size:cover;\"><div class=\"fusion-column-wrapper fusion-flex-column-wrapper-legacy\"><div class=\"fusion-title title fusion-title-2 fusion-sep-none fusion-title-text fusion-title-size-two\" style=\"--awb-margin-top-small:0px;--awb-margin-right-small:0px;--awb-margin-bottom-small:20px;--awb-margin-left-small:0px;\"><h2 class=\"fusion-title-heading title-heading-left\" style=\"margin:0;\">Vil du vide mere?<\/h2><\/div>\n<div class=\"content-card-wrapper clearfix\">\n\t<div class=\"contact-card-alternate\">\n\t\t<div class=\"border\" style=\"background-image: url(\/wp-content\/uploads\/2017\/11\/candor_kemi_pattern.png);\"><\/div>\n\t\t<div class=\"contact-content\">\n\t\t\t<h4>Kundeservice<\/h4>\n\t\t\t<p><\/p>\n\t\t\t<p><\/p>\n\t\t\t<p>+45 70 25 15 33<\/p>\n\t\t\t<p>candor@candordenmark.dk <\/p>\n\t\t<\/div> <!-- End contact content -->\n\t<\/div> <!-- End contact card -->\n\t<a class=\"all-contacts\" href=\"https:\/\/candorsweden.com\/da\/kontakta-oss\/\">\n\t\t<div class=\"contact-content\">\n\t\t\t<h4>Alle kontakter<\/h4>\n\t\t\t<p>Leder du efter en anden? Se alt personalet her.<\/p>\n\t\t<\/div>\n\t<\/a> <!-- end all contacts -->\n<\/div> <!-- end content card wrapper --><div class=\"fusion-alignright\"><a class=\"fusion-button button-3d fusion-button-default-size button-default fusion-button-default button-1 fusion-button-default-span fusion-button-default-type small\" target=\"_self\" href=\"\/kontakt\"><span class=\"fusion-button-text awb-button__text awb-button__text--default\">Flere kontaktoplysninger<\/span><\/a><\/div><div class=\"fusion-clearfix\"><\/div><\/div><\/div><div class=\"fusion-layout-column fusion_builder_column fusion-builder-column-5 fusion_builder_column_1_1 1_1 fusion-one-full fusion-column-first fusion-column-last\" style=\"--awb-bg-size:cover;\"><div class=\"fusion-column-wrapper fusion-flex-column-wrapper-legacy\"><div class=\"fusion-column-content-centered\"><div class=\"fusion-column-content\"><div class=\"fusion-title title fusion-title-3 fusion-sep-none fusion-title-text fusion-title-size-three\" style=\"--awb-margin-top-small:0px;--awb-margin-right-small:0px;--awb-margin-bottom-small:20px;--awb-margin-left-small:0px;\"><h3 class=\"fusion-title-heading title-heading-left\" style=\"margin:0;\">Se vores markedsomr\u00e5der<\/h3><\/div><\/div><\/div><div class=\"fusion-clearfix\"><\/div><\/div><\/div><div class=\"fusion-layout-column fusion_builder_column fusion-builder-column-6 fusion_builder_column_1_1 1_1 fusion-one-full fusion-column-first fusion-column-last\" style=\"--awb-bg-size:cover;\"><div class=\"fusion-column-wrapper fusion-flex-column-wrapper-legacy\"><div class=\"fusion-column-content-centered\"><div class=\"fusion-column-content\"><div>\n\t<a class=\"grid-item\" href=\"https:\/\/candorsweden.com\/da\/kemiske-processer\/\"><div class=\"grid-img\" style=\"background-image: url(https:\/\/candorsweden.com\/wp-content\/uploads\/2018\/02\/Labb-02-e1518094764497.jpg)\"><\/div><h4>Kemiske processer<\/h4><\/a><a class=\"grid-item\" href=\"https:\/\/candorsweden.com\/da\/metaller\/\"><div class=\"grid-img\" style=\"background-image: url(https:\/\/candorsweden.com\/wp-content\/uploads\/2018\/02\/Metaller-03-edit.jpg)\"><\/div><h4>Metaller<\/h4><\/a><a class=\"grid-item\" href=\"https:\/\/candorsweden.com\/da\/anlaeg\/\"><div class=\"grid-img\" style=\"background-image: url(https:\/\/candorsweden.com\/wp-content\/uploads\/2018\/01\/Surface-treatment-line.jpg)\"><\/div><h4>Anl\u00e6g<\/h4><\/a><\/div><\/div><\/div><div class=\"fusion-clearfix\"><\/div><\/div><\/div><\/div><\/div>\n<\/p>\n","protected":false},"excerpt":{"rendered":"","protected":false},"author":1,"featured_media":0,"parent":1819,"menu_order":7,"comment_status":"closed","ping_status":"closed","template":"templates\/child-page.php","meta":{"_acf_changed":false,"footnotes":""},"class_list":["post-1852","page","type-page","status-publish","hentry"],"acf":[],"yoast_head":"<!-- This site is optimized with the Yoast SEO plugin v27.3 - https:\/\/yoast.com\/product\/yoast-seo-wordpress\/ -->\n<title>Reservedele og tilbeh\u00f8r til overfladebehandling | Candor Sweden AB<\/title>\n<meta name=\"description\" content=\"Candor tilbyder et udvalg af reservedele og tilbeh\u00f8r til overfladebehandlingsanl\u00e6g. Hvad har du brug for til lige netop dit anl\u00e6g? Kontakt Gunnar \u00d6stholm p\u00e5 gunnar.ostholm@candorsweden.com, s\u00e5 hj\u00e6lper vi dig!\" \/>\n<meta name=\"robots\" content=\"index, follow, max-snippet:-1, max-image-preview:large, max-video-preview:-1\" \/>\n<link rel=\"canonical\" href=\"https:\/\/candorsweden.com\/da\/anlaeg\/reservedele\/\" \/>\n<meta property=\"og:locale\" content=\"da_DK\" \/>\n<meta property=\"og:type\" content=\"article\" \/>\n<meta property=\"og:title\" content=\"Reservedele og tilbeh\u00f8r til overfladebehandling | Candor Sweden AB\" \/>\n<meta property=\"og:description\" content=\"Candor tilbyder et udvalg af reservedele og tilbeh\u00f8r til overfladebehandlingsanl\u00e6g. Hvad har du brug for til lige netop dit anl\u00e6g? Kontakt Gunnar \u00d6stholm p\u00e5 gunnar.ostholm@candorsweden.com, s\u00e5 hj\u00e6lper vi dig!\" \/>\n<meta property=\"og:url\" content=\"https:\/\/candorsweden.com\/da\/anlaeg\/reservedele\/\" \/>\n<meta property=\"og:site_name\" content=\"Candor Sweden\" \/>\n<meta property=\"article:modified_time\" content=\"2018-11-16T10:30:20+00:00\" \/>\n<meta name=\"twitter:card\" content=\"summary_large_image\" \/>\n<meta name=\"twitter:label1\" content=\"Estimeret l\u00e6setid\" \/>\n\t<meta name=\"twitter:data1\" content=\"4 minutter\" \/>\n<script type=\"application\/ld+json\" class=\"yoast-schema-graph\">{\"@context\":\"https:\\\/\\\/schema.org\",\"@graph\":[{\"@type\":\"WebPage\",\"@id\":\"https:\\\/\\\/candorsweden.com\\\/da\\\/anlaeg\\\/reservedele\\\/\",\"url\":\"https:\\\/\\\/candorsweden.com\\\/da\\\/anlaeg\\\/reservedele\\\/\",\"name\":\"Reservedele og tilbeh\u00f8r til overfladebehandling | Candor Sweden AB\",\"isPartOf\":{\"@id\":\"https:\\\/\\\/candorsweden.com\\\/#website\"},\"datePublished\":\"2018-03-15T13:31:24+00:00\",\"dateModified\":\"2018-11-16T10:30:20+00:00\",\"description\":\"Candor tilbyder et udvalg af reservedele og tilbeh\u00f8r til overfladebehandlingsanl\u00e6g. Hvad har du brug for til lige netop dit anl\u00e6g? Kontakt Gunnar \u00d6stholm p\u00e5 gunnar.ostholm@candorsweden.com, s\u00e5 hj\u00e6lper vi dig!\",\"breadcrumb\":{\"@id\":\"https:\\\/\\\/candorsweden.com\\\/da\\\/anlaeg\\\/reservedele\\\/#breadcrumb\"},\"inLanguage\":\"da-DK\",\"potentialAction\":[{\"@type\":\"ReadAction\",\"target\":[\"https:\\\/\\\/candorsweden.com\\\/da\\\/anlaeg\\\/reservedele\\\/\"]}]},{\"@type\":\"BreadcrumbList\",\"@id\":\"https:\\\/\\\/candorsweden.com\\\/da\\\/anlaeg\\\/reservedele\\\/#breadcrumb\",\"itemListElement\":[{\"@type\":\"ListItem\",\"position\":1,\"name\":\"Hem\",\"item\":\"https:\\\/\\\/candorsweden.com\\\/da\\\/\"},{\"@type\":\"ListItem\",\"position\":2,\"name\":\"Anl\u00e6g\",\"item\":\"https:\\\/\\\/candorsweden.com\\\/da\\\/anlaeg\\\/\"},{\"@type\":\"ListItem\",\"position\":3,\"name\":\"Reservedele\"}]},{\"@type\":\"WebSite\",\"@id\":\"https:\\\/\\\/candorsweden.com\\\/#website\",\"url\":\"https:\\\/\\\/candorsweden.com\\\/\",\"name\":\"Candor Sweden\",\"description\":\"Chemical processes and equipment for surface treatment technology.\",\"potentialAction\":[{\"@type\":\"SearchAction\",\"target\":{\"@type\":\"EntryPoint\",\"urlTemplate\":\"https:\\\/\\\/candorsweden.com\\\/?s={search_term_string}\"},\"query-input\":{\"@type\":\"PropertyValueSpecification\",\"valueRequired\":true,\"valueName\":\"search_term_string\"}}],\"inLanguage\":\"da-DK\"}]}<\/script>\n<!-- \/ Yoast SEO plugin. -->","yoast_head_json":{"title":"Reservedele og tilbeh\u00f8r til overfladebehandling | Candor Sweden AB","description":"Candor tilbyder et udvalg af reservedele og tilbeh\u00f8r til overfladebehandlingsanl\u00e6g. Hvad har du brug for til lige netop dit anl\u00e6g? Kontakt Gunnar \u00d6stholm p\u00e5 gunnar.ostholm@candorsweden.com, s\u00e5 hj\u00e6lper vi dig!","robots":{"index":"index","follow":"follow","max-snippet":"max-snippet:-1","max-image-preview":"max-image-preview:large","max-video-preview":"max-video-preview:-1"},"canonical":"https:\/\/candorsweden.com\/da\/anlaeg\/reservedele\/","og_locale":"da_DK","og_type":"article","og_title":"Reservedele og tilbeh\u00f8r til overfladebehandling | Candor Sweden AB","og_description":"Candor tilbyder et udvalg af reservedele og tilbeh\u00f8r til overfladebehandlingsanl\u00e6g. Hvad har du brug for til lige netop dit anl\u00e6g? Kontakt Gunnar \u00d6stholm p\u00e5 gunnar.ostholm@candorsweden.com, s\u00e5 hj\u00e6lper vi dig!","og_url":"https:\/\/candorsweden.com\/da\/anlaeg\/reservedele\/","og_site_name":"Candor Sweden","article_modified_time":"2018-11-16T10:30:20+00:00","twitter_card":"summary_large_image","twitter_misc":{"Estimeret l\u00e6setid":"4 minutter"},"schema":{"@context":"https:\/\/schema.org","@graph":[{"@type":"WebPage","@id":"https:\/\/candorsweden.com\/da\/anlaeg\/reservedele\/","url":"https:\/\/candorsweden.com\/da\/anlaeg\/reservedele\/","name":"Reservedele og tilbeh\u00f8r til overfladebehandling | Candor Sweden AB","isPartOf":{"@id":"https:\/\/candorsweden.com\/#website"},"datePublished":"2018-03-15T13:31:24+00:00","dateModified":"2018-11-16T10:30:20+00:00","description":"Candor tilbyder et udvalg af reservedele og tilbeh\u00f8r til overfladebehandlingsanl\u00e6g. Hvad har du brug for til lige netop dit anl\u00e6g? Kontakt Gunnar \u00d6stholm p\u00e5 gunnar.ostholm@candorsweden.com, s\u00e5 hj\u00e6lper vi dig!","breadcrumb":{"@id":"https:\/\/candorsweden.com\/da\/anlaeg\/reservedele\/#breadcrumb"},"inLanguage":"da-DK","potentialAction":[{"@type":"ReadAction","target":["https:\/\/candorsweden.com\/da\/anlaeg\/reservedele\/"]}]},{"@type":"BreadcrumbList","@id":"https:\/\/candorsweden.com\/da\/anlaeg\/reservedele\/#breadcrumb","itemListElement":[{"@type":"ListItem","position":1,"name":"Hem","item":"https:\/\/candorsweden.com\/da\/"},{"@type":"ListItem","position":2,"name":"Anl\u00e6g","item":"https:\/\/candorsweden.com\/da\/anlaeg\/"},{"@type":"ListItem","position":3,"name":"Reservedele"}]},{"@type":"WebSite","@id":"https:\/\/candorsweden.com\/#website","url":"https:\/\/candorsweden.com\/","name":"Candor Sweden","description":"Chemical processes and equipment for surface treatment technology.","potentialAction":[{"@type":"SearchAction","target":{"@type":"EntryPoint","urlTemplate":"https:\/\/candorsweden.com\/?s={search_term_string}"},"query-input":{"@type":"PropertyValueSpecification","valueRequired":true,"valueName":"search_term_string"}}],"inLanguage":"da-DK"}]}},"_links":{"self":[{"href":"https:\/\/candorsweden.com\/da\/wp-json\/wp\/v2\/pages\/1852","targetHints":{"allow":["GET"]}}],"collection":[{"href":"https:\/\/candorsweden.com\/da\/wp-json\/wp\/v2\/pages"}],"about":[{"href":"https:\/\/candorsweden.com\/da\/wp-json\/wp\/v2\/types\/page"}],"author":[{"embeddable":true,"href":"https:\/\/candorsweden.com\/da\/wp-json\/wp\/v2\/users\/1"}],"replies":[{"embeddable":true,"href":"https:\/\/candorsweden.com\/da\/wp-json\/wp\/v2\/comments?post=1852"}],"version-history":[{"count":5,"href":"https:\/\/candorsweden.com\/da\/wp-json\/wp\/v2\/pages\/1852\/revisions"}],"predecessor-version":[{"id":4942,"href":"https:\/\/candorsweden.com\/da\/wp-json\/wp\/v2\/pages\/1852\/revisions\/4942"}],"up":[{"embeddable":true,"href":"https:\/\/candorsweden.com\/da\/wp-json\/wp\/v2\/pages\/1819"}],"wp:attachment":[{"href":"https:\/\/candorsweden.com\/da\/wp-json\/wp\/v2\/media?parent=1852"}],"curies":[{"name":"wp","href":"https:\/\/api.w.org\/{rel}","templated":true}]}}