{"id":1836,"date":"2018-03-15T14:09:56","date_gmt":"2018-03-15T13:09:56","guid":{"rendered":"https:\/\/candorsweden.com\/?page_id=1836"},"modified":"2018-11-16T11:29:09","modified_gmt":"2018-11-16T10:29:09","slug":"beklaedning-af-tromle-og-haengegods","status":"publish","type":"page","link":"https:\/\/candorsweden.com\/da\/anlaeg\/beklaedning-af-tromle-og-haengegods\/","title":{"rendered":"Bekl\u00e6dning af tromle- og h\u00e6ngegods"},"content":{"rendered":"<p><div class=\"fusion-fullwidth fullwidth-box fusion-builder-row-1 underundersida-cont nonhundred-percent-fullwidth non-hundred-percent-height-scrolling\" style=\"--awb-border-radius-top-left:0px;--awb-border-radius-top-right:0px;--awb-border-radius-bottom-right:0px;--awb-border-radius-bottom-left:0px;--awb-flex-wrap:wrap;\" ><div class=\"fusion-builder-row fusion-row\"><div class=\"fusion-layout-column fusion_builder_column fusion-builder-column-0 fusion_builder_column_1_1 1_1 fusion-one-full fusion-column-first fusion-column-last\" style=\"--awb-bg-size:cover;\"><div class=\"fusion-column-wrapper fusion-flex-column-wrapper-legacy\"><div class=\"fusion-title title fusion-title-1 fusion-sep-none fusion-title-text fusion-title-size-one\"><h1 class=\"fusion-title-heading title-heading-left\" style=\"margin:0;\">Bekl\u00e6dning af tromle- og h\u00e6ngegods.<\/h1><\/div><div class=\"fusion-text fusion-text-1\"><p>Candor udvikler og fremstiller anl\u00e6g til overfladebehandling af gods p\u00e5 h\u00e6ngere og i tromler.<\/p>\n<\/div><div class=\"fusion-text fusion-text-2\"><p>Anl\u00e6ggene er forsynet med avancerede styre- og kontrolsystemer med automatiske transport\u00f8rer, CandoVENT-system med automatiske l\u00e5se og udluftning indbygget i tranport\u00f8ren. Skylningen og forbehandlingen er konstrueret med henblik p\u00e5 det laveste vand- og kemikalieforbrug.<\/p>\n<p>Disse anl\u00e6g kan hovedsageligt opdeles i f\u00f8lgende forskellige kategorier:<\/p>\n<\/div><div class=\"fusion-text fusion-text-3\"><ul>\n<li>Anodisering\/Eloxering af aluminium.<\/li>\n<li>H\u00e5rdanodisering.<\/li>\n<li>Bejdsning.<\/li>\n<li>Elektrolytisk plettering.<\/li>\n<li>E-CLPS-bel\u00e6gning.<\/li>\n<li>Fosfatering.<\/li>\n<li>Elektrolytisk polering.<\/li>\n<li>Passivering.<\/li>\n<\/ul>\n<\/div><div class=\"accordian fusion-accordian image-toggle\" style=\"--awb-border-size:1px;--awb-icon-size:13px;--awb-content-font-size:16px;--awb-icon-alignment:left;--awb-hover-color:#f9f9f9;--awb-border-color:#cccccc;--awb-background-color:#ffffff;--awb-divider-color:#e0dede;--awb-divider-hover-color:#e0dede;--awb-icon-color:#fce123;--awb-title-color:#333333;--awb-content-color:#000000;--awb-icon-box-color:#ffffff;--awb-toggle-hover-accent-color:#304ffe;--awb-title-font-family:&quot;Poppins&quot;;--awb-title-font-weight:700;--awb-title-font-style:normal;--awb-title-font-size:16px;--awb-title-line-height:1.5;--awb-content-font-family:&quot;Inconsolata&quot;;--awb-content-font-style:normal;--awb-content-font-weight:400;\"><div class=\"panel-group fusion-toggle-icon-boxed\" id=\"accordion-1836-1\"><div class=\"fusion-panel panel-default panel-9f6457d439ee94848 fusion-toggle-no-divider\"><div class=\"panel-heading\"><h4 class=\"panel-title toggle\" id=\"toggle_9f6457d439ee94848\"><a aria-expanded=\"false\" aria-controls=\"9f6457d439ee94848\" role=\"button\" data-toggle=\"collapse\" data-parent=\"#accordion-1836-1\" data-target=\"#9f6457d439ee94848\" href=\"#9f6457d439ee94848\"><span class=\"fusion-toggle-icon-wrapper\" aria-hidden=\"true\"><i class=\"fa-fusion-box active-icon awb-icon-minus\" aria-hidden=\"true\"><\/i><i class=\"fa-fusion-box inactive-icon awb-icon-plus\" aria-hidden=\"true\"><\/i><\/span><span class=\"fusion-toggle-heading\">Billedeksempler<\/span><\/a><\/h4><\/div><div id=\"9f6457d439ee94848\" class=\"panel-collapse collapse \" aria-labelledby=\"toggle_9f6457d439ee94848\"><div class=\"panel-body toggle-content fusion-clearfix\">&lt;p&gt;<div class=\"fusion-image-carousel fusion-image-carousel-auto fusion-image-carousel-1 lightbox-enabled\"><div class=\"awb-carousel awb-swiper awb-swiper-carousel awb-swiper-dots-position-bottom awb-carousel--carousel\" data-layout=\"carousel\" data-autoplay=\"no\" data-autoplayspeed=\"2500\" data-autoplaypause=\"no\" data-columns=\"1\" data-itemmargin=\"0\" data-itemwidth=\"180\" data-touchscroll=\"no\" data-freemode=\"no\" data-imagesize=\"auto\" data-scrollitems=\"0\" data-centeredslides=\"no\" data-rotationangle=\"50\" data-depth=\"100\" data-speed=\"500\" data-shadow=\"no\" style=\"--awb-columns:1;--awb-column-spacing:0px;\"><div class=\"swiper-wrapper awb-image-carousel-wrapper fusion-flex-align-items-center\"><div class=\"swiper-slide\"><div class=\"fusion-carousel-item-wrapper\"><div class=\"fusion-image-wrapper hover-type-zoomin\"><a data-rel=\"iLightbox[image_carousel_1]\" href=\"https:\/\/candorsweden.com\/wp-content\/uploads\/2017\/12\/Surface-treatment-line-Automatic-transporter-2.jpg\" target=\"_self\"><img decoding=\"async\" src=\"https:\/\/candorsweden.com\/wp-content\/uploads\/2017\/12\/Surface-treatment-line-Automatic-transporter-2.jpg\" alt=\"\"\/><\/a><\/div><\/div><\/div><div class=\"swiper-slide\"><div class=\"fusion-carousel-item-wrapper\"><div class=\"fusion-image-wrapper hover-type-zoomin\"><a data-rel=\"iLightbox[image_carousel_1]\" data-title=\"Surface-treatment-line\" aria-label=\"Surface-treatment-line\" href=\"https:\/\/candorsweden.com\/wp-content\/uploads\/2018\/01\/Surface-treatment-line.jpg\" target=\"_self\"><img decoding=\"async\" width=\"1000\" height=\"592\" src=\"https:\/\/candorsweden.com\/wp-content\/uploads\/2018\/01\/Surface-treatment-line.jpg\" class=\"attachment-full size-full\" alt=\"\" srcset=\"https:\/\/candorsweden.com\/wp-content\/uploads\/2018\/01\/Surface-treatment-line-200x118.jpg 200w, https:\/\/candorsweden.com\/wp-content\/uploads\/2018\/01\/Surface-treatment-line-300x178.jpg 300w, https:\/\/candorsweden.com\/wp-content\/uploads\/2018\/01\/Surface-treatment-line-400x237.jpg 400w, https:\/\/candorsweden.com\/wp-content\/uploads\/2018\/01\/Surface-treatment-line-600x355.jpg 600w, https:\/\/candorsweden.com\/wp-content\/uploads\/2018\/01\/Surface-treatment-line-768x455.jpg 768w, https:\/\/candorsweden.com\/wp-content\/uploads\/2018\/01\/Surface-treatment-line-800x474.jpg 800w, https:\/\/candorsweden.com\/wp-content\/uploads\/2018\/01\/Surface-treatment-line.jpg 1000w\" sizes=\"(max-width: 1000px) 100vw, 1000px\" \/><\/a><\/div><\/div><\/div><div class=\"swiper-slide\"><div class=\"fusion-carousel-item-wrapper\"><div class=\"fusion-image-wrapper hover-type-zoomin\"><a data-rel=\"iLightbox[image_carousel_1]\" data-title=\"Surface-treatment-line-Automatic-transporter\" aria-label=\"Surface-treatment-line-Automatic-transporter\" href=\"https:\/\/candorsweden.com\/wp-content\/uploads\/2018\/01\/Surface-treatment-line-Automatic-transporter.jpg\" target=\"_self\"><img decoding=\"async\" width=\"1000\" height=\"667\" src=\"https:\/\/candorsweden.com\/wp-content\/uploads\/2018\/01\/Surface-treatment-line-Automatic-transporter.jpg\" class=\"attachment-full size-full\" alt=\"\" srcset=\"https:\/\/candorsweden.com\/wp-content\/uploads\/2018\/01\/Surface-treatment-line-Automatic-transporter-200x133.jpg 200w, https:\/\/candorsweden.com\/wp-content\/uploads\/2018\/01\/Surface-treatment-line-Automatic-transporter-300x200.jpg 300w, https:\/\/candorsweden.com\/wp-content\/uploads\/2018\/01\/Surface-treatment-line-Automatic-transporter-400x267.jpg 400w, https:\/\/candorsweden.com\/wp-content\/uploads\/2018\/01\/Surface-treatment-line-Automatic-transporter-600x400.jpg 600w, https:\/\/candorsweden.com\/wp-content\/uploads\/2018\/01\/Surface-treatment-line-Automatic-transporter-768x512.jpg 768w, https:\/\/candorsweden.com\/wp-content\/uploads\/2018\/01\/Surface-treatment-line-Automatic-transporter-800x534.jpg 800w, https:\/\/candorsweden.com\/wp-content\/uploads\/2018\/01\/Surface-treatment-line-Automatic-transporter.jpg 1000w\" sizes=\"(max-width: 1000px) 100vw, 1000px\" \/><\/a><\/div><\/div><\/div><div class=\"swiper-slide\"><div class=\"fusion-carousel-item-wrapper\"><div class=\"fusion-image-wrapper hover-type-zoomin\"><a data-rel=\"iLightbox[image_carousel_1]\" data-title=\"Surface-treatment-line-Anodizing\" aria-label=\"Surface-treatment-line-Anodizing\" href=\"https:\/\/candorsweden.com\/wp-content\/uploads\/2018\/01\/Surface-treatment-line-Anodizing.jpg\" target=\"_self\"><img decoding=\"async\" width=\"1000\" height=\"453\" src=\"https:\/\/candorsweden.com\/wp-content\/uploads\/2018\/01\/Surface-treatment-line-Anodizing.jpg\" class=\"attachment-full size-full\" alt=\"\" srcset=\"https:\/\/candorsweden.com\/wp-content\/uploads\/2018\/01\/Surface-treatment-line-Anodizing-200x91.jpg 200w, https:\/\/candorsweden.com\/wp-content\/uploads\/2018\/01\/Surface-treatment-line-Anodizing-300x136.jpg 300w, https:\/\/candorsweden.com\/wp-content\/uploads\/2018\/01\/Surface-treatment-line-Anodizing-400x181.jpg 400w, https:\/\/candorsweden.com\/wp-content\/uploads\/2018\/01\/Surface-treatment-line-Anodizing-600x272.jpg 600w, https:\/\/candorsweden.com\/wp-content\/uploads\/2018\/01\/Surface-treatment-line-Anodizing-768x348.jpg 768w, https:\/\/candorsweden.com\/wp-content\/uploads\/2018\/01\/Surface-treatment-line-Anodizing-800x362.jpg 800w, https:\/\/candorsweden.com\/wp-content\/uploads\/2018\/01\/Surface-treatment-line-Anodizing.jpg 1000w\" sizes=\"(max-width: 1000px) 100vw, 1000px\" \/><\/a><\/div><\/div><\/div><\/div><div class=\"awb-swiper-button awb-swiper-button-prev\"><i class=\"awb-icon-angle-left\" aria-hidden=\"true\"><\/i><\/div><div class=\"awb-swiper-button awb-swiper-button-next\"><i class=\"awb-icon-angle-right\" aria-hidden=\"true\"><\/i><\/div><\/div><\/div>&lt;\/p&gt;<\/div><\/div><\/div><\/div><\/div><div class=\"fusion-clearfix\"><\/div><\/div><\/div><\/div><\/div><div class=\"fusion-fullwidth fullwidth-box fusion-builder-row-2 section nonhundred-percent-fullwidth non-hundred-percent-height-scrolling\" style=\"--awb-border-radius-top-left:0px;--awb-border-radius-top-right:0px;--awb-border-radius-bottom-right:0px;--awb-border-radius-bottom-left:0px;--awb-flex-wrap:wrap;\" ><div class=\"fusion-builder-row fusion-row\"><div class=\"fusion-layout-column fusion_builder_column fusion-builder-column-1 fusion_builder_column_1_1 1_1 fusion-one-full fusion-column-first fusion-column-last\" style=\"--awb-bg-size:cover;\"><div class=\"fusion-column-wrapper fusion-flex-column-wrapper-legacy\"><div class=\"fusion-title title fusion-title-2 fusion-sep-none fusion-title-text fusion-title-size-two\"><h2 class=\"fusion-title-heading title-heading-left\" style=\"margin:0;\">Vil du vide mere?<\/h2><\/div>\n<div class=\"content-card-wrapper clearfix\">\n\t<div class=\"contact-card-alternate\">\n\t\t<div class=\"border\" style=\"background-image: url(\/wp-content\/uploads\/2017\/11\/candor_kemi_pattern.png);\"><\/div>\n\t\t<div class=\"contact-content\">\n\t\t\t<h4>Kundeservice<\/h4>\n\t\t\t<p><\/p>\n\t\t\t<p><\/p>\n\t\t\t<p>+45 70 25 15 33<\/p>\n\t\t\t<p>candor@candordenmark.dk <\/p>\n\t\t<\/div> <!-- End contact content -->\n\t<\/div> <!-- End contact card -->\n\t<a class=\"all-contacts\" href=\"\/sv\/kontakta-oss\">\n\t\t<div class=\"contact-content\">\n\t\t\t<h4>Alle kontakter<\/h4>\n\t\t\t<p>Leder du efter en anden? Se alt personalet her.<\/p>\n\t\t<\/div>\n\t<\/a> <!-- end all contacts -->\n<\/div> <!-- end content card wrapper --><div class=\"fusion-alignright\"><a class=\"fusion-button button-3d fusion-button-default-size button-default fusion-button-default button-1 fusion-button-default-span fusion-button-default-type small\" target=\"_self\" href=\"\/kontakt\"><span class=\"fusion-button-text awb-button__text awb-button__text--default\">Flere kontaktoplysninger<\/span><\/a><\/div><div class=\"fusion-clearfix\"><\/div><\/div><\/div><div class=\"fusion-layout-column fusion_builder_column fusion-builder-column-2 fusion_builder_column_1_1 1_1 fusion-one-full fusion-column-first fusion-column-last\" style=\"--awb-bg-size:cover;\"><div class=\"fusion-column-wrapper fusion-flex-column-wrapper-legacy\"><div class=\"fusion-column-content-centered\"><div class=\"fusion-column-content\"><div class=\"fusion-title title fusion-title-3 fusion-sep-none fusion-title-text fusion-title-size-three\"><h3 class=\"fusion-title-heading title-heading-left\" style=\"margin:0;\">Se vores markedsomr\u00e5der<\/h3><\/div><\/div><\/div><div class=\"fusion-clearfix\"><\/div><\/div><\/div><div class=\"fusion-layout-column fusion_builder_column fusion-builder-column-3 fusion_builder_column_1_1 1_1 fusion-one-full fusion-column-first fusion-column-last\" style=\"--awb-bg-size:cover;\"><div class=\"fusion-column-wrapper fusion-flex-column-wrapper-legacy\"><div class=\"fusion-column-content-centered\"><div class=\"fusion-column-content\"><div>\n\t<a class=\"grid-item\" href=\"https:\/\/candorsweden.com\/da\/kemiske-processer\/\"><div class=\"grid-img\" style=\"background-image: url(https:\/\/candorsweden.com\/wp-content\/uploads\/2018\/02\/Labb-02-e1518094764497.jpg)\"><\/div><h4>Kemiske processer<\/h4><\/a><a class=\"grid-item\" href=\"https:\/\/candorsweden.com\/da\/metaller\/\"><div class=\"grid-img\" style=\"background-image: url(https:\/\/candorsweden.com\/wp-content\/uploads\/2018\/02\/Metaller-03-edit.jpg)\"><\/div><h4>Metaller<\/h4><\/a><a class=\"grid-item\" href=\"https:\/\/candorsweden.com\/da\/anlaeg\/\"><div class=\"grid-img\" style=\"background-image: url(https:\/\/candorsweden.com\/wp-content\/uploads\/2018\/01\/Surface-treatment-line.jpg)\"><\/div><h4>Anl\u00e6g<\/h4><\/a><\/div><\/div><\/div><div class=\"fusion-clearfix\"><\/div><\/div><\/div><\/div><\/div>\n<\/p>\n","protected":false},"excerpt":{"rendered":"","protected":false},"author":1,"featured_media":0,"parent":1819,"menu_order":1,"comment_status":"closed","ping_status":"closed","template":"templates\/child-page.php","meta":{"_acf_changed":false,"footnotes":""},"class_list":["post-1836","page","type-page","status-publish","hentry"],"acf":[],"yoast_head":"<!-- This site is optimized with the Yoast SEO plugin v25.3 - https:\/\/yoast.com\/wordpress\/plugins\/seo\/ -->\n<title>Anl\u00e6g \u2013 Tromle- og oph\u00e6ngslinjer | Candor Sweden AB<\/title>\n<meta name=\"description\" content=\"Candor udvikler og fremstiller anl\u00e6g til overfladebehandling af gods p\u00e5 oph\u00e6ng og i tromle. L\u00e6s mere om anl\u00e6ggene her, eller kontakt john.lindh@candorsweden.com for mere information.\" \/>\n<meta name=\"robots\" content=\"index, follow, max-snippet:-1, max-image-preview:large, max-video-preview:-1\" \/>\n<link rel=\"canonical\" href=\"https:\/\/candorsweden.com\/da\/anlaeg\/beklaedning-af-tromle-og-haengegods\/\" \/>\n<meta property=\"og:locale\" content=\"da_DK\" \/>\n<meta property=\"og:type\" content=\"article\" \/>\n<meta property=\"og:title\" content=\"Anl\u00e6g \u2013 Tromle- og oph\u00e6ngslinjer | Candor Sweden AB\" \/>\n<meta property=\"og:description\" content=\"Candor udvikler og fremstiller anl\u00e6g til overfladebehandling af gods p\u00e5 oph\u00e6ng og i tromle. L\u00e6s mere om anl\u00e6ggene her, eller kontakt john.lindh@candorsweden.com for mere information.\" \/>\n<meta property=\"og:url\" content=\"https:\/\/candorsweden.com\/da\/anlaeg\/beklaedning-af-tromle-og-haengegods\/\" \/>\n<meta property=\"og:site_name\" content=\"Candor Sweden\" \/>\n<meta property=\"article:modified_time\" content=\"2018-11-16T10:29:09+00:00\" \/>\n<meta name=\"twitter:card\" content=\"summary_large_image\" \/>\n<meta name=\"twitter:label1\" content=\"Estimeret l\u00e6setid\" \/>\n\t<meta name=\"twitter:data1\" content=\"2 minutter\" \/>\n<script type=\"application\/ld+json\" class=\"yoast-schema-graph\">{\"@context\":\"https:\/\/schema.org\",\"@graph\":[{\"@type\":\"WebPage\",\"@id\":\"https:\/\/candorsweden.com\/da\/anlaeg\/beklaedning-af-tromle-og-haengegods\/\",\"url\":\"https:\/\/candorsweden.com\/da\/anlaeg\/beklaedning-af-tromle-og-haengegods\/\",\"name\":\"Anl\u00e6g \u2013 Tromle- og oph\u00e6ngslinjer | Candor Sweden AB\",\"isPartOf\":{\"@id\":\"https:\/\/candorsweden.com\/#website\"},\"datePublished\":\"2018-03-15T13:09:56+00:00\",\"dateModified\":\"2018-11-16T10:29:09+00:00\",\"description\":\"Candor udvikler og fremstiller anl\u00e6g til overfladebehandling af gods p\u00e5 oph\u00e6ng og i tromle. L\u00e6s mere om anl\u00e6ggene her, eller kontakt john.lindh@candorsweden.com for mere information.\",\"breadcrumb\":{\"@id\":\"https:\/\/candorsweden.com\/da\/anlaeg\/beklaedning-af-tromle-og-haengegods\/#breadcrumb\"},\"inLanguage\":\"da-DK\",\"potentialAction\":[{\"@type\":\"ReadAction\",\"target\":[\"https:\/\/candorsweden.com\/da\/anlaeg\/beklaedning-af-tromle-og-haengegods\/\"]}]},{\"@type\":\"BreadcrumbList\",\"@id\":\"https:\/\/candorsweden.com\/da\/anlaeg\/beklaedning-af-tromle-og-haengegods\/#breadcrumb\",\"itemListElement\":[{\"@type\":\"ListItem\",\"position\":1,\"name\":\"Hem\",\"item\":\"https:\/\/candorsweden.com\/da\/\"},{\"@type\":\"ListItem\",\"position\":2,\"name\":\"Anl\u00e6g\",\"item\":\"https:\/\/candorsweden.com\/da\/anlaeg\/\"},{\"@type\":\"ListItem\",\"position\":3,\"name\":\"Bekl\u00e6dning af tromle- og h\u00e6ngegods\"}]},{\"@type\":\"WebSite\",\"@id\":\"https:\/\/candorsweden.com\/#website\",\"url\":\"https:\/\/candorsweden.com\/\",\"name\":\"Candor Sweden\",\"description\":\"Chemical processes and equipment for surface treatment technology.\",\"potentialAction\":[{\"@type\":\"SearchAction\",\"target\":{\"@type\":\"EntryPoint\",\"urlTemplate\":\"https:\/\/candorsweden.com\/?s={search_term_string}\"},\"query-input\":{\"@type\":\"PropertyValueSpecification\",\"valueRequired\":true,\"valueName\":\"search_term_string\"}}],\"inLanguage\":\"da-DK\"}]}<\/script>\n<!-- \/ Yoast SEO plugin. -->","yoast_head_json":{"title":"Anl\u00e6g \u2013 Tromle- og oph\u00e6ngslinjer | Candor Sweden AB","description":"Candor udvikler og fremstiller anl\u00e6g til overfladebehandling af gods p\u00e5 oph\u00e6ng og i tromle. L\u00e6s mere om anl\u00e6ggene her, eller kontakt john.lindh@candorsweden.com for mere information.","robots":{"index":"index","follow":"follow","max-snippet":"max-snippet:-1","max-image-preview":"max-image-preview:large","max-video-preview":"max-video-preview:-1"},"canonical":"https:\/\/candorsweden.com\/da\/anlaeg\/beklaedning-af-tromle-og-haengegods\/","og_locale":"da_DK","og_type":"article","og_title":"Anl\u00e6g \u2013 Tromle- og oph\u00e6ngslinjer | Candor Sweden AB","og_description":"Candor udvikler og fremstiller anl\u00e6g til overfladebehandling af gods p\u00e5 oph\u00e6ng og i tromle. L\u00e6s mere om anl\u00e6ggene her, eller kontakt john.lindh@candorsweden.com for mere information.","og_url":"https:\/\/candorsweden.com\/da\/anlaeg\/beklaedning-af-tromle-og-haengegods\/","og_site_name":"Candor Sweden","article_modified_time":"2018-11-16T10:29:09+00:00","twitter_card":"summary_large_image","twitter_misc":{"Estimeret l\u00e6setid":"2 minutter"},"schema":{"@context":"https:\/\/schema.org","@graph":[{"@type":"WebPage","@id":"https:\/\/candorsweden.com\/da\/anlaeg\/beklaedning-af-tromle-og-haengegods\/","url":"https:\/\/candorsweden.com\/da\/anlaeg\/beklaedning-af-tromle-og-haengegods\/","name":"Anl\u00e6g \u2013 Tromle- og oph\u00e6ngslinjer | Candor Sweden AB","isPartOf":{"@id":"https:\/\/candorsweden.com\/#website"},"datePublished":"2018-03-15T13:09:56+00:00","dateModified":"2018-11-16T10:29:09+00:00","description":"Candor udvikler og fremstiller anl\u00e6g til overfladebehandling af gods p\u00e5 oph\u00e6ng og i tromle. L\u00e6s mere om anl\u00e6ggene her, eller kontakt john.lindh@candorsweden.com for mere information.","breadcrumb":{"@id":"https:\/\/candorsweden.com\/da\/anlaeg\/beklaedning-af-tromle-og-haengegods\/#breadcrumb"},"inLanguage":"da-DK","potentialAction":[{"@type":"ReadAction","target":["https:\/\/candorsweden.com\/da\/anlaeg\/beklaedning-af-tromle-og-haengegods\/"]}]},{"@type":"BreadcrumbList","@id":"https:\/\/candorsweden.com\/da\/anlaeg\/beklaedning-af-tromle-og-haengegods\/#breadcrumb","itemListElement":[{"@type":"ListItem","position":1,"name":"Hem","item":"https:\/\/candorsweden.com\/da\/"},{"@type":"ListItem","position":2,"name":"Anl\u00e6g","item":"https:\/\/candorsweden.com\/da\/anlaeg\/"},{"@type":"ListItem","position":3,"name":"Bekl\u00e6dning af tromle- og h\u00e6ngegods"}]},{"@type":"WebSite","@id":"https:\/\/candorsweden.com\/#website","url":"https:\/\/candorsweden.com\/","name":"Candor Sweden","description":"Chemical processes and equipment for surface treatment technology.","potentialAction":[{"@type":"SearchAction","target":{"@type":"EntryPoint","urlTemplate":"https:\/\/candorsweden.com\/?s={search_term_string}"},"query-input":{"@type":"PropertyValueSpecification","valueRequired":true,"valueName":"search_term_string"}}],"inLanguage":"da-DK"}]}},"_links":{"self":[{"href":"https:\/\/candorsweden.com\/da\/wp-json\/wp\/v2\/pages\/1836","targetHints":{"allow":["GET"]}}],"collection":[{"href":"https:\/\/candorsweden.com\/da\/wp-json\/wp\/v2\/pages"}],"about":[{"href":"https:\/\/candorsweden.com\/da\/wp-json\/wp\/v2\/types\/page"}],"author":[{"embeddable":true,"href":"https:\/\/candorsweden.com\/da\/wp-json\/wp\/v2\/users\/1"}],"replies":[{"embeddable":true,"href":"https:\/\/candorsweden.com\/da\/wp-json\/wp\/v2\/comments?post=1836"}],"version-history":[{"count":5,"href":"https:\/\/candorsweden.com\/da\/wp-json\/wp\/v2\/pages\/1836\/revisions"}],"predecessor-version":[{"id":4927,"href":"https:\/\/candorsweden.com\/da\/wp-json\/wp\/v2\/pages\/1836\/revisions\/4927"}],"up":[{"embeddable":true,"href":"https:\/\/candorsweden.com\/da\/wp-json\/wp\/v2\/pages\/1819"}],"wp:attachment":[{"href":"https:\/\/candorsweden.com\/da\/wp-json\/wp\/v2\/media?parent=1836"}],"curies":[{"name":"wp","href":"https:\/\/api.w.org\/{rel}","templated":true}]}}