{"id":1819,"date":"2018-03-15T13:55:43","date_gmt":"2018-03-15T12:55:43","guid":{"rendered":"https:\/\/candorsweden.com\/?page_id=1819"},"modified":"2024-05-02T08:45:00","modified_gmt":"2024-05-02T06:45:00","slug":"anlaeg","status":"publish","type":"page","link":"https:\/\/candorsweden.com\/da\/anlaeg\/","title":{"rendered":"Anl\u00e6g"},"content":{"rendered":"<p><div class=\"fusion-fullwidth fullwidth-box fusion-builder-row-1 nonhundred-percent-fullwidth non-hundred-percent-height-scrolling section\" style=\"--awb-border-radius-top-left:0px;--awb-border-radius-top-right:0px;--awb-border-radius-bottom-right:0px;--awb-border-radius-bottom-left:0px;--awb-flex-wrap:wrap;\" ><div class=\"fusion-builder-row fusion-row\"><div class=\"fusion-layout-column fusion_builder_column fusion-builder-column-0 fusion_builder_column_1_1 1_1 fusion-one-full fusion-column-first fusion-column-last\" style=\"--awb-bg-size:cover;\"><div class=\"fusion-column-wrapper fusion-flex-column-wrapper-legacy\"><div class=\"fusion-title title fusion-title-1 fusion-sep-none fusion-title-text fusion-title-size-one\" style=\"--awb-margin-top-small:0px;--awb-margin-right-small:0px;--awb-margin-bottom-small:20px;--awb-margin-left-small:0px;\"><h1 class=\"fusion-title-heading title-heading-left\" style=\"margin:0;\">Anl\u00e6g til overfladebehandling.<\/h1><\/div><div class=\"fusion-text fusion-text-1\"><p>Candor udvikler og fremstiller anl\u00e6g til kontinuerlig overfladebehandling af tr\u00e5d og b\u00e5nd, konventionel overfladebehandling og vandrensning.<\/p>\n<\/div><div class=\"fusion-button-wrapper\"><a class=\"fusion-button button-3d fusion-button-default-size button-default fusion-button-default button-1 fusion-button-default-span fusion-button-default-type\" target=\"_self\" href=\"https:\/\/candorsweden.com\/da\/document\/candor-catalogue\/\"><span class=\"fusion-button-text awb-button__text awb-button__text--default\">Produkt- og informationskatalog<\/span><\/a><\/div><br><br><div class=\"fusion-button-wrapper\"><a class=\"fusion-button button-3d fusion-button-default-size button-default fusion-button-default button-2 fusion-button-default-span fusion-button-default-type\" target=\"_self\" href=\"https:\/\/candorsweden.com\/da\/get-an-offer\/\"><span class=\"fusion-button-text awb-button__text awb-button__text--default\"> Get an offer<\/span><\/a><\/div><div class=\"fusion-clearfix\"><\/div><\/div><\/div><\/div><\/div><div class=\"fusion-fullwidth fullwidth-box fusion-builder-row-2 nonhundred-percent-fullwidth non-hundred-percent-height-scrolling section\" style=\"--awb-border-radius-top-left:0px;--awb-border-radius-top-right:0px;--awb-border-radius-bottom-right:0px;--awb-border-radius-bottom-left:0px;--awb-flex-wrap:wrap;\" ><div class=\"fusion-builder-row fusion-row\"><div class=\"fusion-layout-column fusion_builder_column fusion-builder-column-1 fusion_builder_column_1_1 1_1 fusion-one-full fusion-column-first fusion-column-last\" style=\"--awb-bg-size:cover;\"><div class=\"fusion-column-wrapper fusion-flex-column-wrapper-legacy\"><div class=\"fusion-column-content-centered\"><div class=\"fusion-column-content\"><div class=\"fusion-title title fusion-title-2 fusion-sep-none fusion-title-text fusion-title-size-two\" style=\"--awb-margin-top-small:0px;--awb-margin-right-small:0px;--awb-margin-bottom-small:20px;--awb-margin-left-small:0px;\"><h2 class=\"fusion-title-heading title-heading-left\" style=\"margin:0;\">Vore anl\u00e6g<\/h2><\/div><\/div><\/div><div class=\"fusion-clearfix\"><\/div><\/div><\/div><div class=\"fusion-layout-column fusion_builder_column fusion-builder-column-2 fusion_builder_column_1_1 1_1 fusion-one-full fusion-column-first fusion-column-last two-cols\" style=\"--awb-bg-size:cover;\"><div class=\"fusion-column-wrapper fusion-flex-column-wrapper-legacy\"><a class=\"post-item\" href=\"https:\/\/candorsweden.com\/da\/anlaeg\/beklaedning-af-tromle-og-haengegods\/\"><span class=\"icon\"><span class=\"jam jam-cog\"><\/span><\/span><span class=\"content\"><h4 class=\"post-title\">Bekl\u00e6dning af tromle- og h\u00e6ngegods<\/h4><span class=\"name\">Anl\u00e6g<\/span><\/span><span class=\"button\"><\/span><\/a><a class=\"post-item\" href=\"https:\/\/candorsweden.com\/da\/anlaeg\/traad-forbehandling\/\"><span class=\"icon\"><span class=\"jam jam-cog\"><\/span><\/span><span class=\"content\"><h4 class=\"post-title\">Tr\u00e5d, forbehandling<\/h4><span class=\"name\">Anl\u00e6g<\/span><\/span><span class=\"button\"><\/span><\/a><a class=\"post-item\" href=\"https:\/\/candorsweden.com\/da\/anlaeg\/service-og-ombygninger\/\"><span class=\"icon\"><span class=\"jam jam-cog\"><\/span><\/span><span class=\"content\"><h4 class=\"post-title\">Service og ombygninger<\/h4><span class=\"name\">Anl\u00e6g<\/span><\/span><span class=\"button\"><\/span><\/a><a class=\"post-item\" href=\"https:\/\/candorsweden.com\/da\/anlaeg\/traad-plettering\/\"><span class=\"icon\"><span class=\"jam jam-cog\"><\/span><\/span><span class=\"content\"><h4 class=\"post-title\">Tr\u00e5d, plettering<\/h4><span class=\"name\">Anl\u00e6g<\/span><\/span><span class=\"button\"><\/span><\/a><a class=\"post-item\" href=\"https:\/\/candorsweden.com\/da\/anlaeg\/kar-og-plastfremstilling\/\"><span class=\"icon\"><span class=\"jam jam-cog\"><\/span><\/span><span class=\"content\"><h4 class=\"post-title\">Kar- og plastfremstilling<\/h4><span class=\"name\">Anl\u00e6g<\/span><\/span><span class=\"button\"><\/span><\/a><a class=\"post-item\" href=\"https:\/\/candorsweden.com\/da\/anlaeg\/vandrensning\/\"><span class=\"icon\"><span class=\"jam jam-cog\"><\/span><\/span><span class=\"content\"><h4 class=\"post-title\">Vandrensning<\/h4><span class=\"name\">Anl\u00e6g<\/span><\/span><span class=\"button\"><\/span><\/a><a class=\"post-item\" href=\"https:\/\/candorsweden.com\/da\/anlaeg\/reservedele\/\"><span class=\"icon\"><span class=\"jam jam-cog\"><\/span><\/span><span class=\"content\"><h4 class=\"post-title\">Reservedele<\/h4><span class=\"name\">Anl\u00e6g<\/span><\/span><span class=\"button\"><\/span><\/a><div class=\"fusion-clearfix\"><\/div><\/div><\/div><\/div><\/div><div class=\"fusion-fullwidth fullwidth-box fusion-builder-row-3 nonhundred-percent-fullwidth non-hundred-percent-height-scrolling section\" style=\"--awb-border-radius-top-left:0px;--awb-border-radius-top-right:0px;--awb-border-radius-bottom-right:0px;--awb-border-radius-bottom-left:0px;--awb-flex-wrap:wrap;\" ><div class=\"fusion-builder-row fusion-row\"><div class=\"fusion-layout-column fusion_builder_column fusion-builder-column-3 fusion_builder_column_1_1 1_1 fusion-one-full fusion-column-first fusion-column-last\" style=\"--awb-bg-size:cover;\"><div class=\"fusion-column-wrapper fusion-flex-column-wrapper-legacy\"><div class=\"fusion-title title fusion-title-3 fusion-sep-none fusion-title-text fusion-title-size-two\" style=\"--awb-margin-top-small:0px;--awb-margin-right-small:0px;--awb-margin-bottom-small:20px;--awb-margin-left-small:0px;\"><h2 class=\"fusion-title-heading title-heading-left\" style=\"margin:0;\">Vil du vide mere?<\/h2><\/div>\n<div class=\"content-card-wrapper clearfix\">\n\t<div class=\"contact-card-alternate\">\n\t\t<div class=\"border\" style=\"background-image: url(\/wp-content\/uploads\/2017\/11\/candor_kemi_pattern.png);\"><\/div>\n\t\t<div class=\"contact-content\">\n\t\t\t<h4>Kundeservice<\/h4>\n\t\t\t<p><\/p>\n\t\t\t<p><\/p>\n\t\t\t<p>+45 70 25 15 33<\/p>\n\t\t\t<p>candor@candordenmark.dk <\/p>\n\t\t<\/div> <!-- End contact content -->\n\t<\/div> <!-- End contact card -->\n\t<a class=\"all-contacts\" href=\"https:\/\/candorsweden.com\/da\/kontakta-oss\/\">\n\t\t<div class=\"contact-content\">\n\t\t\t<h4>Alle kontakter<\/h4>\n\t\t\t<p>Leder du efter en anden? Se alt personalet her.<\/p>\n\t\t<\/div>\n\t<\/a> <!-- end all contacts -->\n<\/div> <!-- end content card wrapper --><div class=\"fusion-alignright\"><a class=\"fusion-button button-3d fusion-button-default-size button-default fusion-button-default button-3 fusion-button-default-span fusion-button-default-type small\" target=\"_self\" href=\"\/kontakt\"><span class=\"fusion-button-text awb-button__text awb-button__text--default\">Flere kontaktoplysninger<\/span><\/a><\/div><div class=\"fusion-clearfix\"><\/div><\/div><\/div><div class=\"fusion-layout-column fusion_builder_column fusion-builder-column-4 fusion_builder_column_1_1 1_1 fusion-one-full fusion-column-first fusion-column-last\" style=\"--awb-bg-size:cover;\"><div class=\"fusion-column-wrapper fusion-flex-column-wrapper-legacy\"><div class=\"fusion-column-content-centered\"><div class=\"fusion-column-content\"><div class=\"fusion-title title fusion-title-4 fusion-sep-none fusion-title-text fusion-title-size-three\" style=\"--awb-margin-top-small:0px;--awb-margin-right-small:0px;--awb-margin-bottom-small:20px;--awb-margin-left-small:0px;\"><h3 class=\"fusion-title-heading title-heading-left\" style=\"margin:0;\">Se vores markedsomr\u00e5der<\/h3><\/div><\/div><\/div><div class=\"fusion-clearfix\"><\/div><\/div><\/div><div class=\"fusion-layout-column fusion_builder_column fusion-builder-column-5 fusion_builder_column_1_1 1_1 fusion-one-full fusion-column-first fusion-column-last\" style=\"--awb-bg-size:cover;\"><div class=\"fusion-column-wrapper fusion-flex-column-wrapper-legacy\"><div class=\"fusion-column-content-centered\"><div class=\"fusion-column-content\"><div>\n\t<a class=\"grid-item\" href=\"https:\/\/candorsweden.com\/da\/kemiske-processer\/\"><div class=\"grid-img\" style=\"background-image: url(https:\/\/candorsweden.com\/wp-content\/uploads\/2018\/02\/Labb-02-e1518094764497.jpg)\"><\/div><h4>Kemiske processer<\/h4><\/a><a class=\"grid-item\" href=\"https:\/\/candorsweden.com\/da\/metaller\/\"><div class=\"grid-img\" style=\"background-image: url(https:\/\/candorsweden.com\/wp-content\/uploads\/2018\/02\/Metaller-03-edit.jpg)\"><\/div><h4>Metaller<\/h4><\/a><a class=\"grid-item\" href=\"https:\/\/candorsweden.com\/da\/anlaeg\/\"><div class=\"grid-img\" style=\"background-image: url(https:\/\/candorsweden.com\/wp-content\/uploads\/2018\/01\/Surface-treatment-line.jpg)\"><\/div><h4>Anl\u00e6g<\/h4><\/a><\/div><\/div><\/div><div class=\"fusion-clearfix\"><\/div><\/div><\/div><\/div><\/div>\n<\/p>\n","protected":false},"excerpt":{"rendered":"","protected":false},"author":1,"featured_media":0,"parent":0,"menu_order":0,"comment_status":"closed","ping_status":"closed","template":"templates\/child-page.php","meta":{"_acf_changed":false,"footnotes":""},"class_list":["post-1819","page","type-page","status-publish","hentry"],"acf":[],"yoast_head":"<!-- This site is optimized with the Yoast SEO plugin v27.3 - https:\/\/yoast.com\/product\/yoast-seo-wordpress\/ -->\n<title>Anl\u00e6g til overfladebehandling | Candor Sweden AB<\/title>\n<meta name=\"description\" content=\"Candor udvikler og fremstiller anl\u00e6g til kontinuerlig overfladebehandling af tr\u00e5de og b\u00e5nd, traditionel overfladebehandling samt vandrensning. Her finder du information og billeder af alle vores anl\u00e6g. For mere information, kontakt John Lindh p\u00e5 john.lindh@candorsweden.com\" \/>\n<meta name=\"robots\" content=\"index, follow, max-snippet:-1, max-image-preview:large, max-video-preview:-1\" \/>\n<link rel=\"canonical\" href=\"https:\/\/candorsweden.com\/da\/anlaeg\/\" \/>\n<meta property=\"og:locale\" content=\"da_DK\" \/>\n<meta property=\"og:type\" content=\"article\" \/>\n<meta property=\"og:title\" content=\"Anl\u00e6g til overfladebehandling | Candor Sweden AB\" \/>\n<meta property=\"og:description\" content=\"Candor udvikler og fremstiller anl\u00e6g til kontinuerlig overfladebehandling af tr\u00e5de og b\u00e5nd, traditionel overfladebehandling samt vandrensning. Her finder du information og billeder af alle vores anl\u00e6g. For mere information, kontakt John Lindh p\u00e5 john.lindh@candorsweden.com\" \/>\n<meta property=\"og:url\" content=\"https:\/\/candorsweden.com\/da\/anlaeg\/\" \/>\n<meta property=\"og:site_name\" content=\"Candor Sweden\" \/>\n<meta property=\"article:modified_time\" content=\"2024-05-02T06:45:00+00:00\" \/>\n<meta name=\"twitter:card\" content=\"summary_large_image\" \/>\n<meta name=\"twitter:label1\" content=\"Estimeret l\u00e6setid\" \/>\n\t<meta name=\"twitter:data1\" content=\"2 minutter\" \/>\n<script type=\"application\/ld+json\" class=\"yoast-schema-graph\">{\"@context\":\"https:\\\/\\\/schema.org\",\"@graph\":[{\"@type\":\"WebPage\",\"@id\":\"https:\\\/\\\/candorsweden.com\\\/da\\\/anlaeg\\\/\",\"url\":\"https:\\\/\\\/candorsweden.com\\\/da\\\/anlaeg\\\/\",\"name\":\"Anl\u00e6g til overfladebehandling | Candor Sweden AB\",\"isPartOf\":{\"@id\":\"https:\\\/\\\/candorsweden.com\\\/#website\"},\"datePublished\":\"2018-03-15T12:55:43+00:00\",\"dateModified\":\"2024-05-02T06:45:00+00:00\",\"description\":\"Candor udvikler og fremstiller anl\u00e6g til kontinuerlig overfladebehandling af tr\u00e5de og b\u00e5nd, traditionel overfladebehandling samt vandrensning. Her finder du information og billeder af alle vores anl\u00e6g. For mere information, kontakt John Lindh p\u00e5 john.lindh@candorsweden.com\",\"breadcrumb\":{\"@id\":\"https:\\\/\\\/candorsweden.com\\\/da\\\/anlaeg\\\/#breadcrumb\"},\"inLanguage\":\"da-DK\",\"potentialAction\":[{\"@type\":\"ReadAction\",\"target\":[\"https:\\\/\\\/candorsweden.com\\\/da\\\/anlaeg\\\/\"]}]},{\"@type\":\"BreadcrumbList\",\"@id\":\"https:\\\/\\\/candorsweden.com\\\/da\\\/anlaeg\\\/#breadcrumb\",\"itemListElement\":[{\"@type\":\"ListItem\",\"position\":1,\"name\":\"Hem\",\"item\":\"https:\\\/\\\/candorsweden.com\\\/da\\\/\"},{\"@type\":\"ListItem\",\"position\":2,\"name\":\"Anl\u00e6g\"}]},{\"@type\":\"WebSite\",\"@id\":\"https:\\\/\\\/candorsweden.com\\\/#website\",\"url\":\"https:\\\/\\\/candorsweden.com\\\/\",\"name\":\"Candor Sweden\",\"description\":\"Chemical processes and equipment for surface treatment technology.\",\"potentialAction\":[{\"@type\":\"SearchAction\",\"target\":{\"@type\":\"EntryPoint\",\"urlTemplate\":\"https:\\\/\\\/candorsweden.com\\\/?s={search_term_string}\"},\"query-input\":{\"@type\":\"PropertyValueSpecification\",\"valueRequired\":true,\"valueName\":\"search_term_string\"}}],\"inLanguage\":\"da-DK\"}]}<\/script>\n<!-- \/ Yoast SEO plugin. -->","yoast_head_json":{"title":"Anl\u00e6g til overfladebehandling | Candor Sweden AB","description":"Candor udvikler og fremstiller anl\u00e6g til kontinuerlig overfladebehandling af tr\u00e5de og b\u00e5nd, traditionel overfladebehandling samt vandrensning. Her finder du information og billeder af alle vores anl\u00e6g. For mere information, kontakt John Lindh p\u00e5 john.lindh@candorsweden.com","robots":{"index":"index","follow":"follow","max-snippet":"max-snippet:-1","max-image-preview":"max-image-preview:large","max-video-preview":"max-video-preview:-1"},"canonical":"https:\/\/candorsweden.com\/da\/anlaeg\/","og_locale":"da_DK","og_type":"article","og_title":"Anl\u00e6g til overfladebehandling | Candor Sweden AB","og_description":"Candor udvikler og fremstiller anl\u00e6g til kontinuerlig overfladebehandling af tr\u00e5de og b\u00e5nd, traditionel overfladebehandling samt vandrensning. Her finder du information og billeder af alle vores anl\u00e6g. For mere information, kontakt John Lindh p\u00e5 john.lindh@candorsweden.com","og_url":"https:\/\/candorsweden.com\/da\/anlaeg\/","og_site_name":"Candor Sweden","article_modified_time":"2024-05-02T06:45:00+00:00","twitter_card":"summary_large_image","twitter_misc":{"Estimeret l\u00e6setid":"2 minutter"},"schema":{"@context":"https:\/\/schema.org","@graph":[{"@type":"WebPage","@id":"https:\/\/candorsweden.com\/da\/anlaeg\/","url":"https:\/\/candorsweden.com\/da\/anlaeg\/","name":"Anl\u00e6g til overfladebehandling | Candor Sweden AB","isPartOf":{"@id":"https:\/\/candorsweden.com\/#website"},"datePublished":"2018-03-15T12:55:43+00:00","dateModified":"2024-05-02T06:45:00+00:00","description":"Candor udvikler og fremstiller anl\u00e6g til kontinuerlig overfladebehandling af tr\u00e5de og b\u00e5nd, traditionel overfladebehandling samt vandrensning. Her finder du information og billeder af alle vores anl\u00e6g. For mere information, kontakt John Lindh p\u00e5 john.lindh@candorsweden.com","breadcrumb":{"@id":"https:\/\/candorsweden.com\/da\/anlaeg\/#breadcrumb"},"inLanguage":"da-DK","potentialAction":[{"@type":"ReadAction","target":["https:\/\/candorsweden.com\/da\/anlaeg\/"]}]},{"@type":"BreadcrumbList","@id":"https:\/\/candorsweden.com\/da\/anlaeg\/#breadcrumb","itemListElement":[{"@type":"ListItem","position":1,"name":"Hem","item":"https:\/\/candorsweden.com\/da\/"},{"@type":"ListItem","position":2,"name":"Anl\u00e6g"}]},{"@type":"WebSite","@id":"https:\/\/candorsweden.com\/#website","url":"https:\/\/candorsweden.com\/","name":"Candor Sweden","description":"Chemical processes and equipment for surface treatment technology.","potentialAction":[{"@type":"SearchAction","target":{"@type":"EntryPoint","urlTemplate":"https:\/\/candorsweden.com\/?s={search_term_string}"},"query-input":{"@type":"PropertyValueSpecification","valueRequired":true,"valueName":"search_term_string"}}],"inLanguage":"da-DK"}]}},"_links":{"self":[{"href":"https:\/\/candorsweden.com\/da\/wp-json\/wp\/v2\/pages\/1819","targetHints":{"allow":["GET"]}}],"collection":[{"href":"https:\/\/candorsweden.com\/da\/wp-json\/wp\/v2\/pages"}],"about":[{"href":"https:\/\/candorsweden.com\/da\/wp-json\/wp\/v2\/types\/page"}],"author":[{"embeddable":true,"href":"https:\/\/candorsweden.com\/da\/wp-json\/wp\/v2\/users\/1"}],"replies":[{"embeddable":true,"href":"https:\/\/candorsweden.com\/da\/wp-json\/wp\/v2\/comments?post=1819"}],"version-history":[{"count":10,"href":"https:\/\/candorsweden.com\/da\/wp-json\/wp\/v2\/pages\/1819\/revisions"}],"predecessor-version":[{"id":5649,"href":"https:\/\/candorsweden.com\/da\/wp-json\/wp\/v2\/pages\/1819\/revisions\/5649"}],"wp:attachment":[{"href":"https:\/\/candorsweden.com\/da\/wp-json\/wp\/v2\/media?parent=1819"}],"curies":[{"name":"wp","href":"https:\/\/api.w.org\/{rel}","templated":true}]}}